{"id":1589,"date":"2014-02-27T16:19:02","date_gmt":"2014-02-27T14:19:02","guid":{"rendered":"https:\/\/blog.edu.turku.fi\/molla\/?page_id=1589"},"modified":"2018-12-18T15:48:43","modified_gmt":"2018-12-18T13:48:43","slug":"lehtijutut","status":"publish","type":"page","link":"https:\/\/blog.edu.turku.fi\/molla\/media\/lehtijutut\/","title":{"rendered":"Lehtijutut ja videot"},"content":{"rendered":"<p><a href=\"http:\/\/www.talentia.isinteksas.com\/mag\/kasvu12015.php\" target=\"_blank\" rel=\"noopener\">Miten k\u00e4ytt\u00e4\u00e4 tieto- ja viestint\u00e4tekniikan laitteita apuna varhaiskasvatuksessa? <\/a>(Kasvu-lehti 1\/2015)<\/p>\n<p><a href=\"https:\/\/blog.edu.turku.fi\/molla\/2013\/10\/07\/eskarin-tietotekniikkaa-ja-kokemuksia-mollan-kirjainpelista\/\">Eskarin tietotekniikkaa ja kokemuksia Mollan kirjainpelist\u00e4<\/a>&nbsp;(Opettaja-lehti)<\/p>\n<p><a href=\"https:\/\/blog.edu.turku.fi\/molla\/2013\/05\/13\/uittamon-paivakodin-lontoo-kirjeenvaihtaja-skypettaa-tarkeimmat-uutiset\/\">Uittamon p\u00e4iv\u00e4koti Lontoo-kirjeenvaihtaja Skypett\u00e4\u00e4 t\u00e4rkeimm\u00e4t uutiset<\/a>&nbsp;(Turku.fi-verkkosivusto)<\/p>\n<p><a href=\"https:\/\/blog.edu.turku.fi\/molla\/2012\/09\/14\/molla-esilla-mediassa\/\">Eskarikirja vaihtui \u00e4lytauluun Pernossa<\/a>&nbsp;(Turun sanomat)<\/p>\n<p><a href=\"http:\/\/yle.fi\/uutiset\/tietokoneet_kamerat_ja_tablettilaitteet_tuodaan_esikouluihin\/6297491\">Tietokoneet, kamerat ja tablettilaitteet tuodaan esikouluihin<\/a> (YLE Turku)<\/p>\n<p>&nbsp;<\/p>\n","protected":false},"excerpt":{"rendered":"<p>Miten k\u00e4ytt\u00e4\u00e4 tieto- ja viestint\u00e4tekniikan laitteita apuna varhaiskasvatuksessa? (Kasvu-lehti 1\/2015) Eskarin tietotekniikkaa ja kokemuksia Mollan kirjainpelist\u00e4&nbsp;(Opettaja-lehti) Uittamon p\u00e4iv\u00e4koti Lontoo-kirjeenvaihtaja Skypett\u00e4\u00e4 t\u00e4rkeimm\u00e4t uutiset&nbsp;(Turku.fi-verkkosivusto) Eskarikirja vaihtui \u00e4lytauluun Pernossa&nbsp;(Turun sanomat) Tietokoneet, kamerat ja tablettilaitteet tuodaan esikouluihin (YLE Turku) &nbsp;<\/p>\n","protected":false},"author":9,"featured_media":0,"parent":1586,"menu_order":2,"comment_status":"closed","ping_status":"closed","template":"","meta":{"ngg_post_thumbnail":0,"footnotes":""},"class_list":["post-1589","page","type-page","status-publish","hentry"],"_links":{"self":[{"href":"https:\/\/blog.edu.turku.fi\/molla\/wp-json\/wp\/v2\/pages\/1589","targetHints":{"allow":["GET"]}}],"collection":[{"href":"https:\/\/blog.edu.turku.fi\/molla\/wp-json\/wp\/v2\/pages"}],"about":[{"href":"https:\/\/blog.edu.turku.fi\/molla\/wp-json\/wp\/v2\/types\/page"}],"author":[{"embeddable":true,"href":"https:\/\/blog.edu.turku.fi\/molla\/wp-json\/wp\/v2\/users\/9"}],"replies":[{"embeddable":true,"href":"https:\/\/blog.edu.turku.fi\/molla\/wp-json\/wp\/v2\/comments?post=1589"}],"version-history":[{"count":8,"href":"https:\/\/blog.edu.turku.fi\/molla\/wp-json\/wp\/v2\/pages\/1589\/revisions"}],"predecessor-version":[{"id":3316,"href":"https:\/\/blog.edu.turku.fi\/molla\/wp-json\/wp\/v2\/pages\/1589\/revisions\/3316"}],"up":[{"embeddable":true,"href":"https:\/\/blog.edu.turku.fi\/molla\/wp-json\/wp\/v2\/pages\/1586"}],"wp:attachment":[{"href":"https:\/\/blog.edu.turku.fi\/molla\/wp-json\/wp\/v2\/media?parent=1589"}],"curies":[{"name":"wp","href":"https:\/\/api.w.org\/{rel}","templated":true}]}}