{"id":1540,"date":"2014-02-27T12:29:15","date_gmt":"2014-02-27T10:29:15","guid":{"rendered":"https:\/\/blog.edu.turku.fi\/molla\/?page_id=1540"},"modified":"2018-12-18T14:19:15","modified_gmt":"2018-12-18T12:19:15","slug":"windows-tabletit","status":"publish","type":"page","link":"https:\/\/blog.edu.turku.fi\/molla\/opetus\/windows-tabletit\/","title":{"rendered":"Windows-tabletit"},"content":{"rendered":"<p><a href=\"https:\/\/blog.edu.turku.fi\/molla\/files\/2014\/02\/WIN_20140211_151240-_small.jpg\"><img loading=\"lazy\" decoding=\"async\" class=\"aligncenter size-medium wp-image-1504\" src=\"https:\/\/blog.edu.turku.fi\/molla\/files\/2014\/02\/WIN_20140211_151240-_small-300x238.jpg\" alt=\"WIN_20140211_151240 _small\" width=\"300\" height=\"238\" srcset=\"https:\/\/blog.edu.turku.fi\/molla\/files\/2014\/02\/WIN_20140211_151240-_small-300x238.jpg 300w, https:\/\/blog.edu.turku.fi\/molla\/files\/2014\/02\/WIN_20140211_151240-_small-400x318.jpg 400w, https:\/\/blog.edu.turku.fi\/molla\/files\/2014\/02\/WIN_20140211_151240-_small.jpg 567w\" sizes=\"auto, (max-width: 300px) 100vw, 300px\" \/><\/a><\/p>\n<p>Mollan jatkohankkeessa nelj\u00e4 turkulaista p\u00e4iv\u00e4hoitoyksikk\u00f6\u00e4 Arkeologinkatu, Halinen, Kerttuli ja Vasaram\u00e4ki ottivat tammikuussa 2014 k\u00e4ytt\u00f6\u00f6ns\u00e4 Windows Surface RT -tabletteja. Yksik\u00f6iss\u00e4 on 6-10 laitetta esioppilaiden k\u00e4yt\u00f6ss\u00e4.<\/p>\n<p>Laitteissa on:<br \/>\n&#8211; 32 Gt tallennustilaa<br \/>\n&#8211; 10,6 tuuman kosketusn\u00e4ytt\u00f6<br \/>\n&#8211; irrotettava n\u00e4pp\u00e4imist\u00f6 \/ suojakansi<br \/>\n&#8211; liit\u00e4nn\u00e4t:&nbsp;USB (mm. muistitikku, kuulokkeet),&nbsp;microSD-muistikortinlukija,&nbsp;HD-videoulostulo,&nbsp;kamera, kaiuttimet ja mikrofoni<br \/>\n&#8211; sovelluksia ja pelej\u00e4 (lis\u00e4\u00e4 ladattavissa Windows-kaupasta)<br \/>\n&#8211; Microsoft Office-ohjelmat valmiiksi asennettuina<\/p>\n<p>T\u00e4h\u00e4n menness\u00e4 laitteilla on kokeiltu seuraavia sovelluksia (kaikki maksuttomia):<\/p>\n<p>Adobe Photoshop Express (kuvank\u00e4sittely)<br \/>\nAdobe Reader Touch (pdf-tiedostojen katseluun)<br \/>\nAmazing Space (tutkimusmatka avaruuteen)<br \/>\nAnimal Sounds<br \/>\nArcSoft ShowBiz (videotiedostojen editoimiseen ja \u00e4\u00e4nien lis\u00e4\u00e4miseen)&nbsp;<img loading=\"lazy\" decoding=\"async\" class=\"wp-image-949 alignnone\" src=\"https:\/\/blog.edu.turku.fi\/molla\/files\/2012\/03\/tahti_vari_small.jpg\" alt=\"tahti_vari_small\" width=\"23\" height=\"18\"><br \/>\nColor by Numbers &#8211; Animals (v\u00e4rit\u00e4 numeroiden perusteella, useita appeja eri aiheista)<br \/>\nCompass (kompassi)<br \/>\nElokuvakone (videotiedostojen editoimiseen ja \u00e4\u00e4nien lis\u00e4\u00e4miseen)<br \/>\nEvernote Touch (muistiinpanojen tekemiseen)<br \/>\nFlip Boom Lite (animaation tekeminen)<br \/>\nFresh Paint (piirt\u00e4minen)&nbsp;<img loading=\"lazy\" decoding=\"async\" class=\"wp-image-949 alignnone\" src=\"https:\/\/blog.edu.turku.fi\/molla\/files\/2012\/03\/tahti_vari_small.jpg\" alt=\"tahti_vari_small\" width=\"23\" height=\"18\"><br \/>\nJigsaw Puzzles HD (palapelej\u00e4)<img loading=\"lazy\" decoding=\"async\" class=\"wp-image-949 alignnone\" src=\"https:\/\/blog.edu.turku.fi\/molla\/files\/2012\/03\/tahti_vari_small.jpg\" alt=\"tahti_vari_small\" width=\"23\" height=\"18\"><br \/>\nKarttaselain<br \/>\nKids Play &amp; Learn (92 oppimispeli\u00e4 mm. v\u00e4rit, muodot, vastakohdat, numerot, \u00e4\u00e4net, matematiikka, palapelit. Useita vaikeusasteita.)<img loading=\"lazy\" decoding=\"async\" class=\"wp-image-949 alignnone\" src=\"https:\/\/blog.edu.turku.fi\/molla\/files\/2012\/03\/tahti_vari_small.jpg\" alt=\"tahti_vari_small\" width=\"23\" height=\"18\"><br \/>\nKids Dinosaur Rex Jigsaw Puzzles (dinosauruspalapelej\u00e4, eri vaikeustasoja)<br \/>\nKsylofoni (soita ksylofonia)<br \/>\nLaskin<br \/>\nLasten el\u00e4inten palapelit&nbsp;<img loading=\"lazy\" decoding=\"async\" class=\"wp-image-949 alignnone\" src=\"https:\/\/blog.edu.turku.fi\/molla\/files\/2012\/03\/tahti_vari_small.jpg\" alt=\"tahti_vari_small\" width=\"23\" height=\"18\"><br \/>\nLasten soittimien palapelit<br \/>\nLiikennemerkit<br \/>\nMaailman valtioliput<br \/>\nMedia Player (videon ja \u00e4\u00e4nitiedostojen toistaminen)<br \/>\nMicrosoft PowerPoint<br \/>\nMicrosoft Word<br \/>\nMolla ABC&nbsp;<img loading=\"lazy\" decoding=\"async\" class=\"wp-image-949 alignnone\" src=\"https:\/\/blog.edu.turku.fi\/molla\/files\/2012\/03\/tahti_vari_small.jpg\" alt=\"tahti_vari_small\" width=\"23\" height=\"18\"><br \/>\nMusic Maker Jam (tee musiikkia)<br \/>\nNotebook Pro (muistiinpanot, kuvien p\u00e4\u00e4lle piirt\u00e4minen\/kirjoittaminen)<br \/>\nOneNote2013 (muistikirjan kokoaminen)<br \/>\nPaint 4 Kids (v\u00e4ritt\u00e4minen ja piirt\u00e4minen)<br \/>\nPhototastic (kuvakollaasien tekemiseen)&nbsp;<img loading=\"lazy\" decoding=\"async\" class=\"wp-image-949 alignnone\" src=\"https:\/\/blog.edu.turku.fi\/molla\/files\/2012\/03\/tahti_vari_small.jpg\" alt=\"tahti_vari_small\" width=\"23\" height=\"18\"><br \/>\nPianino (soita pianoa)<br \/>\nPlay Guitar (soita kitaraa)<br \/>\nQR Code Scanner 8 (ks. esimerkki <a href=\"https:\/\/blog.edu.turku.fi\/molla\/2015\/01\/27\/ryhmien-kuulumisia\/\">Arkeologinkadun yksik\u00f6st\u00e4<\/a>)&nbsp;<img loading=\"lazy\" decoding=\"async\" class=\"wp-image-949 alignnone\" src=\"https:\/\/blog.edu.turku.fi\/molla\/files\/2012\/03\/tahti_vari_small.jpg\" alt=\"tahti_vari_small\" width=\"23\" height=\"18\"><br \/>\nSebitti TV (YLE Areenan materiaalien katsominen)<br \/>\nSkyMapFree (t\u00e4htien ja planeettojen tarkasteluun)&nbsp;<img loading=\"lazy\" decoding=\"async\" class=\"wp-image-949 alignnone\" src=\"https:\/\/blog.edu.turku.fi\/molla\/files\/2012\/03\/tahti_vari_small.jpg\" alt=\"tahti_vari_small\" width=\"23\" height=\"18\"><br \/>\nSimon (v\u00e4ri- ja muistipeli)<br \/>\nSimon says (v\u00e4ri- ja muistipeli)<br \/>\nSoundEditor (\u00e4\u00e4nitiedostojen nauhoittamiseen ja editoimiseen)<br \/>\nTangram RT (tangram-palapelej\u00e4, mm. el\u00e4inhahmoja)&nbsp;<img loading=\"lazy\" decoding=\"async\" class=\"wp-image-949 alignnone\" src=\"https:\/\/blog.edu.turku.fi\/molla\/files\/2012\/03\/tahti_vari_small.jpg\" alt=\"tahti_vari_small\" width=\"23\" height=\"18\"><br \/>\nTeach Kids Music (soittimet ja \u00e4\u00e4net, englanninkielinen)<\/p>\n<p>&nbsp;<\/p>\n<p>Lue lis\u00e4\u00e4:<\/p>\n<p><a href=\"https:\/\/blog.edu.turku.fi\/molla\/opetus\/windows-tabletit\/lukujonoja-tabletilla-ja-kahootilla-arkeologinkadun-phy\/\" target=\"_blank\" rel=\"noopener\">Lukujonoja tabletilla ja kahootilla<\/a> (Arkeologinkadun phy)<\/p>\n<p><a href=\"https:\/\/blog.edu.turku.fi\/molla\/?page_id=3259&amp;preview=true\" target=\"_blank\" rel=\"noopener\">Kelloteht\u00e4vi\u00e4<\/a> (Arkeologinkadun phy)<\/p>\n<p><a href=\"https:\/\/blog.edu.turku.fi\/molla\/?page_id=3262&amp;preview=true\" target=\"_blank\" rel=\"noopener\">Tablet-ajokortit suoritettu<\/a> (Vasaram\u00e4en phy)<\/p>\n<p><a href=\"https:\/\/blog.edu.turku.fi\/molla\/2015\/04\/15\/uusia-pedagogisia-malleja-videoina\/\" target=\"_blank\" rel=\"noopener\">Eriytt\u00e4mist\u00e4 QR-koodeilla <\/a>(Arkeologinkadun phy)<\/p>\n<p><a href=\"https:\/\/blog.edu.turku.fi\/molla\/?page_id=3269&amp;preview=true\" target=\"_blank\" rel=\"noopener\">Harjoitellaan muotoja<\/a>&nbsp;(Arkeologinkadun phy)<\/p>\n<p><a href=\"https:\/\/blog.edu.turku.fi\/molla\/opetus\/windows-tabletit\/kalevala-viikko-ja-tahtikuvioiden-tarkastelua-arkeologinkadun-phy\/\" target=\"_blank\" rel=\"noopener\">Kalevala-viikko ja t\u00e4htikuvioiden tarkastelua<\/a> (Arkeologinkadun phy)<\/p>\n<p><a href=\"https:\/\/blog.edu.turku.fi\/molla\/?page_id=3279&amp;preview=true\" target=\"_blank\" rel=\"noopener\">Kirjainharjoituksia<\/a> (Vasaram\u00e4en phy)<\/p>\n<p><a href=\"https:\/\/blog.edu.turku.fi\/molla\/?page_id=3294&amp;preview=true\" target=\"_blank\" rel=\"noopener\">Tablet-ajokortit<\/a> (Arkeologinkadun phy)<\/p>\n<p><a href=\"https:\/\/blog.edu.turku.fi\/molla\/2014\/02\/21\/surface-tabletteja-neljaan-uuteen-paivakotiin\/\">Surface-tabletteja nelj\u00e4\u00e4n uuteen p\u00e4iv\u00e4kotiin Turussa<\/a><\/p>\n<p><a href=\"https:\/\/blog.edu.turku.fi\/molla\/2014\/02\/26\/molla-abc-peli-nyt-myos-windows-tabletteihin-ja-puhelimiin\/\">Molla ABC -peli nyt my\u00f6s Windows-tabletteihin ja -puhelimiin!<\/a><\/p>\n","protected":false},"excerpt":{"rendered":"<p>Mollan jatkohankkeessa nelj\u00e4 turkulaista p\u00e4iv\u00e4hoitoyksikk\u00f6\u00e4 Arkeologinkatu, Halinen, Kerttuli ja Vasaram\u00e4ki ottivat tammikuussa 2014 k\u00e4ytt\u00f6\u00f6ns\u00e4 Windows Surface RT -tabletteja. Yksik\u00f6iss\u00e4 on 6-10 laitetta esioppilaiden k\u00e4yt\u00f6ss\u00e4. Laitteissa on: &#8211; 32 Gt tallennustilaa &#8211; 10,6 tuuman kosketusn\u00e4ytt\u00f6 &#8211; irrotettava n\u00e4pp\u00e4imist\u00f6 \/ suojakansi &#8211; liit\u00e4nn\u00e4t:&nbsp;USB (mm. muistitikku, kuulokkeet),&nbsp;microSD-muistikortinlukija,&nbsp;HD-videoulostulo,&nbsp;kamera, kaiuttimet ja mikrofoni &#8211; sovelluksia ja pelej\u00e4 (lis\u00e4\u00e4 ladattavissa Windows-kaupasta) &#8211; &hellip; <a href=\"https:\/\/blog.edu.turku.fi\/molla\/opetus\/windows-tabletit\/\" class=\"more-link\">Jatka lukemista <span class=\"screen-reader-text\">Windows-tabletit<\/span> <span class=\"meta-nav\">&rarr;<\/span><\/a><\/p>\n","protected":false},"author":9,"featured_media":0,"parent":591,"menu_order":2,"comment_status":"closed","ping_status":"closed","template":"","meta":{"ngg_post_thumbnail":0,"footnotes":""},"class_list":["post-1540","page","type-page","status-publish","hentry"],"_links":{"self":[{"href":"https:\/\/blog.edu.turku.fi\/molla\/wp-json\/wp\/v2\/pages\/1540","targetHints":{"allow":["GET"]}}],"collection":[{"href":"https:\/\/blog.edu.turku.fi\/molla\/wp-json\/wp\/v2\/pages"}],"about":[{"href":"https:\/\/blog.edu.turku.fi\/molla\/wp-json\/wp\/v2\/types\/page"}],"author":[{"embeddable":true,"href":"https:\/\/blog.edu.turku.fi\/molla\/wp-json\/wp\/v2\/users\/9"}],"replies":[{"embeddable":true,"href":"https:\/\/blog.edu.turku.fi\/molla\/wp-json\/wp\/v2\/comments?post=1540"}],"version-history":[{"count":36,"href":"https:\/\/blog.edu.turku.fi\/molla\/wp-json\/wp\/v2\/pages\/1540\/revisions"}],"predecessor-version":[{"id":3297,"href":"https:\/\/blog.edu.turku.fi\/molla\/wp-json\/wp\/v2\/pages\/1540\/revisions\/3297"}],"up":[{"embeddable":true,"href":"https:\/\/blog.edu.turku.fi\/molla\/wp-json\/wp\/v2\/pages\/591"}],"wp:attachment":[{"href":"https:\/\/blog.edu.turku.fi\/molla\/wp-json\/wp\/v2\/media?parent=1540"}],"curies":[{"name":"wp","href":"https:\/\/api.w.org\/{rel}","templated":true}]}}