{"id":1527,"date":"2014-02-26T12:19:36","date_gmt":"2014-02-26T10:19:36","guid":{"rendered":"https:\/\/blog.edu.turku.fi\/molla\/?page_id=1527"},"modified":"2022-11-09T12:41:38","modified_gmt":"2022-11-09T10:41:38","slug":"molla-abc-oppimispeli","status":"publish","type":"page","link":"https:\/\/blog.edu.turku.fi\/molla\/opetus\/molla-abc-oppimispeli\/","title":{"rendered":"Molla ABC -oppimispeli"},"content":{"rendered":"<p>Molla ABC \u2013 kirjain- ja numeropeli julkaistiin ITK -konferenssin yhteydess\u00e4 H\u00e4meenlinnassa torstaina 11.4.2013.<\/p>\n<p><a href=\"https:\/\/blog.edu.turku.fi\/molla\/2013\/04\/11\/molla-abc\/2-2\/\" rel=\"attachment wp-att-1064\"><img loading=\"lazy\" decoding=\"async\" src=\"https:\/\/blog.edu.turku.fi\/molla\/files\/2013\/04\/2-300x225.jpg\" alt=\"2\" width=\"300\" height=\"225\"><\/a><\/p>\n<p>Esiopetusik\u00e4isille suunnatussa maksuttomassa, suomenkielisess\u00e4 oppimispeliss\u00e4 harjoitellaan&nbsp;tekstauskirjainten ja numeroiden piirt\u00e4mist\u00e4 \u201dpuuhun kaivertamalla\u201d:<\/p>\n<p><em>&#8211; pienet ja isot kirjaimet A-\u00d6 ja numerot 0-9<\/em><\/p>\n<p><em>&#8211; peli ohjeistaa merkkien oikeaoppisen piirtosuunnan<\/em><\/p>\n<p><em>&#8211; peli tukee oppijan k\u00e4sialan kehittymist\u00e4<\/em><\/p>\n<p><em>&#8211; opetustilanteessa k\u00e4yt\u00e4nn\u00f6llinen: harjoiteltavat merkit ja toistojen m\u00e4\u00e4r\u00e4 ovat pelaajan helposti valittavissa<\/em><\/p>\n<p>Peli\u00e4 voi pelata tablet-laitteilla (Windows, Android, iOS), kosketustaululla tai vaikka tietokoneella piirtoalustan kanssa. Pelin voi ladata laitteelle tai pelata suoraan selaimessa.<\/p>\n<p>Peli on toteutettu Molla-hankkeen Turun haarassa yhteisty\u00f6ss\u00e4 NordicEdun kanssa.<\/p>\n<p>Selainversio: <a href=\"https:\/\/hehto.fi\/molla\/pelaa\/\" target=\"_blank\" rel=\"noopener\">https:\/\/hehto.fi\/molla\/pelaa\/<\/a> (p\u00e4ivitetty 11\/2022)<\/p>\n<p>Voit hakea pelin maksuttomasti my\u00f6s suoraan Windows- ja Google Play -kaupoista ja AppStoresta!<\/p>\n","protected":false},"excerpt":{"rendered":"<p>Molla ABC \u2013 kirjain- ja numeropeli julkaistiin ITK -konferenssin yhteydess\u00e4 H\u00e4meenlinnassa torstaina 11.4.2013. Esiopetusik\u00e4isille suunnatussa maksuttomassa, suomenkielisess\u00e4 oppimispeliss\u00e4 harjoitellaan&nbsp;tekstauskirjainten ja numeroiden piirt\u00e4mist\u00e4 \u201dpuuhun kaivertamalla\u201d: &#8211; pienet ja isot kirjaimet A-\u00d6 ja numerot 0-9 &#8211; peli ohjeistaa merkkien oikeaoppisen piirtosuunnan &#8211; peli tukee oppijan k\u00e4sialan kehittymist\u00e4 &#8211; opetustilanteessa k\u00e4yt\u00e4nn\u00f6llinen: harjoiteltavat merkit ja toistojen m\u00e4\u00e4r\u00e4 ovat pelaajan &hellip; <a href=\"https:\/\/blog.edu.turku.fi\/molla\/opetus\/molla-abc-oppimispeli\/\" class=\"more-link\">Jatka lukemista <span class=\"screen-reader-text\">Molla ABC -oppimispeli<\/span> <span class=\"meta-nav\">&rarr;<\/span><\/a><\/p>\n","protected":false},"author":9,"featured_media":0,"parent":591,"menu_order":1,"comment_status":"closed","ping_status":"closed","template":"","meta":{"ngg_post_thumbnail":0,"footnotes":""},"class_list":["post-1527","page","type-page","status-publish","hentry"],"_links":{"self":[{"href":"https:\/\/blog.edu.turku.fi\/molla\/wp-json\/wp\/v2\/pages\/1527","targetHints":{"allow":["GET"]}}],"collection":[{"href":"https:\/\/blog.edu.turku.fi\/molla\/wp-json\/wp\/v2\/pages"}],"about":[{"href":"https:\/\/blog.edu.turku.fi\/molla\/wp-json\/wp\/v2\/types\/page"}],"author":[{"embeddable":true,"href":"https:\/\/blog.edu.turku.fi\/molla\/wp-json\/wp\/v2\/users\/9"}],"replies":[{"embeddable":true,"href":"https:\/\/blog.edu.turku.fi\/molla\/wp-json\/wp\/v2\/comments?post=1527"}],"version-history":[{"count":5,"href":"https:\/\/blog.edu.turku.fi\/molla\/wp-json\/wp\/v2\/pages\/1527\/revisions"}],"predecessor-version":[{"id":3805,"href":"https:\/\/blog.edu.turku.fi\/molla\/wp-json\/wp\/v2\/pages\/1527\/revisions\/3805"}],"up":[{"embeddable":true,"href":"https:\/\/blog.edu.turku.fi\/molla\/wp-json\/wp\/v2\/pages\/591"}],"wp:attachment":[{"href":"https:\/\/blog.edu.turku.fi\/molla\/wp-json\/wp\/v2\/media?parent=1527"}],"curies":[{"name":"wp","href":"https:\/\/api.w.org\/{rel}","templated":true}]}}