{"id":1194,"date":"2013-05-29T10:25:46","date_gmt":"2013-05-29T08:25:46","guid":{"rendered":"https:\/\/blog.edu.turku.fi\/molla\/?page_id=1194"},"modified":"2018-12-18T15:34:33","modified_gmt":"2018-12-18T13:34:33","slug":"videoita","status":"publish","type":"page","link":"https:\/\/blog.edu.turku.fi\/molla\/opetus\/videoita\/","title":{"rendered":"Videoita"},"content":{"rendered":"<p><a href=\"https:\/\/youtu.be\/_dy4j-FL41U\" target=\"_blank\" rel=\"noopener\">Bee-Bot-ohjelmointia omilla teht\u00e4v\u00e4pohjilla<\/a><\/p>\n<p><a href=\"https:\/\/goo.gl\/kbqlhB\" target=\"_blank\" rel=\"noopener\">Sarjan jatkaminen<\/a><\/p>\n<p><a href=\"https:\/\/blog.edu.turku.fi\/molla\/opetus\/hyvat-kaytostavat\/\" target=\"_blank\" rel=\"noopener\">Hyvien k\u00e4yt\u00f6stapojen opettelua toiminnallisesti<\/a><\/p>\n<p>Mollan Logiikka -oppimispelin esittely <a href=\"https:\/\/goo.gl\/ChwyS4\" target=\"_blank\" rel=\"noopener\">video 1<\/a>&nbsp;ja <a href=\"https:\/\/goo.gl\/5GrDwF\" target=\"_blank\" rel=\"noopener\">video 2<\/a><\/p>\n<p><a href=\"http:\/\/vimeo.com\/53661293\" target=\"_blank\" rel=\"noopener\">Kokemuksia tietotekniikan k\u00e4yt\u00f6st\u00e4 esiopetuksessa<\/a> (Tutkamedia)<a href=\"https:\/\/blog.edu.turku.fi\/molla\/wp-admin\/edit.php?post_type=page\"><br \/>\n<\/a><\/p>\n<p><a href=\"http:\/\/youtu.be\/gikmE3eT5ow\" target=\"_blank\" rel=\"noopener\">Matikkapelin testausta tabletilla<\/a><\/p>\n<p><a href=\"http:\/\/youtu.be\/Pa_wBGNoZqQ\" target=\"_blank\" rel=\"noopener\">Et\u00e4vierailu kahden p\u00e4iv\u00e4kodin v\u00e4lill\u00e4 Lync-ohjelmalla<\/a><\/p>\n<p><a href=\"http:\/\/youtu.be\/DtjHGhfTKAw\" target=\"_blank\" rel=\"noopener\">Molla ABC -kirjain- ja numeropelin betatestaus<\/a><\/p>\n<p><a href=\"http:\/\/youtu.be\/Od8-gcRqQGc\" target=\"_blank\" rel=\"noopener\">Bee-Bot -ohjelmointirobottien testiajo<\/a><\/p>\n<p><a href=\"http:\/\/youtu.be\/fA7n7v_WwbE\" target=\"_blank\" rel=\"noopener\">Vanhojen eskarilaisten tekem\u00e4 esittelyvideo uusille eskarilaisille<\/a><\/p>\n<p>&nbsp;<\/p>\n<p><a href=\"http:\/\/vimeo.com\/63718173\" target=\"_blank\" rel=\"noopener\">MOLLA-hankkeen esittelyvideo<\/a><\/p>\n<p>&nbsp;<\/p>\n<p>&nbsp;<\/p>\n","protected":false},"excerpt":{"rendered":"<p>Bee-Bot-ohjelmointia omilla teht\u00e4v\u00e4pohjilla Sarjan jatkaminen Hyvien k\u00e4yt\u00f6stapojen opettelua toiminnallisesti Mollan Logiikka -oppimispelin esittely video 1&nbsp;ja video 2 Kokemuksia tietotekniikan k\u00e4yt\u00f6st\u00e4 esiopetuksessa (Tutkamedia) Matikkapelin testausta tabletilla Et\u00e4vierailu kahden p\u00e4iv\u00e4kodin v\u00e4lill\u00e4 Lync-ohjelmalla Molla ABC -kirjain- ja numeropelin betatestaus Bee-Bot -ohjelmointirobottien testiajo Vanhojen eskarilaisten tekem\u00e4 esittelyvideo uusille eskarilaisille &nbsp; MOLLA-hankkeen esittelyvideo &nbsp; &nbsp;<\/p>\n","protected":false},"author":9,"featured_media":0,"parent":591,"menu_order":9,"comment_status":"closed","ping_status":"closed","template":"","meta":{"ngg_post_thumbnail":0,"footnotes":""},"class_list":["post-1194","page","type-page","status-publish","hentry"],"_links":{"self":[{"href":"https:\/\/blog.edu.turku.fi\/molla\/wp-json\/wp\/v2\/pages\/1194","targetHints":{"allow":["GET"]}}],"collection":[{"href":"https:\/\/blog.edu.turku.fi\/molla\/wp-json\/wp\/v2\/pages"}],"about":[{"href":"https:\/\/blog.edu.turku.fi\/molla\/wp-json\/wp\/v2\/types\/page"}],"author":[{"embeddable":true,"href":"https:\/\/blog.edu.turku.fi\/molla\/wp-json\/wp\/v2\/users\/9"}],"replies":[{"embeddable":true,"href":"https:\/\/blog.edu.turku.fi\/molla\/wp-json\/wp\/v2\/comments?post=1194"}],"version-history":[{"count":21,"href":"https:\/\/blog.edu.turku.fi\/molla\/wp-json\/wp\/v2\/pages\/1194\/revisions"}],"predecessor-version":[{"id":3305,"href":"https:\/\/blog.edu.turku.fi\/molla\/wp-json\/wp\/v2\/pages\/1194\/revisions\/3305"}],"up":[{"embeddable":true,"href":"https:\/\/blog.edu.turku.fi\/molla\/wp-json\/wp\/v2\/pages\/591"}],"wp:attachment":[{"href":"https:\/\/blog.edu.turku.fi\/molla\/wp-json\/wp\/v2\/media?parent=1194"}],"curies":[{"name":"wp","href":"https:\/\/api.w.org\/{rel}","templated":true}]}}