{"id":1173,"date":"2013-05-29T09:49:30","date_gmt":"2013-05-29T07:49:30","guid":{"rendered":"https:\/\/blog.edu.turku.fi\/molla\/?page_id=1173"},"modified":"2014-09-15T13:49:07","modified_gmt":"2014-09-15T11:49:07","slug":"tila-ja-laiteratkaisut","status":"publish","type":"page","link":"https:\/\/blog.edu.turku.fi\/molla\/opetus\/tila-ja-laiteratkaisut\/","title":{"rendered":"Tila- ja laiteratkaisut"},"content":{"rendered":"<p><img loading=\"lazy\" decoding=\"async\" src=\"https:\/\/blog.edu.turku.fi\/molla\/files\/2013\/05\/tilat_1.jpg\" alt=\"tilat_\" width=\"547\" height=\"100\" \/><\/p>\n<p>Mollan kolmet portaat -hankkeessa (2013-2015) opetus tapahtuu nelj\u00e4ss\u00e4 p\u00e4iv\u00e4hoitoyksik\u00f6ss\u00e4, joissa kokeiltavana on:<\/p>\n<p>&#8211; 10 kpl lasten k\u00e4yt\u00f6ss\u00e4 olevia Surface RT -tablet-tietokoneita per yksikk\u00f6- opettajan pc-tietokone<br \/>\n&#8211; kosketustaulu<br \/>\n&#8211; dokumenttikamera<\/p>\n<p>Ensimm\u00e4isell\u00e4 hankekaudella (2011-2013) mukana toimi viisi esiopetusyksikk\u00f6\u00e4, joissa kokeiltiin erilaisia oppimisymp\u00e4rist\u00f6-, laite- ja tilaratkaisuja:<\/p>\n<p><span style=\"text-decoration: underline;\">Malli 1<\/span>\u00a0(2 p\u00e4iv\u00e4hoitoyksikk\u00f6\u00e4)<br \/>\n&#8211; opettajan pc-tietokone<br \/>\n&#8211; kosketustaulu<br \/>\n&#8211; 4 kpl lasten k\u00e4yt\u00f6ss\u00e4 olevia p\u00f6yt\u00e4koneita<br \/>\nLis\u00e4ksi k\u00e4yt\u00f6ss\u00e4 on dokumenttikamera ja digikamera.<\/p>\n<p><span style=\"text-decoration: underline;\">Malli 2<\/span>\u00a0(2 p\u00e4iv\u00e4hoitoyksikk\u00f6\u00e4)<br \/>\n&#8211; opettajan kone<br \/>\n&#8211; kosketustaulu<br \/>\n&#8211; 4 kpl lasten k\u00e4yt\u00f6ss\u00e4 olevia tablet-tietokoneita (Acer Iconia)<br \/>\nLis\u00e4ksi k\u00e4yt\u00f6ss\u00e4 on dokumenttikamera ja digikamera.<\/p>\n<p><span style=\"text-decoration: underline;\">Malli 3<\/span>\u00a0(1 p\u00e4iv\u00e4hoitoyksikk\u00f6)<br \/>\n&#8211; opettajan kone<br \/>\n&#8211; kosketustaulu<br \/>\n(- lasten k\u00e4yt\u00f6ss\u00e4 koulun mediateekin koneet)<br \/>\nLis\u00e4ksi k\u00e4yt\u00f6ss\u00e4 on dokumenttikamera ja digikamera.<\/p>\n<p>Lainalaitteina k\u00e4ytett\u00e4viss\u00e4 my\u00f6s iPodeja, piirtoalustoja, Bloggie-videokameroita, Handy-sanelimia sek\u00e4 Bee-bot-robotteja.<\/p>\n<p>Lue lis\u00e4\u00e4 tila- ja laiteratkaisuista:<\/p>\n<p><a href=\"https:\/\/blog.edu.turku.fi\/molla\/2011\/11\/30\/verkot-kuntoon\/\">Verkot kuntoon<br \/>\n<\/a><\/p>\n<p><a href=\"https:\/\/blog.edu.turku.fi\/molla\/opetus\/tabletit-2\/\">Android-tabletit<\/a><\/p>\n<p><a href=\"https:\/\/blog.edu.turku.fi\/molla\/2012\/04\/13\/kuulumisia-uittamolta\/\">Kuulumisia Uittamolta<\/a><\/p>\n<p><a href=\"https:\/\/blog.edu.turku.fi\/molla\/2012\/05\/11\/paattinen-starttasi-mukaan-molla-toimintaan\/\">Paattinen starttasi mukaan Molla-toimintaan!<\/a><\/p>\n<p><a href=\"https:\/\/blog.edu.turku.fi\/molla\/2013\/02\/15\/paivakotivierailuista-esimerkkeja-ja-ideoita-opetukseen\/\">P\u00e4iv\u00e4kotivierailut<\/a><\/p>\n<p>&nbsp;<\/p>\n<p>&nbsp;<\/p>\n<p><a href=\"https:\/\/blog.edu.turku.fi\/molla\/\">\u00a0Etusivulle<\/a><\/p>\n<p>&nbsp;<\/p>\n<p>&nbsp;<\/p>\n","protected":false},"excerpt":{"rendered":"<p>Mollan kolmet portaat -hankkeessa (2013-2015) opetus tapahtuu nelj\u00e4ss\u00e4 p\u00e4iv\u00e4hoitoyksik\u00f6ss\u00e4, joissa kokeiltavana on: &#8211; 10 kpl lasten k\u00e4yt\u00f6ss\u00e4 olevia Surface RT -tablet-tietokoneita per yksikk\u00f6- opettajan pc-tietokone &#8211; kosketustaulu &#8211; dokumenttikamera Ensimm\u00e4isell\u00e4 hankekaudella (2011-2013) mukana toimi viisi esiopetusyksikk\u00f6\u00e4, joissa kokeiltiin erilaisia oppimisymp\u00e4rist\u00f6-, laite- ja tilaratkaisuja: Malli 1\u00a0(2 p\u00e4iv\u00e4hoitoyksikk\u00f6\u00e4) &#8211; opettajan pc-tietokone &#8211; kosketustaulu &#8211; 4 kpl lasten &hellip; <a href=\"https:\/\/blog.edu.turku.fi\/molla\/opetus\/tila-ja-laiteratkaisut\/\" class=\"more-link\">Jatka lukemista <span class=\"screen-reader-text\">Tila- ja laiteratkaisut<\/span> <span class=\"meta-nav\">&rarr;<\/span><\/a><\/p>\n","protected":false},"author":9,"featured_media":0,"parent":591,"menu_order":6,"comment_status":"closed","ping_status":"closed","template":"","meta":{"ngg_post_thumbnail":0,"footnotes":""},"class_list":["post-1173","page","type-page","status-publish","hentry"],"_links":{"self":[{"href":"https:\/\/blog.edu.turku.fi\/molla\/wp-json\/wp\/v2\/pages\/1173","targetHints":{"allow":["GET"]}}],"collection":[{"href":"https:\/\/blog.edu.turku.fi\/molla\/wp-json\/wp\/v2\/pages"}],"about":[{"href":"https:\/\/blog.edu.turku.fi\/molla\/wp-json\/wp\/v2\/types\/page"}],"author":[{"embeddable":true,"href":"https:\/\/blog.edu.turku.fi\/molla\/wp-json\/wp\/v2\/users\/9"}],"replies":[{"embeddable":true,"href":"https:\/\/blog.edu.turku.fi\/molla\/wp-json\/wp\/v2\/comments?post=1173"}],"version-history":[{"count":34,"href":"https:\/\/blog.edu.turku.fi\/molla\/wp-json\/wp\/v2\/pages\/1173\/revisions"}],"predecessor-version":[{"id":1889,"href":"https:\/\/blog.edu.turku.fi\/molla\/wp-json\/wp\/v2\/pages\/1173\/revisions\/1889"}],"up":[{"embeddable":true,"href":"https:\/\/blog.edu.turku.fi\/molla\/wp-json\/wp\/v2\/pages\/591"}],"wp:attachment":[{"href":"https:\/\/blog.edu.turku.fi\/molla\/wp-json\/wp\/v2\/media?parent=1173"}],"curies":[{"name":"wp","href":"https:\/\/api.w.org\/{rel}","templated":true}]}}