{"id":89,"date":"2015-12-22T10:41:08","date_gmt":"2015-12-22T08:41:08","guid":{"rendered":"https:\/\/blog.edu.turku.fi\/moisionphy\/?page_id=89"},"modified":"2020-03-11T11:37:32","modified_gmt":"2020-03-11T09:37:32","slug":"moision-paivahoitoyksikon-varhaiskasvatussuunnitelma","status":"publish","type":"page","link":"https:\/\/blog.edu.turku.fi\/moisionphy\/toiminnan-ohjenuorat\/moision-paivahoitoyksikon-varhaiskasvatussuunnitelma\/","title":{"rendered":"Varhaiskasvatuslaki"},"content":{"rendered":"<p>https:\/\/www.finlex.fi\/fi\/laki\/alkup\/2018\/20180540<\/p>\n<div id=\"main\">\n<div id=\"main-content\">\n<div id=\"document\">\n<div id=\"laki-alkup\">\n<p class=\"py\">T\u00e4ss\u00e4 laissa tarkoitetun varhaiskasvatuksen tavoitteena on:<\/p>\n<p class=\"py\">1)\u2002edist\u00e4\u00e4 jokaisen lapsen i\u00e4n ja kehityksen mukaista kokonaisvaltaista kasvua, kehityst\u00e4, terveytt\u00e4 ja hyvinvointia;<\/p>\n<p class=\"py\">2)\u2002tukea lapsen oppimisen edellytyksi\u00e4 ja edist\u00e4\u00e4 elinik\u00e4ist\u00e4 oppimista ja koulutuksellisen tasa-arvon toteuttamista;<\/p>\n<p class=\"py\">3)\u2002toteuttaa lapsen leikkiin, liikkumiseen, taiteisiin ja kulttuuriperint\u00f6\u00f6n perustuvaa monipuolista pedagogista toimintaa ja mahdollistaa my\u00f6nteiset oppimiskokemukset;<\/p>\n<p class=\"py\">4)\u2002varmistaa kehitt\u00e4v\u00e4, oppimista edist\u00e4v\u00e4, terveellinen ja turvallinen varhaiskasvatusymp\u00e4rist\u00f6;<\/p>\n<p class=\"py\">5)\u2002turvata lasta kunnioittava toimintatapa ja mahdollisimman pysyv\u00e4t vuorovaikutussuhteet lasten ja varhaiskasvatushenkil\u00f6st\u00f6n v\u00e4lill\u00e4;<\/p>\n<p class=\"py\">6)\u2002antaa kaikille lapsille yhdenvertaiset mahdollisuudet varhaiskasvatukseen, edist\u00e4\u00e4 yhdenvertaisuutta ja sukupuolten tasa-arvoa sek\u00e4 antaa valmiuksia ymm\u00e4rt\u00e4\u00e4 ja kunnioittaa yleist\u00e4 kulttuuriperinnett\u00e4 sek\u00e4 kunkin kielellist\u00e4, kulttuurista, uskonnollista ja katsomuksellista taustaa;<\/p>\n<p class=\"py\">7)\u2002tunnistaa lapsen yksil\u00f6llisen tuen tarve ja j\u00e4rjest\u00e4\u00e4 tarkoituksenmukaista tukea varhaiskasvatuksessa tarpeen ilmetty\u00e4 tarvittaessa monialaisessa yhteisty\u00f6ss\u00e4;<\/p>\n<p class=\"py\">8)\u2002kehitt\u00e4\u00e4 lapsen yhteisty\u00f6- ja vuorovaikutustaitoja, edist\u00e4\u00e4 lapsen toimimista vertaisryhm\u00e4ss\u00e4 sek\u00e4 ohjata eettisesti vastuulliseen ja kest\u00e4v\u00e4\u00e4n toimintaan, toisten ihmisten kunnioittamiseen ja yhteiskunnan j\u00e4senyyteen;<\/p>\n<p class=\"py\">9)\u2002varmistaa lapsen mahdollisuus osallistua ja saada vaikuttaa itse\u00e4\u00e4n koskeviin asioihin;<\/p>\n<p class=\"py\">10)\u2002toimia yhdess\u00e4 lapsen sek\u00e4 lapsen vanhemman tai muun huoltajan kanssa lapsen tasapainoisen kehityksen ja kokonaisvaltaisen hyvinvoinnin parhaaksi sek\u00e4 tukea lapsen vanhempaa tai muuta huoltajaa kasvatusty\u00f6ss\u00e4.<\/p>\n<p class=\"py\">Avoimessa varhaiskasvatustoiminnassa noudatetaan 1 momentin tavoitteita toimintaan soveltuvalla tavalla.<\/p>\n<\/div>\n<\/div>\n<\/div>\n<\/div>\n","protected":false},"excerpt":{"rendered":"<p>https:\/\/www.finlex.fi\/fi\/laki\/alkup\/2018\/20180540 T\u00e4ss\u00e4 laissa tarkoitetun varhaiskasvatuksen tavoitteena on: 1)\u2002edist\u00e4\u00e4 jokaisen lapsen i\u00e4n ja kehityksen mukaista kokonaisvaltaista kasvua, kehityst\u00e4, terveytt\u00e4 ja hyvinvointia; 2)\u2002tukea lapsen oppimisen edellytyksi\u00e4 ja edist\u00e4\u00e4 elinik\u00e4ist\u00e4 oppimista ja koulutuksellisen tasa-arvon toteuttamista; 3)\u2002toteuttaa lapsen leikkiin, liikkumiseen, taiteisiin ja kulttuuriperint\u00f6\u00f6n perustuvaa monipuolista pedagogista toimintaa ja mahdollistaa my\u00f6nteiset oppimiskokemukset; 4)\u2002varmistaa kehitt\u00e4v\u00e4, oppimista edist\u00e4v\u00e4, terveellinen ja turvallinen varhaiskasvatusymp\u00e4rist\u00f6; &hellip; <a href=\"https:\/\/blog.edu.turku.fi\/moisionphy\/toiminnan-ohjenuorat\/moision-paivahoitoyksikon-varhaiskasvatussuunnitelma\/\" class=\"more-link\">Jatka lukemista<span class=\"screen-reader-text\"> &#8221;Varhaiskasvatuslaki&#8221;<\/span><\/a><\/p>\n","protected":false},"author":2785,"featured_media":0,"parent":53,"menu_order":1,"comment_status":"closed","ping_status":"closed","template":"","meta":{"footnotes":""},"class_list":["post-89","page","type-page","status-publish","hentry"],"_links":{"self":[{"href":"https:\/\/blog.edu.turku.fi\/moisionphy\/wp-json\/wp\/v2\/pages\/89","targetHints":{"allow":["GET"]}}],"collection":[{"href":"https:\/\/blog.edu.turku.fi\/moisionphy\/wp-json\/wp\/v2\/pages"}],"about":[{"href":"https:\/\/blog.edu.turku.fi\/moisionphy\/wp-json\/wp\/v2\/types\/page"}],"author":[{"embeddable":true,"href":"https:\/\/blog.edu.turku.fi\/moisionphy\/wp-json\/wp\/v2\/users\/2785"}],"replies":[{"embeddable":true,"href":"https:\/\/blog.edu.turku.fi\/moisionphy\/wp-json\/wp\/v2\/comments?post=89"}],"version-history":[{"count":3,"href":"https:\/\/blog.edu.turku.fi\/moisionphy\/wp-json\/wp\/v2\/pages\/89\/revisions"}],"predecessor-version":[{"id":267,"href":"https:\/\/blog.edu.turku.fi\/moisionphy\/wp-json\/wp\/v2\/pages\/89\/revisions\/267"}],"up":[{"embeddable":true,"href":"https:\/\/blog.edu.turku.fi\/moisionphy\/wp-json\/wp\/v2\/pages\/53"}],"wp:attachment":[{"href":"https:\/\/blog.edu.turku.fi\/moisionphy\/wp-json\/wp\/v2\/media?parent=89"}],"curies":[{"name":"wp","href":"https:\/\/api.w.org\/{rel}","templated":true}]}}