{"id":69,"date":"2015-09-28T13:45:28","date_gmt":"2015-09-28T10:45:28","guid":{"rendered":"https:\/\/blog.edu.turku.fi\/moisionphy\/?page_id=69"},"modified":"2023-12-07T13:19:38","modified_gmt":"2023-12-07T11:19:38","slug":"avoin-paivakoti-kotilo","status":"publish","type":"page","link":"https:\/\/blog.edu.turku.fi\/moisionphy\/avoin-paivakoti-kotilo\/","title":{"rendered":"Avoin varhaiskasvatus"},"content":{"rendered":"<p>Avoimeen varhaiskasvatustoimintaan kuuluu leikkipuistotoiminta, ulkoleikkikerho sek\u00e4 erilaisia kerhoryhmi\u00e4.<\/p>\n<p>Leikkipuistotoimintaa on tarjolla ma-pe klo 9-12.30 v\u00e4lisen\u00e4 aikana Virgonkent\u00e4n leikkipaikalla (Lepissuontie 1).\u00a0 Tervetuloa 1,5-6 -vuotiaat lapset!<\/p>\n<p>Muu avoin varhaiskasvatustoiminta j\u00e4rjestet\u00e4\u00e4n yhteisty\u00f6ss\u00e4 Maarian seurakunnan kanssa nimell\u00e4 Pohjois-Maarian perhety\u00f6.<\/p>\n<p>Ulkoleikkikerho eli Ulkkis kokoontuu kolmena aamup\u00e4iv\u00e4n\u00e4 viikossa. Ulkkiksessa touhutaan l\u00e4hiymp\u00e4rist\u00f6ss\u00e4 seurakunnan lastenohjaajan sek\u00e4 p\u00e4iv\u00e4kodin varhaiskasvatuksen opettajan kanssa. Ulkkiksen ik\u00e4suositus on 3-6 vuotta.<\/p>\n<p>Avoimen varhaiskasvatuksen ryhmist\u00e4 (perhe-ja vauvakerhot, is\u00e4t&amp;lapset-kerho, mets\u00e4perhekerho) voit saada lis\u00e4tietoa someryhmist\u00e4mme (Instagram ja Facebook) nimell\u00e4 Pohjois-Maarian perhety\u00f6, soittamalla numeroon 050 396 7148 tai laittamalla s\u00e4hk\u00f6postia osoitteeseen marianne.paappa@edu.turku.fi. Ota meid\u00e4t seurantaan somessa ja tule rohkeasti mukaan kaikille avoimeen toimintaan!<\/p>\n<p>&nbsp;<\/p>\n<p><strong>\u00a0<\/strong><\/p>\n<p>&nbsp;<\/p>\n","protected":false},"excerpt":{"rendered":"<p>Avoimeen varhaiskasvatustoimintaan kuuluu leikkipuistotoiminta, ulkoleikkikerho sek\u00e4 erilaisia kerhoryhmi\u00e4. Leikkipuistotoimintaa on tarjolla ma-pe klo 9-12.30 v\u00e4lisen\u00e4 aikana Virgonkent\u00e4n leikkipaikalla (Lepissuontie 1).\u00a0 Tervetuloa 1,5-6 -vuotiaat lapset! Muu avoin varhaiskasvatustoiminta j\u00e4rjestet\u00e4\u00e4n yhteisty\u00f6ss\u00e4 Maarian seurakunnan kanssa nimell\u00e4 Pohjois-Maarian perhety\u00f6. Ulkoleikkikerho eli Ulkkis kokoontuu kolmena aamup\u00e4iv\u00e4n\u00e4 viikossa. Ulkkiksessa touhutaan l\u00e4hiymp\u00e4rist\u00f6ss\u00e4 seurakunnan lastenohjaajan sek\u00e4 p\u00e4iv\u00e4kodin varhaiskasvatuksen opettajan kanssa. Ulkkiksen ik\u00e4suositus on &hellip; <a href=\"https:\/\/blog.edu.turku.fi\/moisionphy\/avoin-paivakoti-kotilo\/\" class=\"more-link\">Jatka lukemista<span class=\"screen-reader-text\"> &#8221;Avoin varhaiskasvatus&#8221;<\/span><\/a><\/p>\n","protected":false},"author":2785,"featured_media":0,"parent":0,"menu_order":5,"comment_status":"closed","ping_status":"closed","template":"","meta":{"footnotes":""},"class_list":["post-69","page","type-page","status-publish","hentry"],"_links":{"self":[{"href":"https:\/\/blog.edu.turku.fi\/moisionphy\/wp-json\/wp\/v2\/pages\/69","targetHints":{"allow":["GET"]}}],"collection":[{"href":"https:\/\/blog.edu.turku.fi\/moisionphy\/wp-json\/wp\/v2\/pages"}],"about":[{"href":"https:\/\/blog.edu.turku.fi\/moisionphy\/wp-json\/wp\/v2\/types\/page"}],"author":[{"embeddable":true,"href":"https:\/\/blog.edu.turku.fi\/moisionphy\/wp-json\/wp\/v2\/users\/2785"}],"replies":[{"embeddable":true,"href":"https:\/\/blog.edu.turku.fi\/moisionphy\/wp-json\/wp\/v2\/comments?post=69"}],"version-history":[{"count":35,"href":"https:\/\/blog.edu.turku.fi\/moisionphy\/wp-json\/wp\/v2\/pages\/69\/revisions"}],"predecessor-version":[{"id":451,"href":"https:\/\/blog.edu.turku.fi\/moisionphy\/wp-json\/wp\/v2\/pages\/69\/revisions\/451"}],"wp:attachment":[{"href":"https:\/\/blog.edu.turku.fi\/moisionphy\/wp-json\/wp\/v2\/media?parent=69"}],"curies":[{"name":"wp","href":"https:\/\/api.w.org\/{rel}","templated":true}]}}