{"id":41,"date":"2015-06-17T13:22:44","date_gmt":"2015-06-17T10:22:44","guid":{"rendered":"https:\/\/blog.edu.turku.fi\/moisionphy\/?page_id=41"},"modified":"2025-08-19T13:29:26","modified_gmt":"2025-08-19T10:29:26","slug":"yhteystiedot","status":"publish","type":"page","link":"https:\/\/blog.edu.turku.fi\/moisionphy\/yhteystiedot\/","title":{"rendered":"Yhteystiedot"},"content":{"rendered":"<p>Osoite: Halikonkatu 8, 20400 Turku<\/p>\n<p>P\u00e4iv\u00e4kodin johtaja Helj\u00e4 Tuomisto puh:\u00a0 040 661 0675, 1.8.2025 alkaen Anne Mikkonen puh: 050 553 2452<\/p>\n<p>J\u00e4n\u00f6napilat puh: 040 353 7884<\/p>\n<p>Tupasvillat puh: 040 717 8931<\/p>\n<p>Nopsasiivet puh:\u00a0040 485 0124<\/p>\n<p>Kiit\u00e4j\u00e4t puh: 040 358 4547<\/p>\n<p>&nbsp;<\/p>\n<p>Ulkoleikkikoulu K\u00e4p\u00e4l\u00e4m\u00e4ki ja avoin p\u00e4iv\u00e4hoito: puh. 050 396 7148<\/p>\n<p>Virgonkent\u00e4n leikkipaikka: puh. 044 907 2806<\/p>\n<p>&nbsp;<\/p>\n<p>Henkil\u00f6kunnan s\u00e4hk\u00f6postiosoitteet ovat muotoa etunimi.sukunimi@edu.turku.fi<\/p>\n<p>&nbsp;<\/p>\n<p>P\u00e4iv\u00e4kotimme on avoinna klo 6.30-17.00. (Tarvittaessa meid\u00e4n kanssa voi sopia klo 6-18)<\/p>\n","protected":false},"excerpt":{"rendered":"<p>Osoite: Halikonkatu 8, 20400 Turku P\u00e4iv\u00e4kodin johtaja Helj\u00e4 Tuomisto puh:\u00a0 040 661 0675, 1.8.2025 alkaen Anne Mikkonen puh: 050 553 2452 J\u00e4n\u00f6napilat puh: 040 353 7884 Tupasvillat puh: 040 717 8931 Nopsasiivet puh:\u00a0040 485 0124 Kiit\u00e4j\u00e4t puh: 040 358 4547 &nbsp; Ulkoleikkikoulu K\u00e4p\u00e4l\u00e4m\u00e4ki ja avoin p\u00e4iv\u00e4hoito: puh. 050 396 7148 Virgonkent\u00e4n leikkipaikka: puh. 044 907 &hellip; <a href=\"https:\/\/blog.edu.turku.fi\/moisionphy\/yhteystiedot\/\" class=\"more-link\">Jatka lukemista<span class=\"screen-reader-text\"> &#8221;Yhteystiedot&#8221;<\/span><\/a><\/p>\n","protected":false},"author":2785,"featured_media":0,"parent":0,"menu_order":6,"comment_status":"closed","ping_status":"closed","template":"","meta":{"footnotes":""},"class_list":["post-41","page","type-page","status-publish","hentry"],"_links":{"self":[{"href":"https:\/\/blog.edu.turku.fi\/moisionphy\/wp-json\/wp\/v2\/pages\/41","targetHints":{"allow":["GET"]}}],"collection":[{"href":"https:\/\/blog.edu.turku.fi\/moisionphy\/wp-json\/wp\/v2\/pages"}],"about":[{"href":"https:\/\/blog.edu.turku.fi\/moisionphy\/wp-json\/wp\/v2\/types\/page"}],"author":[{"embeddable":true,"href":"https:\/\/blog.edu.turku.fi\/moisionphy\/wp-json\/wp\/v2\/users\/2785"}],"replies":[{"embeddable":true,"href":"https:\/\/blog.edu.turku.fi\/moisionphy\/wp-json\/wp\/v2\/comments?post=41"}],"version-history":[{"count":17,"href":"https:\/\/blog.edu.turku.fi\/moisionphy\/wp-json\/wp\/v2\/pages\/41\/revisions"}],"predecessor-version":[{"id":499,"href":"https:\/\/blog.edu.turku.fi\/moisionphy\/wp-json\/wp\/v2\/pages\/41\/revisions\/499"}],"wp:attachment":[{"href":"https:\/\/blog.edu.turku.fi\/moisionphy\/wp-json\/wp\/v2\/media?parent=41"}],"curies":[{"name":"wp","href":"https:\/\/api.w.org\/{rel}","templated":true}]}}