{"id":26,"date":"2015-06-17T12:44:52","date_gmt":"2015-06-17T09:44:52","guid":{"rendered":"https:\/\/blog.edu.turku.fi\/moisionphy\/?page_id=26"},"modified":"2015-06-17T13:13:37","modified_gmt":"2015-06-17T10:13:37","slug":"lapsen-paiva","status":"publish","type":"page","link":"https:\/\/blog.edu.turku.fi\/moisionphy\/lapsen-paiva\/","title":{"rendered":"Lapsen p\u00e4iv\u00e4"},"content":{"rendered":"<p>T\u00e4rke\u00e4\u00e4 tietoa lapsen p\u00e4iv\u00e4st\u00e4.<\/p>\n","protected":false},"excerpt":{"rendered":"<p>T\u00e4rke\u00e4\u00e4 tietoa lapsen p\u00e4iv\u00e4st\u00e4.<\/p>\n","protected":false},"author":2785,"featured_media":0,"parent":0,"menu_order":5,"comment_status":"closed","ping_status":"closed","template":"","meta":{"footnotes":""},"class_list":["post-26","page","type-page","status-publish","hentry"],"_links":{"self":[{"href":"https:\/\/blog.edu.turku.fi\/moisionphy\/wp-json\/wp\/v2\/pages\/26","targetHints":{"allow":["GET"]}}],"collection":[{"href":"https:\/\/blog.edu.turku.fi\/moisionphy\/wp-json\/wp\/v2\/pages"}],"about":[{"href":"https:\/\/blog.edu.turku.fi\/moisionphy\/wp-json\/wp\/v2\/types\/page"}],"author":[{"embeddable":true,"href":"https:\/\/blog.edu.turku.fi\/moisionphy\/wp-json\/wp\/v2\/users\/2785"}],"replies":[{"embeddable":true,"href":"https:\/\/blog.edu.turku.fi\/moisionphy\/wp-json\/wp\/v2\/comments?post=26"}],"version-history":[{"count":1,"href":"https:\/\/blog.edu.turku.fi\/moisionphy\/wp-json\/wp\/v2\/pages\/26\/revisions"}],"predecessor-version":[{"id":27,"href":"https:\/\/blog.edu.turku.fi\/moisionphy\/wp-json\/wp\/v2\/pages\/26\/revisions\/27"}],"wp:attachment":[{"href":"https:\/\/blog.edu.turku.fi\/moisionphy\/wp-json\/wp\/v2\/media?parent=26"}],"curies":[{"name":"wp","href":"https:\/\/api.w.org\/{rel}","templated":true}]}}