{"id":18,"date":"2015-06-17T12:26:33","date_gmt":"2015-06-17T09:26:33","guid":{"rendered":"https:\/\/blog.edu.turku.fi\/moisionphy\/?page_id=18"},"modified":"2022-10-28T13:27:53","modified_gmt":"2022-10-28T10:27:53","slug":"yksikkomme","status":"publish","type":"page","link":"https:\/\/blog.edu.turku.fi\/moisionphy\/yksikkomme\/","title":{"rendered":"Yksikk\u00f6mme"},"content":{"rendered":"<p>Moision p\u00e4iv\u00e4koti sijaitsee pohjoisessa Turussa rauhallisella pientaloalueella. L\u00e4heisyydest\u00e4 l\u00f6ytyy mm. leikkipuistoja, kuntorata, hiekka-\/luistelukentti\u00e4\u00a0sek\u00e4\u00a0mets\u00e4inen l\u00e4hiluonto, jotka antavat\u00a0hyv\u00e4t\u00a0ulkoilumahdollisuudet p\u00e4iv\u00e4kodin ulkopuolella. Mahdollisuus on my\u00f6s hy\u00f6dynt\u00e4\u00e4 Moision alakoulun yhteydess\u00e4 olevaa liikuntahallia. Linja-autolla p\u00e4\u00e4semme helposti kulkemaan muualle Turkuun.<\/p>\n<p>P\u00e4iv\u00e4kotirakennuksessa toimii nelj\u00e4 ryhm\u00e4\u00e4, joissa on 0-6-vuotiaita lapsia. Yksi esiopetusryhmist\u00e4mme toimii Moision koulun tiloissa. Osana Moision p\u00e4iv\u00e4kodin toimintaa ovat ulkoleikkikoulu K\u00e4p\u00e4l\u00e4m\u00e4ki, avoin p\u00e4iv\u00e4hoitotoiminta yhteisty\u00f6ss\u00e4 seurakunnan kanssa sek\u00e4 Virgonkent\u00e4n leikkipuisto.<\/p>\n","protected":false},"excerpt":{"rendered":"<p>Moision p\u00e4iv\u00e4koti sijaitsee pohjoisessa Turussa rauhallisella pientaloalueella. L\u00e4heisyydest\u00e4 l\u00f6ytyy mm. leikkipuistoja, kuntorata, hiekka-\/luistelukentti\u00e4\u00a0sek\u00e4\u00a0mets\u00e4inen l\u00e4hiluonto, jotka antavat\u00a0hyv\u00e4t\u00a0ulkoilumahdollisuudet p\u00e4iv\u00e4kodin ulkopuolella. Mahdollisuus on my\u00f6s hy\u00f6dynt\u00e4\u00e4 Moision alakoulun yhteydess\u00e4 olevaa liikuntahallia. Linja-autolla p\u00e4\u00e4semme helposti kulkemaan muualle Turkuun. P\u00e4iv\u00e4kotirakennuksessa toimii nelj\u00e4 ryhm\u00e4\u00e4, joissa on 0-6-vuotiaita lapsia. Yksi esiopetusryhmist\u00e4mme toimii Moision koulun tiloissa. Osana Moision p\u00e4iv\u00e4kodin toimintaa ovat ulkoleikkikoulu K\u00e4p\u00e4l\u00e4m\u00e4ki, avoin &hellip; <a href=\"https:\/\/blog.edu.turku.fi\/moisionphy\/yksikkomme\/\" class=\"more-link\">Jatka lukemista<span class=\"screen-reader-text\"> &#8221;Yksikk\u00f6mme&#8221;<\/span><\/a><\/p>\n","protected":false},"author":2785,"featured_media":0,"parent":0,"menu_order":3,"comment_status":"closed","ping_status":"closed","template":"","meta":{"footnotes":""},"class_list":["post-18","page","type-page","status-publish","hentry"],"_links":{"self":[{"href":"https:\/\/blog.edu.turku.fi\/moisionphy\/wp-json\/wp\/v2\/pages\/18","targetHints":{"allow":["GET"]}}],"collection":[{"href":"https:\/\/blog.edu.turku.fi\/moisionphy\/wp-json\/wp\/v2\/pages"}],"about":[{"href":"https:\/\/blog.edu.turku.fi\/moisionphy\/wp-json\/wp\/v2\/types\/page"}],"author":[{"embeddable":true,"href":"https:\/\/blog.edu.turku.fi\/moisionphy\/wp-json\/wp\/v2\/users\/2785"}],"replies":[{"embeddable":true,"href":"https:\/\/blog.edu.turku.fi\/moisionphy\/wp-json\/wp\/v2\/comments?post=18"}],"version-history":[{"count":7,"href":"https:\/\/blog.edu.turku.fi\/moisionphy\/wp-json\/wp\/v2\/pages\/18\/revisions"}],"predecessor-version":[{"id":378,"href":"https:\/\/blog.edu.turku.fi\/moisionphy\/wp-json\/wp\/v2\/pages\/18\/revisions\/378"}],"wp:attachment":[{"href":"https:\/\/blog.edu.turku.fi\/moisionphy\/wp-json\/wp\/v2\/media?parent=18"}],"curies":[{"name":"wp","href":"https:\/\/api.w.org\/{rel}","templated":true}]}}