{"id":12,"date":"2015-06-17T10:49:52","date_gmt":"2015-06-17T07:49:52","guid":{"rendered":"https:\/\/blog.edu.turku.fi\/moisionphy\/?page_id=12"},"modified":"2023-08-28T16:35:05","modified_gmt":"2023-08-28T13:35:05","slug":"ryhmat","status":"publish","type":"page","link":"https:\/\/blog.edu.turku.fi\/moisionphy\/ryhmat\/","title":{"rendered":"Ryhm\u00e4t"},"content":{"rendered":"<p><strong><span style=\"text-decoration: underline\">Toimintakaudella 2023-2024:<\/span><\/strong><\/p>\n<p>0-3 -vuotiaat J\u00e4n\u00f6napilat<\/p>\n<p>3-5 -vuotiaat Tupasvillat<\/p>\n<p>4-6 -vuotiaat Nopsasiivet<\/p>\n<p>2-4-vuotiaat Kiit\u00e4j\u00e4t<\/p>\n<p>Moision koululla: esiopetusryhm\u00e4 Kuismat<\/p>\n<p>&nbsp;<\/p>\n<p>&nbsp;<\/p>\n","protected":false},"excerpt":{"rendered":"<p>Toimintakaudella 2023-2024: 0-3 -vuotiaat J\u00e4n\u00f6napilat 3-5 -vuotiaat Tupasvillat 4-6 -vuotiaat Nopsasiivet 2-4-vuotiaat Kiit\u00e4j\u00e4t Moision koululla: esiopetusryhm\u00e4 Kuismat &nbsp; &nbsp;<\/p>\n","protected":false},"author":2785,"featured_media":0,"parent":0,"menu_order":4,"comment_status":"closed","ping_status":"closed","template":"","meta":{"footnotes":""},"class_list":["post-12","page","type-page","status-publish","hentry"],"_links":{"self":[{"href":"https:\/\/blog.edu.turku.fi\/moisionphy\/wp-json\/wp\/v2\/pages\/12","targetHints":{"allow":["GET"]}}],"collection":[{"href":"https:\/\/blog.edu.turku.fi\/moisionphy\/wp-json\/wp\/v2\/pages"}],"about":[{"href":"https:\/\/blog.edu.turku.fi\/moisionphy\/wp-json\/wp\/v2\/types\/page"}],"author":[{"embeddable":true,"href":"https:\/\/blog.edu.turku.fi\/moisionphy\/wp-json\/wp\/v2\/users\/2785"}],"replies":[{"embeddable":true,"href":"https:\/\/blog.edu.turku.fi\/moisionphy\/wp-json\/wp\/v2\/comments?post=12"}],"version-history":[{"count":14,"href":"https:\/\/blog.edu.turku.fi\/moisionphy\/wp-json\/wp\/v2\/pages\/12\/revisions"}],"predecessor-version":[{"id":435,"href":"https:\/\/blog.edu.turku.fi\/moisionphy\/wp-json\/wp\/v2\/pages\/12\/revisions\/435"}],"wp:attachment":[{"href":"https:\/\/blog.edu.turku.fi\/moisionphy\/wp-json\/wp\/v2\/media?parent=12"}],"curies":[{"name":"wp","href":"https:\/\/api.w.org\/{rel}","templated":true}]}}