{"id":85,"date":"2021-01-28T15:01:23","date_gmt":"2021-01-28T13:01:23","guid":{"rendered":"https:\/\/blog.edu.turku.fi\/mikan-matikkaa\/?page_id=85"},"modified":"2025-01-22T10:07:29","modified_gmt":"2025-01-22T08:07:29","slug":"ongelmanratkaisu","status":"publish","type":"page","link":"https:\/\/blog.edu.turku.fi\/mikan-matikkaa\/ongelmanratkaisu\/","title":{"rendered":"Ongelmanratkaisu"},"content":{"rendered":"<p><span style=\"color: #3366ff\"><strong>Erilaisia puzzle-sivustoja:<\/strong><\/span><\/p>\n<ul>\n<li><a href=\"https:\/\/www.puzzle-bridges.com\/\">Hashi-puzzle<\/a><\/li>\n<li><a href=\"https:\/\/www.griddlers.net\/triddlers\">Triddlers-puzzle<\/a><\/li>\n<li><a href=\"http:\/\/urjo.com\">Urjo<\/a><\/li>\n<li><a href=\"https:\/\/dailydeductions.com\/\">Daily Deductions<\/a><\/li>\n<\/ul>\n<p><span style=\"color: #3366ff\"><strong>Ongelmateht\u00e4vi\u00e4<\/strong><\/span><\/p>\n<ul>\n<li><a href=\"https:\/\/blog.edu.turku.fi\/mikan-matikkaa\/files\/2021\/02\/Ongelmatehtavia.pptx\">Ongelmateht\u00e4vi\u00e4<\/a><\/li>\n<\/ul>\n<p><img loading=\"lazy\" decoding=\"async\" class=\"alignnone size-medium wp-image-306 alignleft\" src=\"https:\/\/blog.edu.turku.fi\/mikan-matikkaa\/files\/2021\/02\/IMG_20210205_165821-126x300.jpg\" alt=\"kirja\" width=\"126\" height=\"300\" srcset=\"https:\/\/blog.edu.turku.fi\/mikan-matikkaa\/files\/2021\/02\/IMG_20210205_165821-126x300.jpg 126w, https:\/\/blog.edu.turku.fi\/mikan-matikkaa\/files\/2021\/02\/IMG_20210205_165821.jpg 429w\" sizes=\"auto, (max-width: 126px) 100vw, 126px\" \/><\/p>\n<ul>\n<li><a href=\"https:\/\/users.edu.turku.fi\/miranta\/tehtavat\/ongelmat1.pdf\">Ongelmia 1.<\/a>\n<ul>\n<li style=\"list-style-type: none\">\n<ul>\n<li style=\"list-style-type: none\">\n<ul>\n<li><a href=\"https:\/\/users.edu.turku.fi\/miranta\/tehtavat\/ong1ratk.pdf\">vastaukset<\/a><\/li>\n<\/ul>\n<\/li>\n<\/ul>\n<\/li>\n<\/ul>\n<\/li>\n<li><a href=\"https:\/\/users.edu.turku.fi\/miranta\/tehtavat\/ongelmat2.pdf\">Ongelmia 2.<\/a>\n<ul>\n<li style=\"list-style-type: none\">\n<ul>\n<li style=\"list-style-type: none\">\n<ul>\n<li><a href=\"https:\/\/users.edu.turku.fi\/miranta\/tehtavat\/ong2ratk.pdf\">vastaukset<\/a><\/li>\n<\/ul>\n<\/li>\n<\/ul>\n<\/li>\n<\/ul>\n<\/li>\n<li><a href=\"https:\/\/users.edu.turku.fi\/miranta\/tehtavat\/13ongelmaa.pdf\">13 ongelmaa<\/a>\n<ul>\n<li style=\"list-style-type: none\">\n<ul>\n<li style=\"list-style-type: none\">\n<ul>\n<li><a href=\"https:\/\/users.edu.turku.fi\/miranta\/tehtavat\/ong1ratk.pdf\">vastaukset<\/a><\/li>\n<\/ul>\n<\/li>\n<\/ul>\n<\/li>\n<\/ul>\n<\/li>\n<li><a href=\"https:\/\/users.edu.turku.fi\/miranta\/tehtavat\/pulmia.pdf\">Pulmia 1.<\/a>\n<ul>\n<li style=\"list-style-type: none\">\n<ul>\n<li style=\"list-style-type: none\">\n<ul>\n<li><a href=\"https:\/\/users.edu.turku.fi\/miranta\/tehtavat\/pulmiaratk.pdf\">vastaukset<\/a><\/li>\n<\/ul>\n<\/li>\n<\/ul>\n<\/li>\n<\/ul>\n<\/li>\n<li><a href=\"https:\/\/users.edu.turku.fi\/miranta\/tehtavat\/pulmia2.pdf\">Pulmia 2.<\/a>\n<ul>\n<li style=\"list-style-type: none\">\n<ul>\n<li style=\"list-style-type: none\">\n<ul>\n<li><a href=\"https:\/\/users.edu.turku.fi\/miranta\/tehtavat\/pulmia2rat.pdf\">vastaukset<\/a><\/li>\n<\/ul>\n<\/li>\n<\/ul>\n<\/li>\n<\/ul>\n<\/li>\n<li><a href=\"https:\/\/users.edu.turku.fi\/miranta\/tehtavat\/joulu.pdf\">Jouluisia ongelmia<\/a>\n<ul>\n<li style=\"list-style-type: none\">\n<ul>\n<li style=\"list-style-type: none\">\n<ul>\n<li><a href=\"https:\/\/users.edu.turku.fi\/miranta\/tehtavat\/jouluvast.pdf\">vastaukset<\/a><\/li>\n<\/ul>\n<\/li>\n<\/ul>\n<\/li>\n<\/ul>\n<\/li>\n<\/ul>\n<p>&nbsp;<\/p>\n<p><img loading=\"lazy\" decoding=\"async\" class=\"size-medium wp-image-135 alignleft\" src=\"https:\/\/blog.edu.turku.fi\/mikan-matikkaa\/files\/2021\/01\/lataus-300x131.jpg\" alt=\"\" width=\"300\" height=\"131\" srcset=\"https:\/\/blog.edu.turku.fi\/mikan-matikkaa\/files\/2021\/01\/lataus-300x131.jpg 300w, https:\/\/blog.edu.turku.fi\/mikan-matikkaa\/files\/2021\/01\/lataus.jpg 339w\" sizes=\"auto, (max-width: 300px) 100vw, 300px\" \/><\/p>\n<ul>\n<li><a href=\"https:\/\/users.edu.turku.fi\/miranta\/tehtavat\/matkisailu.pdf\">Kisailu parin kanssa<\/a><\/li>\n<li><a href=\"https:\/\/users.edu.turku.fi\/miranta\/documents\/mikaluku.doc\">Mik\u00e4 luku?<\/a><\/li>\n<li><a href=\"https:\/\/users.edu.turku.fi\/miranta\/tehtavat\/lukuisia.pdf\">Lukuisia ongelmia<\/a><\/li>\n<li><a href=\"https:\/\/users.edu.turku.fi\/miranta\/tehtavat\/yhteenlaskupyramideja.pdf\">Yhteenlaskupyramideja<\/a><\/li>\n<li><a href=\"https:\/\/users.edu.turku.fi\/miranta\/tehtavat\/pahkinoita.pdf\">P\u00e4hkin\u00f6it\u00e4<\/a>\n<ul>\n<li><a href=\"https:\/\/users.edu.turku.fi\/miranta\/tehtavat\/pahkvast.pdf\">vastaukset<\/a><\/li>\n<\/ul>\n<\/li>\n<\/ul>\n<p>&nbsp;<\/p>\n<ul>\n<li><a href=\"https:\/\/users.edu.turku.fi\/miranta\/tehtavat\/ihmeet.pdf\">Matematiikan ihmeellisyyksi\u00e4<\/a><\/li>\n<li><a href=\"https:\/\/blog.edu.turku.fi\/mikan-matikkaa\/files\/2021\/02\/missa-isa-on.docx\">Miss\u00e4 is\u00e4 on?<\/a><\/li>\n<\/ul>\n<p>&nbsp;<\/p>\n<hr \/>\n<h3><span style=\"color: #ff0000\">Etsi luku A???<\/span><\/h3>\n<div class=\"h5p-iframe-wrapper\"><iframe id=\"h5p-iframe-271\" class=\"h5p-iframe\" data-content-id=\"271\" style=\"height:1px\" src=\"about:blank\" frameBorder=\"0\" scrolling=\"no\" title=\"P\u00e4\u00e4ttele luku A.\"><\/iframe><\/div>\n<div class=\"h5p-iframe-wrapper\"><iframe id=\"h5p-iframe-272\" class=\"h5p-iframe\" data-content-id=\"272\" style=\"height:1px\" src=\"about:blank\" frameBorder=\"0\" scrolling=\"no\" title=\"P\u00e4\u00e4ttele luku A.\"><\/iframe><\/div>\n<hr \/>\n<h3><span style=\"color: #ff0000\">Nelj\u00e4 ongelmaa<\/span><\/h3>\n<h3><div class=\"h5p-iframe-wrapper\"><iframe id=\"h5p-iframe-171\" class=\"h5p-iframe\" data-content-id=\"171\" style=\"height:1px\" src=\"about:blank\" frameBorder=\"0\" scrolling=\"no\" title=\"Ongelmateht\u00e4vi\u00e4\"><\/iframe><\/div><\/h3>\n<hr \/>\n<h3><span style=\"color: #ff0000\">Toiset nelj\u00e4 ongelmaa<\/span><\/h3>\n<div class=\"h5p-iframe-wrapper\"><iframe id=\"h5p-iframe-172\" class=\"h5p-iframe\" data-content-id=\"172\" style=\"height:1px\" src=\"about:blank\" frameBorder=\"0\" scrolling=\"no\" title=\"Potenssilaskuja\"><\/iframe><\/div>\n<hr \/>\n<h3><span style=\"color: #ff0000\">J\u00e4rjestelyongelmia<\/span><\/h3>\n<div class=\"h5p-iframe-wrapper\"><iframe id=\"h5p-iframe-265\" class=\"h5p-iframe\" data-content-id=\"265\" style=\"height:1px\" src=\"about:blank\" frameBorder=\"0\" scrolling=\"no\" title=\"Kilpajuoksuongelma\"><\/iframe><\/div>\n<hr \/>\n<div class=\"h5p-iframe-wrapper\"><iframe id=\"h5p-iframe-266\" class=\"h5p-iframe\" data-content-id=\"266\" style=\"height:1px\" src=\"about:blank\" frameBorder=\"0\" scrolling=\"no\" title=\"Rahaongelma\"><\/iframe><\/div>\n<hr \/>\n<div class=\"h5p-iframe-wrapper\"><iframe id=\"h5p-iframe-268\" class=\"h5p-iframe\" data-content-id=\"268\" style=\"height:1px\" src=\"about:blank\" frameBorder=\"0\" scrolling=\"no\" title=\"J\u00e4rjestelyongelma\"><\/iframe><\/div>\n<hr \/>\n<h3><span style=\"color: #ff0000\">P\u00e4\u00e4ttele<\/span><\/h3>\n<p><span style=\"color: #ff0000\"><div class=\"h5p-iframe-wrapper\"><iframe id=\"h5p-iframe-274\" class=\"h5p-iframe\" data-content-id=\"274\" style=\"height:1px\" src=\"about:blank\" frameBorder=\"0\" scrolling=\"no\" title=\"Ongelmia verrannollisuudesta\"><\/iframe><\/div><\/span><\/p>\n<hr \/>\n<h3><span style=\"color: #ff0000\">Joulun probleemat<\/span><\/h3>\n<div class=\"h5p-iframe-wrapper\"><iframe id=\"h5p-iframe-243\" class=\"h5p-iframe\" data-content-id=\"243\" style=\"height:1px\" src=\"about:blank\" frameBorder=\"0\" scrolling=\"no\" title=\"Jouluiset ongelmat\"><\/iframe><\/div>\n<hr \/>\n<p><img loading=\"lazy\" decoding=\"async\" class=\"aligncenter wp-image-724 size-full\" src=\"https:\/\/blog.edu.turku.fi\/mikan-matikkaa\/files\/2023\/09\/53184167907_2ec45ee5b9_w.jpg\" alt=\"\" width=\"400\" height=\"300\" \/><\/p>\n<hr \/>\n<h3><span style=\"color: #ff0000\">Laskutoimitukset kateissa<\/span><\/h3>\n<div class=\"h5p-iframe-wrapper\"><iframe id=\"h5p-iframe-210\" class=\"h5p-iframe\" data-content-id=\"210\" style=\"height:1px\" src=\"about:blank\" frameBorder=\"0\" scrolling=\"no\" title=\"Laskutoimitusmerkki hukassa 4\"><\/iframe><\/div>\n<div class=\"h5p-iframe-wrapper\"><iframe id=\"h5p-iframe-211\" class=\"h5p-iframe\" data-content-id=\"211\" style=\"height:1px\" src=\"about:blank\" frameBorder=\"0\" scrolling=\"no\" title=\"Laskutoimitusmerkki hukassa 5\"><\/iframe><\/div>\n<div class=\"h5p-iframe-wrapper\"><iframe id=\"h5p-iframe-207\" class=\"h5p-iframe\" data-content-id=\"207\" style=\"height:1px\" src=\"about:blank\" frameBorder=\"0\" scrolling=\"no\" title=\"Laskutoimitusmerkki hukassa 1\"><\/iframe><\/div>\n<div class=\"h5p-iframe-wrapper\"><iframe id=\"h5p-iframe-208\" class=\"h5p-iframe\" data-content-id=\"208\" style=\"height:1px\" src=\"about:blank\" frameBorder=\"0\" scrolling=\"no\" title=\"Laskutoimitusmerkki hukassa 2\"><\/iframe><\/div>\n<div class=\"h5p-iframe-wrapper\"><iframe id=\"h5p-iframe-209\" class=\"h5p-iframe\" data-content-id=\"209\" style=\"height:1px\" src=\"about:blank\" frameBorder=\"0\" scrolling=\"no\" title=\"Laskutoimitusmerkki hukassa 3\"><\/iframe><\/div>\n<hr \/>\n<h3><span style=\"color: #ff0000\">P\u00e4\u00e4ttelyteht\u00e4vi\u00e4 pinta-alojen\u00a0<\/span><\/h3>\n<p>&nbsp;<\/p>\n<h3><span style=\"color: #ff0000\">avulla<\/span><\/h3>\n<div class=\"h5p-iframe-wrapper\"><iframe id=\"h5p-iframe-1\" class=\"h5p-iframe\" data-content-id=\"1\" style=\"height:1px\" src=\"about:blank\" frameBorder=\"0\" scrolling=\"no\" title=\"Ongelmateht\u00e4vi\u00e4 pinta-aloista\"><\/iframe><\/div>\n<hr \/>\n<h3><span style=\"color: #ff0000\">Ongelmanratkaisua<\/span><\/h3>\n<div class=\"h5p-iframe-wrapper\"><iframe id=\"h5p-iframe-175\" class=\"h5p-iframe\" data-content-id=\"175\" style=\"height:1px\" src=\"about:blank\" frameBorder=\"0\" scrolling=\"no\" title=\"ongelmanratkaisu\"><\/iframe><\/div>\n<hr \/>\n<h3><span style=\"color: #ff0000\">Sanallisia teht\u00e4vi\u00e4<\/span><\/h3>\n<div class=\"h5p-iframe-wrapper\"><iframe id=\"h5p-iframe-2\" class=\"h5p-iframe\" data-content-id=\"2\" style=\"height:1px\" src=\"about:blank\" frameBorder=\"0\" scrolling=\"no\" title=\"Pulmateht\u00e4vi\u00e4\"><\/iframe><\/div>\n<p><img loading=\"lazy\" decoding=\"async\" class=\"aligncenter wp-image-727 size-full\" src=\"https:\/\/blog.edu.turku.fi\/mikan-matikkaa\/files\/2023\/09\/7658225516_00cf277f83_q.jpg\" alt=\"\" width=\"150\" height=\"150\" \/><\/p>\n<p>&nbsp;<\/p>\n<hr \/>\n<h3><span style=\"color: #ff0000\">P\u00e4\u00e4ttele puuttuva luku kuvioista\u00a0<\/span><\/h3>\n<div class=\"h5p-iframe-wrapper\"><iframe id=\"h5p-iframe-3\" class=\"h5p-iframe\" data-content-id=\"3\" style=\"height:1px\" src=\"about:blank\" frameBorder=\"0\" scrolling=\"no\" title=\"P\u00e4\u00e4ttele luku\"><\/iframe><\/div>\n<p>&nbsp;<\/p>\n<hr \/>\n<h3><strong><span style=\"color: #ff0000\">Ongelmanratkaisua, lukujonoja, p\u00e4\u00e4ttelyteht\u00e4vi\u00e4, kysytyn luvun keksimist\u00e4<\/span><\/strong><\/h3>\n<div class=\"h5p-iframe-wrapper\"><iframe id=\"h5p-iframe-4\" class=\"h5p-iframe\" data-content-id=\"4\" style=\"height:1px\" src=\"about:blank\" frameBorder=\"0\" scrolling=\"no\" title=\"Ongelmanratkaisu\"><\/iframe><\/div>\n<p><img loading=\"lazy\" decoding=\"async\" class=\"aligncenter wp-image-725 size-full\" src=\"https:\/\/blog.edu.turku.fi\/mikan-matikkaa\/files\/2023\/09\/53184938686_11fde35652_w.jpg\" alt=\"\" width=\"399\" height=\"144\" srcset=\"https:\/\/blog.edu.turku.fi\/mikan-matikkaa\/files\/2023\/09\/53184938686_11fde35652_w.jpg 399w, https:\/\/blog.edu.turku.fi\/mikan-matikkaa\/files\/2023\/09\/53184938686_11fde35652_w-300x108.jpg 300w\" sizes=\"auto, (max-width: 399px) 100vw, 399px\" \/><\/p>\n<hr \/>\n<h3><span style=\"color: #ff0000\">10 Pulmaa<\/span><\/h3>\n<div class=\"h5p-iframe-wrapper\"><iframe id=\"h5p-iframe-76\" class=\"h5p-iframe\" data-content-id=\"76\" style=\"height:1px\" src=\"about:blank\" frameBorder=\"0\" scrolling=\"no\" title=\"ongelmanratkaisua\"><\/iframe><\/div>\n<p>&nbsp;<\/p>\n<hr \/>\n<h4><span style=\"color: #3366ff\">Pakohuoneet<\/span><\/h4>\n<p>&nbsp;<\/p>\n","protected":false},"excerpt":{"rendered":"<p>Erilaisia puzzle-sivustoja: Hashi-puzzle Triddlers-puzzle Urjo Daily Deductions Ongelmateht\u00e4vi\u00e4 Ongelmateht\u00e4vi\u00e4 Ongelmia 1. vastaukset Ongelmia 2. vastaukset 13 ongelmaa vastaukset Pulmia 1. vastaukset Pulmia 2. vastaukset Jouluisia ongelmia vastaukset &nbsp; Kisailu parin kanssa Mik\u00e4 luku? Lukuisia ongelmia Yhteenlaskupyramideja P\u00e4hkin\u00f6it\u00e4 vastaukset &nbsp; Matematiikan ihmeellisyyksi\u00e4 Miss\u00e4 is\u00e4 on? &nbsp; Etsi luku A??? Nelj\u00e4 ongelmaa Toiset nelj\u00e4 ongelmaa J\u00e4rjestelyongelmia P\u00e4\u00e4ttele Joulun probleemat Laskutoimitukset kateissa P\u00e4\u00e4ttelyteht\u00e4vi\u00e4 pinta-alojen\u00a0 &nbsp; avulla Ongelmanratkaisua Sanallisia teht\u00e4vi\u00e4 &nbsp; P\u00e4\u00e4ttele puuttuva luku kuvioista\u00a0 &nbsp; Ongelmanratkaisua, lukujonoja, p\u00e4\u00e4ttelyteht\u00e4vi\u00e4, kysytyn luvun keksimist\u00e4 10 Pulmaa&#8230;<\/p>\n<p class=\"read-more\"><a class=\"btn btn-default\" href=\"https:\/\/blog.edu.turku.fi\/mikan-matikkaa\/ongelmanratkaisu\/\"> Read More<span class=\"screen-reader-text\">  Read More<\/span><\/a><\/p>\n","protected":false},"author":811,"featured_media":0,"parent":0,"menu_order":0,"comment_status":"closed","ping_status":"closed","template":"","meta":{"footnotes":""},"class_list":["post-85","page","type-page","status-publish","hentry"],"_links":{"self":[{"href":"https:\/\/blog.edu.turku.fi\/mikan-matikkaa\/wp-json\/wp\/v2\/pages\/85","targetHints":{"allow":["GET"]}}],"collection":[{"href":"https:\/\/blog.edu.turku.fi\/mikan-matikkaa\/wp-json\/wp\/v2\/pages"}],"about":[{"href":"https:\/\/blog.edu.turku.fi\/mikan-matikkaa\/wp-json\/wp\/v2\/types\/page"}],"author":[{"embeddable":true,"href":"https:\/\/blog.edu.turku.fi\/mikan-matikkaa\/wp-json\/wp\/v2\/users\/811"}],"replies":[{"embeddable":true,"href":"https:\/\/blog.edu.turku.fi\/mikan-matikkaa\/wp-json\/wp\/v2\/comments?post=85"}],"version-history":[{"count":28,"href":"https:\/\/blog.edu.turku.fi\/mikan-matikkaa\/wp-json\/wp\/v2\/pages\/85\/revisions"}],"predecessor-version":[{"id":831,"href":"https:\/\/blog.edu.turku.fi\/mikan-matikkaa\/wp-json\/wp\/v2\/pages\/85\/revisions\/831"}],"wp:attachment":[{"href":"https:\/\/blog.edu.turku.fi\/mikan-matikkaa\/wp-json\/wp\/v2\/media?parent=85"}],"curies":[{"name":"wp","href":"https:\/\/api.w.org\/{rel}","templated":true}]}}