{"id":66,"date":"2021-01-28T08:49:31","date_gmt":"2021-01-28T06:49:31","guid":{"rendered":"https:\/\/blog.edu.turku.fi\/mikan-matikkaa\/?page_id=66"},"modified":"2021-02-12T13:53:14","modified_gmt":"2021-02-12T11:53:14","slug":"ohjelmoinnin-opetusta","status":"publish","type":"page","link":"https:\/\/blog.edu.turku.fi\/mikan-matikkaa\/ohjelmoinnin-opetusta\/","title":{"rendered":"Ohjelmoinnin opetusta"},"content":{"rendered":"<p><strong>App Inventor<\/strong> &#8211; MIT App Inventor on kehitysymp\u00e4rist\u00f6, jossa voidaan koodata Android-laitteissa toimiva ohjelmia.<\/p>\n<ul>\n<li><a href=\"https:\/\/appinventor.mit.edu\/\">https:\/\/appinventor.mit.edu\/<\/a><\/li>\n<li><a href=\"https:\/\/linkki-pre2018.cs.helsinki.fi\/content\/appinventor-materiaali\" target=\"_blank\" rel=\"noopener noreferrer\">appinventor-materiaalia<\/a><\/li>\n<\/ul>\n<p><strong>Micro:bit<\/strong> &#8211; BBC:n micro:bit on k\u00e4tev\u00e4, ohjelmoitava mikropiiri, jota voidaan k\u00e4ytt\u00e4\u00e4 erilaisten laitteiden, moottorien, robottien yms. ohjaamiseen.<\/p>\n<ul>\n<li>\n<div class=\"TbwUpd NJjxre\"><a href=\"https:\/\/microbit.org\/\">https:\/\/microbit.org\/<\/a><\/div>\n<\/li>\n<li><a href=\"https:\/\/archive.microbit.org\/fi\/guide\/\">opi koodaamaan micro:bitill\u00e4<\/a><\/li>\n<\/ul>\n<h4>GDevelop 5<\/h4>\n<ul>\n<li class=\"wpview wpview-wrap\" data-wpview-text=\"https%3A%2F%2Fwww.innokas.fi%2Fmateriaalit%2F%3F_sft_material_type%3Dpelinkehitys\" data-wpview-type=\"embedURL\"><a href=\"https:\/\/www.innokas.fi\/materiaalit\/?_sft_material_type=pelinkehitys\" target=\"_blank\" rel=\"noopener noreferrer\">materiaaleja<\/a><\/li>\n<li data-wpview-text=\"https%3A%2F%2Fwww.innokas.fi%2Fmateriaalit%2F%3F_sft_material_type%3Dpelinkehitys\" data-wpview-type=\"embedURL\"><a href=\"https:\/\/youtu.be\/MrygFeYkl8c?t=325\" target=\"_blank\" rel=\"noopener noreferrer\">ohjevideo<\/a><\/li>\n<li data-wpview-text=\"https%3A%2F%2Fwww.innokas.fi%2Fmateriaalit%2F%3F_sft_material_type%3Dpelinkehitys\" data-wpview-type=\"embedURL\"><a href=\"https:\/\/sites.google.com\/lappee.fi\/gamedev\/pelin-tekeminen-ja-ohjelmointi?authuser=0\" target=\"_blank\" rel=\"noopener noreferrer\">ohjeita grafiikkaan<\/a><\/li>\n<\/ul>\n","protected":false},"excerpt":{"rendered":"<p>App Inventor &#8211; MIT App Inventor on kehitysymp\u00e4rist\u00f6, jossa voidaan koodata Android-laitteissa toimiva ohjelmia. https:\/\/appinventor.mit.edu\/ appinventor-materiaalia Micro:bit &#8211; BBC:n micro:bit on k\u00e4tev\u00e4, ohjelmoitava mikropiiri, jota voidaan k\u00e4ytt\u00e4\u00e4 erilaisten laitteiden, moottorien, robottien yms. ohjaamiseen. https:\/\/microbit.org\/ opi koodaamaan micro:bitill\u00e4 GDevelop 5 materiaaleja ohjevideo ohjeita grafiikkaan<\/p>\n","protected":false},"author":811,"featured_media":0,"parent":0,"menu_order":0,"comment_status":"closed","ping_status":"closed","template":"","meta":{"footnotes":""},"class_list":["post-66","page","type-page","status-publish","hentry"],"_links":{"self":[{"href":"https:\/\/blog.edu.turku.fi\/mikan-matikkaa\/wp-json\/wp\/v2\/pages\/66","targetHints":{"allow":["GET"]}}],"collection":[{"href":"https:\/\/blog.edu.turku.fi\/mikan-matikkaa\/wp-json\/wp\/v2\/pages"}],"about":[{"href":"https:\/\/blog.edu.turku.fi\/mikan-matikkaa\/wp-json\/wp\/v2\/types\/page"}],"author":[{"embeddable":true,"href":"https:\/\/blog.edu.turku.fi\/mikan-matikkaa\/wp-json\/wp\/v2\/users\/811"}],"replies":[{"embeddable":true,"href":"https:\/\/blog.edu.turku.fi\/mikan-matikkaa\/wp-json\/wp\/v2\/comments?post=66"}],"version-history":[{"count":11,"href":"https:\/\/blog.edu.turku.fi\/mikan-matikkaa\/wp-json\/wp\/v2\/pages\/66\/revisions"}],"predecessor-version":[{"id":354,"href":"https:\/\/blog.edu.turku.fi\/mikan-matikkaa\/wp-json\/wp\/v2\/pages\/66\/revisions\/354"}],"wp:attachment":[{"href":"https:\/\/blog.edu.turku.fi\/mikan-matikkaa\/wp-json\/wp\/v2\/media?parent=66"}],"curies":[{"name":"wp","href":"https:\/\/api.w.org\/{rel}","templated":true}]}}