{"id":64,"date":"2021-01-27T22:57:49","date_gmt":"2021-01-27T20:57:49","guid":{"rendered":"https:\/\/blog.edu.turku.fi\/mikan-matikkaa\/?page_id=64"},"modified":"2023-11-06T11:14:09","modified_gmt":"2023-11-06T09:14:09","slug":"potenssit","status":"publish","type":"page","link":"https:\/\/blog.edu.turku.fi\/mikan-matikkaa\/potenssit\/","title":{"rendered":"Potenssit"},"content":{"rendered":"<ul>\n<li><a href=\"https:\/\/blog.edu.turku.fi\/mikan-matikkaa\/files\/2021\/02\/neg.pdf\">Negatiivinen eksponentti<\/a><\/li>\n<li><a href=\"https:\/\/blog.edu.turku.fi\/mikan-matikkaa\/files\/2021\/02\/Potenssiharjoituksia.doc\">Potenssiharjoituksia<\/a><\/li>\n<li><a href=\"https:\/\/blog.edu.turku.fi\/mikan-matikkaa\/files\/2021\/02\/Potenssin-potenssi.doc\">Potenssin potenssi<\/a><\/li>\n<li><a href=\"https:\/\/blog.edu.turku.fi\/mikan-matikkaa\/files\/2021\/02\/POTENSSI.doc\">P\u00e4\u00e4ss\u00e4laskuja potensseista<\/a><\/li>\n<li><a href=\"https:\/\/blog.edu.turku.fi\/mikan-matikkaa\/files\/2021\/02\/Kymmenpotenssimuoto.doc\">Kymmenpotenssimuoto<\/a><\/li>\n<li><a href=\"https:\/\/users.edu.turku.fi\/miranta\/tehtavat\/kymmenpotenssimuoto.pdf\">Kymmenpotenssimuodon harjoittelua<\/a><\/li>\n<li><a href=\"https:\/\/users.edu.turku.fi\/miranta\/documents\/Potenssiharjoituksia.doc\">Potenssilaskuja<\/a><\/li>\n<li><a href=\"https:\/\/users.edu.turku.fi\/miranta\/documents\/Potenssi2.pdf\">Harjoituksia potensseista<\/a><\/li>\n<li><a href=\"https:\/\/users.edu.turku.fi\/miranta\/tehtavat\/neg.pdf\">Negatiivinen eksponentti<\/a><\/li>\n<li><a href=\"https:\/\/users.edu.turku.fi\/miranta\/tehtavat\/neliojuuri.pdf\">Neli\u00f6juuri<\/a><\/li>\n<\/ul>\n<hr \/>\n<h3><span style=\"color: #800080\">Potenssi<\/span><\/h3>\n<div class=\"h5p-iframe-wrapper\"><iframe id=\"h5p-iframe-177\" class=\"h5p-iframe\" data-content-id=\"177\" style=\"height:1px\" src=\"about:blank\" frameBorder=\"0\" scrolling=\"no\" title=\"Potenssilaskuja\"><\/iframe><\/div>\n<p>&nbsp;<\/p>\n<hr \/>\n<div class=\"h5p-iframe-wrapper\"><iframe id=\"h5p-iframe-178\" class=\"h5p-iframe\" data-content-id=\"178\" style=\"height:1px\" src=\"about:blank\" frameBorder=\"0\" scrolling=\"no\" title=\"Potenssilaskuja\"><\/iframe><\/div>\n<p>&nbsp;<\/p>\n<hr \/>\n<div class=\"h5p-iframe-wrapper\"><iframe id=\"h5p-iframe-179\" class=\"h5p-iframe\" data-content-id=\"179\" style=\"height:1px\" src=\"about:blank\" frameBorder=\"0\" scrolling=\"no\" title=\"potenssien suuruusj\u00e4rjestys\"><\/iframe><\/div>\n<p>&nbsp;<\/p>\n<hr \/>\n<div class=\"h5p-iframe-wrapper\"><iframe id=\"h5p-iframe-180\" class=\"h5p-iframe\" data-content-id=\"180\" style=\"height:1px\" src=\"about:blank\" frameBorder=\"0\" scrolling=\"no\" title=\"potenssilaskenta\"><\/iframe><\/div>\n<p>&nbsp;<\/p>\n<hr \/>\n<div class=\"h5p-iframe-wrapper\"><iframe id=\"h5p-iframe-181\" class=\"h5p-iframe\" data-content-id=\"181\" style=\"height:1px\" src=\"about:blank\" frameBorder=\"0\" scrolling=\"no\" title=\"potenssilaskenta\"><\/iframe><\/div>\n<p>&nbsp;<\/p>\n<hr \/>\n<div class=\"h5p-iframe-wrapper\"><iframe id=\"h5p-iframe-182\" class=\"h5p-iframe\" data-content-id=\"182\" style=\"height:1px\" src=\"about:blank\" frameBorder=\"0\" scrolling=\"no\" title=\"potenssilaskenta\"><\/iframe><\/div>\n<p>&nbsp;<\/p>\n<hr \/>\n<div class=\"h5p-iframe-wrapper\"><iframe id=\"h5p-iframe-183\" class=\"h5p-iframe\" data-content-id=\"183\" style=\"height:1px\" src=\"about:blank\" frameBorder=\"0\" scrolling=\"no\" title=\"Samankantaiset potenssit\"><\/iframe><\/div>\n<p>&nbsp;<\/p>\n<hr \/>\n<div class=\"h5p-iframe-wrapper\"><iframe id=\"h5p-iframe-184\" class=\"h5p-iframe\" data-content-id=\"184\" style=\"height:1px\" src=\"about:blank\" frameBorder=\"0\" scrolling=\"no\" title=\"Samankantaiset potenssit\"><\/iframe><\/div>\n<p>&nbsp;<\/p>\n<hr \/>\n<h3><span style=\"color: #800080\">Samankantaisten potenssien tulo ja osam\u00e4\u00e4r\u00e4<\/span><\/h3>\n<div class=\"h5p-iframe-wrapper\"><iframe id=\"h5p-iframe-199\" class=\"h5p-iframe\" data-content-id=\"199\" style=\"height:1px\" src=\"about:blank\" frameBorder=\"0\" scrolling=\"no\" title=\"samankantaisten potenssien tulo\"><\/iframe><\/div>\n<p>&nbsp;<\/p>\n<hr \/>\n<div class=\"h5p-iframe-wrapper\"><iframe id=\"h5p-iframe-188\" class=\"h5p-iframe\" data-content-id=\"188\" style=\"height:1px\" src=\"about:blank\" frameBorder=\"0\" scrolling=\"no\" title=\"Samankantaisten potenssien tulo ja osam\u00e4\u00e4r\u00e4\"><\/iframe><\/div>\n<p>&nbsp;<\/p>\n<hr \/>\n<div class=\"h5p-iframe-wrapper\"><iframe id=\"h5p-iframe-187\" class=\"h5p-iframe\" data-content-id=\"187\" style=\"height:1px\" src=\"about:blank\" frameBorder=\"0\" scrolling=\"no\" title=\"Samankantaisten potenssien tulo ja osam\u00e4\u00e4r\u00e4\"><\/iframe><\/div>\n<p>&nbsp;<\/p>\n<hr \/>\n<div class=\"h5p-iframe-wrapper\"><iframe id=\"h5p-iframe-186\" class=\"h5p-iframe\" data-content-id=\"186\" style=\"height:1px\" src=\"about:blank\" frameBorder=\"0\" scrolling=\"no\" title=\"Samankantaisten potenssien tulo ja osam\u00e4\u00e4r\u00e4\"><\/iframe><\/div>\n<p>&nbsp;<\/p>\n<hr \/>\n<div class=\"h5p-iframe-wrapper\"><iframe id=\"h5p-iframe-185\" class=\"h5p-iframe\" data-content-id=\"185\" style=\"height:1px\" src=\"about:blank\" frameBorder=\"0\" scrolling=\"no\" title=\"potenssien suuruusj\u00e4rjestys\"><\/iframe><\/div>\n<p>&nbsp;<\/p>\n<hr \/>\n<div class=\"h5p-iframe-wrapper\"><iframe id=\"h5p-iframe-189\" class=\"h5p-iframe\" data-content-id=\"189\" style=\"height:1px\" src=\"about:blank\" frameBorder=\"0\" scrolling=\"no\" title=\"potenssilaskenta\"><\/iframe><\/div>\n<p>&nbsp;<\/p>\n<hr \/>\n<h3><span style=\"color: #800080\">kymmenpotenssimuoto<\/span><\/h3>\n<div class=\"h5p-iframe-wrapper\"><iframe id=\"h5p-iframe-148\" class=\"h5p-iframe\" data-content-id=\"148\" style=\"height:1px\" src=\"about:blank\" frameBorder=\"0\" scrolling=\"no\" title=\"etuliitteiden harjoittelua\"><\/iframe><\/div>\n<p>&nbsp;<\/p>\n<hr \/>\n<h3><span style=\"color: #800080\">Tulon ja osam\u00e4\u00e4r\u00e4n potenssi<\/span><\/h3>\n<div class=\"h5p-iframe-wrapper\"><iframe id=\"h5p-iframe-198\" class=\"h5p-iframe\" data-content-id=\"198\" style=\"height:1px\" src=\"about:blank\" frameBorder=\"0\" scrolling=\"no\" title=\"tulon potenssi\"><\/iframe><\/div>\n<p>&nbsp;<\/p>\n<hr \/>\n<div class=\"h5p-iframe-wrapper\"><iframe id=\"h5p-iframe-196\" class=\"h5p-iframe\" data-content-id=\"196\" style=\"height:1px\" src=\"about:blank\" frameBorder=\"0\" scrolling=\"no\" title=\"potenssin potenssi\"><\/iframe><\/div>\n<p>&nbsp;<\/p>\n<hr \/>\n<h3><span style=\"color: #800080\">Potenssin potenssi<\/span><\/h3>\n<div class=\"h5p-iframe-wrapper\"><iframe id=\"h5p-iframe-197\" class=\"h5p-iframe\" data-content-id=\"197\" style=\"height:1px\" src=\"about:blank\" frameBorder=\"0\" scrolling=\"no\" title=\"osam\u00e4\u00e4r\u00e4n potenssi\"><\/iframe><\/div>\n<p>&nbsp;<\/p>\n<hr \/>\n<h3><span style=\"color: #800080\">Kertaa potenssilaskuja<\/span><\/h3>\n<div class=\"h5p-iframe-wrapper\"><iframe id=\"h5p-iframe-202\" class=\"h5p-iframe\" data-content-id=\"202\" style=\"height:1px\" src=\"about:blank\" frameBorder=\"0\" scrolling=\"no\" title=\"Potenssilaskentaa\"><\/iframe><\/div>\n<hr \/>\n<h3><span style=\"color: #800080\">Neli\u00f6juuri<\/span><\/h3>\n<div class=\"h5p-iframe-wrapper\"><iframe id=\"h5p-iframe-203\" class=\"h5p-iframe\" data-content-id=\"203\" style=\"height:1px\" src=\"about:blank\" frameBorder=\"0\" scrolling=\"no\" title=\"Neli\u00f6juuri\"><\/iframe><\/div>\n<div class=\"h5p-iframe-wrapper\"><iframe id=\"h5p-iframe-204\" class=\"h5p-iframe\" data-content-id=\"204\" style=\"height:1px\" src=\"about:blank\" frameBorder=\"0\" scrolling=\"no\" title=\"neli\u00f6juuri\"><\/iframe><\/div>\n<div class=\"h5p-iframe-wrapper\"><iframe id=\"h5p-iframe-205\" class=\"h5p-iframe\" data-content-id=\"205\" style=\"height:1px\" src=\"about:blank\" frameBorder=\"0\" scrolling=\"no\" title=\"Neli\u00f6juurten suuruusj\u00e4rjestys\"><\/iframe><\/div>\n<div class=\"h5p-iframe-wrapper\"><iframe id=\"h5p-iframe-206\" class=\"h5p-iframe\" data-content-id=\"206\" style=\"height:1px\" src=\"about:blank\" frameBorder=\"0\" scrolling=\"no\" title=\"Neli\u00f6juuri 2\"><\/iframe><\/div>\n","protected":false},"excerpt":{"rendered":"<p>Negatiivinen eksponentti Potenssiharjoituksia Potenssin potenssi P\u00e4\u00e4ss\u00e4laskuja potensseista Kymmenpotenssimuoto Kymmenpotenssimuodon harjoittelua Potenssilaskuja Harjoituksia potensseista Negatiivinen eksponentti Neli\u00f6juuri Potenssi &nbsp; &nbsp; &nbsp; &nbsp; &nbsp; &nbsp; &nbsp; &nbsp; Samankantaisten potenssien tulo ja osam\u00e4\u00e4r\u00e4 &nbsp; &nbsp; &nbsp; &nbsp; &nbsp; &nbsp; kymmenpotenssimuoto &nbsp; Tulon ja osam\u00e4\u00e4r\u00e4n potenssi &nbsp; &nbsp; Potenssin potenssi &nbsp; Kertaa potenssilaskuja Neli\u00f6juuri<\/p>\n","protected":false},"author":811,"featured_media":0,"parent":0,"menu_order":0,"comment_status":"closed","ping_status":"closed","template":"","meta":{"footnotes":""},"class_list":["post-64","page","type-page","status-publish","hentry"],"_links":{"self":[{"href":"https:\/\/blog.edu.turku.fi\/mikan-matikkaa\/wp-json\/wp\/v2\/pages\/64","targetHints":{"allow":["GET"]}}],"collection":[{"href":"https:\/\/blog.edu.turku.fi\/mikan-matikkaa\/wp-json\/wp\/v2\/pages"}],"about":[{"href":"https:\/\/blog.edu.turku.fi\/mikan-matikkaa\/wp-json\/wp\/v2\/types\/page"}],"author":[{"embeddable":true,"href":"https:\/\/blog.edu.turku.fi\/mikan-matikkaa\/wp-json\/wp\/v2\/users\/811"}],"replies":[{"embeddable":true,"href":"https:\/\/blog.edu.turku.fi\/mikan-matikkaa\/wp-json\/wp\/v2\/comments?post=64"}],"version-history":[{"count":23,"href":"https:\/\/blog.edu.turku.fi\/mikan-matikkaa\/wp-json\/wp\/v2\/pages\/64\/revisions"}],"predecessor-version":[{"id":755,"href":"https:\/\/blog.edu.turku.fi\/mikan-matikkaa\/wp-json\/wp\/v2\/pages\/64\/revisions\/755"}],"wp:attachment":[{"href":"https:\/\/blog.edu.turku.fi\/mikan-matikkaa\/wp-json\/wp\/v2\/media?parent=64"}],"curies":[{"name":"wp","href":"https:\/\/api.w.org\/{rel}","templated":true}]}}