{"id":602,"date":"2021-09-21T20:33:10","date_gmt":"2021-09-21T17:33:10","guid":{"rendered":"https:\/\/blog.edu.turku.fi\/mikan-matikkaa\/?page_id=602"},"modified":"2021-11-09T09:35:04","modified_gmt":"2021-11-09T07:35:04","slug":"kartta-ja-mittakaava","status":"publish","type":"page","link":"https:\/\/blog.edu.turku.fi\/mikan-matikkaa\/tasogeometria\/kartta-ja-mittakaava\/","title":{"rendered":"Kartta ja mittakaava"},"content":{"rendered":"<h2><span style=\"color: #0000ff\">Yli-Maarian koulun kartta ja mittakaava<\/span><\/h2>\n<p>Lataa itsellesi tai k\u00e4yt\u00e4 paperikarttaa<\/p>\n<ul>\n<li>koulualueen kartta: <a href=\"https:\/\/blog.edu.turku.fi\/mikan-matikkaa\/files\/2021\/09\/YliMaarianKoulu.pdf\">Koulun piha<\/a><\/li>\n<\/ul>\n<hr \/>\n<div class=\"h5p-content\" data-content-id=\"95\"><\/div>\n<hr \/>\n<h3>L\u00e4mmittelyteht\u00e4v\u00e4:<\/h3>\n<div class=\"h5p-iframe-wrapper\"><iframe id=\"h5p-iframe-83\" class=\"h5p-iframe\" data-content-id=\"83\" style=\"height:1px\" src=\"about:blank\" frameBorder=\"0\" scrolling=\"no\" title=\"Mittakaava, kartan k\u00e4ytt\u00e4minen\"><\/iframe><\/div>\n<p>&nbsp;<\/p>\n<hr \/>\n<h3>Karttateht\u00e4v\u00e4 koulun pihalla:<\/h3>\n<div class=\"h5p-iframe-wrapper\"><iframe id=\"h5p-iframe-89\" class=\"h5p-iframe\" data-content-id=\"89\" style=\"height:1px\" src=\"about:blank\" frameBorder=\"0\" scrolling=\"no\" title=\"Yli-Maarian koulualue\"><\/iframe><\/div>\n<p>&nbsp;<\/p>\n","protected":false},"excerpt":{"rendered":"<p>Yli-Maarian koulun kartta ja mittakaava Lataa itsellesi tai k\u00e4yt\u00e4 paperikarttaa koulualueen kartta: Koulun piha L\u00e4mmittelyteht\u00e4v\u00e4: &nbsp; Karttateht\u00e4v\u00e4 koulun pihalla: &nbsp;<\/p>\n","protected":false},"author":811,"featured_media":0,"parent":53,"menu_order":0,"comment_status":"closed","ping_status":"closed","template":"","meta":{"footnotes":""},"class_list":["post-602","page","type-page","status-publish","hentry"],"_links":{"self":[{"href":"https:\/\/blog.edu.turku.fi\/mikan-matikkaa\/wp-json\/wp\/v2\/pages\/602","targetHints":{"allow":["GET"]}}],"collection":[{"href":"https:\/\/blog.edu.turku.fi\/mikan-matikkaa\/wp-json\/wp\/v2\/pages"}],"about":[{"href":"https:\/\/blog.edu.turku.fi\/mikan-matikkaa\/wp-json\/wp\/v2\/types\/page"}],"author":[{"embeddable":true,"href":"https:\/\/blog.edu.turku.fi\/mikan-matikkaa\/wp-json\/wp\/v2\/users\/811"}],"replies":[{"embeddable":true,"href":"https:\/\/blog.edu.turku.fi\/mikan-matikkaa\/wp-json\/wp\/v2\/comments?post=602"}],"version-history":[{"count":10,"href":"https:\/\/blog.edu.turku.fi\/mikan-matikkaa\/wp-json\/wp\/v2\/pages\/602\/revisions"}],"predecessor-version":[{"id":623,"href":"https:\/\/blog.edu.turku.fi\/mikan-matikkaa\/wp-json\/wp\/v2\/pages\/602\/revisions\/623"}],"up":[{"embeddable":true,"href":"https:\/\/blog.edu.turku.fi\/mikan-matikkaa\/wp-json\/wp\/v2\/pages\/53"}],"wp:attachment":[{"href":"https:\/\/blog.edu.turku.fi\/mikan-matikkaa\/wp-json\/wp\/v2\/media?parent=602"}],"curies":[{"name":"wp","href":"https:\/\/api.w.org\/{rel}","templated":true}]}}