{"id":581,"date":"2021-05-31T11:45:14","date_gmt":"2021-05-31T08:45:14","guid":{"rendered":"https:\/\/blog.edu.turku.fi\/mikan-matikkaa\/?page_id=581"},"modified":"2021-09-21T20:31:10","modified_gmt":"2021-09-21T17:31:10","slug":"matematiikka-3","status":"publish","type":"page","link":"https:\/\/blog.edu.turku.fi\/mikan-matikkaa\/matematiikka-3\/","title":{"rendered":"Matematiikka"},"content":{"rendered":"<h4><span style=\"color: #993300\">H5P:ll\u00e4 tehty\u00e4 materiaalia<\/span><\/h4>\n<ul>\n<li><a href=\"https:\/\/blog.edu.turku.fi\/mikan-matikkaa\/todennakoisyyslaskenta\/todennakoisyyden-harjoittelua-h5plla\/\">Todenn\u00e4k\u00f6isyyden harjoittelua H5P:ll\u00e4<\/a><\/li>\n<li><a href=\"https:\/\/blog.edu.turku.fi\/mikan-matikkaa\/matematiikka\/ongelmanratkaisu\/pinta-ala-paattely\/\">ongelmanratkaisua H5P:ll\u00e4<\/a><\/li>\n<\/ul>\n<h4 style=\"text-align: left\"><span style=\"color: #993300\">Mielenkiintoisia sivustoja:<\/span><\/h4>\n<ul>\n<li style=\"text-align: left\"><a href=\"https:\/\/www.cut-the-knot.org\/Curriculum\/index.shtml\" target=\"_blank\" rel=\"noopener noreferrer\">Cut the knot<\/a><\/li>\n<li style=\"text-align: left\"><a href=\"http:\/\/www.math.com\/practice\/Algebra.html\">math.com<\/a><\/li>\n<li style=\"text-align: left\"><a href=\"https:\/\/mathworld.wolfram.com\/topics\/Geometry.html\" target=\"_blank\" rel=\"noopener noreferrer\">Wolfram mathworld<\/a><\/li>\n<li><a href=\"https:\/\/2048.ninja\/\">2048<\/a><\/li>\n<\/ul>\n<h4><span style=\"color: #993300\">Kilpailuja:<\/span><\/h4>\n<ul>\n<li><a href=\"http:\/\/majava-kilpailu.fi\" target=\"_blank\" rel=\"noopener noreferrer\">majava-kilpailut<\/a><\/li>\n<\/ul>\n<h4><span style=\"color: #993300\">P\u00e4\u00e4ss\u00e4laskuja<\/span><\/h4>\n<ul>\n<li><a href=\"https:\/\/users.edu.turku.fi\/miranta\/documents\/PaaSSaLASKUJA.doc\">P\u00e4\u00e4ss\u00e4laskuja 1<\/a><\/li>\n<li><a href=\"https:\/\/users.edu.turku.fi\/miranta\/documents\/Paassalaskuja2.doc\">P\u00e4\u00e4ss\u00e4laskuja2<\/a><\/li>\n<li><a href=\"https:\/\/users.edu.turku.fi\/miranta\/documents\/PaaSSaLASKUJAPOTENSSEISTA.doc\">p\u00e4\u00e4ss\u00e4laskuja potensseista <\/a><\/li>\n<li><a href=\"https:\/\/users.edu.turku.fi\/miranta\/documents\/Hankaliapaassalaskuja_000.doc\">Hankalia p\u00e4\u00e4ss\u00e4laskuja<\/a><\/li>\n<li><a href=\"https:\/\/users.edu.turku.fi\/miranta\/tehtavat\/vanhat.doc\">P\u00e4\u00e4ss\u00e4laskuja vanhoista mittayksik\u00f6ist\u00e4<\/a><\/li>\n<li><a href=\"https:\/\/users.edu.turku.fi\/miranta\/documents\/paassalaskujayhteenjavahennyslaskut.doc\">p\u00e4\u00e4ss\u00e4laskuja yhteen- ja v\u00e4hennyslaskuista<\/a><\/li>\n<li><a href=\"https:\/\/users.edu.turku.fi\/miranta\/tehtavat\/prosepaassa.doc\">P\u00e4\u00e4ss\u00e4laskuja prosenttilaskuista<\/a><\/li>\n<\/ul>\n<h4><span style=\"color: #993300\">Aivojumppaa tunnin alkuun<\/span><\/h4>\n<ul>\n<li><\/li>\n<\/ul>\n<h4><span style=\"color: #993300\">Pelillist\u00e4minen<\/span><\/h4>\n<ul>\n<li><a href=\"https:\/\/blog.edu.turku.fi\/mikan-matikkaa\/files\/2021\/01\/JUST-ONE_matematiikka.pptx\">JUST ONE_matematiikka<\/a><\/li>\n<\/ul>\n","protected":false},"excerpt":{"rendered":"<p>H5P:ll\u00e4 tehty\u00e4 materiaalia Todenn\u00e4k\u00f6isyyden harjoittelua H5P:ll\u00e4 ongelmanratkaisua H5P:ll\u00e4 Mielenkiintoisia sivustoja: Cut the knot math.com Wolfram mathworld 2048 Kilpailuja: majava-kilpailut P\u00e4\u00e4ss\u00e4laskuja P\u00e4\u00e4ss\u00e4laskuja 1 P\u00e4\u00e4ss\u00e4laskuja2 p\u00e4\u00e4ss\u00e4laskuja potensseista Hankalia p\u00e4\u00e4ss\u00e4laskuja P\u00e4\u00e4ss\u00e4laskuja vanhoista mittayksik\u00f6ist\u00e4 p\u00e4\u00e4ss\u00e4laskuja yhteen- ja v\u00e4hennyslaskuista P\u00e4\u00e4ss\u00e4laskuja prosenttilaskuista Aivojumppaa tunnin alkuun Pelillist\u00e4minen JUST ONE_matematiikka<\/p>\n","protected":false},"author":811,"featured_media":0,"parent":0,"menu_order":0,"comment_status":"closed","ping_status":"closed","template":"","meta":{"footnotes":""},"class_list":["post-581","page","type-page","status-publish","hentry"],"_links":{"self":[{"href":"https:\/\/blog.edu.turku.fi\/mikan-matikkaa\/wp-json\/wp\/v2\/pages\/581","targetHints":{"allow":["GET"]}}],"collection":[{"href":"https:\/\/blog.edu.turku.fi\/mikan-matikkaa\/wp-json\/wp\/v2\/pages"}],"about":[{"href":"https:\/\/blog.edu.turku.fi\/mikan-matikkaa\/wp-json\/wp\/v2\/types\/page"}],"author":[{"embeddable":true,"href":"https:\/\/blog.edu.turku.fi\/mikan-matikkaa\/wp-json\/wp\/v2\/users\/811"}],"replies":[{"embeddable":true,"href":"https:\/\/blog.edu.turku.fi\/mikan-matikkaa\/wp-json\/wp\/v2\/comments?post=581"}],"version-history":[{"count":4,"href":"https:\/\/blog.edu.turku.fi\/mikan-matikkaa\/wp-json\/wp\/v2\/pages\/581\/revisions"}],"predecessor-version":[{"id":601,"href":"https:\/\/blog.edu.turku.fi\/mikan-matikkaa\/wp-json\/wp\/v2\/pages\/581\/revisions\/601"}],"wp:attachment":[{"href":"https:\/\/blog.edu.turku.fi\/mikan-matikkaa\/wp-json\/wp\/v2\/media?parent=581"}],"curies":[{"name":"wp","href":"https:\/\/api.w.org\/{rel}","templated":true}]}}