{"id":53,"date":"2021-01-27T22:56:06","date_gmt":"2021-01-27T20:56:06","guid":{"rendered":"https:\/\/blog.edu.turku.fi\/mikan-matikkaa\/?page_id=53"},"modified":"2024-09-16T14:38:06","modified_gmt":"2024-09-16T11:38:06","slug":"tasogeometria","status":"publish","type":"page","link":"https:\/\/blog.edu.turku.fi\/mikan-matikkaa\/tasogeometria\/","title":{"rendered":"Geometria"},"content":{"rendered":"<p><a href=\"https:\/\/blog.edu.turku.fi\/mikan-matikkaa\/files\/2021\/02\/yksikot.ppt\"><img loading=\"lazy\" decoding=\"async\" class=\"wp-image-268 size-medium alignleft\" src=\"https:\/\/blog.edu.turku.fi\/mikan-matikkaa\/files\/2021\/02\/IMG_20210205_182942-e1612767838541-300x258.jpg\" alt=\"\" width=\"300\" height=\"258\" srcset=\"https:\/\/blog.edu.turku.fi\/mikan-matikkaa\/files\/2021\/02\/IMG_20210205_182942-e1612767838541-300x258.jpg 300w, https:\/\/blog.edu.turku.fi\/mikan-matikkaa\/files\/2021\/02\/IMG_20210205_182942-e1612767838541.jpg 1024w, https:\/\/blog.edu.turku.fi\/mikan-matikkaa\/files\/2021\/02\/IMG_20210205_182942-e1612767838541-768x660.jpg 768w, https:\/\/blog.edu.turku.fi\/mikan-matikkaa\/files\/2021\/02\/IMG_20210205_182942-e1612767838541-1536x1321.jpg 1536w\" sizes=\"auto, (max-width: 300px) 100vw, 300px\" \/><\/a><\/p>\n<ul>\n<li><a href=\"https:\/\/blog.edu.turku.fi\/mikan-matikkaa\/files\/2021\/02\/yksikot.ppt\">Pituuden ja pinta-alan yksik\u00f6t<\/a><\/li>\n<li><a href=\"https:\/\/blog.edu.turku.fi\/mikan-matikkaa\/files\/2021\/02\/Rantabaari.docx\">Rantabaari<\/a><\/li>\n<li><a href=\"https:\/\/users.edu.turku.fi\/miranta\/tehtavat\/vanhat.doc\">P\u00e4\u00e4ss\u00e4laskuja vanhoista mittayksik\u00f6ist\u00e4<\/a><\/li>\n<\/ul>\n<h4><\/h4>\n<h4><\/h4>\n<h4><\/h4>\n<h4><\/h4>\n<h4><span style=\"color: #333399\">Geogebra-sovelluksia<\/span><\/h4>\n<ul>\n<li><a href=\"https:\/\/users.edu.turku.fi\/miranta\/kolmio.ggb\">kolmio<\/a><\/li>\n<li><a href=\"https:\/\/users.edu.turku.fi\/miranta\/keskusjakehakulma.ggb\">keskinormaali<\/a><\/li>\n<li><a href=\"https:\/\/users.edu.turku.fi\/miranta\/kierto.ggb\">kierto<\/a><\/li>\n<li><a href=\"https:\/\/users.edu.turku.fi\/miranta\/kolmionkahdensivunyhdysjana.ggb\">kolmion kahden sivun yhdysjana<\/a><\/li>\n<li><a href=\"https:\/\/users.edu.turku.fi\/miranta\/kolmionkulmiensumma.ggb\">kolmion kulmien summa<\/a><\/li>\n<li><a href=\"https:\/\/users.edu.turku.fi\/miranta\/kolmionsisaanpiirrettyympyra.ggb\">kolmion sisaan piirretty ympyra<\/a><\/li>\n<li><a href=\"https:\/\/users.edu.turku.fi\/miranta\/kolmionymparipiirrettyympyra.ggb\">kolmion ympari piirretty ympyra<\/a><\/li>\n<li><a href=\"https:\/\/users.edu.turku.fi\/miranta\/kulmanpuolittajalause.ggb\">kulmanpuolittajalause<\/a><\/li>\n<li><a href=\"https:\/\/users.edu.turku.fi\/miranta\/kulmat.ggb\">kulmat<\/a><\/li>\n<li><a href=\"https:\/\/users.edu.turku.fi\/miranta\/merkillisetpisteet_keskijanat.ggb\">merkilliset pisteet_keskijanat<\/a><\/li>\n<li><a href=\"https:\/\/users.edu.turku.fi\/miranta\/merkillisetpisteet_keskinormaalit.ggb\">merkilliset pisteet_keskinormaalit<\/a><\/li>\n<li><a href=\"https:\/\/users.edu.turku.fi\/miranta\/merkillisetpisteet_korkeusjanat.ggb\">merkilliset pisteet_korkeusjanat<\/a><\/li>\n<li><a href=\"https:\/\/users.edu.turku.fi\/miranta\/merkillisetpisteet_kulmanpuolittajat.ggb\">merkilliset pisteet_kulmanpuolittajat<\/a><\/li>\n<li><a href=\"https:\/\/users.edu.turku.fi\/miranta\/monikulmionkulmiensumma.ggb\">monikulmion kulmien summa<\/a><\/li>\n<li><a href=\"https:\/\/users.edu.turku.fi\/miranta\/monikulmiot.ggb\">monikulmiot<\/a><\/li>\n<li><a href=\"https:\/\/users.edu.turku.fi\/miranta\/normaali.ggb\">normaali<\/a><\/li>\n<li><a href=\"https:\/\/users.edu.turku.fi\/miranta\/pisteenetaisyyssuorasta.ggb\">pisteen etaisyys suorasta<\/a><\/li>\n<li><a href=\"https:\/\/users.edu.turku.fi\/miranta\/puolisuunnikas.ggb\">puolisuunnikas<\/a><\/li>\n<li><a href=\"https:\/\/users.edu.turku.fi\/miranta\/puoliympyransisaltamakehakulma.ggb\">puoliympyran sisaltama kehakulma<\/a><\/li>\n<li><a href=\"https:\/\/users.edu.turku.fi\/miranta\/pythagoraanlause.ggb\">pythagoraan lause<\/a><\/li>\n<li><a href=\"https:\/\/users.edu.turku.fi\/miranta\/ristikulmat.ggb\">ristikulmat<\/a><\/li>\n<li><a href=\"https:\/\/users.edu.turku.fi\/miranta\/samankohtaisetkulmat.ggb\">samankohtaiset kulmat<\/a><\/li>\n<li><a href=\"https:\/\/users.edu.turku.fi\/miranta\/sarmiolevitettyna.ggb\">sarmio levitettyna<\/a><\/li>\n<li><a href=\"https:\/\/users.edu.turku.fi\/miranta\/suora.ggb\">suora<\/a><\/li>\n<li><a href=\"https:\/\/users.edu.turku.fi\/miranta\/suorakulmainenkolmio.ggb\">suorakulmainen kolmio<\/a><\/li>\n<li><a href=\"https:\/\/users.edu.turku.fi\/miranta\/suorienvalinenetaisyys.ggb\">suorien valinen etaisyys<\/a><\/li>\n<li><a href=\"https:\/\/users.edu.turku.fi\/miranta\/suunnikas.ggb\">suunnikas<\/a><\/li>\n<li><a href=\"https:\/\/users.edu.turku.fi\/miranta\/symmetriapisteensuhteen.ggb\">symmetria pisteen suhteen<\/a><\/li>\n<li><a href=\"https:\/\/users.edu.turku.fi\/miranta\/symmetriasuoransuhteen.ggb\">symmetria suoran suhteen<\/a><\/li>\n<li><a href=\"https:\/\/users.edu.turku.fi\/miranta\/saannollinen6-kulmio.ggb\">saannollinen 6-kulmio<\/a><\/li>\n<li><a href=\"https:\/\/users.edu.turku.fi\/miranta\/saannollisetmonikulmiot.ggb\">saannolliset monikulmiot<\/a><\/li>\n<li><a href=\"https:\/\/users.edu.turku.fi\/miranta\/tangenttijasekantti.ggb\">tangentti ja sekantti<\/a><\/li>\n<li><a href=\"https:\/\/users.edu.turku.fi\/miranta\/tangenttikulma.ggb\">tangenttikulma<\/a><\/li>\n<li><a href=\"https:\/\/users.edu.turku.fi\/miranta\/tasakylkinenkolmiogeometrisesti.ggb\">tasakylkinen kolmio geometrisesti<\/a><\/li>\n<li><a href=\"https:\/\/users.edu.turku.fi\/miranta\/tasasivuinenja-kylkinenkolmio.ggb\">tasasivuinen ja -kylkinen kolmio<\/a><\/li>\n<li><a href=\"https:\/\/users.edu.turku.fi\/miranta\/tasasivuinenkolmiogeometrisesti.ggb\">tasasivuinen kolmio geometrisesti<\/a><\/li>\n<\/ul>\n<h4><span style=\"color: #333399\">Tasogeometriaa<\/span><\/h4>\n<p><img loading=\"lazy\" decoding=\"async\" class=\"size-medium wp-image-304 alignleft\" src=\"https:\/\/blog.edu.turku.fi\/mikan-matikkaa\/files\/2021\/02\/IMG_20210205_165045-300x241.jpg\" alt=\"\" width=\"300\" height=\"241\" srcset=\"https:\/\/blog.edu.turku.fi\/mikan-matikkaa\/files\/2021\/02\/IMG_20210205_165045-300x241.jpg 300w, https:\/\/blog.edu.turku.fi\/mikan-matikkaa\/files\/2021\/02\/IMG_20210205_165045.jpg 1024w\" sizes=\"auto, (max-width: 300px) 100vw, 300px\" \/><\/p>\n<ul>\n<li><a href=\"https:\/\/users.edu.turku.fi\/miranta\/tehtavat\/geomkert.pdf\">Kertausta tasogeometriasta<\/a><\/li>\n<li><a href=\"https:\/\/users.edu.turku.fi\/miranta\/tehtavat\/kulmat.pdf\">Tasogeometria: kulman laskeminen<\/a><\/li>\n<li><a href=\"https:\/\/users.edu.turku.fi\/miranta\/tehtavat\/Geometriaa.doc\">Tasogeometrian harjoituksia<\/a><\/li>\n<li><a href=\"https:\/\/users.edu.turku.fi\/miranta\/tehtavat\/haastavia.pdf\">Haastavia teht\u00e4vi\u00e4 ympyr\u00e4st\u00e4<\/a><\/li>\n<\/ul>\n<h4><\/h4>\n<h4><\/h4>\n<h4><\/h4>\n<h4><\/h4>\n<h4><span style=\"color: #333399\">Pythagoraan lause<\/span><\/h4>\n<ul>\n<li><a href=\"https:\/\/users.edu.turku.fi\/miranta\/tehtavat\/TriPyt.pdf\">Trigonometrian ja Pythagoraan lauseen sovelluksia<\/a><\/li>\n<li><a href=\"https:\/\/users.edu.turku.fi\/miranta\/tehtavat\/Pythag1.pdf\">Harjoituksia Pythagoraan lauseesta 1<\/a><\/li>\n<li><a href=\"https:\/\/users.edu.turku.fi\/miranta\/tehtavat\/Pythag2.pdf\">Harjoituksia Pythagoraan lauseesta 2<\/a><\/li>\n<\/ul>\n<hr \/>\n<h3><span style=\"color: #333399\">Kulman laskeminen<\/span><\/h3>\n<h4><div class=\"h5p-iframe-wrapper\"><iframe id=\"h5p-iframe-104\" class=\"h5p-iframe\" data-content-id=\"104\" style=\"height:1px\" src=\"about:blank\" frameBorder=\"0\" scrolling=\"no\" title=\"Kulman laskeminen\"><\/iframe><\/div><\/h4>\n<p>&nbsp;<\/p>\n<h4><div class=\"h5p-iframe-wrapper\"><iframe id=\"h5p-iframe-105\" class=\"h5p-iframe\" data-content-id=\"105\" style=\"height:1px\" src=\"about:blank\" frameBorder=\"0\" scrolling=\"no\" title=\"Kulman laskeminen\"><\/iframe><\/div><\/h4>\n<p>&nbsp;<\/p>\n<h4><div class=\"h5p-iframe-wrapper\"><iframe id=\"h5p-iframe-106\" class=\"h5p-iframe\" data-content-id=\"106\" style=\"height:1px\" src=\"about:blank\" frameBorder=\"0\" scrolling=\"no\" title=\"Kulman laskeminen\"><\/iframe><\/div><\/h4>\n<p>&nbsp;<\/p>\n<h4><div class=\"h5p-iframe-wrapper\"><iframe id=\"h5p-iframe-107\" class=\"h5p-iframe\" data-content-id=\"107\" style=\"height:1px\" src=\"about:blank\" frameBorder=\"0\" scrolling=\"no\" title=\"Kulman laskeminen\"><\/iframe><\/div><\/h4>\n<p>&nbsp;<\/p>\n<h4><div class=\"h5p-iframe-wrapper\"><iframe id=\"h5p-iframe-108\" class=\"h5p-iframe\" data-content-id=\"108\" style=\"height:1px\" src=\"about:blank\" frameBorder=\"0\" scrolling=\"no\" title=\"Kulman laskeminen\"><\/iframe><\/div><\/h4>\n<p>&nbsp;<\/p>\n<h4><div class=\"h5p-iframe-wrapper\"><iframe id=\"h5p-iframe-109\" class=\"h5p-iframe\" data-content-id=\"109\" style=\"height:1px\" src=\"about:blank\" frameBorder=\"0\" scrolling=\"no\" title=\"Kulman laskeminen\"><\/iframe><\/div><\/h4>\n<p>&nbsp;<\/p>\n<h4><div class=\"h5p-iframe-wrapper\"><iframe id=\"h5p-iframe-110\" class=\"h5p-iframe\" data-content-id=\"110\" style=\"height:1px\" src=\"about:blank\" frameBorder=\"0\" scrolling=\"no\" title=\"Kulman laskeminen\"><\/iframe><\/div><\/h4>\n<p>&nbsp;<\/p>\n<h4><div class=\"h5p-iframe-wrapper\"><iframe id=\"h5p-iframe-111\" class=\"h5p-iframe\" data-content-id=\"111\" style=\"height:1px\" src=\"about:blank\" frameBorder=\"0\" scrolling=\"no\" title=\"Kulman laskeminen\"><\/iframe><\/div><\/h4>\n<p>&nbsp;<\/p>\n<h4><div class=\"h5p-iframe-wrapper\"><iframe id=\"h5p-iframe-112\" class=\"h5p-iframe\" data-content-id=\"112\" style=\"height:1px\" src=\"about:blank\" frameBorder=\"0\" scrolling=\"no\" title=\"Kulman laskeminen\"><\/iframe><\/div><\/h4>\n<h4><div class=\"h5p-iframe-wrapper\"><iframe id=\"h5p-iframe-173\" class=\"h5p-iframe\" data-content-id=\"173\" style=\"height:1px\" src=\"about:blank\" frameBorder=\"0\" scrolling=\"no\" title=\"kulmat\"><\/iframe><\/div><\/h4>\n<h4><div class=\"h5p-iframe-wrapper\"><iframe id=\"h5p-iframe-174\" class=\"h5p-iframe\" data-content-id=\"174\" style=\"height:1px\" src=\"about:blank\" frameBorder=\"0\" scrolling=\"no\" title=\"kulmat\"><\/iframe><\/div><\/h4>\n<hr \/>\n<h3><span style=\"color: #333399\">Avaruusgeometria<\/span><\/h3>\n<h4>LIERI\u00d6T<\/h4>\n<p><img loading=\"lazy\" decoding=\"async\" class=\"alignleft size-medium wp-image-709\" src=\"https:\/\/blog.edu.turku.fi\/mikan-matikkaa\/files\/2023\/04\/lieriot-300x203.png\" alt=\"\" width=\"300\" height=\"203\" srcset=\"https:\/\/blog.edu.turku.fi\/mikan-matikkaa\/files\/2023\/04\/lieriot-300x203.png 300w, https:\/\/blog.edu.turku.fi\/mikan-matikkaa\/files\/2023\/04\/lieriot.png 829w\" sizes=\"auto, (max-width: 300px) 100vw, 300px\" \/><\/p>\n<div class=\"h5p-iframe-wrapper\"><iframe id=\"h5p-iframe-158\" class=\"h5p-iframe\" data-content-id=\"158\" style=\"height:1px\" src=\"about:blank\" frameBorder=\"0\" scrolling=\"no\" title=\"Tilavuuslaskuja\"><\/iframe><\/div>\n<p><img loading=\"lazy\" decoding=\"async\" class=\"alignleft size-medium wp-image-707\" src=\"https:\/\/blog.edu.turku.fi\/mikan-matikkaa\/files\/2023\/04\/lieritil-300x169.png\" alt=\"\" width=\"300\" height=\"169\" srcset=\"https:\/\/blog.edu.turku.fi\/mikan-matikkaa\/files\/2023\/04\/lieritil-300x169.png 300w, https:\/\/blog.edu.turku.fi\/mikan-matikkaa\/files\/2023\/04\/lieritil.png 1024w\" sizes=\"auto, (max-width: 300px) 100vw, 300px\" \/><\/p>\n<hr \/>\n<div class=\"h5p-iframe-wrapper\"><iframe id=\"h5p-iframe-159\" class=\"h5p-iframe\" data-content-id=\"159\" style=\"height:1px\" src=\"about:blank\" frameBorder=\"0\" scrolling=\"no\" title=\"Avaruusgeometria\"><\/iframe><\/div>\n<p>&nbsp;<\/p>\n<p>&nbsp;<\/p>\n<hr \/>\n<ul>\n<li><a href=\"https:\/\/blog.edu.turku.fi\/mikan-matikkaa\/files\/2021\/02\/IGLU.docx\">Iglu<\/a><\/li>\n<\/ul>\n<hr \/>\n<h3>Kuutioteht\u00e4vi\u00e4<\/h3>\n<h3><div class=\"h5p-iframe-wrapper\"><iframe id=\"h5p-iframe-261\" class=\"h5p-iframe\" data-content-id=\"261\" style=\"height:1px\" src=\"about:blank\" frameBorder=\"0\" scrolling=\"no\" title=\"Kuutioteht\u00e4vi\u00e4\"><\/iframe><\/div><\/h3>\n<hr \/>\n<h3><strong><span style=\"color: #003366\">Kartta ja mittakaava<\/span><\/strong><\/h3>\n<ul>\n<li><a href=\"https:\/\/blog.edu.turku.fi\/mikan-matikkaa\/kartta-ja-mittakaava\/\">Yli-Maarian koulun piha ja pohjapiirros<\/a><\/li>\n<li>Mittakaavateht\u00e4vi\u00e4<\/li>\n<\/ul>\n<div class=\"h5p-iframe-wrapper\"><iframe id=\"h5p-iframe-269\" class=\"h5p-iframe\" data-content-id=\"269\" style=\"height:1px\" src=\"about:blank\" frameBorder=\"0\" scrolling=\"no\" title=\"kartta\"><\/iframe><\/div>\n<hr \/>\n<h3><span style=\"color: #333399\">Trigonometria<\/span><\/h3>\n<ul>\n<li><span style=\"color: #333399\"><a href=\"https:\/\/users.edu.turku.fi\/miranta\/tehtavat\/trigo1.pdf\">Trigonometrian harjoituksia<\/a><\/span><\/li>\n<li><span style=\"color: #333399\"><a href=\"https:\/\/users.edu.turku.fi\/miranta\/tehtavat\/trigonometria1.pdf\">Trigonometrian teht\u00e4vi\u00e4<\/a><\/span><\/li>\n<li><a href=\"https:\/\/users.edu.turku.fi\/miranta\/tehtavat\/trigonometria2.pdf\">Sanallisia teht\u00e4vi\u00e4 trigonometriaan<\/a><\/li>\n<li><a href=\"https:\/\/users.edu.turku.fi\/miranta\/tehtavat\/oppitrigo.doc\">Oppilaiden laatimia trigonometrian teht\u00e4vi\u00e4<\/a><\/li>\n<\/ul>\n<hr \/>\n<div class=\"h5p-iframe-wrapper\"><iframe id=\"h5p-iframe-270\" class=\"h5p-iframe\" data-content-id=\"270\" style=\"height:1px\" src=\"about:blank\" frameBorder=\"0\" scrolling=\"no\" title=\"Trigonometrian perusteet\"><\/iframe><\/div>\n<hr \/>\n<div class=\"h5p-iframe-wrapper\"><iframe id=\"h5p-iframe-190\" class=\"h5p-iframe\" data-content-id=\"190\" style=\"height:1px\" src=\"about:blank\" frameBorder=\"0\" scrolling=\"no\" title=\"Trigonometriaa\"><\/iframe><\/div>\n<hr \/>\n<h4><img loading=\"lazy\" decoding=\"async\" class=\"alignleft wp-image-561 size-full\" src=\"https:\/\/blog.edu.turku.fi\/mikan-matikkaa\/files\/2021\/05\/PhotoFunia-1620200956.jpg\" alt=\"\" width=\"1024\" height=\"683\" srcset=\"https:\/\/blog.edu.turku.fi\/mikan-matikkaa\/files\/2021\/05\/PhotoFunia-1620200956.jpg 1024w, https:\/\/blog.edu.turku.fi\/mikan-matikkaa\/files\/2021\/05\/PhotoFunia-1620200956-300x200.jpg 300w\" sizes=\"auto, (max-width: 1024px) 100vw, 1024px\" \/><\/h4>\n<p>&nbsp;<\/p>\n<p>&nbsp;<\/p>\n<p>&nbsp;<\/p>\n<p>&nbsp;<\/p>\n<p>&nbsp;<\/p>\n<p>&nbsp;<\/p>\n<h3>Pinta-alan ja tilavuuden yksik\u00f6t<\/h3>\n<div class=\"h5p-iframe-wrapper\"><iframe id=\"h5p-iframe-74\" class=\"h5p-iframe\" data-content-id=\"74\" style=\"height:1px\" src=\"about:blank\" frameBorder=\"0\" scrolling=\"no\" title=\"pinta-alan yksik\u00f6t\"><\/iframe><\/div>\n<p>&nbsp;<\/p>\n<div class=\"h5p-iframe-wrapper\"><iframe id=\"h5p-iframe-73\" class=\"h5p-iframe\" data-content-id=\"73\" style=\"height:1px\" src=\"about:blank\" frameBorder=\"0\" scrolling=\"no\" title=\"tilavuuden yksik\u00f6t\"><\/iframe><\/div>\n<p>&nbsp;<\/p>\n<hr \/>\n<h3>Harjoittelua pinta-aloista ja tilavuuksista<\/h3>\n<div class=\"h5p-iframe-wrapper\"><iframe id=\"h5p-iframe-72\" class=\"h5p-iframe\" data-content-id=\"72\" style=\"height:1px\" src=\"about:blank\" frameBorder=\"0\" scrolling=\"no\" title=\"Avaruusgeometria\"><\/iframe><\/div>\n<p>&nbsp;<\/p>\n<hr \/>\n<p>&nbsp;<\/p>\n<p>&nbsp;<\/p>\n<p>&nbsp;<\/p>\n","protected":false},"excerpt":{"rendered":"<p>Pituuden ja pinta-alan yksik\u00f6t Rantabaari P\u00e4\u00e4ss\u00e4laskuja vanhoista mittayksik\u00f6ist\u00e4 Geogebra-sovelluksia kolmio keskinormaali kierto kolmion kahden sivun yhdysjana kolmion kulmien summa kolmion sisaan piirretty ympyra kolmion ympari piirretty ympyra kulmanpuolittajalause kulmat merkilliset pisteet_keskijanat merkilliset pisteet_keskinormaalit merkilliset pisteet_korkeusjanat merkilliset pisteet_kulmanpuolittajat monikulmion kulmien summa monikulmiot normaali pisteen etaisyys suorasta puolisuunnikas puoliympyran sisaltama kehakulma pythagoraan lause ristikulmat samankohtaiset kulmat sarmio levitettyna suora suorakulmainen kolmio suorien valinen etaisyys suunnikas symmetria pisteen suhteen symmetria suoran suhteen saannollinen 6-kulmio saannolliset monikulmiot tangentti ja sekantti tangenttikulma tasakylkinen kolmio geometrisesti&#8230;<\/p>\n<p class=\"read-more\"><a class=\"btn btn-default\" href=\"https:\/\/blog.edu.turku.fi\/mikan-matikkaa\/tasogeometria\/\"> Read More<span class=\"screen-reader-text\">  Read More<\/span><\/a><\/p>\n","protected":false},"author":811,"featured_media":332,"parent":0,"menu_order":0,"comment_status":"closed","ping_status":"closed","template":"","meta":{"footnotes":""},"class_list":["post-53","page","type-page","status-publish","has-post-thumbnail","hentry"],"_links":{"self":[{"href":"https:\/\/blog.edu.turku.fi\/mikan-matikkaa\/wp-json\/wp\/v2\/pages\/53","targetHints":{"allow":["GET"]}}],"collection":[{"href":"https:\/\/blog.edu.turku.fi\/mikan-matikkaa\/wp-json\/wp\/v2\/pages"}],"about":[{"href":"https:\/\/blog.edu.turku.fi\/mikan-matikkaa\/wp-json\/wp\/v2\/types\/page"}],"author":[{"embeddable":true,"href":"https:\/\/blog.edu.turku.fi\/mikan-matikkaa\/wp-json\/wp\/v2\/users\/811"}],"replies":[{"embeddable":true,"href":"https:\/\/blog.edu.turku.fi\/mikan-matikkaa\/wp-json\/wp\/v2\/comments?post=53"}],"version-history":[{"count":36,"href":"https:\/\/blog.edu.turku.fi\/mikan-matikkaa\/wp-json\/wp\/v2\/pages\/53\/revisions"}],"predecessor-version":[{"id":818,"href":"https:\/\/blog.edu.turku.fi\/mikan-matikkaa\/wp-json\/wp\/v2\/pages\/53\/revisions\/818"}],"wp:featuredmedia":[{"embeddable":true,"href":"https:\/\/blog.edu.turku.fi\/mikan-matikkaa\/wp-json\/wp\/v2\/media\/332"}],"wp:attachment":[{"href":"https:\/\/blog.edu.turku.fi\/mikan-matikkaa\/wp-json\/wp\/v2\/media?parent=53"}],"curies":[{"name":"wp","href":"https:\/\/api.w.org\/{rel}","templated":true}]}}