{"id":51,"date":"2021-01-27T22:55:36","date_gmt":"2021-01-27T20:55:36","guid":{"rendered":"https:\/\/blog.edu.turku.fi\/mikan-matikkaa\/?page_id=51"},"modified":"2025-04-11T12:55:22","modified_gmt":"2025-04-11T09:55:22","slug":"prosenttilaskenta","status":"publish","type":"page","link":"https:\/\/blog.edu.turku.fi\/mikan-matikkaa\/prosenttilaskenta\/","title":{"rendered":"Prosenttilaskenta"},"content":{"rendered":"<h2><span style=\"color: #0000ff\">\u00a0 \u00a0Teht\u00e4vi\u00e4 prosenttilaskennasta<\/span><\/h2>\n<ul>\n<li><span style=\"color: #993300\"><a style=\"color: #993300\" href=\"https:\/\/blog.edu.turku.fi\/mikan-matikkaa\/files\/2021\/02\/korkolasku.xls\">korkolasku<\/a><\/span><\/li>\n<li><span style=\"color: #993300\"><a style=\"color: #993300\" href=\"https:\/\/blog.edu.turku.fi\/mikan-matikkaa\/files\/2021\/02\/saastolaskelma.xlsx\">s\u00e4\u00e4st\u00f6laskelma -excelharjoitus<\/a><\/span><\/li>\n<li><span style=\"color: #993300\"><a style=\"color: #993300\" href=\"https:\/\/blog.edu.turku.fi\/mikan-matikkaa\/files\/2021\/02\/laina.xls\">laina<\/a><\/span><\/li>\n<li><span style=\"color: #993300\"><a style=\"color: #993300\" href=\"https:\/\/blog.edu.turku.fi\/mikan-matikkaa\/files\/2021\/02\/Kertausta-prosenttilaskuista.docx\">Kertausta prosenttilaskuista<\/a><\/span><\/li>\n<li><span style=\"color: #993300\"><a style=\"color: #993300\" href=\"https:\/\/blog.edu.turku.fi\/mikan-matikkaa\/files\/2021\/02\/Liuokset.doc\">Liuokset<\/a><\/span><\/li>\n<li><span style=\"color: #993300\"><a style=\"color: #993300\" href=\"https:\/\/blog.edu.turku.fi\/mikan-matikkaa\/files\/2021\/02\/Oppilaiden-prosenttilaskutehtavia.doc\">Oppilaiden prosenttilaskuteht\u00e4vi\u00e4<\/a><\/span><\/li>\n<li><span style=\"color: #993300\"><a style=\"color: #993300\" href=\"https:\/\/blog.edu.turku.fi\/mikan-matikkaa\/files\/2021\/02\/Oppilaiden-laatimia-tehtavia.docx\">Oppilaiden laatimia teht\u00e4vi\u00e4<\/a><\/span><\/li>\n<li><span style=\"color: #993300\"><a style=\"color: #993300\" href=\"https:\/\/blog.edu.turku.fi\/mikan-matikkaa\/files\/2021\/02\/Pizzeriassa.doc\">Pizzeriassa<\/a><\/span><\/li>\n<li><span style=\"color: #993300\"><a style=\"color: #993300\" href=\"https:\/\/blog.edu.turku.fi\/mikan-matikkaa\/files\/2021\/02\/Promille.doc\">Promille<\/a><\/span><\/li>\n<\/ul>\n<hr \/>\n<h2><span style=\"color: #0000ff\">P\u00e4\u00e4ttele oikea<\/span><\/h2>\n<div class=\"h5p-iframe-wrapper\"><iframe id=\"h5p-iframe-143\" class=\"h5p-iframe\" data-content-id=\"143\" style=\"height:1px\" src=\"about:blank\" frameBorder=\"0\" scrolling=\"no\" title=\"prosenttiluku\"><\/iframe><\/div>\n<div class=\"h5p-iframe-wrapper\"><iframe id=\"h5p-iframe-145\" class=\"h5p-iframe\" data-content-id=\"145\" style=\"height:1px\" src=\"about:blank\" frameBorder=\"0\" scrolling=\"no\" title=\"prosenttiluku\"><\/iframe><\/div>\n<div class=\"h5p-iframe-wrapper\"><iframe id=\"h5p-iframe-144\" class=\"h5p-iframe\" data-content-id=\"144\" style=\"height:1px\" src=\"about:blank\" frameBorder=\"0\" scrolling=\"no\" title=\"prosentit\"><\/iframe><\/div>\n<hr \/>\n<h2><span style=\"color: #0000ff\">Kuinka monta prosenttia?<\/span><\/h2>\n<div class=\"h5p-iframe-wrapper\"><iframe id=\"h5p-iframe-78\" class=\"h5p-iframe\" data-content-id=\"78\" style=\"height:1px\" src=\"about:blank\" frameBorder=\"0\" scrolling=\"no\" title=\"Kuinka monta prosenttia?\"><\/iframe><\/div>\n<p>&nbsp;<\/p>\n<hr \/>\n<h2><span style=\"color: #0000ff\">Prosenttiosuuden laskeminen?<\/span><\/h2>\n<div class=\"h5p-iframe-wrapper\"><iframe id=\"h5p-iframe-79\" class=\"h5p-iframe\" data-content-id=\"79\" style=\"height:1px\" src=\"about:blank\" frameBorder=\"0\" scrolling=\"no\" title=\"prosenttiosuuden laskeminen luvusta\"><\/iframe><\/div>\n<p>&nbsp;<\/p>\n<hr \/>\n<h2><span style=\"color: #0000ff\">Perusarvon laskeminen?<\/span><\/h2>\n<div class=\"h5p-iframe-wrapper\"><iframe id=\"h5p-iframe-80\" class=\"h5p-iframe\" data-content-id=\"80\" style=\"height:1px\" src=\"about:blank\" frameBorder=\"0\" scrolling=\"no\" title=\"perusarvon laskeminen\"><\/iframe><\/div>\n<p>&nbsp;<\/p>\n<hr \/>\n<h2><span style=\"color: #0000ff\">Muutosprosentti<\/span><\/h2>\n<div class=\"h5p-iframe-wrapper\"><iframe id=\"h5p-iframe-82\" class=\"h5p-iframe\" data-content-id=\"82\" style=\"height:1px\" src=\"about:blank\" frameBorder=\"0\" scrolling=\"no\" title=\"Muutosprosentti\"><\/iframe><\/div>\n<p>&nbsp;<\/p>\n<hr \/>\n<h2><span style=\"color: #0000ff\">Vertailuprosentti<\/span><\/h2>\n<div class=\"h5p-iframe-wrapper\"><iframe id=\"h5p-iframe-81\" class=\"h5p-iframe\" data-content-id=\"81\" style=\"height:1px\" src=\"about:blank\" frameBorder=\"0\" scrolling=\"no\" title=\"Vertailuprosentti\"><\/iframe><\/div>\n<p>&nbsp;<\/p>\n<hr \/>\n<h2><span style=\"color: #0000ff\">P\u00e4\u00e4ss\u00e4laskuja prosenteista<\/span><\/h2>\n<p><strong>55 prosenttilaskua p\u00e4\u00e4ss\u00e4<\/strong><\/p>\n<div class=\"h5p-iframe-wrapper\"><iframe id=\"h5p-iframe-267\" class=\"h5p-iframe\" data-content-id=\"267\" style=\"height:1px\" src=\"about:blank\" frameBorder=\"0\" scrolling=\"no\" title=\"Prosenttilaskuja p\u00e4\u00e4ss\u00e4laskuna\"><\/iframe><\/div>\n<div class=\"h5p-iframe-wrapper\"><iframe id=\"h5p-iframe-262\" class=\"h5p-iframe\" data-content-id=\"262\" style=\"height:1px\" src=\"about:blank\" frameBorder=\"0\" scrolling=\"no\" title=\"p\u00e4\u00e4ss\u00e4laskuja prosenteista\"><\/iframe><\/div>\n<p>&nbsp;<\/p>\n<hr \/>\n<h2><span style=\"color: #0000ff\">Haastavampia teht\u00e4vi\u00e4<\/span><\/h2>\n<p><strong>helpompia sanallisia prosenttilaskuja<\/strong><\/p>\n<div class=\"h5p-iframe-wrapper\"><iframe id=\"h5p-iframe-260\" class=\"h5p-iframe\" data-content-id=\"260\" style=\"height:1px\" src=\"about:blank\" frameBorder=\"0\" scrolling=\"no\" title=\"Prosenttilaskuja p\u00e4\u00e4ss\u00e4laskuna\"><\/iframe><\/div>\n<p><strong>v<\/strong><strong>\u00e4h\u00e4n vaikeampia&#8230;<\/strong><\/p>\n<div class=\"h5p-iframe-wrapper\"><iframe id=\"h5p-iframe-84\" class=\"h5p-iframe\" data-content-id=\"84\" style=\"height:1px\" src=\"about:blank\" frameBorder=\"0\" scrolling=\"no\" title=\"Prosenttilaskuja\"><\/iframe><\/div>\n<hr \/>\n<h2><span style=\"color: #0000ff\">Prosenttilaskentaa kaupassa<\/span><\/h2>\n<div class=\"h5p-iframe-wrapper\"><iframe id=\"h5p-iframe-85\" class=\"h5p-iframe\" data-content-id=\"85\" style=\"height:1px\" src=\"about:blank\" frameBorder=\"0\" scrolling=\"no\" title=\"Prosenttilaskentaa\"><\/iframe><\/div>\n<hr \/>\n<h2><span style=\"color: #0000ff\">Liuosteht\u00e4vi\u00e4<\/span><\/h2>\n<div class=\"h5p-iframe-wrapper\"><iframe id=\"h5p-iframe-176\" class=\"h5p-iframe\" data-content-id=\"176\" style=\"height:1px\" src=\"about:blank\" frameBorder=\"0\" scrolling=\"no\" title=\"liuosteht\u00e4v\u00e4t\"><\/iframe><\/div>\n<hr \/>\n<h2><span style=\"color: #0000ff\">Hintojen laskemista<\/span><\/h2>\n<div class=\"h5p-iframe-wrapper\"><iframe id=\"h5p-iframe-160\" class=\"h5p-iframe\" data-content-id=\"160\" style=\"height:1px\" src=\"about:blank\" frameBorder=\"0\" scrolling=\"no\" title=\"prosenttiasku\"><\/iframe><\/div>\n<hr \/>\n<p><span style=\"color: #ff6600\">Harjoituskokeita<\/span><\/p>\n","protected":false},"excerpt":{"rendered":"<p>\u00a0 \u00a0Teht\u00e4vi\u00e4 prosenttilaskennasta korkolasku s\u00e4\u00e4st\u00f6laskelma -excelharjoitus laina Kertausta prosenttilaskuista Liuokset Oppilaiden prosenttilaskuteht\u00e4vi\u00e4 Oppilaiden laatimia teht\u00e4vi\u00e4 Pizzeriassa Promille P\u00e4\u00e4ttele oikea Kuinka monta prosenttia? &nbsp; Prosenttiosuuden laskeminen? &nbsp; Perusarvon laskeminen? &nbsp; Muutosprosentti &nbsp; Vertailuprosentti &nbsp; P\u00e4\u00e4ss\u00e4laskuja prosenteista 55 prosenttilaskua p\u00e4\u00e4ss\u00e4 &nbsp; Haastavampia teht\u00e4vi\u00e4 helpompia sanallisia prosenttilaskuja v\u00e4h\u00e4n vaikeampia&#8230; Prosenttilaskentaa kaupassa Liuosteht\u00e4vi\u00e4 Hintojen laskemista Harjoituskokeita<\/p>\n","protected":false},"author":811,"featured_media":0,"parent":0,"menu_order":0,"comment_status":"closed","ping_status":"closed","template":"","meta":{"footnotes":""},"class_list":["post-51","page","type-page","status-publish","hentry"],"_links":{"self":[{"href":"https:\/\/blog.edu.turku.fi\/mikan-matikkaa\/wp-json\/wp\/v2\/pages\/51","targetHints":{"allow":["GET"]}}],"collection":[{"href":"https:\/\/blog.edu.turku.fi\/mikan-matikkaa\/wp-json\/wp\/v2\/pages"}],"about":[{"href":"https:\/\/blog.edu.turku.fi\/mikan-matikkaa\/wp-json\/wp\/v2\/types\/page"}],"author":[{"embeddable":true,"href":"https:\/\/blog.edu.turku.fi\/mikan-matikkaa\/wp-json\/wp\/v2\/users\/811"}],"replies":[{"embeddable":true,"href":"https:\/\/blog.edu.turku.fi\/mikan-matikkaa\/wp-json\/wp\/v2\/comments?post=51"}],"version-history":[{"count":24,"href":"https:\/\/blog.edu.turku.fi\/mikan-matikkaa\/wp-json\/wp\/v2\/pages\/51\/revisions"}],"predecessor-version":[{"id":854,"href":"https:\/\/blog.edu.turku.fi\/mikan-matikkaa\/wp-json\/wp\/v2\/pages\/51\/revisions\/854"}],"wp:attachment":[{"href":"https:\/\/blog.edu.turku.fi\/mikan-matikkaa\/wp-json\/wp\/v2\/media?parent=51"}],"curies":[{"name":"wp","href":"https:\/\/api.w.org\/{rel}","templated":true}]}}