{"id":432,"date":"2021-03-11T14:59:08","date_gmt":"2021-03-11T12:59:08","guid":{"rendered":"https:\/\/blog.edu.turku.fi\/mikan-matikkaa\/?page_id=432"},"modified":"2021-03-23T12:03:45","modified_gmt":"2021-03-23T10:03:45","slug":"pakohuone-aloitus","status":"publish","type":"page","link":"https:\/\/blog.edu.turku.fi\/mikan-matikkaa\/opetuksen-pelillistaminen\/pakohuone-aloitus\/","title":{"rendered":"Pakohuone-aloitus"},"content":{"rendered":"<h2 style=\"text-align: center\"><span style=\"color: #993300\">Tervetuloa ratkaisemaan pakohuonearvoituksia!<\/span><\/h2>\n<p><img loading=\"lazy\" decoding=\"async\" class=\"aligncenter wp-image-511 size-full\" src=\"https:\/\/blog.edu.turku.fi\/mikan-matikkaa\/files\/2021\/03\/padlock-lock-safety-security-thumbnail.jpg\" alt=\"\" width=\"483\" height=\"320\" srcset=\"https:\/\/blog.edu.turku.fi\/mikan-matikkaa\/files\/2021\/03\/padlock-lock-safety-security-thumbnail.jpg 483w, https:\/\/blog.edu.turku.fi\/mikan-matikkaa\/files\/2021\/03\/padlock-lock-safety-security-thumbnail-300x199.jpg 300w\" sizes=\"auto, (max-width: 483px) 100vw, 483px\" \/><\/p>\n<h3 style=\"text-align: center\"><span style=\"color: #993300\">Seuraavaan huoneeseen p\u00e4\u00e4set aina sy\u00f6tt\u00e4m\u00e4ll\u00e4 edellisest\u00e4 huoneesta saamasi koodin.<\/span><\/h3>\n<h5 style=\"text-align: left;padding-left: 160px\"><span style=\"color: #993300\">Jos et l\u00f6yd\u00e4 koodia, voit k\u00e4ytt\u00e4\u00e4 vihjeit\u00e4. <\/span><\/h5>\n<h5 style=\"text-align: left;padding-left: 160px\"><span style=\"color: #993300\">Yrit\u00e4 koodia vihjekentt\u00e4\u00e4n. <\/span><\/h5>\n<h5 style=\"text-align: left;padding-left: 160px\"><span style=\"color: #993300\">Jos koodi menee v\u00e4\u00e4rin, n\u00e4et vihjeen koodin ratkaisemiseen. <\/span><\/h5>\n<h5 style=\"text-align: left;padding-left: 160px\"><span style=\"color: #993300\">K\u00e4yt\u00f6ss\u00e4si on vihjeit\u00e4, k\u00e4yt\u00e4 niit\u00e4 vain \u00e4\u00e4rimm\u00e4isess\u00e4 h\u00e4t\u00e4tapauksessa.<\/span><\/h5>\n<h3 style=\"text-align: center\"><span style=\"color: #993300\">Jos koodi menee v\u00e4\u00e4rin, voit palata edelliseen huoneeseen selaimen paluu-nuolella.<\/span><\/h3>\n<p>&nbsp;<\/p>\n<h4 style=\"text-align: right\"><strong><span style=\"color: #993300\">Ensimm\u00e4iselle sivulle p\u00e4\u00e4set kirjoittamalla koodin: 1234<\/span><\/strong><\/h4>\n<p style=\"text-align: right\"><strong><a href=\"https:\/\/blog.edu.turku.fi\/mikan-matikkaa\/opetuksen-pelillistaminen\/pakohuone-aloitus\/huone-1\/\">ALOITA<\/a><\/strong><\/p>\n","protected":false},"excerpt":{"rendered":"<p>Tervetuloa ratkaisemaan pakohuonearvoituksia! Seuraavaan huoneeseen p\u00e4\u00e4set aina sy\u00f6tt\u00e4m\u00e4ll\u00e4 edellisest\u00e4 huoneesta saamasi koodin. Jos et l\u00f6yd\u00e4 koodia, voit k\u00e4ytt\u00e4\u00e4 vihjeit\u00e4. Yrit\u00e4 koodia vihjekentt\u00e4\u00e4n. Jos koodi menee v\u00e4\u00e4rin, n\u00e4et vihjeen koodin ratkaisemiseen. K\u00e4yt\u00f6ss\u00e4si on vihjeit\u00e4, k\u00e4yt\u00e4 niit\u00e4 vain \u00e4\u00e4rimm\u00e4isess\u00e4 h\u00e4t\u00e4tapauksessa. Jos koodi menee v\u00e4\u00e4rin, voit palata edelliseen huoneeseen selaimen paluu-nuolella. &nbsp; Ensimm\u00e4iselle sivulle p\u00e4\u00e4set kirjoittamalla koodin: 1234 ALOITA<\/p>\n","protected":false},"author":811,"featured_media":0,"parent":33,"menu_order":0,"comment_status":"closed","ping_status":"closed","template":"","meta":{"footnotes":""},"class_list":["post-432","page","type-page","status-publish","hentry"],"_links":{"self":[{"href":"https:\/\/blog.edu.turku.fi\/mikan-matikkaa\/wp-json\/wp\/v2\/pages\/432","targetHints":{"allow":["GET"]}}],"collection":[{"href":"https:\/\/blog.edu.turku.fi\/mikan-matikkaa\/wp-json\/wp\/v2\/pages"}],"about":[{"href":"https:\/\/blog.edu.turku.fi\/mikan-matikkaa\/wp-json\/wp\/v2\/types\/page"}],"author":[{"embeddable":true,"href":"https:\/\/blog.edu.turku.fi\/mikan-matikkaa\/wp-json\/wp\/v2\/users\/811"}],"replies":[{"embeddable":true,"href":"https:\/\/blog.edu.turku.fi\/mikan-matikkaa\/wp-json\/wp\/v2\/comments?post=432"}],"version-history":[{"count":6,"href":"https:\/\/blog.edu.turku.fi\/mikan-matikkaa\/wp-json\/wp\/v2\/pages\/432\/revisions"}],"predecessor-version":[{"id":518,"href":"https:\/\/blog.edu.turku.fi\/mikan-matikkaa\/wp-json\/wp\/v2\/pages\/432\/revisions\/518"}],"up":[{"embeddable":true,"href":"https:\/\/blog.edu.turku.fi\/mikan-matikkaa\/wp-json\/wp\/v2\/pages\/33"}],"wp:attachment":[{"href":"https:\/\/blog.edu.turku.fi\/mikan-matikkaa\/wp-json\/wp\/v2\/media?parent=432"}],"curies":[{"name":"wp","href":"https:\/\/api.w.org\/{rel}","templated":true}]}}