{"id":381,"date":"2021-03-05T19:59:03","date_gmt":"2021-03-05T17:59:03","guid":{"rendered":"https:\/\/blog.edu.turku.fi\/mikan-matikkaa\/?page_id=381"},"modified":"2021-03-05T20:24:17","modified_gmt":"2021-03-05T18:24:17","slug":"todennakoisyyden-harjoittelua-h5plla","status":"publish","type":"page","link":"https:\/\/blog.edu.turku.fi\/mikan-matikkaa\/todennakoisyyslaskenta\/todennakoisyyden-harjoittelua-h5plla\/","title":{"rendered":"Todenn\u00e4k\u00f6isyyden harjoittelua H5P:ll\u00e4"},"content":{"rendered":"<h3><span style=\"color: #ff9900\">Todenn\u00e4k\u00f6isyyden perusteet<\/span><\/h3>\n<div class=\"h5p-iframe-wrapper\"><iframe id=\"h5p-iframe-14\" class=\"h5p-iframe\" data-content-id=\"14\" style=\"height:1px\" src=\"about:blank\" frameBorder=\"0\" scrolling=\"no\" title=\"todenn\u00e4k\u00f6isyyden perusteet\"><\/iframe><\/div>\n<p>&nbsp;<\/p>\n<hr \/>\n<p>&nbsp;<\/p>\n<h3><span style=\"color: #ff9900\">Klassinen todenn\u00e4k\u00f6isyys<\/span><\/h3>\n<div class=\"h5p-iframe-wrapper\"><iframe id=\"h5p-iframe-9\" class=\"h5p-iframe\" data-content-id=\"9\" style=\"height:1px\" src=\"about:blank\" frameBorder=\"0\" scrolling=\"no\" title=\"Klassinen todenn\u00e4k\u00f6isyys, perusteht\u00e4v\u00e4t\"><\/iframe><\/div>\n<p>&nbsp;<\/p>\n<hr \/>\n<p>&nbsp;<\/p>\n<h3><span style=\"color: #ff9900\">Tuloperiaatteen harjoittelua<\/span><\/h3>\n<div class=\"h5p-iframe-wrapper\"><iframe id=\"h5p-iframe-11\" class=\"h5p-iframe\" data-content-id=\"11\" style=\"height:1px\" src=\"about:blank\" frameBorder=\"0\" scrolling=\"no\" title=\"Klassinen todenn\u00e4k\u00f6isyys, tuloperiaate\"><\/iframe><\/div>\n<p>&nbsp;<\/p>\n<hr \/>\n<p>&nbsp;<\/p>\n<h3><span style=\"color: #ff9900\">Nopanheitto<\/span><\/h3>\n<div class=\"h5p-iframe-wrapper\"><iframe id=\"h5p-iframe-12\" class=\"h5p-iframe\" data-content-id=\"12\" style=\"height:1px\" src=\"about:blank\" frameBorder=\"0\" scrolling=\"no\" title=\"Todenn\u00e4k\u00f6isyys nopanheitossa\"><\/iframe><\/div>\n<p>&nbsp;<\/p>\n<hr \/>\n<h3><\/h3>\n<h3><span style=\"color: #ff9900\">Todenn\u00e4k\u00f6isyyksien laskemista<\/span><\/h3>\n<div class=\"h5p-iframe-wrapper\"><iframe id=\"h5p-iframe-5\" class=\"h5p-iframe\" data-content-id=\"5\" style=\"height:1px\" src=\"about:blank\" frameBorder=\"0\" scrolling=\"no\" title=\"Todenn\u00e4k\u00f6isyysteht\u00e4vi\u00e4\"><\/iframe><\/div>\n<div class=\"h5p-iframe-wrapper\"><iframe id=\"h5p-iframe-13\" class=\"h5p-iframe\" data-content-id=\"13\" style=\"height:1px\" src=\"about:blank\" frameBorder=\"0\" scrolling=\"no\" title=\"Todenn\u00e4k\u00f6isyysteht\u00e4vi\u00e4\"><\/iframe><\/div>\n<p>&nbsp;<\/p>\n<hr \/>\n<h3><\/h3>\n<h3><span style=\"color: #ff9900\">Kombinatoriikkaa<\/span><\/h3>\n<div class=\"h5p-iframe-wrapper\"><iframe id=\"h5p-iframe-15\" class=\"h5p-iframe\" data-content-id=\"15\" style=\"height:1px\" src=\"about:blank\" frameBorder=\"0\" scrolling=\"no\" title=\"Kombinatoriikkaa\"><\/iframe><\/div>\n<p>&nbsp;<\/p>\n<hr \/>\n<p>&nbsp;<\/p>\n<h3><span style=\"color: #ff9900\">Geometrinen todenn\u00e4k\u00f6isyys<\/span><\/h3>\n<div class=\"h5p-iframe-wrapper\"><iframe id=\"h5p-iframe-8\" class=\"h5p-iframe\" data-content-id=\"8\" style=\"height:1px\" src=\"about:blank\" frameBorder=\"0\" scrolling=\"no\" title=\"geometrinen todenn\u00e4k\u00f6isyys\"><\/iframe><\/div>\n<p>&nbsp;<\/p>\n<hr \/>\n<h3><\/h3>\n<h3><span style=\"color: #ff9900\">Todenn\u00e4k\u00f6isyysteht\u00e4vi\u00e4 1<\/span><\/h3>\n<div class=\"h5p-iframe-wrapper\"><iframe id=\"h5p-iframe-6\" class=\"h5p-iframe\" data-content-id=\"6\" style=\"height:1px\" src=\"about:blank\" frameBorder=\"0\" scrolling=\"no\" title=\"Teht\u00e4vi\u00e4 todenn\u00e4k\u00f6isyydest\u00e4 2\"><\/iframe><\/div>\n<p>&nbsp;<\/p>\n<hr \/>\n<h3><\/h3>\n<p>&nbsp;<\/p>\n<p>&nbsp;<\/p>\n<hr \/>\n<p>&nbsp;<\/p>\n","protected":false},"excerpt":{"rendered":"<p>Todenn\u00e4k\u00f6isyyden perusteet &nbsp; &nbsp; Klassinen todenn\u00e4k\u00f6isyys &nbsp; &nbsp; Tuloperiaatteen harjoittelua &nbsp; &nbsp; Nopanheitto &nbsp; Todenn\u00e4k\u00f6isyyksien laskemista &nbsp; Kombinatoriikkaa &nbsp; &nbsp; Geometrinen todenn\u00e4k\u00f6isyys &nbsp; Todenn\u00e4k\u00f6isyysteht\u00e4vi\u00e4 1 &nbsp; &nbsp; &nbsp; &nbsp;<\/p>\n","protected":false},"author":811,"featured_media":0,"parent":138,"menu_order":0,"comment_status":"closed","ping_status":"closed","template":"","meta":{"footnotes":""},"class_list":["post-381","page","type-page","status-publish","hentry"],"_links":{"self":[{"href":"https:\/\/blog.edu.turku.fi\/mikan-matikkaa\/wp-json\/wp\/v2\/pages\/381","targetHints":{"allow":["GET"]}}],"collection":[{"href":"https:\/\/blog.edu.turku.fi\/mikan-matikkaa\/wp-json\/wp\/v2\/pages"}],"about":[{"href":"https:\/\/blog.edu.turku.fi\/mikan-matikkaa\/wp-json\/wp\/v2\/types\/page"}],"author":[{"embeddable":true,"href":"https:\/\/blog.edu.turku.fi\/mikan-matikkaa\/wp-json\/wp\/v2\/users\/811"}],"replies":[{"embeddable":true,"href":"https:\/\/blog.edu.turku.fi\/mikan-matikkaa\/wp-json\/wp\/v2\/comments?post=381"}],"version-history":[{"count":8,"href":"https:\/\/blog.edu.turku.fi\/mikan-matikkaa\/wp-json\/wp\/v2\/pages\/381\/revisions"}],"predecessor-version":[{"id":389,"href":"https:\/\/blog.edu.turku.fi\/mikan-matikkaa\/wp-json\/wp\/v2\/pages\/381\/revisions\/389"}],"up":[{"embeddable":true,"href":"https:\/\/blog.edu.turku.fi\/mikan-matikkaa\/wp-json\/wp\/v2\/pages\/138"}],"wp:attachment":[{"href":"https:\/\/blog.edu.turku.fi\/mikan-matikkaa\/wp-json\/wp\/v2\/media?parent=381"}],"curies":[{"name":"wp","href":"https:\/\/api.w.org\/{rel}","templated":true}]}}