{"id":38,"date":"2021-01-27T22:11:18","date_gmt":"2021-01-27T20:11:18","guid":{"rendered":"https:\/\/blog.edu.turku.fi\/mikan-matikkaa\/?page_id=38"},"modified":"2026-02-06T14:10:53","modified_gmt":"2026-02-06T12:10:53","slug":"lampooppi","status":"publish","type":"page","link":"https:\/\/blog.edu.turku.fi\/mikan-matikkaa\/fysiikka\/lampooppi\/","title":{"rendered":"L\u00e4mp\u00f6oppi"},"content":{"rendered":"<h4><span style=\"color: #ff0000\"><a href=\"https:\/\/users.edu.turku.fi\/miranta\/tehtavat\/lampo.doc\" target=\"_blank\" rel=\"noopener noreferrer\"><span style=\"color: #ff0000\">L\u00e4mp\u00f6opin harjoittelua<\/span><\/a><\/span><\/h4>\n<h4><span style=\"color: #ff0000\"><img loading=\"lazy\" decoding=\"async\" class=\"wp-image-638 aligncenter\" src=\"https:\/\/blog.edu.turku.fi\/mikan-matikkaa\/files\/2022\/02\/thermometer-934646_960_720-300x162.png\" alt=\"\" width=\"450\" height=\"243\" srcset=\"https:\/\/blog.edu.turku.fi\/mikan-matikkaa\/files\/2022\/02\/thermometer-934646_960_720-300x162.png 300w, https:\/\/blog.edu.turku.fi\/mikan-matikkaa\/files\/2022\/02\/thermometer-934646_960_720.png 960w\" sizes=\"auto, (max-width: 450px) 100vw, 450px\" \/><\/span><\/h4>\n<ul>\n<li><span style=\"color: #ff6600\"><a style=\"color: #ff6600\" href=\"https:\/\/blog.edu.turku.fi\/mikan-matikkaa\/files\/2021\/02\/Lampoopin-harjoituksia.pdf\">L\u00e4mp\u00f6opin harjoituksia<\/a><\/span><\/li>\n<li><span style=\"color: #ff6600\"><a style=\"color: #ff6600\" href=\"https:\/\/prezi.com\/2jk94uxq6hjk\/?token=56989c5eefb8ecbf9d3a0ea23c16f1b4f51bec7f0e5e19b465c9eca53d77a8ee\">Prezi-esitys l\u00e4mp\u00f6opista<\/a><\/span><\/li>\n<li><span style=\"color: #ff6600\"><a style=\"color: #ff6600\" href=\"https:\/\/users.edu.turku.fi\/miranta\/tehtavat\/lampo.doc\" target=\"_blank\" rel=\"noopener noreferrer\">L\u00e4mp\u00f6opin harjoituksia<\/a><\/span><\/li>\n<li><span style=\"color: #ff6600\"><a style=\"color: #ff6600\" href=\"https:\/\/blog.edu.turku.fi\/mikan-matikkaa\/files\/2022\/02\/olomuodot.pptx\">olomuodot<\/a><\/span><\/li>\n<li><span style=\"color: #ff6600\"><a style=\"color: #ff6600\" href=\"https:\/\/blog.edu.turku.fi\/mikan-matikkaa\/files\/2021\/02\/lampoopinkertaus.doc\">l\u00e4mp\u00f6opinkertaus<\/a><\/span><\/li>\n<li><span style=\"color: #ff6600\"><a style=\"color: #ff6600\" href=\"https:\/\/blog.edu.turku.fi\/mikan-matikkaa\/files\/2021\/02\/Lampooppi.doc\">L\u00e4mp\u00f6oppi<\/a><\/span><\/li>\n<li><span style=\"color: #ff6600\"><a style=\"color: #ff6600\" href=\"https:\/\/blog.edu.turku.fi\/mikan-matikkaa\/files\/2021\/02\/OMINAISSULAMISLAMPO-JA-OMINAISHOYRYSTYMISLAMPO.docx\">OMINAISSULAMISL\u00c4MP\u00d6 JA OMINAISH\u00d6YRYSTYMISL\u00c4MP\u00d6<\/a><\/span><\/li>\n<li><span style=\"color: #ff6600\"><a style=\"color: #ff6600\" href=\"https:\/\/blog.edu.turku.fi\/mikan-matikkaa\/files\/2021\/02\/Saunassa.docx\">Saunassa<\/a><\/span><\/li>\n<li><span style=\"color: #ff6600\"><a style=\"color: #ff6600\" href=\"https:\/\/blog.edu.turku.fi\/mikan-matikkaa\/files\/2021\/02\/FYLAMPO9.doc\">l\u00e4mp\u00f6opin koe<\/a><\/span><\/li>\n<li><span style=\"color: #ff6600\"><a style=\"color: #ff6600\" href=\"https:\/\/blog.edu.turku.fi\/mikan-matikkaa\/files\/2021\/02\/FYLAMP9B.doc\">l\u00e4mp\u00f6opin koe B<\/a><\/span><\/li>\n<li><span style=\"color: #ff6600\"><a style=\"color: #ff6600\" href=\"https:\/\/blog.edu.turku.fi\/mikan-matikkaa\/files\/2021\/02\/fy4koeB.doc\" target=\"_blank\" rel=\"noopener noreferrer\">l\u00e4mp\u00f6oppi koe vol1<\/a><\/span><\/li>\n<li><span style=\"color: #ff6600\"><a style=\"color: #ff6600\" href=\"https:\/\/blog.edu.turku.fi\/mikan-matikkaa\/files\/2021\/02\/fy4koe_vol2.doc\" target=\"_blank\" rel=\"noopener noreferrer\">l\u00e4mp\u00f6oppi koe_vol2<\/a><\/span><\/li>\n<li><span style=\"color: #ff6600\"><a style=\"color: #ff6600\" href=\"https:\/\/blog.edu.turku.fi\/mikan-matikkaa\/files\/2021\/02\/FYSIIKKA-9-LK-LAMPOOPPI-10-1.doc\">9 . l\u00e4mp\u00f6oppi<\/a><\/span><\/li>\n<\/ul>\n<hr \/>\n<h3><span style=\"color: #00ccff\">Vaihtoehtokysymyksi\u00e4 l\u00e4mp\u00f6opista, valitse tarkoin.<\/span><\/h3>\n<div class=\"h5p-iframe-wrapper\"><iframe id=\"h5p-iframe-248\" class=\"h5p-iframe\" data-content-id=\"248\" style=\"height:1px\" src=\"about:blank\" frameBorder=\"0\" scrolling=\"no\" title=\"1.\"><\/iframe><\/div>\n<div class=\"h5p-iframe-wrapper\"><iframe id=\"h5p-iframe-249\" class=\"h5p-iframe\" data-content-id=\"249\" style=\"height:1px\" src=\"about:blank\" frameBorder=\"0\" scrolling=\"no\" title=\"2.\"><\/iframe><\/div>\n<div class=\"h5p-iframe-wrapper\"><iframe id=\"h5p-iframe-250\" class=\"h5p-iframe\" data-content-id=\"250\" style=\"height:1px\" src=\"about:blank\" frameBorder=\"0\" scrolling=\"no\" title=\"3.\"><\/iframe><\/div>\n<div class=\"h5p-iframe-wrapper\"><iframe id=\"h5p-iframe-251\" class=\"h5p-iframe\" data-content-id=\"251\" style=\"height:1px\" src=\"about:blank\" frameBorder=\"0\" scrolling=\"no\" title=\"4.\"><\/iframe><\/div>\n<div class=\"h5p-iframe-wrapper\"><iframe id=\"h5p-iframe-252\" class=\"h5p-iframe\" data-content-id=\"252\" style=\"height:1px\" src=\"about:blank\" frameBorder=\"0\" scrolling=\"no\" title=\"5.\"><\/iframe><\/div>\n<div class=\"h5p-iframe-wrapper\"><iframe id=\"h5p-iframe-253\" class=\"h5p-iframe\" data-content-id=\"253\" style=\"height:1px\" src=\"about:blank\" frameBorder=\"0\" scrolling=\"no\" title=\"6.\"><\/iframe><\/div>\n<div class=\"h5p-iframe-wrapper\"><iframe id=\"h5p-iframe-254\" class=\"h5p-iframe\" data-content-id=\"254\" style=\"height:1px\" src=\"about:blank\" frameBorder=\"0\" scrolling=\"no\" title=\"7.\"><\/iframe><\/div>\n<hr \/>\n<h3><span style=\"color: #00ccff\">Osaatko l\u00e4mp\u00f6opin k\u00e4sitteet?<\/span><\/h3>\n<div class=\"h5p-iframe-wrapper\"><iframe id=\"h5p-iframe-255\" class=\"h5p-iframe\" data-content-id=\"255\" style=\"height:1px\" src=\"about:blank\" frameBorder=\"0\" scrolling=\"no\" title=\"L\u00e4mp\u00f6opin k\u00e4sitteet\"><\/iframe><\/div>\n<hr \/>\n<h3><span style=\"color: #00ccff\">Celsius vai Kelvin?<\/span><\/h3>\n<div class=\"h5p-iframe-wrapper\"><iframe id=\"h5p-iframe-256\" class=\"h5p-iframe\" data-content-id=\"256\" style=\"height:1px\" src=\"about:blank\" frameBorder=\"0\" scrolling=\"no\" title=\"L\u00e4mp\u00f6tila-asteikot\"><\/iframe><\/div>\n<hr \/>\n<h3><span style=\"color: #00ccff\">Ominaisl\u00e4mp\u00f6kapasiteetti<\/span><\/h3>\n<div class=\"h5p-iframe-wrapper\"><iframe id=\"h5p-iframe-113\" class=\"h5p-iframe\" data-content-id=\"113\" style=\"height:1px\" src=\"about:blank\" frameBorder=\"0\" scrolling=\"no\" title=\"Ominaisl\u00e4mp\u00f6kapasiteetti\"><\/iframe><\/div>\n<p>&nbsp;<\/p>\n<div class=\"h5p-iframe-wrapper\"><iframe id=\"h5p-iframe-114\" class=\"h5p-iframe\" data-content-id=\"114\" style=\"height:1px\" src=\"about:blank\" frameBorder=\"0\" scrolling=\"no\" title=\"Ominaisl\u00e4mp\u00f6kapasiteetti 2\"><\/iframe><\/div>\n<p>&nbsp;<\/p>\n<div class=\"h5p-iframe-wrapper\"><iframe id=\"h5p-iframe-298\" class=\"h5p-iframe\" data-content-id=\"298\" style=\"height:1px\" src=\"about:blank\" frameBorder=\"0\" scrolling=\"no\" title=\"Ominaisl\u00e4mp\u00f6kapasiteetti\"><\/iframe><\/div>\n<hr \/>\n<p style=\"text-align: right\"><img loading=\"lazy\" decoding=\"async\" class=\"alignleft wp-image-644 size-full\" src=\"https:\/\/blog.edu.turku.fi\/mikan-matikkaa\/files\/2022\/02\/Slide1.jpg\" alt=\"\" width=\"1024\" height=\"576\" srcset=\"https:\/\/blog.edu.turku.fi\/mikan-matikkaa\/files\/2022\/02\/Slide1.jpg 1024w, https:\/\/blog.edu.turku.fi\/mikan-matikkaa\/files\/2022\/02\/Slide1-300x169.jpg 300w\" sizes=\"auto, (max-width: 1024px) 100vw, 1024px\" \/><\/p>\n<p>&nbsp;<\/p>\n<p>&nbsp;<\/p>\n<p>&nbsp;<\/p>\n<p>&nbsp;<\/p>\n<p>&nbsp;<\/p>\n<hr \/>\n<h4>Ominaisl\u00e4mp\u00f6kapasiteetteja:<\/h4>\n<p>vesi 4,2 kJ\/kg<\/p>\n<p>etanoli 2,4 kJ\/kg<\/p>\n<p>j\u00e4\u00e4 2,1 kJ\/kg<\/p>\n<p>ilma 1,0 kJ\/kg<\/p>\n<p>vuolukivi 0,98 kJ\/kg<\/p>\n<p>alumiini 0,9 kJ\/kg<\/p>\n<p>lasi 0,84 kJ\/kg<\/p>\n<p>tiili 0,8 kJ\/kg<\/p>\n<p>rauta 0,45 kJ\/kg<\/p>\n<p>kupari 0,39 kJ\/kg<\/p>\n<p>&nbsp;<\/p>\n<hr \/>\n<h3><span style=\"color: #00ccff\">Ominaissulamisl\u00e4mp\u00f6<\/span><\/h3>\n<div class=\"h5p-iframe-wrapper\"><iframe id=\"h5p-iframe-115\" class=\"h5p-iframe\" data-content-id=\"115\" style=\"height:1px\" src=\"about:blank\" frameBorder=\"0\" scrolling=\"no\" title=\"ominaissulamisl\u00e4mp\u00f6\"><\/iframe><\/div>\n<hr \/>\n<h3><span style=\"color: #00ccff\">Ominaish\u00f6yrystymisl\u00e4mp\u00f6<\/span><\/h3>\n<div class=\"h5p-iframe-wrapper\"><iframe id=\"h5p-iframe-116\" class=\"h5p-iframe\" data-content-id=\"116\" style=\"height:1px\" src=\"about:blank\" frameBorder=\"0\" scrolling=\"no\" title=\"ominaish\u00f6yrystymisl\u00e4mp\u00f6\"><\/iframe><\/div>\n<hr \/>\n<h3><span style=\"color: #00ccff\">Ominaissulamis- ja h\u00f6yrystymisl\u00e4mp\u00f6<\/span><\/h3>\n<p><span style=\"color: #000000\"><div class=\"h5p-iframe-wrapper\"><iframe id=\"h5p-iframe-302\" class=\"h5p-iframe\" data-content-id=\"302\" style=\"height:1px\" src=\"about:blank\" frameBorder=\"0\" scrolling=\"no\" title=\"Olomuotojen muutokset\"><\/iframe><\/div><\/span><\/p>\n<hr \/>\n<h3><span style=\"color: #00ccff\">L\u00e4mp\u00f6opin laskuja<\/span><\/h3>\n<div class=\"h5p-iframe-wrapper\"><iframe id=\"h5p-iframe-117\" class=\"h5p-iframe\" data-content-id=\"117\" style=\"height:1px\" src=\"about:blank\" frameBorder=\"0\" scrolling=\"no\" title=\"L\u00e4mp\u00f6kapasiteetti ja olomuodon muutokset\"><\/iframe><\/div>\n<p>&nbsp;<\/p>\n<div class=\"h5p-iframe-wrapper\"><iframe id=\"h5p-iframe-246\" class=\"h5p-iframe\" data-content-id=\"246\" style=\"height:1px\" src=\"about:blank\" frameBorder=\"0\" scrolling=\"no\" title=\"L\u00e4mp\u00f6opin laskuja\"><\/iframe><\/div>\n<hr \/>\n<h3><span style=\"color: #00ccff\">L\u00e4mp\u00f6laajeneminen<\/span><\/h3>\n<p><img loading=\"lazy\" decoding=\"async\" class=\"alignleft size-medium wp-image-795\" src=\"https:\/\/blog.edu.turku.fi\/mikan-matikkaa\/files\/2024\/02\/taulukko-182x230.jpg\" alt=\"\" width=\"182\" height=\"230\" \/><\/p>\n<p>&nbsp;<\/p>\n<p>&nbsp;<\/p>\n<div class=\"h5p-iframe-wrapper\"><iframe id=\"h5p-iframe-247\" class=\"h5p-iframe\" data-content-id=\"247\" style=\"height:1px\" src=\"about:blank\" frameBorder=\"0\" scrolling=\"no\" title=\"L\u00e4mp\u00f6laajeneminen\"><\/iframe><\/div>\n<div class=\"h5p-iframe-wrapper\"><iframe id=\"h5p-iframe-297\" class=\"h5p-iframe\" data-content-id=\"297\" style=\"height:1px\" src=\"about:blank\" frameBorder=\"0\" scrolling=\"no\" title=\"L\u00e4mp\u00f6laajeneminen\"><\/iframe><\/div>\n","protected":false},"excerpt":{"rendered":"<p>L\u00e4mp\u00f6opin harjoittelua L\u00e4mp\u00f6opin harjoituksia Prezi-esitys l\u00e4mp\u00f6opista L\u00e4mp\u00f6opin harjoituksia olomuodot l\u00e4mp\u00f6opinkertaus L\u00e4mp\u00f6oppi OMINAISSULAMISL\u00c4MP\u00d6 JA OMINAISH\u00d6YRYSTYMISL\u00c4MP\u00d6 Saunassa l\u00e4mp\u00f6opin koe l\u00e4mp\u00f6opin koe B l\u00e4mp\u00f6oppi koe vol1 l\u00e4mp\u00f6oppi koe_vol2 9 . l\u00e4mp\u00f6oppi Vaihtoehtokysymyksi\u00e4 l\u00e4mp\u00f6opista, valitse tarkoin. Osaatko l\u00e4mp\u00f6opin k\u00e4sitteet? Celsius vai Kelvin? Ominaisl\u00e4mp\u00f6kapasiteetti &nbsp; &nbsp; &nbsp; &nbsp; &nbsp; &nbsp; &nbsp; Ominaisl\u00e4mp\u00f6kapasiteetteja: vesi 4,2 kJ\/kg etanoli 2,4 kJ\/kg j\u00e4\u00e4 2,1 kJ\/kg ilma 1,0 kJ\/kg vuolukivi 0,98 kJ\/kg alumiini 0,9 kJ\/kg lasi 0,84 kJ\/kg tiili 0,8 kJ\/kg rauta 0,45 kJ\/kg kupari 0,39 kJ\/kg &nbsp; Ominaissulamisl\u00e4mp\u00f6 Ominaish\u00f6yrystymisl\u00e4mp\u00f6&#8230;<\/p>\n<p class=\"read-more\"><a class=\"btn btn-default\" href=\"https:\/\/blog.edu.turku.fi\/mikan-matikkaa\/fysiikka\/lampooppi\/\"> Read More<span class=\"screen-reader-text\">  Read More<\/span><\/a><\/p>\n","protected":false},"author":811,"featured_media":0,"parent":11,"menu_order":0,"comment_status":"closed","ping_status":"closed","template":"","meta":{"footnotes":""},"class_list":["post-38","page","type-page","status-publish","hentry"],"_links":{"self":[{"href":"https:\/\/blog.edu.turku.fi\/mikan-matikkaa\/wp-json\/wp\/v2\/pages\/38","targetHints":{"allow":["GET"]}}],"collection":[{"href":"https:\/\/blog.edu.turku.fi\/mikan-matikkaa\/wp-json\/wp\/v2\/pages"}],"about":[{"href":"https:\/\/blog.edu.turku.fi\/mikan-matikkaa\/wp-json\/wp\/v2\/types\/page"}],"author":[{"embeddable":true,"href":"https:\/\/blog.edu.turku.fi\/mikan-matikkaa\/wp-json\/wp\/v2\/users\/811"}],"replies":[{"embeddable":true,"href":"https:\/\/blog.edu.turku.fi\/mikan-matikkaa\/wp-json\/wp\/v2\/comments?post=38"}],"version-history":[{"count":26,"href":"https:\/\/blog.edu.turku.fi\/mikan-matikkaa\/wp-json\/wp\/v2\/pages\/38\/revisions"}],"predecessor-version":[{"id":860,"href":"https:\/\/blog.edu.turku.fi\/mikan-matikkaa\/wp-json\/wp\/v2\/pages\/38\/revisions\/860"}],"up":[{"embeddable":true,"href":"https:\/\/blog.edu.turku.fi\/mikan-matikkaa\/wp-json\/wp\/v2\/pages\/11"}],"wp:attachment":[{"href":"https:\/\/blog.edu.turku.fi\/mikan-matikkaa\/wp-json\/wp\/v2\/media?parent=38"}],"curies":[{"name":"wp","href":"https:\/\/api.w.org\/{rel}","templated":true}]}}