{"id":367,"date":"2021-03-05T19:29:17","date_gmt":"2021-03-05T17:29:17","guid":{"rendered":"https:\/\/blog.edu.turku.fi\/mikan-matikkaa\/?page_id=367"},"modified":"2021-05-10T11:29:03","modified_gmt":"2021-05-10T08:29:03","slug":"pinta-ala-paattely","status":"publish","type":"page","link":"https:\/\/blog.edu.turku.fi\/mikan-matikkaa\/ongelmanratkaisu\/pinta-ala-paattely\/","title":{"rendered":"ongelmanratkaisua H5P:ll\u00e4"},"content":{"rendered":"<h3><span style=\"color: #ff0000\">P\u00e4\u00e4ttelyteht\u00e4vi\u00e4 pinta-alojen avulla<\/span><\/h3>\n<div class=\"h5p-iframe-wrapper\"><iframe id=\"h5p-iframe-1\" class=\"h5p-iframe\" data-content-id=\"1\" style=\"height:1px\" src=\"about:blank\" frameBorder=\"0\" scrolling=\"no\" title=\"Ongelmateht\u00e4vi\u00e4 pinta-aloista\"><\/iframe><\/div>\n<hr \/>\n<h3><span style=\"color: #ff0000\">Sanallisia teht\u00e4vi\u00e4<\/span><\/h3>\n<div class=\"h5p-iframe-wrapper\"><iframe id=\"h5p-iframe-2\" class=\"h5p-iframe\" data-content-id=\"2\" style=\"height:1px\" src=\"about:blank\" frameBorder=\"0\" scrolling=\"no\" title=\"Pulmateht\u00e4vi\u00e4\"><\/iframe><\/div>\n<hr \/>\n<h3><span style=\"color: #ff0000\">P\u00e4\u00e4ttele puuttuva luku kuvioista\u00a0<\/span><\/h3>\n<div class=\"h5p-iframe-wrapper\"><iframe id=\"h5p-iframe-3\" class=\"h5p-iframe\" data-content-id=\"3\" style=\"height:1px\" src=\"about:blank\" frameBorder=\"0\" scrolling=\"no\" title=\"P\u00e4\u00e4ttele luku\"><\/iframe><\/div>\n<hr \/>\n<h3><strong><span style=\"color: #ff0000\">Ongelmanratkaisua, lukujonoja, p\u00e4\u00e4ttelyteht\u00e4vi\u00e4, kysytyn luvun keksimist\u00e4<\/span><\/strong><\/h3>\n<div class=\"h5p-iframe-wrapper\"><iframe id=\"h5p-iframe-4\" class=\"h5p-iframe\" data-content-id=\"4\" style=\"height:1px\" src=\"about:blank\" frameBorder=\"0\" scrolling=\"no\" title=\"Ongelmanratkaisu\"><\/iframe><\/div>\n<hr \/>\n<h3><\/h3>\n<h3><span style=\"color: #ff0000\">10 Pulmaa<\/span><\/h3>\n<div class=\"h5p-iframe-wrapper\"><iframe id=\"h5p-iframe-76\" class=\"h5p-iframe\" data-content-id=\"76\" style=\"height:1px\" src=\"about:blank\" frameBorder=\"0\" scrolling=\"no\" title=\"ongelmanratkaisua\"><\/iframe><\/div>\n","protected":false},"excerpt":{"rendered":"<p>P\u00e4\u00e4ttelyteht\u00e4vi\u00e4 pinta-alojen avulla Sanallisia teht\u00e4vi\u00e4 P\u00e4\u00e4ttele puuttuva luku kuvioista\u00a0 Ongelmanratkaisua, lukujonoja, p\u00e4\u00e4ttelyteht\u00e4vi\u00e4, kysytyn luvun keksimist\u00e4 10 Pulmaa<\/p>\n","protected":false},"author":811,"featured_media":0,"parent":85,"menu_order":0,"comment_status":"closed","ping_status":"closed","template":"","meta":{"footnotes":""},"class_list":["post-367","page","type-page","status-publish","hentry"],"_links":{"self":[{"href":"https:\/\/blog.edu.turku.fi\/mikan-matikkaa\/wp-json\/wp\/v2\/pages\/367","targetHints":{"allow":["GET"]}}],"collection":[{"href":"https:\/\/blog.edu.turku.fi\/mikan-matikkaa\/wp-json\/wp\/v2\/pages"}],"about":[{"href":"https:\/\/blog.edu.turku.fi\/mikan-matikkaa\/wp-json\/wp\/v2\/types\/page"}],"author":[{"embeddable":true,"href":"https:\/\/blog.edu.turku.fi\/mikan-matikkaa\/wp-json\/wp\/v2\/users\/811"}],"replies":[{"embeddable":true,"href":"https:\/\/blog.edu.turku.fi\/mikan-matikkaa\/wp-json\/wp\/v2\/comments?post=367"}],"version-history":[{"count":10,"href":"https:\/\/blog.edu.turku.fi\/mikan-matikkaa\/wp-json\/wp\/v2\/pages\/367\/revisions"}],"predecessor-version":[{"id":568,"href":"https:\/\/blog.edu.turku.fi\/mikan-matikkaa\/wp-json\/wp\/v2\/pages\/367\/revisions\/568"}],"up":[{"embeddable":true,"href":"https:\/\/blog.edu.turku.fi\/mikan-matikkaa\/wp-json\/wp\/v2\/pages\/85"}],"wp:attachment":[{"href":"https:\/\/blog.edu.turku.fi\/mikan-matikkaa\/wp-json\/wp\/v2\/media?parent=367"}],"curies":[{"name":"wp","href":"https:\/\/api.w.org\/{rel}","templated":true}]}}