{"id":141,"date":"2021-01-31T18:10:23","date_gmt":"2021-01-31T16:10:23","guid":{"rendered":"https:\/\/blog.edu.turku.fi\/mikan-matikkaa\/?page_id=141"},"modified":"2023-12-04T09:31:47","modified_gmt":"2023-12-04T07:31:47","slug":"funktiot","status":"publish","type":"page","link":"https:\/\/blog.edu.turku.fi\/mikan-matikkaa\/funktiot\/","title":{"rendered":"Funktiot"},"content":{"rendered":"<h3>Suoran yht\u00e4l\u00f6n p\u00e4\u00e4ttely\u00e4<\/h3>\n<div class=\"h5p-content\" data-content-id=\"224\"><\/div>\n<div class=\"h5p-iframe-wrapper\"><iframe id=\"h5p-iframe-227\" class=\"h5p-iframe\" data-content-id=\"227\" style=\"height:1px\" src=\"about:blank\" frameBorder=\"0\" scrolling=\"no\" title=\"suoran yht\u00e4l\u00f6\"><\/iframe><\/div>\n<div class=\"h5p-content\" data-content-id=\"225\"><\/div>\n<div class=\"h5p-iframe-wrapper\"><iframe id=\"h5p-iframe-229\" class=\"h5p-iframe\" data-content-id=\"229\" style=\"height:1px\" src=\"about:blank\" frameBorder=\"0\" scrolling=\"no\" title=\"suoran yht\u00e4l\u00f6\"><\/iframe><\/div>\n<div class=\"h5p-content\" data-content-id=\"226\"><\/div>\n<div class=\"h5p-iframe-wrapper\"><iframe id=\"h5p-iframe-228\" class=\"h5p-iframe\" data-content-id=\"228\" style=\"height:1px\" src=\"about:blank\" frameBorder=\"0\" scrolling=\"no\" title=\"funktion nollakohta\"><\/iframe><\/div>\n<hr \/>\n<h3>Suoran yht\u00e4l\u00f6<\/h3>\n<div class=\"h5p-iframe-wrapper\"><iframe id=\"h5p-iframe-146\" class=\"h5p-iframe\" data-content-id=\"146\" style=\"height:1px\" src=\"about:blank\" frameBorder=\"0\" scrolling=\"no\" title=\"Suoran yht\u00e4l\u00f6n p\u00e4\u00e4ttely\u00e4\"><\/iframe><\/div>\n<p>&nbsp;<\/p>\n<hr \/>\n<h3>Osaatko p\u00e4\u00e4tell\u00e4 suoran yht\u00e4l\u00f6n?<\/h3>\n<div class=\"h5p-iframe-wrapper\"><iframe id=\"h5p-iframe-213\" class=\"h5p-iframe\" data-content-id=\"213\" style=\"height:1px\" src=\"about:blank\" frameBorder=\"0\" scrolling=\"no\" title=\"suoran yht\u00e4l\u00f6\"><\/iframe><\/div>\n<div class=\"h5p-iframe-wrapper\"><iframe id=\"h5p-iframe-214\" class=\"h5p-iframe\" data-content-id=\"214\" style=\"height:1px\" src=\"about:blank\" frameBorder=\"0\" scrolling=\"no\" title=\"suoran yht\u00e4l\u00f6\"><\/iframe><\/div>\n<div class=\"h5p-iframe-wrapper\"><iframe id=\"h5p-iframe-222\" class=\"h5p-iframe\" data-content-id=\"222\" style=\"height:1px\" src=\"about:blank\" frameBorder=\"0\" scrolling=\"no\" title=\"suoran yht\u00e4l\u00f6\"><\/iframe><\/div>\n<div class=\"h5p-iframe-wrapper\"><iframe id=\"h5p-iframe-223\" class=\"h5p-iframe\" data-content-id=\"223\" style=\"height:1px\" src=\"about:blank\" frameBorder=\"0\" scrolling=\"no\" title=\"suoran yht\u00e4l\u00f6\"><\/iframe><\/div>\n<hr \/>\n<h3>Leikkauspisteet<\/h3>\n<div class=\"h5p-iframe-wrapper\"><iframe id=\"h5p-iframe-161\" class=\"h5p-iframe\" data-content-id=\"161\" style=\"height:1px\" src=\"about:blank\" frameBorder=\"0\" scrolling=\"no\" title=\"suoran piirt\u00e4minen\"><\/iframe><\/div>\n<hr \/>\n<div class=\"h5p-iframe-wrapper\"><iframe id=\"h5p-iframe-170\" class=\"h5p-iframe\" data-content-id=\"170\" style=\"height:1px\" src=\"about:blank\" frameBorder=\"0\" scrolling=\"no\" title=\"suoran yht\u00e4l\u00f6\"><\/iframe><\/div>\n<div class=\"h5p-iframe-wrapper\"><iframe id=\"h5p-iframe-169\" class=\"h5p-iframe\" data-content-id=\"169\" style=\"height:1px\" src=\"about:blank\" frameBorder=\"0\" scrolling=\"no\" title=\"suoran yht\u00e4l\u00f6\"><\/iframe><\/div>\n<div class=\"h5p-iframe-wrapper\"><iframe id=\"h5p-iframe-168\" class=\"h5p-iframe\" data-content-id=\"168\" style=\"height:1px\" src=\"about:blank\" frameBorder=\"0\" scrolling=\"no\" title=\"suoran yht\u00e4l\u00f6\"><\/iframe><\/div>\n<div class=\"h5p-iframe-wrapper\"><iframe id=\"h5p-iframe-167\" class=\"h5p-iframe\" data-content-id=\"167\" style=\"height:1px\" src=\"about:blank\" frameBorder=\"0\" scrolling=\"no\" title=\"suoran yht\u00e4l\u00f6\"><\/iframe><\/div>\n<div class=\"h5p-iframe-wrapper\"><iframe id=\"h5p-iframe-166\" class=\"h5p-iframe\" data-content-id=\"166\" style=\"height:1px\" src=\"about:blank\" frameBorder=\"0\" scrolling=\"no\" title=\"suoran yht\u00e4l\u00f6\"><\/iframe><\/div>\n<div class=\"h5p-iframe-wrapper\"><iframe id=\"h5p-iframe-165\" class=\"h5p-iframe\" data-content-id=\"165\" style=\"height:1px\" src=\"about:blank\" frameBorder=\"0\" scrolling=\"no\" title=\"suoran yht\u00e4l\u00f6\"><\/iframe><\/div>\n<div class=\"h5p-iframe-wrapper\"><iframe id=\"h5p-iframe-164\" class=\"h5p-iframe\" data-content-id=\"164\" style=\"height:1px\" src=\"about:blank\" frameBorder=\"0\" scrolling=\"no\" title=\"suoran yht\u00e4l\u00f6\"><\/iframe><\/div>\n<div class=\"h5p-iframe-wrapper\"><iframe id=\"h5p-iframe-163\" class=\"h5p-iframe\" data-content-id=\"163\" style=\"height:1px\" src=\"about:blank\" frameBorder=\"0\" scrolling=\"no\" title=\"suoran yht\u00e4l\u00f6\"><\/iframe><\/div>\n<p>&nbsp;<\/p>\n<hr \/>\n<h3>Harjoituksia:<\/h3>\n<ul>\n<li><a href=\"https:\/\/users.edu.turku.fi\/miranta\/documents\/Funktiot.suoranpiirtaminen.doc\">Funktiot<\/a><\/li>\n<li><a href=\"https:\/\/users.edu.turku.fi\/miranta\/documents\/PARAABELI.doc\">Paraabeli<\/a><\/li>\n<li><a href=\"https:\/\/users.edu.turku.fi\/miranta\/documents\/kulmakerroin.pdf\">kulmakerroin<\/a><\/li>\n<li><a href=\"https:\/\/users.edu.turku.fi\/miranta\/documents\/suoranpiirtaminen.pdf\">suoran piirt\u00e4minen <\/a><\/li>\n<li><a href=\"https:\/\/users.edu.turku.fi\/miranta\/documents\/funktionpiirtaminensovelluksia.doc\">funktion piirt\u00e4minen, sovelluksia<\/a><\/li>\n<li><a href=\"https:\/\/users.edu.turku.fi\/miranta\/documents\/PARAABELI.doc\">Paraabeli<\/a><\/li>\n<li><a href=\"https:\/\/users.edu.turku.fi\/miranta\/documents\/toisenasteenfunktionkuvaaja.pdf\">teoriaa: toisen asteen funktion kuvaaja<\/a><\/li>\n<li><a href=\"https:\/\/users.edu.turku.fi\/miranta\/documents\/toisenasteenfunktionkuvaaja2.pdf\">toisen asteen funktion kuvaaja 2 <\/a><\/li>\n<li><a href=\"https:\/\/users.edu.turku.fi\/miranta\/tehtavat\/PARAABELIMONISTE.doc\">Paraabelien perusteet<\/a><\/li>\n<li><a href=\"https:\/\/users.edu.turku.fi\/miranta\/tehtavat\/funktiokertaus.doc\">Kertausta funktioista<\/a><\/li>\n<li><a href=\"https:\/\/users.edu.turku.fi\/miranta\/tehtavat\/leikkauspiste.doc\">Suorien leikkauspiste<\/a><\/li>\n<li><a href=\"https:\/\/users.edu.turku.fi\/miranta\/documents\/Suoranpiirtaminen.doc\">Suoran piirt\u00e4minen<\/a><\/li>\n<li><a href=\"https:\/\/users.edu.turku.fi\/miranta\/documents\/Suoranyhtalonmaarittaminen.doc\">Suoran yht\u00e4l\u00f6n m\u00e4\u00e4ritt\u00e4minen<\/a><\/li>\n<li><a href=\"https:\/\/users.edu.turku.fi\/miranta\/documents\/Suorientarkastelua.doc\">Suorien tarkastelua<\/a><\/li>\n<li><a href=\"https:\/\/users.edu.turku.fi\/miranta\/tehtavat\/Funktion%20sovelluksia.doc\">Sovelluksia funktioista 1.<\/a><\/li>\n<li><a href=\"https:\/\/users.edu.turku.fi\/miranta\/tehtavat\/Funktion%20sovelluksia2.doc\">Sovelluksia funktioista 2.<\/a><\/li>\n<li><a href=\"https:\/\/users.edu.turku.fi\/miranta\/tehtavat\/Funktio4.doc\">Sovelluksia funktioista 3.<\/a><\/li>\n<li><a href=\"https:\/\/users.edu.turku.fi\/miranta\/tehtavat\/Funktio2.doc\">Harjoituksia suorista<\/a><\/li>\n<li><a href=\"https:\/\/users.edu.turku.fi\/miranta\/tehtavat\/Funktio3.doc\">Suorien kohtisuoruus.<\/a><\/li>\n<li><a href=\"https:\/\/users.edu.turku.fi\/miranta\/documents\/Tehtaviaparaabeleista.doc\">Teht\u00e4vi\u00e4 paraabeleista<\/a><\/li>\n<\/ul>\n","protected":false},"excerpt":{"rendered":"<p>Suoran yht\u00e4l\u00f6n p\u00e4\u00e4ttely\u00e4 Suoran yht\u00e4l\u00f6 &nbsp; Osaatko p\u00e4\u00e4tell\u00e4 suoran yht\u00e4l\u00f6n? Leikkauspisteet &nbsp; Harjoituksia: Funktiot Paraabeli kulmakerroin suoran piirt\u00e4minen funktion piirt\u00e4minen, sovelluksia Paraabeli teoriaa: toisen asteen funktion kuvaaja toisen asteen funktion kuvaaja 2 Paraabelien perusteet Kertausta funktioista Suorien leikkauspiste Suoran piirt\u00e4minen Suoran yht\u00e4l\u00f6n m\u00e4\u00e4ritt\u00e4minen Suorien tarkastelua Sovelluksia funktioista 1. Sovelluksia funktioista 2. Sovelluksia funktioista 3. Harjoituksia suorista Suorien kohtisuoruus. Teht\u00e4vi\u00e4 paraabeleista<\/p>\n","protected":false},"author":811,"featured_media":326,"parent":0,"menu_order":0,"comment_status":"closed","ping_status":"closed","template":"","meta":{"footnotes":""},"class_list":["post-141","page","type-page","status-publish","has-post-thumbnail","hentry"],"_links":{"self":[{"href":"https:\/\/blog.edu.turku.fi\/mikan-matikkaa\/wp-json\/wp\/v2\/pages\/141","targetHints":{"allow":["GET"]}}],"collection":[{"href":"https:\/\/blog.edu.turku.fi\/mikan-matikkaa\/wp-json\/wp\/v2\/pages"}],"about":[{"href":"https:\/\/blog.edu.turku.fi\/mikan-matikkaa\/wp-json\/wp\/v2\/types\/page"}],"author":[{"embeddable":true,"href":"https:\/\/blog.edu.turku.fi\/mikan-matikkaa\/wp-json\/wp\/v2\/users\/811"}],"replies":[{"embeddable":true,"href":"https:\/\/blog.edu.turku.fi\/mikan-matikkaa\/wp-json\/wp\/v2\/comments?post=141"}],"version-history":[{"count":16,"href":"https:\/\/blog.edu.turku.fi\/mikan-matikkaa\/wp-json\/wp\/v2\/pages\/141\/revisions"}],"predecessor-version":[{"id":768,"href":"https:\/\/blog.edu.turku.fi\/mikan-matikkaa\/wp-json\/wp\/v2\/pages\/141\/revisions\/768"}],"wp:featuredmedia":[{"embeddable":true,"href":"https:\/\/blog.edu.turku.fi\/mikan-matikkaa\/wp-json\/wp\/v2\/media\/326"}],"wp:attachment":[{"href":"https:\/\/blog.edu.turku.fi\/mikan-matikkaa\/wp-json\/wp\/v2\/media?parent=141"}],"curies":[{"name":"wp","href":"https:\/\/api.w.org\/{rel}","templated":true}]}}