{"id":138,"date":"2021-01-31T18:07:39","date_gmt":"2021-01-31T16:07:39","guid":{"rendered":"https:\/\/blog.edu.turku.fi\/mikan-matikkaa\/?page_id=138"},"modified":"2023-12-26T19:51:50","modified_gmt":"2023-12-26T17:51:50","slug":"todennakoisyyslaskenta","status":"publish","type":"page","link":"https:\/\/blog.edu.turku.fi\/mikan-matikkaa\/todennakoisyyslaskenta\/","title":{"rendered":"Todenn\u00e4k\u00f6isyys"},"content":{"rendered":"<p><img loading=\"lazy\" decoding=\"async\" class=\"alignnone wp-image-259 size-large\" src=\"https:\/\/blog.edu.turku.fi\/mikan-matikkaa\/files\/2021\/02\/IMG_20210205_165414-1024x370.jpg\" alt=\"\" width=\"1024\" height=\"370\" srcset=\"https:\/\/blog.edu.turku.fi\/mikan-matikkaa\/files\/2021\/02\/IMG_20210205_165414.jpg 1024w, https:\/\/blog.edu.turku.fi\/mikan-matikkaa\/files\/2021\/02\/IMG_20210205_165414-300x108.jpg 300w, https:\/\/blog.edu.turku.fi\/mikan-matikkaa\/files\/2021\/02\/IMG_20210205_165414-604x218.jpg 604w\" sizes=\"auto, (max-width: 1024px) 100vw, 1024px\" \/><\/p>\n<h4><span style=\"color: #800000\">Teht\u00e4vi\u00e4<\/span><\/h4>\n<ul>\n<li><a href=\"https:\/\/users.edu.turku.fi\/miranta\/tehtavat\/TODENNAKOISYYSLASKENTA.ppt\" target=\"_blank\" rel=\"noopener noreferrer\">Todenn\u00e4k\u00f6isyyslaskenta<\/a><\/li>\n<li><a href=\"https:\/\/users.edu.turku.fi\/miranta\/tehtavat\/todenn1.pdf\">Todenn\u00e4k\u00f6isyyslaskennan harjoituksia 1.<\/a><\/li>\n<li><a href=\"https:\/\/users.edu.turku.fi\/miranta\/tehtavat\/todenn2.pdf\">Todenn\u00e4k\u00f6isyyslaskennan harjoituksia 2.<\/a><\/li>\n<li><a href=\"https:\/\/users.edu.turku.fi\/miranta\/tehtavat\/todenn3.doc\">Todenn\u00e4k\u00f6isyyslaskennan harjoituksia 3.<\/a><\/li>\n<li><a href=\"https:\/\/blog.edu.turku.fi\/mikan-matikkaa\/files\/2021\/02\/TODENNAKOISYYSLASKENTA.ppt\" target=\"_blank\" rel=\"noopener noreferrer\">PP-esitys todenn\u00e4k\u00f6isyydest\u00e4<\/a><\/li>\n<\/ul>\n<p>&nbsp;<\/p>\n<p><img loading=\"lazy\" decoding=\"async\" class=\"aligncenter wp-image-654 size-large\" src=\"https:\/\/blog.edu.turku.fi\/mikan-matikkaa\/files\/2022\/02\/atlasnye-gfb4dde6fc_1280-1024x512.png\" alt=\"\" width=\"1024\" height=\"512\" srcset=\"https:\/\/blog.edu.turku.fi\/mikan-matikkaa\/files\/2022\/02\/atlasnye-gfb4dde6fc_1280.png 1024w, https:\/\/blog.edu.turku.fi\/mikan-matikkaa\/files\/2022\/02\/atlasnye-gfb4dde6fc_1280-300x150.png 300w\" sizes=\"auto, (max-width: 1024px) 100vw, 1024px\" \/><\/p>\n<p>&nbsp;<\/p>\n<p>&nbsp;<\/p>\n<p>&nbsp;<\/p>\n<p>&nbsp;<\/p>\n<p>&nbsp;<\/p>\n<hr \/>\n<p>&nbsp;<\/p>\n<h3><span style=\"color: #ff9900\">Todenn\u00e4k\u00f6isyyden perusteet<\/span><\/h3>\n<div class=\"h5p-iframe-wrapper\"><iframe id=\"h5p-iframe-14\" class=\"h5p-iframe\" data-content-id=\"14\" style=\"height:1px\" src=\"about:blank\" frameBorder=\"0\" scrolling=\"no\" title=\"todenn\u00e4k\u00f6isyyden perusteet\"><\/iframe><\/div>\n<p>&nbsp;<\/p>\n<hr \/>\n<p>&nbsp;<\/p>\n<h3><span style=\"color: #ff9900\">Klassinen todenn\u00e4k\u00f6isyys<\/span><\/h3>\n<div class=\"h5p-iframe-wrapper\"><iframe id=\"h5p-iframe-9\" class=\"h5p-iframe\" data-content-id=\"9\" style=\"height:1px\" src=\"about:blank\" frameBorder=\"0\" scrolling=\"no\" title=\"Klassinen todenn\u00e4k\u00f6isyys, perusteht\u00e4v\u00e4t\"><\/iframe><\/div>\n<p>&nbsp;<\/p>\n<hr \/>\n<p>&nbsp;<\/p>\n<h3><span style=\"color: #ff9900\">Tuloperiaatteen harjoittelua<\/span><\/h3>\n<div class=\"h5p-iframe-wrapper\"><iframe id=\"h5p-iframe-11\" class=\"h5p-iframe\" data-content-id=\"11\" style=\"height:1px\" src=\"about:blank\" frameBorder=\"0\" scrolling=\"no\" title=\"Klassinen todenn\u00e4k\u00f6isyys, tuloperiaate\"><\/iframe><\/div>\n<p>&nbsp;<\/p>\n<hr \/>\n<p>&nbsp;<\/p>\n<h3><span style=\"color: #ff9900\">Nopanheitto<\/span><\/h3>\n<div class=\"h5p-iframe-wrapper\"><iframe id=\"h5p-iframe-12\" class=\"h5p-iframe\" data-content-id=\"12\" style=\"height:1px\" src=\"about:blank\" frameBorder=\"0\" scrolling=\"no\" title=\"Todenn\u00e4k\u00f6isyys nopanheitossa\"><\/iframe><\/div>\n<p>&nbsp;<\/p>\n<hr \/>\n<h3><\/h3>\n<h3><span style=\"color: #ff9900\">Todenn\u00e4k\u00f6isyyksien laskemista<\/span><\/h3>\n<div class=\"h5p-iframe-wrapper\"><iframe id=\"h5p-iframe-5\" class=\"h5p-iframe\" data-content-id=\"5\" style=\"height:1px\" src=\"about:blank\" frameBorder=\"0\" scrolling=\"no\" title=\"Todenn\u00e4k\u00f6isyysteht\u00e4vi\u00e4\"><\/iframe><\/div>\n<div class=\"h5p-iframe-wrapper\"><iframe id=\"h5p-iframe-13\" class=\"h5p-iframe\" data-content-id=\"13\" style=\"height:1px\" src=\"about:blank\" frameBorder=\"0\" scrolling=\"no\" title=\"Todenn\u00e4k\u00f6isyysteht\u00e4vi\u00e4\"><\/iframe><\/div>\n<p>&nbsp;<\/p>\n<hr \/>\n<h3><\/h3>\n<h3><span style=\"color: #ff9900\">Kombinatoriikkaa<\/span><\/h3>\n<div class=\"h5p-iframe-wrapper\"><iframe id=\"h5p-iframe-15\" class=\"h5p-iframe\" data-content-id=\"15\" style=\"height:1px\" src=\"about:blank\" frameBorder=\"0\" scrolling=\"no\" title=\"Kombinatoriikkaa\"><\/iframe><\/div>\n<p>&nbsp;<\/p>\n<hr \/>\n<p>&nbsp;<\/p>\n<h3><span style=\"color: #ff9900\">Geometrinen todenn\u00e4k\u00f6isyys<\/span><\/h3>\n<div class=\"h5p-iframe-wrapper\"><iframe id=\"h5p-iframe-8\" class=\"h5p-iframe\" data-content-id=\"8\" style=\"height:1px\" src=\"about:blank\" frameBorder=\"0\" scrolling=\"no\" title=\"geometrinen todenn\u00e4k\u00f6isyys\"><\/iframe><\/div>\n<p>&nbsp;<\/p>\n<hr \/>\n<h3><\/h3>\n<h3><span style=\"color: #ff9900\">Todenn\u00e4k\u00f6isyysteht\u00e4vi\u00e4 1<\/span><\/h3>\n<div class=\"h5p-iframe-wrapper\"><iframe id=\"h5p-iframe-6\" class=\"h5p-iframe\" data-content-id=\"6\" style=\"height:1px\" src=\"about:blank\" frameBorder=\"0\" scrolling=\"no\" title=\"Teht\u00e4vi\u00e4 todenn\u00e4k\u00f6isyydest\u00e4 2\"><\/iframe><\/div>\n<p>&nbsp;<\/p>\n<hr \/>\n<h3><span style=\"color: #ff9900\">Vastatapahtuma<\/span><\/h3>\n<div class=\"h5p-iframe-wrapper\"><iframe id=\"h5p-iframe-118\" class=\"h5p-iframe\" data-content-id=\"118\" style=\"height:1px\" src=\"about:blank\" frameBorder=\"0\" scrolling=\"no\" title=\"Vastatapahtuma\"><\/iframe><\/div>\n<p>&nbsp;<\/p>\n<p>&nbsp;<\/p>\n<hr \/>\n<h3><span style=\"color: #ff9900\">Kertausta<\/span><\/h3>\n<div class=\"h5p-iframe-wrapper\"><iframe id=\"h5p-iframe-245\" class=\"h5p-iframe\" data-content-id=\"245\" style=\"height:1px\" src=\"about:blank\" frameBorder=\"0\" scrolling=\"no\" title=\"Todenn\u00e4k\u00f6isyyden kertaus\"><\/iframe><\/div>\n","protected":false},"excerpt":{"rendered":"<p>Teht\u00e4vi\u00e4 Todenn\u00e4k\u00f6isyyslaskenta Todenn\u00e4k\u00f6isyyslaskennan harjoituksia 1. Todenn\u00e4k\u00f6isyyslaskennan harjoituksia 2. Todenn\u00e4k\u00f6isyyslaskennan harjoituksia 3. PP-esitys todenn\u00e4k\u00f6isyydest\u00e4 &nbsp; &nbsp; &nbsp; &nbsp; &nbsp; &nbsp; &nbsp; Todenn\u00e4k\u00f6isyyden perusteet &nbsp; &nbsp; Klassinen todenn\u00e4k\u00f6isyys &nbsp; &nbsp; Tuloperiaatteen harjoittelua &nbsp; &nbsp; Nopanheitto &nbsp; Todenn\u00e4k\u00f6isyyksien laskemista &nbsp; Kombinatoriikkaa &nbsp; &nbsp; Geometrinen todenn\u00e4k\u00f6isyys &nbsp; Todenn\u00e4k\u00f6isyysteht\u00e4vi\u00e4 1 &nbsp; Vastatapahtuma &nbsp; &nbsp; Kertausta<\/p>\n","protected":false},"author":811,"featured_media":0,"parent":0,"menu_order":0,"comment_status":"closed","ping_status":"closed","template":"","meta":{"footnotes":""},"class_list":["post-138","page","type-page","status-publish","hentry"],"_links":{"self":[{"href":"https:\/\/blog.edu.turku.fi\/mikan-matikkaa\/wp-json\/wp\/v2\/pages\/138","targetHints":{"allow":["GET"]}}],"collection":[{"href":"https:\/\/blog.edu.turku.fi\/mikan-matikkaa\/wp-json\/wp\/v2\/pages"}],"about":[{"href":"https:\/\/blog.edu.turku.fi\/mikan-matikkaa\/wp-json\/wp\/v2\/types\/page"}],"author":[{"embeddable":true,"href":"https:\/\/blog.edu.turku.fi\/mikan-matikkaa\/wp-json\/wp\/v2\/users\/811"}],"replies":[{"embeddable":true,"href":"https:\/\/blog.edu.turku.fi\/mikan-matikkaa\/wp-json\/wp\/v2\/comments?post=138"}],"version-history":[{"count":10,"href":"https:\/\/blog.edu.turku.fi\/mikan-matikkaa\/wp-json\/wp\/v2\/pages\/138\/revisions"}],"predecessor-version":[{"id":790,"href":"https:\/\/blog.edu.turku.fi\/mikan-matikkaa\/wp-json\/wp\/v2\/pages\/138\/revisions\/790"}],"wp:attachment":[{"href":"https:\/\/blog.edu.turku.fi\/mikan-matikkaa\/wp-json\/wp\/v2\/media?parent=138"}],"curies":[{"name":"wp","href":"https:\/\/api.w.org\/{rel}","templated":true}]}}