{"id":118,"date":"2021-01-31T16:47:24","date_gmt":"2021-01-31T14:47:24","guid":{"rendered":"https:\/\/blog.edu.turku.fi\/mikan-matikkaa\/?page_id=118"},"modified":"2025-03-31T13:34:53","modified_gmt":"2025-03-31T10:34:53","slug":"sahkooppi","status":"publish","type":"page","link":"https:\/\/blog.edu.turku.fi\/mikan-matikkaa\/fysiikka\/sahkooppi\/","title":{"rendered":"S\u00e4hk\u00f6oppi"},"content":{"rendered":"<p><img loading=\"lazy\" decoding=\"async\" class=\"alignright wp-image-546 size-full\" src=\"https:\/\/blog.edu.turku.fi\/mikan-matikkaa\/files\/2021\/05\/PhotoFunia-1620196488.jpg\" alt=\"\" width=\"1024\" height=\"683\" srcset=\"https:\/\/blog.edu.turku.fi\/mikan-matikkaa\/files\/2021\/05\/PhotoFunia-1620196488.jpg 1024w, https:\/\/blog.edu.turku.fi\/mikan-matikkaa\/files\/2021\/05\/PhotoFunia-1620196488-300x200.jpg 300w\" sizes=\"auto, (max-width: 1024px) 100vw, 1024px\" \/><\/p>\n<p>&nbsp;<\/p>\n<p>&nbsp;<\/p>\n<p>&nbsp;<\/p>\n<p>&nbsp;<\/p>\n<p>&nbsp;<\/p>\n<p>&nbsp;<\/p>\n<hr \/>\n<div class=\"h5p-iframe-wrapper\"><iframe id=\"h5p-iframe-31\" class=\"h5p-iframe\" data-content-id=\"31\" style=\"height:1px\" src=\"about:blank\" frameBorder=\"0\" scrolling=\"no\" title=\"s\u00e4hk\u00f6oppi\"><\/iframe><\/div>\n<p>&nbsp;<\/p>\n<hr \/>\n<p><img loading=\"lazy\" decoding=\"async\" class=\"size-medium wp-image-658 aligncenter\" src=\"https:\/\/blog.edu.turku.fi\/mikan-matikkaa\/files\/2022\/03\/kuva1-300x208.png\" alt=\"\" width=\"300\" height=\"208\" srcset=\"https:\/\/blog.edu.turku.fi\/mikan-matikkaa\/files\/2022\/03\/kuva1-300x208.png 300w, https:\/\/blog.edu.turku.fi\/mikan-matikkaa\/files\/2022\/03\/kuva1.png 326w\" sizes=\"auto, (max-width: 300px) 100vw, 300px\" \/><\/p>\n<hr \/>\n<div class=\"h5p-iframe-wrapper\"><iframe id=\"h5p-iframe-32\" class=\"h5p-iframe\" data-content-id=\"32\" style=\"height:1px\" src=\"about:blank\" frameBorder=\"0\" scrolling=\"no\" title=\"S\u00e4hk\u00f6opin piirrosmerkit\"><\/iframe><\/div>\n<p>&nbsp;<\/p>\n<hr \/>\n<p>&nbsp;<\/p>\n<div class=\"h5p-iframe-wrapper\"><iframe id=\"h5p-iframe-33\" class=\"h5p-iframe\" data-content-id=\"33\" style=\"height:1px\" src=\"about:blank\" frameBorder=\"0\" scrolling=\"no\" title=\"Kytkent\u00e4kaaviot\"><\/iframe><\/div>\n<p>&nbsp;<\/p>\n<hr \/>\n<p>&nbsp;<\/p>\n<div class=\"h5p-iframe-wrapper\"><iframe id=\"h5p-iframe-52\" class=\"h5p-iframe\" data-content-id=\"52\" style=\"height:1px\" src=\"about:blank\" frameBorder=\"0\" scrolling=\"no\" title=\"S\u00e4hk\u00f6opin komponentteja\"><\/iframe><\/div>\n<hr \/>\n<h2>Vastusten kytkenn\u00e4t<\/h2>\n<div class=\"h5p-iframe-wrapper\"><iframe id=\"h5p-iframe-296\" class=\"h5p-iframe\" data-content-id=\"296\" style=\"height:1px\" src=\"about:blank\" frameBorder=\"0\" scrolling=\"no\" title=\"Vastusten kytkenn\u00e4t\"><\/iframe><\/div>\n<hr \/>\n<p><img loading=\"lazy\" decoding=\"async\" class=\"aligncenter wp-image-657 size-full\" src=\"https:\/\/blog.edu.turku.fi\/mikan-matikkaa\/files\/2022\/03\/artificial-intelligence-g5ed57d971_1920.jpg\" alt=\"\" width=\"1024\" height=\"341\" srcset=\"https:\/\/blog.edu.turku.fi\/mikan-matikkaa\/files\/2022\/03\/artificial-intelligence-g5ed57d971_1920.jpg 1024w, https:\/\/blog.edu.turku.fi\/mikan-matikkaa\/files\/2022\/03\/artificial-intelligence-g5ed57d971_1920-300x100.jpg 300w\" sizes=\"auto, (max-width: 1024px) 100vw, 1024px\" \/><\/p>\n<hr \/>\n<div class=\"h5p-iframe-wrapper\"><iframe id=\"h5p-iframe-60\" class=\"h5p-iframe\" data-content-id=\"60\" style=\"height:1px\" src=\"about:blank\" frameBorder=\"0\" scrolling=\"no\" title=\"s\u00e4hk\u00f6opin sanaristikko\"><\/iframe><\/div>\n<hr \/>\n<h2>S\u00e4hk\u00f6teho<\/h2>\n<div class=\"h5p-iframe-wrapper\"><iframe id=\"h5p-iframe-291\" class=\"h5p-iframe\" data-content-id=\"291\" style=\"height:1px\" src=\"about:blank\" frameBorder=\"0\" scrolling=\"no\" title=\"s\u00e4hk\u00f6teho\"><\/iframe><\/div>\n<hr \/>\n<h2>S\u00e4hk\u00f6energia<\/h2>\n<div class=\"h5p-iframe-wrapper\"><iframe id=\"h5p-iframe-294\" class=\"h5p-iframe\" data-content-id=\"294\" style=\"height:1px\" src=\"about:blank\" frameBorder=\"0\" scrolling=\"no\" title=\"S\u00e4hk\u00f6energian arviointi\"><\/iframe><\/div>\n<div class=\"h5p-iframe-wrapper\"><iframe id=\"h5p-iframe-292\" class=\"h5p-iframe\" data-content-id=\"292\" style=\"height:1px\" src=\"about:blank\" frameBorder=\"0\" scrolling=\"no\" title=\"S\u00e4hk\u00f6energia\"><\/iframe><\/div>\n<hr \/>\n<h2>S\u00e4hk\u00f6n hinta<\/h2>\n<div class=\"h5p-iframe-wrapper\"><iframe id=\"h5p-iframe-295\" class=\"h5p-iframe\" data-content-id=\"295\" style=\"height:1px\" src=\"about:blank\" frameBorder=\"0\" scrolling=\"no\" title=\"S\u00e4hk\u00f6energian hinnan arviointi\"><\/iframe><\/div>\n<div class=\"h5p-iframe-wrapper\"><iframe id=\"h5p-iframe-293\" class=\"h5p-iframe\" data-content-id=\"293\" style=\"height:1px\" src=\"about:blank\" frameBorder=\"0\" scrolling=\"no\" title=\"S\u00e4hk\u00f6energian hinta\"><\/iframe><\/div>\n<hr \/>\n<h2>Muuntaja<\/h2>\n<div class=\"h5p-iframe-wrapper\"><iframe id=\"h5p-iframe-157\" class=\"h5p-iframe\" data-content-id=\"157\" style=\"height:1px\" src=\"about:blank\" frameBorder=\"0\" scrolling=\"no\" title=\"Muuntajateht\u00e4vi\u00e4 1\"><\/iframe><\/div>\n<hr \/>\n<p>&nbsp;<\/p>\n","protected":false},"excerpt":{"rendered":"<p>&nbsp; &nbsp; &nbsp; &nbsp; &nbsp; &nbsp; &nbsp; &nbsp; &nbsp; &nbsp; &nbsp; Vastusten kytkenn\u00e4t S\u00e4hk\u00f6teho S\u00e4hk\u00f6energia S\u00e4hk\u00f6n hinta Muuntaja &nbsp;<\/p>\n","protected":false},"author":811,"featured_media":0,"parent":11,"menu_order":0,"comment_status":"closed","ping_status":"closed","template":"","meta":{"footnotes":""},"class_list":["post-118","page","type-page","status-publish","hentry"],"_links":{"self":[{"href":"https:\/\/blog.edu.turku.fi\/mikan-matikkaa\/wp-json\/wp\/v2\/pages\/118","targetHints":{"allow":["GET"]}}],"collection":[{"href":"https:\/\/blog.edu.turku.fi\/mikan-matikkaa\/wp-json\/wp\/v2\/pages"}],"about":[{"href":"https:\/\/blog.edu.turku.fi\/mikan-matikkaa\/wp-json\/wp\/v2\/types\/page"}],"author":[{"embeddable":true,"href":"https:\/\/blog.edu.turku.fi\/mikan-matikkaa\/wp-json\/wp\/v2\/users\/811"}],"replies":[{"embeddable":true,"href":"https:\/\/blog.edu.turku.fi\/mikan-matikkaa\/wp-json\/wp\/v2\/comments?post=118"}],"version-history":[{"count":18,"href":"https:\/\/blog.edu.turku.fi\/mikan-matikkaa\/wp-json\/wp\/v2\/pages\/118\/revisions"}],"predecessor-version":[{"id":850,"href":"https:\/\/blog.edu.turku.fi\/mikan-matikkaa\/wp-json\/wp\/v2\/pages\/118\/revisions\/850"}],"up":[{"embeddable":true,"href":"https:\/\/blog.edu.turku.fi\/mikan-matikkaa\/wp-json\/wp\/v2\/pages\/11"}],"wp:attachment":[{"href":"https:\/\/blog.edu.turku.fi\/mikan-matikkaa\/wp-json\/wp\/v2\/media?parent=118"}],"curies":[{"name":"wp","href":"https:\/\/api.w.org\/{rel}","templated":true}]}}