{"id":11,"date":"2021-01-27T18:24:47","date_gmt":"2021-01-27T16:24:47","guid":{"rendered":"https:\/\/blog.edu.turku.fi\/mikan-matikkaa\/?page_id=11"},"modified":"2021-05-05T09:55:49","modified_gmt":"2021-05-05T06:55:49","slug":"fysiikka","status":"publish","type":"page","link":"https:\/\/blog.edu.turku.fi\/mikan-matikkaa\/fysiikka\/","title":{"rendered":"Fysiikka"},"content":{"rendered":"<p><a href=\"https:\/\/blog.edu.turku.fi\/mikan-matikkaa\/files\/2021\/02\/liikkuva_koulu_toiminnallinen_opetus_fysiikka.pdf\"><br \/>\n<img loading=\"lazy\" decoding=\"async\" class=\"alignleft size-medium wp-image-549\" src=\"https:\/\/blog.edu.turku.fi\/mikan-matikkaa\/files\/2021\/05\/PhotoFunia-1620195763-300x171.jpg\" alt=\"\" width=\"300\" height=\"171\" srcset=\"https:\/\/blog.edu.turku.fi\/mikan-matikkaa\/files\/2021\/05\/PhotoFunia-1620195763-300x171.jpg 300w, https:\/\/blog.edu.turku.fi\/mikan-matikkaa\/files\/2021\/05\/PhotoFunia-1620195763.jpg 800w\" sizes=\"auto, (max-width: 300px) 100vw, 300px\" \/><\/a><\/p>\n<p>LINKKEJ\u00c4:<\/p>\n<p><a style=\"color: #000000\" href=\"https:\/\/www.howstuffworks.com\/\">How stuff works<\/a><\/p>\n<p><span style=\"color: #000000\"><a style=\"color: #000000\" href=\"https:\/\/blog.edu.turku.fi\/mikan-matikkaa\/files\/2021\/02\/liikkuva_koulu_toiminnallinen_opetus_fysiikka.pdf\">lii<\/a><\/span><a style=\"color: #000000\" href=\"https:\/\/blog.edu.turku.fi\/mikan-matikkaa\/files\/2021\/02\/liikkuva_koulu_toiminnallinen_opetus_fysiikka.pdf\">kkuva koulu: toiminnallinen opetus fysiikassa<\/a><\/p>\n<p>&nbsp;<\/p>\n<p><a href=\"https:\/\/blog.edu.turku.fi\/mikan-matikkaa\/fysiikka\/sahkooppi\/\"><img loading=\"lazy\" decoding=\"async\" class=\"alignleft size-medium wp-image-551\" src=\"https:\/\/blog.edu.turku.fi\/mikan-matikkaa\/files\/2021\/05\/PhotoFunia-1620196185-300x247.jpg\" alt=\"\" width=\"300\" height=\"247\" srcset=\"https:\/\/blog.edu.turku.fi\/mikan-matikkaa\/files\/2021\/05\/PhotoFunia-1620196185-300x247.jpg 300w, https:\/\/blog.edu.turku.fi\/mikan-matikkaa\/files\/2021\/05\/PhotoFunia-1620196185.jpg 700w\" sizes=\"auto, (max-width: 300px) 100vw, 300px\" \/><span style=\"color: #993300\">S\u00e4hk\u00f6oppi<\/span><\/a><\/p>\n<p><span style=\"color: #993300\"><a style=\"color: #993300\" href=\"https:\/\/blog.edu.turku.fi\/mikan-matikkaa\/fysiikka\/mekaniikka\/\">Mekaniikka<\/a><\/span><\/p>\n<p><span style=\"color: #993300\"><a style=\"color: #993300\" href=\"https:\/\/blog.edu.turku.fi\/mikan-matikkaa\/fysiikka\/valo-oppi\/\">Valo-oppi<\/a><\/span><\/p>\n<p><span style=\"color: #993300\"><a style=\"color: #993300\" href=\"https:\/\/blog.edu.turku.fi\/mikan-matikkaa\/fysiikka\/lampooppi\/\">L\u00e4mp\u00f6oppi<\/a><\/span><\/p>\n<p>&nbsp;<\/p>\n","protected":false},"excerpt":{"rendered":"<p>LINKKEJ\u00c4: How stuff works liikkuva koulu: toiminnallinen opetus fysiikassa &nbsp; S\u00e4hk\u00f6oppi Mekaniikka Valo-oppi L\u00e4mp\u00f6oppi &nbsp;<\/p>\n","protected":false},"author":811,"featured_media":0,"parent":0,"menu_order":0,"comment_status":"closed","ping_status":"closed","template":"","meta":{"footnotes":""},"class_list":["post-11","page","type-page","status-publish","hentry"],"_links":{"self":[{"href":"https:\/\/blog.edu.turku.fi\/mikan-matikkaa\/wp-json\/wp\/v2\/pages\/11","targetHints":{"allow":["GET"]}}],"collection":[{"href":"https:\/\/blog.edu.turku.fi\/mikan-matikkaa\/wp-json\/wp\/v2\/pages"}],"about":[{"href":"https:\/\/blog.edu.turku.fi\/mikan-matikkaa\/wp-json\/wp\/v2\/types\/page"}],"author":[{"embeddable":true,"href":"https:\/\/blog.edu.turku.fi\/mikan-matikkaa\/wp-json\/wp\/v2\/users\/811"}],"replies":[{"embeddable":true,"href":"https:\/\/blog.edu.turku.fi\/mikan-matikkaa\/wp-json\/wp\/v2\/comments?post=11"}],"version-history":[{"count":6,"href":"https:\/\/blog.edu.turku.fi\/mikan-matikkaa\/wp-json\/wp\/v2\/pages\/11\/revisions"}],"predecessor-version":[{"id":556,"href":"https:\/\/blog.edu.turku.fi\/mikan-matikkaa\/wp-json\/wp\/v2\/pages\/11\/revisions\/556"}],"wp:attachment":[{"href":"https:\/\/blog.edu.turku.fi\/mikan-matikkaa\/wp-json\/wp\/v2\/media?parent=11"}],"curies":[{"name":"wp","href":"https:\/\/api.w.org\/{rel}","templated":true}]}}