{"id":105,"date":"2021-01-31T14:06:04","date_gmt":"2021-01-31T12:06:04","guid":{"rendered":"https:\/\/blog.edu.turku.fi\/mikan-matikkaa\/?page_id=105"},"modified":"2021-02-11T16:06:23","modified_gmt":"2021-02-11T14:06:23","slug":"mikan-matikkaa","status":"publish","type":"page","link":"https:\/\/blog.edu.turku.fi\/mikan-matikkaa\/mikan-matikkaa\/","title":{"rendered":"Mikan matikkaa"},"content":{"rendered":"<p>&nbsp;<\/p>\n<p>T\u00e4lle sivustolle olen ker\u00e4nnyt materiaalia matematiikan, fysiikan ja kemian opetukseen l\u00e4hinn\u00e4 yl\u00e4koululaisille. My\u00f6s ohjelmoinnin opetus ja opetuksen pelillist\u00e4minen ovat minulla mielenkiinnon kohteena.<\/p>\n<p>&nbsp;<\/p>\n","protected":false},"excerpt":{"rendered":"<p>&nbsp; T\u00e4lle sivustolle olen ker\u00e4nnyt materiaalia matematiikan, fysiikan ja kemian opetukseen l\u00e4hinn\u00e4 yl\u00e4koululaisille. My\u00f6s ohjelmoinnin opetus ja opetuksen pelillist\u00e4minen ovat minulla mielenkiinnon kohteena. &nbsp;<\/p>\n","protected":false},"author":811,"featured_media":264,"parent":0,"menu_order":0,"comment_status":"closed","ping_status":"closed","template":"","meta":{"footnotes":""},"class_list":["post-105","page","type-page","status-publish","has-post-thumbnail","hentry"],"_links":{"self":[{"href":"https:\/\/blog.edu.turku.fi\/mikan-matikkaa\/wp-json\/wp\/v2\/pages\/105","targetHints":{"allow":["GET"]}}],"collection":[{"href":"https:\/\/blog.edu.turku.fi\/mikan-matikkaa\/wp-json\/wp\/v2\/pages"}],"about":[{"href":"https:\/\/blog.edu.turku.fi\/mikan-matikkaa\/wp-json\/wp\/v2\/types\/page"}],"author":[{"embeddable":true,"href":"https:\/\/blog.edu.turku.fi\/mikan-matikkaa\/wp-json\/wp\/v2\/users\/811"}],"replies":[{"embeddable":true,"href":"https:\/\/blog.edu.turku.fi\/mikan-matikkaa\/wp-json\/wp\/v2\/comments?post=105"}],"version-history":[{"count":5,"href":"https:\/\/blog.edu.turku.fi\/mikan-matikkaa\/wp-json\/wp\/v2\/pages\/105\/revisions"}],"predecessor-version":[{"id":336,"href":"https:\/\/blog.edu.turku.fi\/mikan-matikkaa\/wp-json\/wp\/v2\/pages\/105\/revisions\/336"}],"wp:featuredmedia":[{"embeddable":true,"href":"https:\/\/blog.edu.turku.fi\/mikan-matikkaa\/wp-json\/wp\/v2\/media\/264"}],"wp:attachment":[{"href":"https:\/\/blog.edu.turku.fi\/mikan-matikkaa\/wp-json\/wp\/v2\/media?parent=105"}],"curies":[{"name":"wp","href":"https:\/\/api.w.org\/{rel}","templated":true}]}}