{"id":49,"date":"2016-12-15T13:22:36","date_gmt":"2016-12-15T11:22:36","guid":{"rendered":"https:\/\/blog.edu.turku.fi\/mikael\/?page_id=49"},"modified":"2022-05-04T10:42:53","modified_gmt":"2022-05-04T07:42:53","slug":"kuvia","status":"publish","type":"page","link":"https:\/\/blog.edu.turku.fi\/mikael\/kuvia\/","title":{"rendered":"Kuvia Mikaelin koulusta"},"content":{"rendered":"<h5>Koulukatu syyskuun lopulla 2021<a href=\"https:\/\/blog.edu.turku.fi\/mikael\/files\/2021\/09\/KoulukatuADN.jpg\"><img loading=\"lazy\" decoding=\"async\" class=\"alignnone size-large wp-image-483\" src=\"https:\/\/blog.edu.turku.fi\/mikael\/files\/2021\/09\/KoulukatuADN-1024x768.jpg\" alt=\"\" width=\"1024\" height=\"768\" srcset=\"https:\/\/blog.edu.turku.fi\/mikael\/files\/2021\/09\/KoulukatuADN.jpg 1024w, https:\/\/blog.edu.turku.fi\/mikael\/files\/2021\/09\/KoulukatuADN-300x225.jpg 300w\" sizes=\"auto, (max-width: 709px) 85vw, (max-width: 909px) 67vw, (max-width: 1362px) 62vw, 840px\" \/><\/a><\/h5>\n<h5><a href=\"https:\/\/blog.edu.turku.fi\/mikael\/files\/2021\/04\/Op-Michelsson.jpeg\"><span style=\"color: #000000\">Paavo Nurmen stadionilla<\/span><\/a><a href=\"https:\/\/blog.edu.turku.fi\/mikael\/files\/2021\/04\/Op-Michelsson.jpeg\"><img loading=\"lazy\" decoding=\"async\" class=\"alignnone size-large wp-image-424\" src=\"https:\/\/blog.edu.turku.fi\/mikael\/files\/2021\/04\/Op-Michelsson-768x1024.jpeg\" alt=\"\" width=\"768\" height=\"1024\" srcset=\"https:\/\/blog.edu.turku.fi\/mikael\/files\/2021\/04\/Op-Michelsson.jpeg 768w, https:\/\/blog.edu.turku.fi\/mikael\/files\/2021\/04\/Op-Michelsson-225x300.jpeg 225w\" sizes=\"auto, (max-width: 768px) 85vw, 768px\" \/><\/a><\/h5>\n<h5><a href=\"https:\/\/blog.edu.turku.fi\/mikael\/files\/2021\/04\/Ylakoulun-apuope.jpeg\"><span style=\"color: #000000\">Yl\u00e4koulun oppilas apuna<\/span><img loading=\"lazy\" decoding=\"async\" class=\"alignnone size-large wp-image-422\" src=\"https:\/\/blog.edu.turku.fi\/mikael\/files\/2021\/04\/Ylakoulun-apuope-1024x661.jpeg\" alt=\"\" width=\"1024\" height=\"661\" srcset=\"https:\/\/blog.edu.turku.fi\/mikael\/files\/2021\/04\/Ylakoulun-apuope.jpeg 1024w, https:\/\/blog.edu.turku.fi\/mikael\/files\/2021\/04\/Ylakoulun-apuope-300x194.jpeg 300w\" sizes=\"auto, (max-width: 709px) 85vw, (max-width: 909px) 67vw, (max-width: 1362px) 62vw, 840px\" \/><\/a><\/h5>\n<h5><a href=\"https:\/\/blog.edu.turku.fi\/mikael\/files\/2021\/04\/Taidemuseolla.jpeg\"><span style=\"color: #000000\">Taidemuseovierailu<\/span><img loading=\"lazy\" decoding=\"async\" class=\"alignnone size-large wp-image-420\" src=\"https:\/\/blog.edu.turku.fi\/mikael\/files\/2021\/04\/Taidemuseolla-768x1024.jpeg\" alt=\"\" width=\"768\" height=\"1024\" srcset=\"https:\/\/blog.edu.turku.fi\/mikael\/files\/2021\/04\/Taidemuseolla.jpeg 768w, https:\/\/blog.edu.turku.fi\/mikael\/files\/2021\/04\/Taidemuseolla-225x300.jpeg 225w\" sizes=\"auto, (max-width: 768px) 85vw, 768px\" \/><\/a><\/h5>\n<h5>Laivanrakennusta<a href=\"https:\/\/blog.edu.turku.fi\/mikael\/files\/2021\/04\/Laivanrakennusta.jpeg\"><img loading=\"lazy\" decoding=\"async\" class=\"alignnone size-large wp-image-419\" src=\"https:\/\/blog.edu.turku.fi\/mikael\/files\/2021\/04\/Laivanrakennusta-768x1024.jpeg\" alt=\"\" width=\"768\" height=\"1024\" srcset=\"https:\/\/blog.edu.turku.fi\/mikael\/files\/2021\/04\/Laivanrakennusta.jpeg 768w, https:\/\/blog.edu.turku.fi\/mikael\/files\/2021\/04\/Laivanrakennusta-225x300.jpeg 225w\" sizes=\"auto, (max-width: 768px) 85vw, 768px\" \/><\/a><\/h5>\n<h5><a href=\"https:\/\/blog.edu.turku.fi\/mikael\/files\/2018\/05\/Koulukatuleikkii.jpg\"><span style=\"color: #000000\">Pihalla<\/span><img loading=\"lazy\" decoding=\"async\" class=\"alignnone wp-image-146 size-large\" src=\"https:\/\/blog.edu.turku.fi\/mikael\/files\/2018\/05\/Koulukatuleikkii-1024x768.jpg\" alt=\"Kuvassa opettaja Harri Ylinen ja lapsia pihalla leikkim\u00e4ss\u00e4 pikipataleikki\u00e4.\" width=\"1024\" height=\"768\" srcset=\"https:\/\/blog.edu.turku.fi\/mikael\/files\/2018\/05\/Koulukatuleikkii-1024x768.jpg 1024w, https:\/\/blog.edu.turku.fi\/mikael\/files\/2018\/05\/Koulukatuleikkii-300x225.jpg 300w, https:\/\/blog.edu.turku.fi\/mikael\/files\/2018\/05\/Koulukatuleikkii.jpg 2048w\" sizes=\"auto, (max-width: 709px) 85vw, (max-width: 909px) 67vw, (max-width: 1362px) 62vw, 840px\" \/><\/a><\/h5>\n<h5><a href=\"https:\/\/blog.edu.turku.fi\/mikael\/files\/2019\/05\/a2af9471-6a43-46be-a40d-5011ea95c108.medium-1.jpg\"><span style=\"color: #000000\">Impivaaran jalkapallohallissa<\/span><img loading=\"lazy\" decoding=\"async\" class=\"alignnone size-large wp-image-257\" src=\"https:\/\/blog.edu.turku.fi\/mikael\/files\/2019\/05\/a2af9471-6a43-46be-a40d-5011ea95c108.medium-1-750x563.jpg\" alt=\"\" width=\"750\" height=\"563\" srcset=\"https:\/\/blog.edu.turku.fi\/mikael\/files\/2019\/05\/a2af9471-6a43-46be-a40d-5011ea95c108.medium-1.jpg 750w, https:\/\/blog.edu.turku.fi\/mikael\/files\/2019\/05\/a2af9471-6a43-46be-a40d-5011ea95c108.medium-1-300x225.jpg 300w\" sizes=\"auto, (max-width: 750px) 85vw, 750px\" \/><\/a><\/h5>\n<h5><a href=\"https:\/\/blog.edu.turku.fi\/mikael\/files\/2019\/05\/12af6e7c-9eec-429e-b6bf-fcc19f0f37f5.medium-2.jpg\"><span style=\"color: #000000\">Ruissalossa<\/span><img loading=\"lazy\" decoding=\"async\" class=\"alignnone size-large wp-image-259\" src=\"https:\/\/blog.edu.turku.fi\/mikael\/files\/2019\/05\/12af6e7c-9eec-429e-b6bf-fcc19f0f37f5.medium-2-750x563.jpg\" alt=\"\" width=\"750\" height=\"563\" srcset=\"https:\/\/blog.edu.turku.fi\/mikael\/files\/2019\/05\/12af6e7c-9eec-429e-b6bf-fcc19f0f37f5.medium-2.jpg 750w, https:\/\/blog.edu.turku.fi\/mikael\/files\/2019\/05\/12af6e7c-9eec-429e-b6bf-fcc19f0f37f5.medium-2-300x225.jpg 300w\" sizes=\"auto, (max-width: 750px) 85vw, 750px\" \/><\/a><\/h5>\n<h5><a href=\"https:\/\/blog.edu.turku.fi\/mikael\/files\/2021\/04\/Aurajoella-Forilla.jpeg\"><span style=\"color: #000000\">F\u00f6rill\u00e4<\/span><img loading=\"lazy\" decoding=\"async\" class=\"alignnone size-large wp-image-426\" src=\"https:\/\/blog.edu.turku.fi\/mikael\/files\/2021\/04\/Aurajoella-Forilla-768x1024.jpeg\" alt=\"\" width=\"768\" height=\"1024\" srcset=\"https:\/\/blog.edu.turku.fi\/mikael\/files\/2021\/04\/Aurajoella-Forilla.jpeg 768w, https:\/\/blog.edu.turku.fi\/mikael\/files\/2021\/04\/Aurajoella-Forilla-225x300.jpeg 225w\" sizes=\"auto, (max-width: 768px) 85vw, 768px\" \/><\/a><\/h5>\n<h5><a href=\"https:\/\/blog.edu.turku.fi\/mikael\/files\/2021\/04\/Ompeluskone.jpeg\"><span style=\"color: #000000\">Ompeluskone ja ompelija<\/span><img loading=\"lazy\" decoding=\"async\" class=\"alignnone size-large wp-image-427\" src=\"https:\/\/blog.edu.turku.fi\/mikael\/files\/2021\/04\/Ompeluskone-768x1024.jpeg\" alt=\"\" width=\"768\" height=\"1024\" srcset=\"https:\/\/blog.edu.turku.fi\/mikael\/files\/2021\/04\/Ompeluskone.jpeg 768w, https:\/\/blog.edu.turku.fi\/mikael\/files\/2021\/04\/Ompeluskone-225x300.jpeg 225w\" sizes=\"auto, (max-width: 768px) 85vw, 768px\" \/><\/a><\/h5>\n<h5>Urheilupuiston yksikk\u00f6<a href=\"https:\/\/blog.edu.turku.fi\/mikael\/files\/2021\/04\/UPI.jpg\"><img loading=\"lazy\" decoding=\"async\" class=\"alignnone size-large wp-image-440\" src=\"https:\/\/blog.edu.turku.fi\/mikael\/files\/2021\/04\/UPI-1024x667.jpg\" alt=\"\" width=\"1024\" height=\"667\" srcset=\"https:\/\/blog.edu.turku.fi\/mikael\/files\/2021\/04\/UPI.jpg 1024w, https:\/\/blog.edu.turku.fi\/mikael\/files\/2021\/04\/UPI-300x195.jpg 300w\" sizes=\"auto, (max-width: 709px) 85vw, (max-width: 909px) 67vw, (max-width: 1362px) 62vw, 840px\" \/><\/a><\/h5>\n<h5>JOPO<a href=\"https:\/\/blog.edu.turku.fi\/mikael\/files\/2021\/05\/JOPO.jpg\"><img loading=\"lazy\" decoding=\"async\" class=\"alignnone size-large wp-image-443\" src=\"https:\/\/blog.edu.turku.fi\/mikael\/files\/2021\/05\/JOPO-1024x768.jpg\" alt=\"\" width=\"1024\" height=\"768\" srcset=\"https:\/\/blog.edu.turku.fi\/mikael\/files\/2021\/05\/JOPO.jpg 1024w, https:\/\/blog.edu.turku.fi\/mikael\/files\/2021\/05\/JOPO-300x225.jpg 300w\" sizes=\"auto, (max-width: 709px) 85vw, (max-width: 909px) 67vw, (max-width: 1362px) 62vw, 840px\" \/><\/a><\/h5>\n<h5><a href=\"https:\/\/blog.edu.turku.fi\/mikael\/files\/2021\/05\/JOPO2.jpg\"><span style=\"color: #000000\">JOPO<\/span><img loading=\"lazy\" decoding=\"async\" class=\"alignnone size-large wp-image-444\" src=\"https:\/\/blog.edu.turku.fi\/mikael\/files\/2021\/05\/JOPO2-768x1024.jpg\" alt=\"\" width=\"768\" height=\"1024\" srcset=\"https:\/\/blog.edu.turku.fi\/mikael\/files\/2021\/05\/JOPO2.jpg 768w, https:\/\/blog.edu.turku.fi\/mikael\/files\/2021\/05\/JOPO2-225x300.jpg 225w\" sizes=\"auto, (max-width: 768px) 85vw, 768px\" \/><\/a><\/h5>\n","protected":false},"excerpt":{"rendered":"<p>Koulukatu syyskuun lopulla 2021 Paavo Nurmen stadionilla Yl\u00e4koulun oppilas apuna Taidemuseovierailu Laivanrakennusta Pihalla Impivaaran jalkapallohallissa Ruissalossa F\u00f6rill\u00e4 Ompeluskone ja ompelija Urheilupuiston yksikk\u00f6 JOPO JOPO<\/p>\n","protected":false},"author":2176,"featured_media":0,"parent":0,"menu_order":0,"comment_status":"closed","ping_status":"closed","template":"","meta":{"footnotes":""},"class_list":["post-49","page","type-page","status-publish","hentry"],"_links":{"self":[{"href":"https:\/\/blog.edu.turku.fi\/mikael\/wp-json\/wp\/v2\/pages\/49","targetHints":{"allow":["GET"]}}],"collection":[{"href":"https:\/\/blog.edu.turku.fi\/mikael\/wp-json\/wp\/v2\/pages"}],"about":[{"href":"https:\/\/blog.edu.turku.fi\/mikael\/wp-json\/wp\/v2\/types\/page"}],"author":[{"embeddable":true,"href":"https:\/\/blog.edu.turku.fi\/mikael\/wp-json\/wp\/v2\/users\/2176"}],"replies":[{"embeddable":true,"href":"https:\/\/blog.edu.turku.fi\/mikael\/wp-json\/wp\/v2\/comments?post=49"}],"version-history":[{"count":36,"href":"https:\/\/blog.edu.turku.fi\/mikael\/wp-json\/wp\/v2\/pages\/49\/revisions"}],"predecessor-version":[{"id":500,"href":"https:\/\/blog.edu.turku.fi\/mikael\/wp-json\/wp\/v2\/pages\/49\/revisions\/500"}],"wp:attachment":[{"href":"https:\/\/blog.edu.turku.fi\/mikael\/wp-json\/wp\/v2\/media?parent=49"}],"curies":[{"name":"wp","href":"https:\/\/api.w.org\/{rel}","templated":true}]}}