{"id":35,"date":"2016-12-15T13:12:33","date_gmt":"2016-12-15T11:12:33","guid":{"rendered":"https:\/\/blog.edu.turku.fi\/mikael\/?page_id=35"},"modified":"2019-05-15T16:36:14","modified_gmt":"2019-05-15T13:36:14","slug":"kayttaytymisen-arviointi","status":"publish","type":"page","link":"https:\/\/blog.edu.turku.fi\/mikael\/kayttaytymisen-arviointi\/","title":{"rendered":"K\u00e4ytt\u00e4ytymisen arviointi"},"content":{"rendered":"<table style=\"height: 49px\" width=\"790\">\n<tbody>\n<tr>\n<td width=\"351\">\n<h4>K\u00e4yt\u00f6sarvosanan perusteet<\/h4>\n<\/td>\n<\/tr>\n<\/tbody>\n<\/table>\n<table>\n<tbody>\n<tr>\n<td width=\"90\">Arvosana<\/td>\n<td width=\"562\">\u00a0\u00a0\u00a0\u00a0Perusteet<\/td>\n<\/tr>\n<tr>\n<td width=\"90\">10<\/td>\n<td width=\"562\">&#8211;\u00a0oppilas noudattaa koulun s\u00e4\u00e4nt\u00f6j\u00e4 poikkeuksetta<\/p>\n<p>&#8211;\u00a0oppilas k\u00e4ytt\u00e4ytyy esimerkillisesti ja vastuuntuntoisesti<\/p>\n<p>&nbsp;<\/td>\n<\/tr>\n<tr>\n<td width=\"90\">9<\/td>\n<td width=\"562\">&#8211;\u00a0oppilas noudattaa koulun s\u00e4\u00e4nt\u00f6j\u00e4 l\u00e4hes poikkeuksetta<\/p>\n<p>&#8211;\u00a0oppilas k\u00e4ytt\u00e4ytyy asiallisesti ja vastuuntuntoisesti<\/p>\n<p>&#8211; oppilas toimii rehellisesti ja luotettavasti<\/p>\n<p>&#8211;\u00a0oppilas ei aiheuta ty\u00f6rauhaongelmia<\/td>\n<\/tr>\n<tr>\n<td width=\"90\">8<\/td>\n<td width=\"562\">&#8211;\u00a0oppilas k\u00e4ytt\u00e4ytyy p\u00e4\u00e4s\u00e4\u00e4nt\u00f6isesti asiallisesti ja vastuuntuntoisesti<\/p>\n<p>&#8211;\u00a0oppilas toimii rehellisesti ja luotettavasti<\/p>\n<p>&#8211;\u00a0oppilas kykenee p\u00e4\u00e4s\u00e4\u00e4nt\u00f6isesti yhteisty\u00f6h\u00f6n ja on sopuisa<\/p>\n<p>&#8211;\u00a0oppilas ei varsinaisesti aiheuta ty\u00f6rauhaongelmia, huomautus tehoaa<\/p>\n<p>&#8211; oppilas k\u00e4y s\u00e4\u00e4nn\u00f6llisesti koulua<\/p>\n<p>&#8211; oppilas ymm\u00e4rt\u00e4\u00e4 vastuunsa oppimisymp\u00e4rist\u00f6st\u00e4 (oppimateriaalit,irtaimisto, jne.)<\/p>\n<p>&nbsp;<\/td>\n<\/tr>\n<tr>\n<td width=\"90\">7<\/td>\n<td width=\"562\">&#8211;\u00a0oppilas k\u00e4ytt\u00e4ytyy toisinaan asiattomasti<\/p>\n<p>&#8211; oppilas ei toimi luotettavasti ilman valvontaa<\/p>\n<p>&#8211;\u00a0oppilas riitelee, kantelee turhista asioista tai valehtelee<\/p>\n<p>&#8211; oppilas suhtautuu vastentahtoisesti saamiinsa teht\u00e4viin tai ohjeisiin<\/p>\n<p>&#8211; oppilas h\u00e4iritsee oppitunteja<\/p>\n<p>&nbsp;<\/td>\n<\/tr>\n<tr>\n<td width=\"90\">6<\/td>\n<td width=\"562\">&#8211;\u00a0oppilas k\u00e4ytt\u00e4ytyy usein asiattomasti<\/p>\n<p>&#8211;\u00a0oppilas rikkoo koulun s\u00e4\u00e4nt\u00f6j\u00e4 usein ja on ep\u00e4luotettava<\/p>\n<p>&#8211;\u00a0oppilas on usein riitaisa, kantelee tai valehtelee<\/p>\n<p>&#8211;\u00a0oppilas on syyllistynyt varkauteen, lunttaukseen tai luvattomaan poissaoloon<\/p>\n<p>&#8211;\u00a0oppilas suhtautuu negatiivisesti saamiinsa teht\u00e4viin tai ohjeisiin<\/p>\n<p>&#8211;\u00a0oppilas h\u00e4iritsee oppitunteja ja est\u00e4\u00e4 k\u00e4ytt\u00e4ytymisell\u00e4\u00e4n omaa ja toisten ty\u00f6skentely\u00e4<\/p>\n<p>&#8211;\u00a0\u00a0oppilas ei ymm\u00e4rr\u00e4 vastuutaan oppimisymp\u00e4rist\u00f6st\u00e4<\/td>\n<\/tr>\n<tr>\n<td width=\"90\">5<\/td>\n<td width=\"562\">&#8211; oppilas k\u00e4ytt\u00e4ytyy asiattomasti<\/p>\n<p>&#8211; oppilas on ep\u00e4rehellinen ja ep\u00e4luotettava<\/p>\n<p>&#8211; oppilas varastelee, lunttaa ja on luvatta poissa koulusta<\/p>\n<p>&#8211;\u00a0oppilas kielt\u00e4ytyy usein kouluty\u00f6st\u00e4<\/p>\n<p>&#8211;\u00a0oppilas aiheuttaa k\u00e4yt\u00f6ksell\u00e4\u00e4n vaaratilanteita<\/p>\n<p>&#8211; oppilas tuhoaa ty\u00f6v\u00e4lineit\u00e4\u00e4n<\/td>\n<\/tr>\n<tr>\n<td width=\"90\">4<\/td>\n<td width=\"562\">&#8211; oppilaalla ei ole edellytyksi\u00e4 suorittaa oppivelvollisuuttaan t\u00e4ss\u00e4 \u00a0 koulumuodossa<\/td>\n<\/tr>\n<\/tbody>\n<\/table>\n<p>&nbsp;<\/p>\n<p>&nbsp;<\/p>\n","protected":false},"excerpt":{"rendered":"<p>K\u00e4yt\u00f6sarvosanan perusteet Arvosana \u00a0\u00a0\u00a0\u00a0Perusteet 10 &#8211;\u00a0oppilas noudattaa koulun s\u00e4\u00e4nt\u00f6j\u00e4 poikkeuksetta &#8211;\u00a0oppilas k\u00e4ytt\u00e4ytyy esimerkillisesti ja vastuuntuntoisesti &nbsp; 9 &#8211;\u00a0oppilas noudattaa koulun s\u00e4\u00e4nt\u00f6j\u00e4 l\u00e4hes poikkeuksetta &#8211;\u00a0oppilas k\u00e4ytt\u00e4ytyy asiallisesti ja vastuuntuntoisesti &#8211; oppilas toimii rehellisesti ja luotettavasti &#8211;\u00a0oppilas ei aiheuta ty\u00f6rauhaongelmia 8 &#8211;\u00a0oppilas k\u00e4ytt\u00e4ytyy p\u00e4\u00e4s\u00e4\u00e4nt\u00f6isesti asiallisesti ja vastuuntuntoisesti &#8211;\u00a0oppilas toimii rehellisesti ja luotettavasti &#8211;\u00a0oppilas kykenee p\u00e4\u00e4s\u00e4\u00e4nt\u00f6isesti yhteisty\u00f6h\u00f6n ja &hellip; <a href=\"https:\/\/blog.edu.turku.fi\/mikael\/kayttaytymisen-arviointi\/\" class=\"more-link\">Jatka lukemista<span class=\"screen-reader-text\"> &#8221;K\u00e4ytt\u00e4ytymisen arviointi&#8221;<\/span><\/a><\/p>\n","protected":false},"author":2176,"featured_media":0,"parent":0,"menu_order":0,"comment_status":"closed","ping_status":"closed","template":"","meta":{"footnotes":""},"class_list":["post-35","page","type-page","status-publish","hentry"],"_links":{"self":[{"href":"https:\/\/blog.edu.turku.fi\/mikael\/wp-json\/wp\/v2\/pages\/35","targetHints":{"allow":["GET"]}}],"collection":[{"href":"https:\/\/blog.edu.turku.fi\/mikael\/wp-json\/wp\/v2\/pages"}],"about":[{"href":"https:\/\/blog.edu.turku.fi\/mikael\/wp-json\/wp\/v2\/types\/page"}],"author":[{"embeddable":true,"href":"https:\/\/blog.edu.turku.fi\/mikael\/wp-json\/wp\/v2\/users\/2176"}],"replies":[{"embeddable":true,"href":"https:\/\/blog.edu.turku.fi\/mikael\/wp-json\/wp\/v2\/comments?post=35"}],"version-history":[{"count":6,"href":"https:\/\/blog.edu.turku.fi\/mikael\/wp-json\/wp\/v2\/pages\/35\/revisions"}],"predecessor-version":[{"id":252,"href":"https:\/\/blog.edu.turku.fi\/mikael\/wp-json\/wp\/v2\/pages\/35\/revisions\/252"}],"wp:attachment":[{"href":"https:\/\/blog.edu.turku.fi\/mikael\/wp-json\/wp\/v2\/media?parent=35"}],"curies":[{"name":"wp","href":"https:\/\/api.w.org\/{rel}","templated":true}]}}