{"id":33,"date":"2016-12-15T13:11:43","date_gmt":"2016-12-15T11:11:43","guid":{"rendered":"https:\/\/blog.edu.turku.fi\/mikael\/?page_id=33"},"modified":"2019-05-15T10:18:23","modified_gmt":"2019-05-15T07:18:23","slug":"arvosanojen-maaraytymisperusteet","status":"publish","type":"page","link":"https:\/\/blog.edu.turku.fi\/mikael\/arvosanojen-maaraytymisperusteet\/","title":{"rendered":"Arvosanojen m\u00e4\u00e4r\u00e4ytymisperusteet"},"content":{"rendered":"<p>Lukuvuosi- ja v\u00e4litodistuksissa annetaan sanallinen arviointi 1.-2. luokilla. 3. luokasta alkaen k\u00e4ytet\u00e4\u00e4n numeroarvostelua lukuun ottamatta seuraavia poikkeuksia:<\/p>\n<p>&#8211; A 1 \u0096 kielen numeroarvostelu aloitetaan 3. luokan kev\u00e4\u00e4ll\u00e4<\/p>\n<p>&#8211; A 2 \u0096 kielen numeroarvostelu aloitetaan 4. luokan kev\u00e4\u00e4ll\u00e4<\/p>\n<p>&#8211; uskonnosta ja el\u00e4m\u00e4nkatsomustiedosta annetaan numeroarvostelu<\/p>\n<ol start=\"5\">\n<li>luokasta alkaen<\/li>\n<\/ol>\n<p>&#8211; alakoulussa 5.-6. lk:n valinnainen liikunta otetaan huomioon<\/p>\n<p>pakollista eli kaikille yhteist\u00e4 liikuntaa arvioitaessa<\/p>\n<p>&#8211; yl\u00e4koulussa valinnainen tietotekniikka otetaan p\u00e4\u00e4tt\u00f6arvioinnissa<\/p>\n<p>huomioon \u00e4idinkielen ja matematiikan syvent\u00e4vin\u00e4 opintoina, jolloin<\/p>\n<p>ne voivat korottaa kyseisten aineiden arvosanoja<\/p>\n<p>&nbsp;<\/p>\n<p>&nbsp;<\/p>\n<p>&nbsp;<\/p>\n<table width=\"\">\n<tbody>\n<tr>\n<td width=\"84\">Arvo-<\/p>\n<p>sana<\/td>\n<td width=\"197\">&nbsp;<\/p>\n<p>Oppiaineksen hallinta<\/td>\n<td width=\"208\">&nbsp;<\/p>\n<p>Asenne<\/td>\n<td width=\"208\">&nbsp;<\/p>\n<p>Ty\u00f6skentely<\/td>\n<\/tr>\n<tr>\n<td width=\"84\">10<\/td>\n<td width=\"197\">\u00b7 Hallitsee ko. aineen \u00a0 oppisis\u00e4ll\u00f6n erinomaisesti ja pystyy soveltamaan tietojaan hyvin<\/p>\n<p>\u00b7 Koetulokset erinomaisia<\/td>\n<td width=\"208\">\u00b7 Aktiivisuus ja asennoituminen esimerkillist\u00e4<\/td>\n<td width=\"208\">\u00b7Pystyy itsen\u00e4iseen, oma-aloitteiseen ja muita kannustavaan ty\u00f6skentelyyn<\/td>\n<\/tr>\n<tr>\n<td width=\"84\">9<\/td>\n<td width=\"197\">\u00b7 Hallitsee ko. aineen oppisis\u00e4ll\u00f6n hyvin ja pystyy soveltamaan tietojaan<\/p>\n<p>\u00b7 Koetulokset kiitett\u00e4vi\u00e4<\/td>\n<td width=\"208\">\u00b7 Aktiivisuus ja asennoituminen kiitett\u00e4v\u00e4\u00e4<\/td>\n<td width=\"208\">\u00b7 Ty\u00f6skentelee aktiivisesti ja itsen\u00e4isesti(kin)<\/td>\n<\/tr>\n<tr>\n<td width=\"84\">8<\/td>\n<td width=\"197\">\u00b7 Hallitsee ko. aineen perusoppisis\u00e4ll\u00f6n hyvin ja pystyy soveltamaan tietojaan ohjattuna<\/p>\n<p>\u00b7 Koetulokset hyvi\u00e4<\/td>\n<td width=\"208\">\u00b7 Aktiivisuus ja asennoituminen hyv\u00e4\u00e4<\/td>\n<td width=\"208\">\u00b7 Ty\u00f6skentelee vastuullisesti<\/td>\n<\/tr>\n<tr>\n<td width=\"84\">7<\/td>\n<td width=\"197\">\u00b7 Hallitsee ko. aineen\u00a0\u00a0\u00a0\u00a0 perusoppisis\u00e4ll\u00f6t kohtuullisesti<\/p>\n<p>\u00b7 Koetulokset tyydytt\u00e4vi\u00e4<\/td>\n<td width=\"208\">\u00b7 Asenne p\u00e4\u00e4osin my\u00f6nteinen<\/td>\n<td width=\"208\">\u00b7 Ty\u00f6skentelee p\u00e4\u00e4osin vastuullisesti<\/td>\n<\/tr>\n<tr>\n<td width=\"84\">6<\/td>\n<td width=\"197\">\u00b7 Hallitsee ko. aineen perusoppisis\u00e4ll\u00f6t puutteellisesti<\/p>\n<p>Koetulokset<\/p>\n<p>vaihtelevia<\/td>\n<td width=\"208\">\u00b7 Asenteessa toivomisen varaa<\/td>\n<td width=\"208\">\u00b7 Ty\u00f6skentely ep\u00e4s\u00e4\u00e4nn\u00f6llist\u00e4 ja vaihtelevaa<\/td>\n<\/tr>\n<tr>\n<td width=\"84\">5<\/td>\n<td width=\"197\">\u00b7 Hallitsee ko. aineen perusoppisis\u00e4ll\u00f6t \u00a0\u00a0 heikosti<\/p>\n<p>\u00b7 Koetulokset heikkoja<\/td>\n<td width=\"208\">\u00b7 Osallistuu opetukseen<\/td>\n<td width=\"208\">\u00b7 Ty\u00f6skentely v\u00e4linpit\u00e4m\u00e4t\u00f6nt\u00e4<\/td>\n<\/tr>\n<tr>\n<td width=\"84\">4<\/td>\n<td width=\"197\">\u00b7 Ei hallitse ko. aineen perusoppisis\u00e4lt\u00f6j\u00e4<\/p>\n<p>\u00b7 Ei hyv\u00e4ksyttyj\u00e4 koesuorituksia<\/td>\n<td width=\"208\">\u00b7 Ei osallistu opetukseen<\/td>\n<td width=\"208\">\u00b7 Ty\u00f6skentely v\u00e4linpit\u00e4m\u00e4t\u00f6nt\u00e4<\/td>\n<\/tr>\n<\/tbody>\n<\/table>\n<p>&nbsp;<\/p>\n<p>&nbsp;<\/p>\n","protected":false},"excerpt":{"rendered":"<p>Lukuvuosi- ja v\u00e4litodistuksissa annetaan sanallinen arviointi 1.-2. luokilla. 3. luokasta alkaen k\u00e4ytet\u00e4\u00e4n numeroarvostelua lukuun ottamatta seuraavia poikkeuksia: &#8211; A 1 \u0096 kielen numeroarvostelu aloitetaan 3. luokan kev\u00e4\u00e4ll\u00e4 &#8211; A 2 \u0096 kielen numeroarvostelu aloitetaan 4. luokan kev\u00e4\u00e4ll\u00e4 &#8211; uskonnosta ja el\u00e4m\u00e4nkatsomustiedosta annetaan numeroarvostelu luokasta alkaen &#8211; alakoulussa 5.-6. lk:n valinnainen liikunta otetaan huomioon pakollista eli &hellip; <a href=\"https:\/\/blog.edu.turku.fi\/mikael\/arvosanojen-maaraytymisperusteet\/\" class=\"more-link\">Jatka lukemista<span class=\"screen-reader-text\"> &#8221;Arvosanojen m\u00e4\u00e4r\u00e4ytymisperusteet&#8221;<\/span><\/a><\/p>\n","protected":false},"author":2176,"featured_media":0,"parent":0,"menu_order":0,"comment_status":"closed","ping_status":"closed","template":"","meta":{"footnotes":""},"class_list":["post-33","page","type-page","status-publish","hentry"],"_links":{"self":[{"href":"https:\/\/blog.edu.turku.fi\/mikael\/wp-json\/wp\/v2\/pages\/33","targetHints":{"allow":["GET"]}}],"collection":[{"href":"https:\/\/blog.edu.turku.fi\/mikael\/wp-json\/wp\/v2\/pages"}],"about":[{"href":"https:\/\/blog.edu.turku.fi\/mikael\/wp-json\/wp\/v2\/types\/page"}],"author":[{"embeddable":true,"href":"https:\/\/blog.edu.turku.fi\/mikael\/wp-json\/wp\/v2\/users\/2176"}],"replies":[{"embeddable":true,"href":"https:\/\/blog.edu.turku.fi\/mikael\/wp-json\/wp\/v2\/comments?post=33"}],"version-history":[{"count":5,"href":"https:\/\/blog.edu.turku.fi\/mikael\/wp-json\/wp\/v2\/pages\/33\/revisions"}],"predecessor-version":[{"id":107,"href":"https:\/\/blog.edu.turku.fi\/mikael\/wp-json\/wp\/v2\/pages\/33\/revisions\/107"}],"wp:attachment":[{"href":"https:\/\/blog.edu.turku.fi\/mikael\/wp-json\/wp\/v2\/media?parent=33"}],"curies":[{"name":"wp","href":"https:\/\/api.w.org\/{rel}","templated":true}]}}