{"id":293,"date":"2019-09-17T18:19:33","date_gmt":"2019-09-17T15:19:33","guid":{"rendered":"https:\/\/blog.edu.turku.fi\/mikael\/?page_id=293"},"modified":"2026-04-09T12:35:50","modified_gmt":"2026-04-09T09:35:50","slug":"koulukohtaiset-asiat","status":"publish","type":"page","link":"https:\/\/blog.edu.turku.fi\/mikael\/koulukohtaiset-asiat\/","title":{"rendered":"Koulukohtaiset asiat 2025-2026"},"content":{"rendered":"<table width=\"100%\">\n<tbody>\n<tr>\n<td width=\"100%\"><strong>LAUANTAITY\u00d6P\u00c4IV\u00c4<\/strong><\/p>\n<p>Mikaelin koulussa on ty\u00f6p\u00e4iv\u00e4 lauantaina 10.1.2026<\/p>\n<p><strong>VAPAAP\u00c4IV\u00c4<\/strong><\/p>\n<p>Mikaelin koulussa on vapaap\u00e4iv\u00e4 perjantaina 15.5.2026<\/p>\n<p><strong>OPPILASHUOLTO<\/strong><\/p>\n<p>Koulun jokaisessa toimipisteess\u00e4 kokoontuu\u00a0 moniammatillinen yhteisty\u00f6ryhm\u00e4 MAR.<\/p>\n<p>Moniammatilliseen yhteisty\u00f6ryhm\u00e4\u00e4n kutsutaan aina oppilaan huoltajat sek\u00e4 tapauskohtaisesti tarvittava muu yhteisty\u00f6taho. Asiat k\u00e4sitell\u00e4\u00e4n luottamuksellisesti ja salassapitos\u00e4\u00e4nn\u00f6sten mukaisesti.<\/p>\n<p><strong>TERVEYDENHUOLTO<\/strong><\/p>\n<table>\n<tbody>\n<tr>\n<td width=\"180\">Koulul\u00e4\u00e4k\u00e4ri<\/td>\n<td width=\"425\">Kaikissa yksik\u00f6iss\u00e4 l\u00e4\u00e4k\u00e4ri\u00a0 2662 637 \/ ajanvaraus terveydenhoitajan kautta<\/td>\n<\/tr>\n<tr>\n<td width=\"180\">Kouluterveydenhoitaja<\/td>\n<td width=\"425\">Marja Spets-Aho\u00a0040 6805 923<\/td>\n<\/tr>\n<tr>\n<td width=\"180\">Koulukuraattori<\/td>\n<td width=\"425\">Laura Rapo\u00a0 040 5489251<\/td>\n<\/tr>\n<tr>\n<td width=\"180\">Koulupsykologi<\/td>\n<td width=\"425\">P\u00e4ivi Puska 040-6739616<\/td>\n<\/tr>\n<\/tbody>\n<\/table>\n<p>&nbsp;<\/td>\n<\/tr>\n<tr>\n<td width=\"100%\"><strong>KOULUKYYDITYS<\/strong><\/p>\n<p>Taksit<\/p>\n<p>Mik\u00e4li koulutaksissa kulkeva oppilas ei tarvitse kyyti\u00e4 (esim. sairaana) on huoltajan ilmoitettava asiasta sek\u00e4 aamu- ett\u00e4 iltap\u00e4iv\u00e4kyydin kuljettajalle, jotta v\u00e4ltyt\u00e4\u00e4n turhalta odottamiselta ja viivytyksilt\u00e4.<\/p>\n<p>Ilmoitus tehd\u00e4\u00e4n seuraavaan numeroon:<\/p>\n<p>Taxidata \u00a0\u00a0\u00a0\u00a0\u00a0 020010041<\/p>\n<p>Koulukuljetuksista voi tiedustella apulaisrehtori Harri Yliselt\u00e4\u00a0 044-9075412<\/p>\n<p><strong>MIKAELIN KOULUN OPPILASKUNTA<\/strong><\/p>\n<p>Oppilaskunnan ohjaajana toimii alakoulussa opettaja Anne-Mari Dyrendahl-Nyblin ja yl\u00e4koulussa opettaja Janne Virtanen.<\/p>\n<p><strong>VALINNAISAINEET<\/strong><\/p>\n<p>Alla olevien linkkien takaa l\u00f6ytyy lis\u00e4tietoa koulun valinnaisaineista.<\/p>\n<p><a href=\"https:\/\/blog.edu.turku.fi\/mikael\/files\/2026\/04\/Mikaelin-alakoulun-valinnaisainetarjonta-Harrilta.pdf\">Alakoulun valinnaisaineet<\/a><\/p>\n<p><a href=\"https:\/\/blog.edu.turku.fi\/mikael\/files\/2025\/08\/UTF-8Mikaelin-ylakoulun-valinnaisainetarjonta.pdf\" target=\"_blank\" rel=\"noopener\">Yl\u00e4koulun valinnaisaineet<\/a><\/p>\n<p><strong>HARRASTELUKUJ\u00c4RJESTYS<\/strong><\/p>\n<p>Mikaelin koulun harraste- ja kerhotoimintalukuj\u00e4rjestyksen l\u00f6yd\u00e4 <a href=\"https:\/\/www.turku.fi\/mikaelin-koulun-harrastelukkari\">t\u00e4st\u00e4 linkist\u00e4.<\/a><\/td>\n<\/tr>\n<\/tbody>\n<\/table>\n","protected":false},"excerpt":{"rendered":"<p>LAUANTAITY\u00d6P\u00c4IV\u00c4 Mikaelin koulussa on ty\u00f6p\u00e4iv\u00e4 lauantaina 10.1.2026 VAPAAP\u00c4IV\u00c4 Mikaelin koulussa on vapaap\u00e4iv\u00e4 perjantaina 15.5.2026 OPPILASHUOLTO Koulun jokaisessa toimipisteess\u00e4 kokoontuu\u00a0 moniammatillinen yhteisty\u00f6ryhm\u00e4 MAR. Moniammatilliseen yhteisty\u00f6ryhm\u00e4\u00e4n kutsutaan aina oppilaan huoltajat sek\u00e4 tapauskohtaisesti tarvittava muu yhteisty\u00f6taho. Asiat k\u00e4sitell\u00e4\u00e4n luottamuksellisesti ja salassapitos\u00e4\u00e4nn\u00f6sten mukaisesti. TERVEYDENHUOLTO Koulul\u00e4\u00e4k\u00e4ri Kaikissa yksik\u00f6iss\u00e4 l\u00e4\u00e4k\u00e4ri\u00a0 2662 637 \/ ajanvaraus terveydenhoitajan kautta Kouluterveydenhoitaja Marja Spets-Aho\u00a0040 6805 923 &hellip; <a href=\"https:\/\/blog.edu.turku.fi\/mikael\/koulukohtaiset-asiat\/\" class=\"more-link\">Jatka lukemista<span class=\"screen-reader-text\"> &#8221;Koulukohtaiset asiat 2025-2026&#8221;<\/span><\/a><\/p>\n","protected":false},"author":2176,"featured_media":0,"parent":0,"menu_order":0,"comment_status":"closed","ping_status":"closed","template":"","meta":{"footnotes":""},"class_list":["post-293","page","type-page","status-publish","hentry"],"_links":{"self":[{"href":"https:\/\/blog.edu.turku.fi\/mikael\/wp-json\/wp\/v2\/pages\/293","targetHints":{"allow":["GET"]}}],"collection":[{"href":"https:\/\/blog.edu.turku.fi\/mikael\/wp-json\/wp\/v2\/pages"}],"about":[{"href":"https:\/\/blog.edu.turku.fi\/mikael\/wp-json\/wp\/v2\/types\/page"}],"author":[{"embeddable":true,"href":"https:\/\/blog.edu.turku.fi\/mikael\/wp-json\/wp\/v2\/users\/2176"}],"replies":[{"embeddable":true,"href":"https:\/\/blog.edu.turku.fi\/mikael\/wp-json\/wp\/v2\/comments?post=293"}],"version-history":[{"count":43,"href":"https:\/\/blog.edu.turku.fi\/mikael\/wp-json\/wp\/v2\/pages\/293\/revisions"}],"predecessor-version":[{"id":659,"href":"https:\/\/blog.edu.turku.fi\/mikael\/wp-json\/wp\/v2\/pages\/293\/revisions\/659"}],"wp:attachment":[{"href":"https:\/\/blog.edu.turku.fi\/mikael\/wp-json\/wp\/v2\/media?parent=293"}],"curies":[{"name":"wp","href":"https:\/\/api.w.org\/{rel}","templated":true}]}}