{"id":29,"date":"2016-12-15T13:07:10","date_gmt":"2016-12-15T11:07:10","guid":{"rendered":"https:\/\/blog.edu.turku.fi\/mikael\/?page_id=29"},"modified":"2026-04-09T12:44:26","modified_gmt":"2026-04-09T09:44:26","slug":"opettajat","status":"publish","type":"page","link":"https:\/\/blog.edu.turku.fi\/mikael\/opettajat\/","title":{"rendered":"Opettajat  ja ohjaajat 2025-2026"},"content":{"rendered":"<table width=\"732\">\n<tbody>\n<tr>\n<td>Rehtori<\/td>\n<td>Jari Malin<\/td>\n<td>050-3313140<\/td>\n<\/tr>\n<tr>\n<td>Apulaisrehtori<\/td>\n<td>Harri Ylinen<\/td>\n<td>044-9075412<\/td>\n<\/tr>\n<tr>\n<td><\/td>\n<td><\/td>\n<td><\/td>\n<\/tr>\n<tr>\n<td width=\"195\">\n<h4>Koulukatu<\/h4>\n<\/td>\n<td width=\"346\">Koulukatu 8<\/td>\n<td width=\"177\"><\/td>\n<\/tr>\n<tr>\n<td>1A<\/td>\n<td>Riku Kuusisto<\/td>\n<td>044-9075406<\/td>\n<\/tr>\n<tr>\n<td>1B<\/td>\n<td>Marikki Salminen<\/td>\n<td>044-9075405<\/td>\n<\/tr>\n<tr>\n<td>2A<\/td>\n<td>Markus Michelsson<\/td>\n<td>044-9075409<\/td>\n<\/tr>\n<tr>\n<td>3A<\/td>\n<td>Jessica Casagrande<\/td>\n<td>044-9075429<\/td>\n<\/tr>\n<tr>\n<td>3B<\/td>\n<td>Severi Paajanen<\/td>\n<td>040-6538409<\/td>\n<\/tr>\n<tr>\n<td>4A<\/td>\n<td>Matias Lagercrantz<\/td>\n<td>040-1547275<\/td>\n<\/tr>\n<tr>\n<td>4B<\/td>\n<td>Minna Tenho<\/td>\n<td>044-9075410<\/td>\n<\/tr>\n<tr>\n<td>5A<\/td>\n<td>Anne-Mari Dyrendahl-Nyblin<\/td>\n<td>044-9075402<\/td>\n<\/tr>\n<tr>\n<td>5B<\/td>\n<td>Harri Ylinen<\/td>\n<td>044-9075412<\/td>\n<\/tr>\n<tr>\n<td>6A<\/td>\n<td>Pilvi Latva<\/td>\n<td>040-4830675<\/td>\n<\/tr>\n<tr>\n<td>6B<\/td>\n<td>Johannes Latva<\/td>\n<td>040-1244575<\/td>\n<\/tr>\n<tr>\n<td>resurssiopettaja<\/td>\n<td>Minna Andell<\/td>\n<td>044-9075401<\/td>\n<\/tr>\n<tr>\n<td>ohjaajat<\/td>\n<td>Maaru Korpi<\/td>\n<td>044-9075420<\/td>\n<\/tr>\n<tr>\n<td><\/td>\n<td>Hanna Prami<\/td>\n<td><\/td>\n<\/tr>\n<tr>\n<td><\/td>\n<td><\/td>\n<td><\/td>\n<\/tr>\n<tr>\n<td>\n<h4>Lyseo<\/h4>\n<\/td>\n<td>Varusmestarintie 19<\/td>\n<td><\/td>\n<\/tr>\n<tr>\n<td>7A<\/td>\n<td>Jukka Haapasalo<\/td>\n<td>044-9075403<\/td>\n<\/tr>\n<tr>\n<td>7B<\/td>\n<td>Timo Helminen<\/td>\n<td>044-9075422<\/td>\n<\/tr>\n<tr>\n<td>8A<\/td>\n<td>Jukka-Pekka Per\u00e4l\u00e4<\/td>\n<td>040-1454901<\/td>\n<\/tr>\n<tr>\n<td>8B<\/td>\n<td>Tuomas Brummer<\/td>\n<td>044-9075417<\/td>\n<\/tr>\n<tr>\n<td>9A<\/td>\n<td>Pertti Hietanen<\/td>\n<td>044-9075418<\/td>\n<\/tr>\n<tr>\n<td>9B<\/td>\n<td>Janne Virtanen<\/td>\n<td>040-1956591<\/td>\n<\/tr>\n<tr>\n<td>resurssiopettajat<\/td>\n<td>Juha Harju<\/td>\n<td>044-9074400<\/td>\n<\/tr>\n<tr>\n<td><\/td>\n<td>\u00a0Matti Hurme<\/td>\n<td>\u00a0044-9075425<\/td>\n<\/tr>\n<tr>\n<td><\/td>\n<td><\/td>\n<td><\/td>\n<\/tr>\n<tr>\n<td>\n<h4>Urheilupuiston yksikk\u00f6<\/h4>\n<\/td>\n<td>Luolavuorentie 1 A<\/td>\n<td><\/td>\n<\/tr>\n<tr>\n<td>\u00a01-6A<\/td>\n<td>Emmi Latva<\/td>\n<td>044-9075404<\/td>\n<\/tr>\n<tr>\n<td>1-6B<\/td>\n<td>Jonna Sinisalo<\/td>\n<td>044-9075018<\/td>\n<\/tr>\n<tr>\n<td>7-9D<\/td>\n<td>Mikko Knuuti<\/td>\n<td>044-9075414<\/td>\n<\/tr>\n<tr>\n<td>7-9E<\/td>\n<td>Juha Sundqvist<\/td>\n<td>044-9075427<\/td>\n<\/tr>\n<tr>\n<td>ohjaajat<\/td>\n<td>Jonna Kettunen<\/td>\n<td>050-4323709<\/td>\n<\/tr>\n<tr>\n<td><\/td>\n<td><\/td>\n<td><\/td>\n<\/tr>\n<tr>\n<td>\n<h4>JOPO<\/h4>\n<\/td>\n<td>Luolavuorentie 1 A<\/p>\n<p>&nbsp;<\/td>\n<td><a href=\"https:\/\/www.turku.fi\/sites\/default\/files\/atoms\/files\/turun_kaupunki_hakemus_joustavaan_perusopetukseen.pdf\">JOPO-hakemus<\/a><\/p>\n<p><a href=\"https:\/\/www.turku.fi\/sites\/default\/files\/atoms\/files\/jopo_turussa.pdf\">JOPO-esite<\/a><\/td>\n<\/tr>\n<tr>\n<td>7-9A<\/td>\n<td>Tommi R\u00e4s\u00e4nen<\/td>\n<td>044-9072026<\/td>\n<\/tr>\n<tr>\n<td>7-9B<\/td>\n<td>Janne Jylh\u00e4<\/td>\n<td>044-9072333<\/td>\n<\/tr>\n<tr>\n<td>7-9C<\/td>\n<td>Erik Eemil\u00e4<\/td>\n<td>050-4323654<\/td>\n<\/tr>\n<tr>\n<td>ohjaaja<\/td>\n<td>Susanna Ranta<\/td>\n<td>040-8483402<\/td>\n<\/tr>\n<tr>\n<td><\/td>\n<td><\/td>\n<td><\/td>\n<\/tr>\n<tr>\n<td>\n<h4>SISUKAS<\/h4>\n<\/td>\n<td>Luolavuorentie 1 A<\/td>\n<td><\/td>\n<\/tr>\n<tr>\n<td>1-9<\/td>\n<td>Mikael Ristim\u00e4ki<\/td>\n<td>044-7525756<\/td>\n<\/tr>\n<tr>\n<td>ohjaaja<\/td>\n<td>Leo Tommila<\/td>\n<td>044-9075415<\/td>\n<\/tr>\n<tr>\n<td><\/td>\n<td><\/td>\n<td><\/td>\n<\/tr>\n<\/tbody>\n<\/table>\n<p><span style=\"color: #ff0000;\">Opettajien ja ohjaajien s\u00e4hk\u00f6postiosoitteet ovat muotoa: etunimi.sukunimi@edu.turku.fi (Huom. \u00e4 ja \u00f6)<\/span><\/p>\n<p>&nbsp;<\/p>\n","protected":false},"excerpt":{"rendered":"<p>Rehtori Jari Malin 050-3313140 Apulaisrehtori Harri Ylinen 044-9075412 Koulukatu Koulukatu 8 1A Riku Kuusisto 044-9075406 1B Marikki Salminen 044-9075405 2A Markus Michelsson 044-9075409 3A Jessica Casagrande 044-9075429 3B Severi Paajanen 040-6538409 4A Matias Lagercrantz 040-1547275 4B Minna Tenho 044-9075410 5A Anne-Mari Dyrendahl-Nyblin 044-9075402 5B Harri Ylinen 044-9075412 6A Pilvi Latva 040-4830675 6B Johannes Latva 040-1244575 &hellip; <a href=\"https:\/\/blog.edu.turku.fi\/mikael\/opettajat\/\" class=\"more-link\">Jatka lukemista<span class=\"screen-reader-text\"> &#8221;Opettajat  ja ohjaajat 2025-2026&#8221;<\/span><\/a><\/p>\n","protected":false},"author":2176,"featured_media":0,"parent":0,"menu_order":0,"comment_status":"closed","ping_status":"closed","template":"","meta":{"footnotes":""},"class_list":["post-29","page","type-page","status-publish","hentry"],"_links":{"self":[{"href":"https:\/\/blog.edu.turku.fi\/mikael\/wp-json\/wp\/v2\/pages\/29","targetHints":{"allow":["GET"]}}],"collection":[{"href":"https:\/\/blog.edu.turku.fi\/mikael\/wp-json\/wp\/v2\/pages"}],"about":[{"href":"https:\/\/blog.edu.turku.fi\/mikael\/wp-json\/wp\/v2\/types\/page"}],"author":[{"embeddable":true,"href":"https:\/\/blog.edu.turku.fi\/mikael\/wp-json\/wp\/v2\/users\/2176"}],"replies":[{"embeddable":true,"href":"https:\/\/blog.edu.turku.fi\/mikael\/wp-json\/wp\/v2\/comments?post=29"}],"version-history":[{"count":95,"href":"https:\/\/blog.edu.turku.fi\/mikael\/wp-json\/wp\/v2\/pages\/29\/revisions"}],"predecessor-version":[{"id":661,"href":"https:\/\/blog.edu.turku.fi\/mikael\/wp-json\/wp\/v2\/pages\/29\/revisions\/661"}],"wp:attachment":[{"href":"https:\/\/blog.edu.turku.fi\/mikael\/wp-json\/wp\/v2\/media?parent=29"}],"curies":[{"name":"wp","href":"https:\/\/api.w.org\/{rel}","templated":true}]}}