{"id":284,"date":"2019-09-17T17:55:23","date_gmt":"2019-09-17T14:55:23","guid":{"rendered":"https:\/\/blog.edu.turku.fi\/mikael\/?page_id=284"},"modified":"2025-09-18T11:31:20","modified_gmt":"2025-09-18T08:31:20","slug":"jarjestyssaannot","status":"publish","type":"page","link":"https:\/\/blog.edu.turku.fi\/mikael\/jarjestyssaannot\/","title":{"rendered":"J\u00e4rjestyss\u00e4\u00e4nn\u00f6t"},"content":{"rendered":"<p>Turku \u2013 Lasten ja nuorten palvelukokonaisuus<br \/>\nPerusopetus<\/p>\n<p>Mikaelin koulun j\u00e4rjestyss\u00e4\u00e4nn\u00f6t<\/p>\n<p>S\u00e4\u00e4nn\u00f6t ovat v\u00e4ltt\u00e4m\u00e4tt\u00f6mi\u00e4 kouluyhteis\u00f6n toiminnan ja ty\u00f6rauhan s\u00e4ilymisen sek\u00e4 j\u00e4senten<br \/>\nturvallisuuden ja viihtyvyyden vuoksi. Ty\u00f6rauha on ehdoton edellytys kouluty\u00f6n onnistumiselle. S\u00e4\u00e4nn\u00f6t<br \/>\ntotuttavat oppilaan vastuuseen ja yhteiskunnan j\u00e4senyyteen sek\u00e4 arvostavaan vuorovaikutukseen<br \/>\nmuiden ihmisten kanssa.<br \/>\nOppilaan on suoritettava teht\u00e4v\u00e4ns\u00e4 tunnollisesti ja k\u00e4ytt\u00e4ydytt\u00e4v\u00e4 asiallisesti. Oppilaan on<br \/>\nk\u00e4ytt\u00e4ydytt\u00e4v\u00e4 muita kiusaamatta ja syrjim\u00e4tt\u00e4 sek\u00e4 toimittava siten, ettei h\u00e4n vaaranna muiden<br \/>\noppilaiden, kouluyhteis\u00f6n tai opiskeluymp\u00e4rist\u00f6n turvallisuutta tai terveytt\u00e4 (POL 35\u00a7).<br \/>\nJ\u00e4rjestyss\u00e4\u00e4nt\u00f6j\u00e4 noudatetaan aina kouluaikana, koulualueella ja kaikessa lukuvuosisuunnitelman<br \/>\nkuvaamassa koulun toiminnassa. (POL 29\u00a7, POL 35-36\u00a7)<\/p>\n<p>1. Koko kouluyhteis\u00f6 toimii yst\u00e4v\u00e4llisesti, kannustavasti, toisiaan kunnioittaen, hyvien tapojen<br \/>\nmukaisesti ja henkil\u00f6kunnan ohjeita noudattaen.<\/p>\n<p>2. Koulussa jokaisella henkil\u00f6ll\u00e4 on oikeus h\u00e4iri\u00f6tt\u00f6m\u00e4\u00e4n ty\u00f6skentelyyn. Oppilailla on oikeus oppia<br \/>\nja opettajilla on oikeus opettaa.<\/p>\n<p>3. Ep\u00e4asiallinen ja h\u00e4iritsev\u00e4 k\u00e4yt\u00f6s sek\u00e4 kiusaaminen on kielletty. Koulussa jokaisella on oikeus<br \/>\nfyysiseen ja psyykkiseen koskemattomuuteen.<\/p>\n<p>4. Tupakan, s\u00e4hk\u00f6tupakan, nuuskan, p\u00e4ihteiden ja huumeiden k\u00e4ytt\u00f6 sek\u00e4 hallussapito on kielletty<br \/>\nkouluaikana ja koulun j\u00e4rjest\u00e4miss\u00e4 tilaisuuksissa sek\u00e4 vuosisuunnitelman kuvaamassa<br \/>\ntoiminnassa.<\/p>\n<p>5. Toisen henkil\u00f6n vahingoittamiseen tarkoitetut tai siihen soveltuvat esineet ja aineet ja niiden<br \/>\nhallussapito on kouluaikana kielletty\u00e4. N\u00e4it\u00e4 ei saa my\u00f6sk\u00e4\u00e4n pit\u00e4\u00e4 hallussa koulumatkalla.<\/p>\n<p>6. Koulu ja sen alue pidet\u00e4\u00e4n siistin\u00e4 eik\u00e4 koulun omaisuutta saa turmella. Oppilas on velvollinen<br \/>\nkertomaan havaitsemistaan vahingoista koulun henkil\u00f6st\u00f6lle. Vahingon aiheuttaja on<br \/>\nilmoittautumis- ja vahingonkorvausvelvollinen.<\/p>\n<p>7. Koulussa on m\u00e4\u00e4ritelty v\u00e4lituntialue, jolta poistuminen koulup\u00e4iv\u00e4n aikana on kielletty. V\u00e4litunnit<br \/>\nvietet\u00e4\u00e4n ulkona, ellei muuta erikseen sovita.<\/p>\n<p>8. Oppilaat eiv\u00e4t saa koulup\u00e4iv\u00e4n aikana k\u00e4ytt\u00e4\u00e4 kulkuv\u00e4lineit\u00e4, kuten polkupy\u00f6ri\u00e4,<br \/>\ns\u00e4hk\u00f6potkulautoja tai moottoriajoneuvoja, ilman henkil\u00f6kunnan lupaa. Eri toimipisteisiin ja<br \/>\nopetuksen j\u00e4rjest\u00e4mispaikkoihin siirryt\u00e4\u00e4n annettujen ohjeiden mukaisesti liikennes\u00e4\u00e4nt\u00f6j\u00e4<br \/>\nnoudattaen.<\/p>\n<p>9. Oppilas voi olla poissa koulusta vain sairauden perusteella tai saatuaan erillisen luvan<br \/>\npoissaoloon luokanopettajalta, luokanohjaajalta tai rehtorilta. Kesken koulup\u00e4iv\u00e4n oppilas voi<br \/>\npoistua koulusta vain terveydenhoitajan tai opetushenkil\u00f6kuntaan kuuluvan luvalla.<\/p>\n<p>10. Puhelimen, kellopuhelimen ja muiden mobiililaitteiden k\u00e4ytt\u00f6 on kielletty koko koulup\u00e4iv\u00e4n ajan.<br \/>\nMobiililaitetta saa k\u00e4ytt\u00e4\u00e4 oppimiseen, terveydellisist\u00e4 syist\u00e4 tai oppimisen apuv\u00e4lineen\u00e4<br \/>\nopettajan tai rehtorin luvalla annetun ohjeistuksen mukaisesti.<br \/>\n(POL 29 \u00a7 4 momen\u01ab)<br \/>\nMikaelin koulussa mobiililaitteita s\u00e4ilytet\u00e4\u00e4n koulup\u00e4iv\u00e4n aikana koulun osoittamassa paikassa.<\/p>\n<p>11. Rahat, arvoesineet ja oppilaan henkil\u00f6kohtainen omaisuus ovat koulussa oppilaan ja<br \/>\nhuoltajien vastuulla, eik\u00e4 koulu korvaa rahaa eik\u00e4 kadonnutta tai s\u00e4rkynytt\u00e4 omaisuutta.<\/p>\n<p>12. Koulun tiloissa, alueella tai koulun j\u00e4rjest\u00e4miss\u00e4 tilaisuuksissa ei kouluaikana harjoiteta osto- tai<br \/>\nmyyntitoimintaa. T\u00e4m\u00e4 rajoitus ei koske vanhempainyhdistysten tai oppilaskunnan toimintaa.<br \/>\nJ\u00e4rjestyss\u00e4\u00e4nt\u00f6jen rikkomisesta seuraa rangaistus perusopetuslain 36\u00a7 mukaisesti. Poliisi k\u00e4sittelee<br \/>\nrikosasioita.<\/p>\n<p>N\u00e4m\u00e4 ovat Turun kaupungin perusopetuksen koulujen j\u00e4rjestyss\u00e4\u00e4nn\u00f6t, jotka ovat voimassa 1.8.2025<br \/>\nalkaen. J\u00e4rjestyss\u00e4\u00e4nn\u00f6t ohjaavat k\u00e4ytt\u00e4ytymisen arviointia. Ne ovat n\u00e4ht\u00e4viss\u00e4 koulujen kotisivuilla sek\u00e4<br \/>\nkoulutiloissa. J\u00e4rjestyss\u00e4\u00e4nn\u00f6t k\u00e4sitell\u00e4\u00e4n oppilaiden kanssa lukuvuosittain ja niist\u00e4 tiedotetaan huoltajia.<\/p>\n<p>J\u00e4rjestyss\u00e4\u00e4nn\u00f6t tarkistetaan s\u00e4\u00e4nn\u00f6llisesti.<\/p>\n<p>&nbsp;<\/p>\n","protected":false},"excerpt":{"rendered":"<p>Turku \u2013 Lasten ja nuorten palvelukokonaisuus Perusopetus Mikaelin koulun j\u00e4rjestyss\u00e4\u00e4nn\u00f6t S\u00e4\u00e4nn\u00f6t ovat v\u00e4ltt\u00e4m\u00e4tt\u00f6mi\u00e4 kouluyhteis\u00f6n toiminnan ja ty\u00f6rauhan s\u00e4ilymisen sek\u00e4 j\u00e4senten turvallisuuden ja viihtyvyyden vuoksi. Ty\u00f6rauha on ehdoton edellytys kouluty\u00f6n onnistumiselle. S\u00e4\u00e4nn\u00f6t totuttavat oppilaan vastuuseen ja yhteiskunnan j\u00e4senyyteen sek\u00e4 arvostavaan vuorovaikutukseen muiden ihmisten kanssa. Oppilaan on suoritettava teht\u00e4v\u00e4ns\u00e4 tunnollisesti ja k\u00e4ytt\u00e4ydytt\u00e4v\u00e4 asiallisesti. Oppilaan on k\u00e4ytt\u00e4ydytt\u00e4v\u00e4 muita &hellip; <a href=\"https:\/\/blog.edu.turku.fi\/mikael\/jarjestyssaannot\/\" class=\"more-link\">Jatka lukemista<span class=\"screen-reader-text\"> &#8221;J\u00e4rjestyss\u00e4\u00e4nn\u00f6t&#8221;<\/span><\/a><\/p>\n","protected":false},"author":2176,"featured_media":0,"parent":0,"menu_order":0,"comment_status":"closed","ping_status":"closed","template":"","meta":{"footnotes":""},"class_list":["post-284","page","type-page","status-publish","hentry"],"_links":{"self":[{"href":"https:\/\/blog.edu.turku.fi\/mikael\/wp-json\/wp\/v2\/pages\/284","targetHints":{"allow":["GET"]}}],"collection":[{"href":"https:\/\/blog.edu.turku.fi\/mikael\/wp-json\/wp\/v2\/pages"}],"about":[{"href":"https:\/\/blog.edu.turku.fi\/mikael\/wp-json\/wp\/v2\/types\/page"}],"author":[{"embeddable":true,"href":"https:\/\/blog.edu.turku.fi\/mikael\/wp-json\/wp\/v2\/users\/2176"}],"replies":[{"embeddable":true,"href":"https:\/\/blog.edu.turku.fi\/mikael\/wp-json\/wp\/v2\/comments?post=284"}],"version-history":[{"count":10,"href":"https:\/\/blog.edu.turku.fi\/mikael\/wp-json\/wp\/v2\/pages\/284\/revisions"}],"predecessor-version":[{"id":652,"href":"https:\/\/blog.edu.turku.fi\/mikael\/wp-json\/wp\/v2\/pages\/284\/revisions\/652"}],"wp:attachment":[{"href":"https:\/\/blog.edu.turku.fi\/mikael\/wp-json\/wp\/v2\/media?parent=284"}],"curies":[{"name":"wp","href":"https:\/\/api.w.org\/{rel}","templated":true}]}}