{"id":27,"date":"2016-12-15T13:06:09","date_gmt":"2016-12-15T11:06:09","guid":{"rendered":"https:\/\/blog.edu.turku.fi\/mikael\/?page_id=27"},"modified":"2024-07-29T20:06:13","modified_gmt":"2024-07-29T17:06:13","slug":"yhteystiedot","status":"publish","type":"page","link":"https:\/\/blog.edu.turku.fi\/mikael\/yhteystiedot\/","title":{"rendered":"Yhteystiedot"},"content":{"rendered":"<p>Rehtori Jari Malin 050-3313140<\/p>\n<p>Apulaisrehtori Harri Ylinen 044-9075412<\/p>\n<p>Koulusihteeri Kaisa Per\u00e4m\u00e4ki 040-1662185<\/p>\n<p>Koulukuraattori Laura Rapo 040-5489251<\/p>\n<p>Koulupsykologi P\u00e4ivi Puska 040-6739616<\/p>\n<p>Koulul\u00e4\u00e4k\u00e4ri:<br \/>\nAjanvaraus terveydenhoitajan kautta:<\/p>\n<p>Terveydenhoitaja Marja Spets-Aho 040-6805923 (klo 8-14 )<\/p>\n<p><span style=\"color: #ff0000\">S\u00e4hk\u00f6postiosoitteet ovat muotoa: etunimi.sukunimi@edu.turku.fi<br \/>\n<\/span><\/p>\n<p><span style=\"color: #ff0000\">Koulukuraattorin, koulupsykologin ja terveydenhoitajan s\u00e4hk\u00f6postiosoitteet ovat muotoa: etunimi.sukunimi@varha.fi<\/span><\/p>\n<p><strong>Toimipisteet:<\/strong><\/p>\n<p><strong>Koulukatu: <a href=\"http:\/\/opaskartta.turku.fi\/IMS\/?layers=Opaskartta&amp;cp=6704189,23458938&amp;z=2&amp;title=Koulukatu%208%2C%20Turku\">Koulukatu 8 20100 Turku<\/a><\/strong><\/p>\n<p><strong>Lyseo :<a href=\"http:\/\/opaskartta.turku.fi\/IMS\/?layers=Opaskartta&amp;cp=6709066,23459725&amp;z=2&amp;title=Varusmestarintie%2019%2C%20Turku\"> Varusmestarintie 19 20360 Turku<\/a><\/strong><\/p>\n<p><strong>JOPO<\/strong><strong>\u00a0 : <a href=\"https:\/\/opaskartta.turku.fi\/IMS\/?layers=Opaskartta&amp;cp=6703276,23459919&amp;z=1&amp;title=Luolavuorentie%201a%2C%20Turku\">Luolavuorentie 1 A 20810 Turku<\/a><br \/>\n<\/strong><\/p>\n<p><strong>Urheilupuiston yksikk\u00f6 :<a href=\"https:\/\/opaskartta.turku.fi\/IMS\/?layers=Opaskartta&amp;cp=6703276,23459919&amp;z=1&amp;title=Luolavuorentie%201a%2C%20Turku\"> Luolavuorentie 1 A 20810 Turku<\/a><\/strong><\/p>\n<p><a href=\"https:\/\/www.turku.fi\/sites\/default\/files\/atoms\/files\/joustava_perusopetus_turussa_.pdf\">Joustavan perusopetuksen (JOPO) esite<\/a><\/p>\n<p><a href=\"https:\/\/www.turku.fi\/sites\/default\/files\/atoms\/files\/turun_kaupunki_hakemus_joustavaan_perusopetukseen.pdf\">Hakemus joustavaan perusopetukseen (JOPO)<\/a><\/p>\n<p>&nbsp;<\/p>\n<p>&nbsp;<\/p>\n","protected":false},"excerpt":{"rendered":"<p>Rehtori Jari Malin 050-3313140 Apulaisrehtori Harri Ylinen 044-9075412 Koulusihteeri Kaisa Per\u00e4m\u00e4ki 040-1662185 Koulukuraattori Laura Rapo 040-5489251 Koulupsykologi P\u00e4ivi Puska 040-6739616 Koulul\u00e4\u00e4k\u00e4ri: Ajanvaraus terveydenhoitajan kautta: Terveydenhoitaja Marja Spets-Aho 040-6805923 (klo 8-14 ) S\u00e4hk\u00f6postiosoitteet ovat muotoa: etunimi.sukunimi@edu.turku.fi Koulukuraattorin, koulupsykologin ja terveydenhoitajan s\u00e4hk\u00f6postiosoitteet ovat muotoa: etunimi.sukunimi@varha.fi Toimipisteet: Koulukatu: Koulukatu 8 20100 Turku Lyseo : Varusmestarintie 19 20360 Turku &hellip; <a href=\"https:\/\/blog.edu.turku.fi\/mikael\/yhteystiedot\/\" class=\"more-link\">Jatka lukemista<span class=\"screen-reader-text\"> &#8221;Yhteystiedot&#8221;<\/span><\/a><\/p>\n","protected":false},"author":2176,"featured_media":0,"parent":0,"menu_order":0,"comment_status":"closed","ping_status":"closed","template":"","meta":{"footnotes":""},"class_list":["post-27","page","type-page","status-publish","hentry"],"_links":{"self":[{"href":"https:\/\/blog.edu.turku.fi\/mikael\/wp-json\/wp\/v2\/pages\/27","targetHints":{"allow":["GET"]}}],"collection":[{"href":"https:\/\/blog.edu.turku.fi\/mikael\/wp-json\/wp\/v2\/pages"}],"about":[{"href":"https:\/\/blog.edu.turku.fi\/mikael\/wp-json\/wp\/v2\/types\/page"}],"author":[{"embeddable":true,"href":"https:\/\/blog.edu.turku.fi\/mikael\/wp-json\/wp\/v2\/users\/2176"}],"replies":[{"embeddable":true,"href":"https:\/\/blog.edu.turku.fi\/mikael\/wp-json\/wp\/v2\/comments?post=27"}],"version-history":[{"count":61,"href":"https:\/\/blog.edu.turku.fi\/mikael\/wp-json\/wp\/v2\/pages\/27\/revisions"}],"predecessor-version":[{"id":574,"href":"https:\/\/blog.edu.turku.fi\/mikael\/wp-json\/wp\/v2\/pages\/27\/revisions\/574"}],"wp:attachment":[{"href":"https:\/\/blog.edu.turku.fi\/mikael\/wp-json\/wp\/v2\/media?parent=27"}],"curies":[{"name":"wp","href":"https:\/\/api.w.org\/{rel}","templated":true}]}}