{"id":84,"date":"2015-06-09T13:54:19","date_gmt":"2015-06-09T10:54:19","guid":{"rendered":"https:\/\/blog.edu.turku.fi\/mestariohjaaja\/?page_id=84"},"modified":"2016-02-05T14:38:12","modified_gmt":"2016-02-05T12:38:12","slug":"ohjaaja","status":"publish","type":"page","link":"https:\/\/blog.edu.turku.fi\/mestariohjaaja\/ohjaaja\/","title":{"rendered":"Min\u00e4 ohjaajana ty\u00f6paikalla"},"content":{"rendered":"<p>Sivulta l\u00f6ytyv\u00e4t itsearviointitestit on suunnattu sinulle oman ty\u00f6si ohessa opiskelijoita ohjaava ty\u00f6paikkaohjaaja tai -kouluttaja. Ohjattavanasi on ty\u00f6paikalla niin nuoria kuin aikuisiakin ty\u00f6ss\u00e4oppijoita tai oppisopimusopiskelijoita.<\/p>\n<p><strong>Valitse sinua kiinnostava teema ja ota kantaa, kuvaavatko sinulle esitetyt v\u00e4itt\u00e4m\u00e4t tapaasi ohjata opiskelijaa. Saat vastauksistasi palautetta testin edetess\u00e4.<\/strong><\/p>\n<p>Ota haaste vastaan!<\/p>\n<p>&nbsp;<\/p>\n<h2><a href=\"http:\/\/info.edu.turku.fi\/mestariohjaaja\/?aloita=8\"><img loading=\"lazy\" decoding=\"async\" class=\"alignleft wp-image-187\" src=\"https:\/\/blog.edu.turku.fi\/mestariohjaaja\/files\/2015\/08\/kyna-01.jpg\" alt=\"\" width=\"45\" height=\"45\" \/>Valmistautuminen opiskelijan ty\u00f6paikalle tuloon \u00bb<\/a><\/h2>\n<p>sis\u00e4lt\u00e4\u00e4 7 v\u00e4itt\u00e4m\u00e4\u00e4<\/p>\n<h2><a href=\"http:\/\/info.edu.turku.fi\/mestariohjaaja\/?aloita=3\"><img loading=\"lazy\" decoding=\"async\" class=\"alignleft wp-image-189\" src=\"https:\/\/blog.edu.turku.fi\/mestariohjaaja\/files\/2015\/06\/kartta-02.jpg\" alt=\"\" width=\"45\" height=\"45\" \/>Opiskelijan perehdytt\u00e4minen\u00a0\u00bb<\/a><\/h2>\n<p>sis\u00e4lt\u00e4\u00e4 13 v\u00e4itt\u00e4m\u00e4\u00e4<\/p>\n<h2><a href=\"http:\/\/info.edu.turku.fi\/mestariohjaaja\/?aloita=1\"><img loading=\"lazy\" decoding=\"async\" class=\"alignleft wp-image-190\" src=\"https:\/\/blog.edu.turku.fi\/mestariohjaaja\/files\/2015\/06\/ohjaaja-03.jpg\" alt=\"\" width=\"45\" height=\"45\" \/>Opiskelijan ohjaaminen \u00bb<\/a><\/h2>\n<p>sis\u00e4lt\u00e4\u00e4 6 v\u00e4itt\u00e4m\u00e4\u00e4<\/p>\n<h2><a href=\"http:\/\/info.edu.turku.fi\/mestariohjaaja\/?aloita=4\"><img loading=\"lazy\" decoding=\"async\" class=\"alignleft wp-image-191\" src=\"https:\/\/blog.edu.turku.fi\/mestariohjaaja\/files\/2015\/06\/info-04.jpg\" alt=\"\" width=\"45\" height=\"45\" \/>Opiskelijan opastaminen ty\u00f6teht\u00e4viin \u00bb<\/a><\/h2>\n<p>sis\u00e4lt\u00e4\u00e4 5 v\u00e4itt\u00e4m\u00e4\u00e4<\/p>\n<h2><a href=\"http:\/\/info.edu.turku.fi\/mestariohjaaja\/?aloita=5\"><img loading=\"lazy\" decoding=\"async\" class=\"alignleft wp-image-192\" src=\"https:\/\/blog.edu.turku.fi\/mestariohjaaja\/files\/2015\/06\/palkit-05.jpg\" alt=\"\" width=\"45\" height=\"45\" \/>Opiskelijan oppimisen arviointi ja palautteen antaminen \u00bb<\/a><\/h2>\n<p>sis\u00e4lt\u00e4\u00e4 13 v\u00e4itt\u00e4m\u00e4\u00e4<\/p>\n<h2><a href=\"http:\/\/info.edu.turku.fi\/mestariohjaaja\/?aloita=6\"><img loading=\"lazy\" decoding=\"async\" class=\"alignleft wp-image-193\" src=\"https:\/\/blog.edu.turku.fi\/mestariohjaaja\/files\/2015\/06\/viikset-06.jpg\" alt=\"\" width=\"45\" height=\"45\" \/>Ohjaaja opiskelijan ammatillisen kasvun tukena \u00bb<\/a><\/h2>\n<p>sis\u00e4lt\u00e4\u00e4 4 v\u00e4itt\u00e4m\u00e4\u00e4<\/p>\n<hr \/>\n<p>&nbsp;<\/p>\n<h2 style=\"text-align: left\">Tuntuuko tutulta?<\/h2>\n<p><a href=\"http:\/\/info.edu.turku.fi\/mestariohjaaja\/?aloita=2\"><img loading=\"lazy\" decoding=\"async\" class=\"alignleft wp-image-213\" src=\"https:\/\/blog.edu.turku.fi\/mestariohjaaja\/files\/2015\/06\/tuntuuko-tutulta_mutkia-matkassa.jpg\" alt=\"\" width=\"200\" height=\"200\" srcset=\"https:\/\/blog.edu.turku.fi\/mestariohjaaja\/files\/2015\/06\/tuntuuko-tutulta_mutkia-matkassa.jpg 250w, https:\/\/blog.edu.turku.fi\/mestariohjaaja\/files\/2015\/06\/tuntuuko-tutulta_mutkia-matkassa-150x150.jpg 150w\" sizes=\"auto, (max-width: 200px) 100vw, 200px\" \/><\/a>\u00a0\u00a0 <a href=\"http:\/\/info.edu.turku.fi\/mestariohjaaja\/?aloita=9\"><img loading=\"lazy\" decoding=\"async\" class=\" wp-image-203 alignnone\" src=\"https:\/\/blog.edu.turku.fi\/mestariohjaaja\/files\/2015\/06\/tuntuuko-tutulta_olosuhteet.jpg\" alt=\"tuntuuko tutulta_olosuhteet\" width=\"200\" height=\"200\" srcset=\"https:\/\/blog.edu.turku.fi\/mestariohjaaja\/files\/2015\/06\/tuntuuko-tutulta_olosuhteet.jpg 250w, https:\/\/blog.edu.turku.fi\/mestariohjaaja\/files\/2015\/06\/tuntuuko-tutulta_olosuhteet-150x150.jpg 150w\" sizes=\"auto, (max-width: 200px) 100vw, 200px\" \/><\/a><\/p>\n<hr \/>\n<p>&nbsp;<\/p>\n<p>Miten Sin\u00e4 ohjaat opiskelijaa ty\u00f6paikalla? Tunnistatko itsesi n\u00e4ist\u00e4 tyypeist\u00e4?<\/p>\n\n<!-- iframe plugin v.6.0 wordpress.org\/plugins\/iframe\/ -->\n<iframe loading=\"lazy\" src=\"https:\/\/www.youtube.com\/embed\/NgFByhkCp5M\" width=\"100%\" height=\"330\" scrolling=\"yes\" class=\"iframe-class\" frameborder=\"0\"><\/iframe>\n\n<hr \/>\n<h3 style=\"text-align: left\">Icons made by <a title=\"Freepik\" href=\"http:\/\/www.flaticon.com\/authors\/freepik\">Freepik<\/a>, <a title=\"SimpleIcon\" href=\"http:\/\/www.flaticon.com\/authors\/simpleicon\">SimpleIcon<\/a>, <a title=\"Nice and Serious\" href=\"http:\/\/www.flaticon.com\/authors\/nice-and-serious\">Nice and Serious<\/a> from <a title=\"Flaticon\" href=\"http:\/\/www.flaticon.com\">www.flaticon.com<\/a> is licensed by <a title=\"Creative Commons BY 3.0\" href=\"http:\/\/creativecommons.org\/licenses\/by\/3.0\/\">CC BY 3.0<\/a><\/h3>\n","protected":false},"excerpt":{"rendered":"<p>Sivulta l\u00f6ytyv\u00e4t itsearviointitestit on suunnattu sinulle oman ty\u00f6si ohessa opiskelijoita ohjaava ty\u00f6paikkaohjaaja tai -kouluttaja. Ohjattavanasi on ty\u00f6paikalla niin nuoria kuin aikuisiakin ty\u00f6ss\u00e4oppijoita tai oppisopimusopiskelijoita. Valitse sinua kiinnostava teema ja ota kantaa, kuvaavatko sinulle esitetyt v\u00e4itt\u00e4m\u00e4t tapaasi ohjata opiskelijaa. Saat vastauksistasi &hellip; <a href=\"https:\/\/blog.edu.turku.fi\/mestariohjaaja\/ohjaaja\/\">Lue loppuun <span class=\"meta-nav\">&rarr;<\/span><\/a><\/p>\n","protected":false},"author":903,"featured_media":114,"parent":0,"menu_order":0,"comment_status":"closed","ping_status":"closed","template":"","meta":{"footnotes":""},"class_list":["post-84","page","type-page","status-publish","has-post-thumbnail","hentry"],"_links":{"self":[{"href":"https:\/\/blog.edu.turku.fi\/mestariohjaaja\/wp-json\/wp\/v2\/pages\/84","targetHints":{"allow":["GET"]}}],"collection":[{"href":"https:\/\/blog.edu.turku.fi\/mestariohjaaja\/wp-json\/wp\/v2\/pages"}],"about":[{"href":"https:\/\/blog.edu.turku.fi\/mestariohjaaja\/wp-json\/wp\/v2\/types\/page"}],"author":[{"embeddable":true,"href":"https:\/\/blog.edu.turku.fi\/mestariohjaaja\/wp-json\/wp\/v2\/users\/903"}],"replies":[{"embeddable":true,"href":"https:\/\/blog.edu.turku.fi\/mestariohjaaja\/wp-json\/wp\/v2\/comments?post=84"}],"version-history":[{"count":44,"href":"https:\/\/blog.edu.turku.fi\/mestariohjaaja\/wp-json\/wp\/v2\/pages\/84\/revisions"}],"predecessor-version":[{"id":248,"href":"https:\/\/blog.edu.turku.fi\/mestariohjaaja\/wp-json\/wp\/v2\/pages\/84\/revisions\/248"}],"wp:featuredmedia":[{"embeddable":true,"href":"https:\/\/blog.edu.turku.fi\/mestariohjaaja\/wp-json\/wp\/v2\/media\/114"}],"wp:attachment":[{"href":"https:\/\/blog.edu.turku.fi\/mestariohjaaja\/wp-json\/wp\/v2\/media?parent=84"}],"curies":[{"name":"wp","href":"https:\/\/api.w.org\/{rel}","templated":true}]}}