{"id":70,"date":"2015-06-09T13:54:39","date_gmt":"2015-06-09T10:54:39","guid":{"rendered":"https:\/\/blog.edu.turku.fi\/mestariohjaaja\/?page_id=70"},"modified":"2019-06-27T12:21:39","modified_gmt":"2019-06-27T09:21:39","slug":"tervetuloa-mestariohjaaja-fi-sivustolle","status":"publish","type":"page","link":"https:\/\/blog.edu.turku.fi\/mestariohjaaja\/","title":{"rendered":"Laatua ty\u00f6paikalla tapahtuvaan oppimiseen"},"content":{"rendered":"<h1 style=\"text-align: center;\"><\/h1>\n<h4 style=\"text-align: center;\">T\u00e4\u00e4lt\u00e4 l\u00f6yd\u00e4t <strong>opiskelijalle<\/strong>, <strong>ohjaajalle<\/strong> ja <strong>opettajalle<\/strong> suunnatut <strong>itsearviointitestit<\/strong>. Niiden avulla voit arvioida omaa toimintatapaasi ja saada kehitt\u00e4v\u00e4\u00e4 palautetta.<\/h4>\n<p>&nbsp;<\/p>\n<h4 style=\"text-align: center;\">Ty\u00f6paikalla tapahtuva oppiminen on laadukasta kun opiskelija, ohjaaja ja opettaja puhaltavat yhteen hiileen ja heid\u00e4n keskin\u00e4inen vuorovaikutuksensa toimii. T\u00e4h\u00e4n voimme kaikki vaikuttaa.<\/h4>\n<h4 style=\"text-align: center;\"><strong>Klikkaa kuvaketta ja ota haaste vastaan!<br \/>\n<\/strong><\/h4>\n<p>&nbsp;<\/p>\n<p><a href=\"https:\/\/blog.edu.turku.fi\/mestariohjaaja\/ohjaaja\/\"> <img loading=\"lazy\" decoding=\"async\" class=\"alignnone wp-image-124\" src=\"https:\/\/blog.edu.turku.fi\/mestariohjaaja\/files\/2015\/06\/valikko_ohjaana21.jpg\" alt=\"valikko_ohjaana2\" width=\"240\" height=\"240\" srcset=\"https:\/\/blog.edu.turku.fi\/mestariohjaaja\/files\/2015\/06\/valikko_ohjaana21.jpg 250w, https:\/\/blog.edu.turku.fi\/mestariohjaaja\/files\/2015\/06\/valikko_ohjaana21-150x150.jpg 150w\" sizes=\"auto, (max-width: 240px) 100vw, 240px\" \/><\/a>\u00a0 <a href=\"https:\/\/blog.edu.turku.fi\/mestariohjaaja\/opiskelija\/\"><img loading=\"lazy\" decoding=\"async\" class=\"alignnone wp-image-242\" src=\"https:\/\/blog.edu.turku.fi\/mestariohjaaja\/files\/2015\/06\/valikko_oppijana.jpg\" alt=\"valikko_oppijana\" width=\"240\" height=\"240\" srcset=\"https:\/\/blog.edu.turku.fi\/mestariohjaaja\/files\/2015\/06\/valikko_oppijana.jpg 250w, https:\/\/blog.edu.turku.fi\/mestariohjaaja\/files\/2015\/06\/valikko_oppijana-150x150.jpg 150w\" sizes=\"auto, (max-width: 240px) 100vw, 240px\" \/><\/a> \u00a0<a href=\"https:\/\/blog.edu.turku.fi\/mestariohjaaja\/ohjaava-opettaja\/\"><img loading=\"lazy\" decoding=\"async\" class=\"alignnone wp-image-125\" src=\"https:\/\/blog.edu.turku.fi\/mestariohjaaja\/files\/2015\/06\/valikko_opettajana2.jpg\" alt=\"valikko_opettajana2\" width=\"240\" height=\"240\" srcset=\"https:\/\/blog.edu.turku.fi\/mestariohjaaja\/files\/2015\/06\/valikko_opettajana2.jpg 250w, https:\/\/blog.edu.turku.fi\/mestariohjaaja\/files\/2015\/06\/valikko_opettajana2-150x150.jpg 150w\" sizes=\"auto, (max-width: 240px) 100vw, 240px\" \/><\/a><\/p>\n<p>&nbsp;<\/p>\n<hr \/>\n<p>Miten Sin\u00e4 ohjaat opiskelijaa ty\u00f6paikalla? Tunnistatko itsesi n\u00e4ist\u00e4 tyypeist\u00e4?<\/p>\n<p><iframe loading=\"lazy\" title=\"Mestariohjaaja \u2013 itsearviointitesti ty\u00f6paikkaohjaajille\" width=\"584\" height=\"329\" src=\"https:\/\/www.youtube.com\/embed\/NgFByhkCp5M?feature=oembed\" frameborder=\"0\" allow=\"accelerometer; autoplay; clipboard-write; encrypted-media; gyroscope; picture-in-picture; web-share\" referrerpolicy=\"strict-origin-when-cross-origin\" allowfullscreen><\/iframe><\/p>\n","protected":false},"excerpt":{"rendered":"<p>T\u00e4\u00e4lt\u00e4 l\u00f6yd\u00e4t opiskelijalle, ohjaajalle ja opettajalle suunnatut itsearviointitestit. Niiden avulla voit arvioida omaa toimintatapaasi ja saada kehitt\u00e4v\u00e4\u00e4 palautetta. &nbsp; Ty\u00f6paikalla tapahtuva oppiminen on laadukasta kun opiskelija, ohjaaja ja opettaja puhaltavat yhteen hiileen ja heid\u00e4n keskin\u00e4inen vuorovaikutuksensa toimii. T\u00e4h\u00e4n voimme kaikki &hellip; <a href=\"https:\/\/blog.edu.turku.fi\/mestariohjaaja\/\">Lue loppuun <span class=\"meta-nav\">&rarr;<\/span><\/a><\/p>\n","protected":false},"author":903,"featured_media":0,"parent":0,"menu_order":0,"comment_status":"closed","ping_status":"closed","template":"showcase.php","meta":{"footnotes":""},"class_list":["post-70","page","type-page","status-publish","hentry"],"_links":{"self":[{"href":"https:\/\/blog.edu.turku.fi\/mestariohjaaja\/wp-json\/wp\/v2\/pages\/70","targetHints":{"allow":["GET"]}}],"collection":[{"href":"https:\/\/blog.edu.turku.fi\/mestariohjaaja\/wp-json\/wp\/v2\/pages"}],"about":[{"href":"https:\/\/blog.edu.turku.fi\/mestariohjaaja\/wp-json\/wp\/v2\/types\/page"}],"author":[{"embeddable":true,"href":"https:\/\/blog.edu.turku.fi\/mestariohjaaja\/wp-json\/wp\/v2\/users\/903"}],"replies":[{"embeddable":true,"href":"https:\/\/blog.edu.turku.fi\/mestariohjaaja\/wp-json\/wp\/v2\/comments?post=70"}],"version-history":[{"count":24,"href":"https:\/\/blog.edu.turku.fi\/mestariohjaaja\/wp-json\/wp\/v2\/pages\/70\/revisions"}],"predecessor-version":[{"id":252,"href":"https:\/\/blog.edu.turku.fi\/mestariohjaaja\/wp-json\/wp\/v2\/pages\/70\/revisions\/252"}],"wp:attachment":[{"href":"https:\/\/blog.edu.turku.fi\/mestariohjaaja\/wp-json\/wp\/v2\/media?parent=70"}],"curies":[{"name":"wp","href":"https:\/\/api.w.org\/{rel}","templated":true}]}}