{"id":144,"date":"2015-06-25T15:38:57","date_gmt":"2015-06-25T12:38:57","guid":{"rendered":"https:\/\/blog.edu.turku.fi\/mestariohjaaja\/?page_id=144"},"modified":"2016-02-03T15:12:14","modified_gmt":"2016-02-03T13:12:14","slug":"ohjaava-opettaja","status":"publish","type":"page","link":"https:\/\/blog.edu.turku.fi\/mestariohjaaja\/ohjaava-opettaja\/","title":{"rendered":"Min\u00e4 ty\u00f6paikalla tapahtuvan oppimisen ohjaavana opettajana"},"content":{"rendered":"<p>Sivulta l\u00f6ytyv\u00e4t itsearviointitestit on suunnattu sinulle ty\u00f6paikalla tapahtuvaa oppimista ohjaava opettaja. Toimit ty\u00f6paikalla oppimassa olevien nuorten tai aikuisten ty\u00f6ss\u00e4oppijoiden tai oppisopimusopiskelijoiden opettajana.<\/p>\n<p><strong>Valitse sinua kiinnostava teema ja ota kantaa, miten v\u00e4itt\u00e4m\u00e4t kuvaavat tapaasi toimia ty\u00f6paikkaohjaajan ja opiskelijan tukena. Saat vastauksistasi palautetta testin edetess\u00e4.<\/strong><\/p>\n<p>Ota haaste vastaan!<\/p>\n<p>&nbsp;<\/p>\n<p><a href=\"http:\/\/info.edu.turku.fi\/mestariohjaaja\/?aloita=15\"><strong><img loading=\"lazy\" decoding=\"async\" class=\"alignleft wp-image-189\" src=\"https:\/\/blog.edu.turku.fi\/mestariohjaaja\/files\/2015\/06\/kartta-02.jpg\" alt=\"kartta-02\" width=\"45\" height=\"45\" \/>Ty\u00f6paikalla tapahtuva oppiminen osana opiskelijan oppimispolkua \u00bb<\/strong><\/a><\/p>\n<p>sis\u00e4lt\u00e4\u00e4 4 v\u00e4itt\u00e4m\u00e4\u00e4<\/p>\n<p><a href=\"http:\/\/info.edu.turku.fi\/mestariohjaaja\/?aloita=16\"><img loading=\"lazy\" decoding=\"async\" class=\"alignleft wp-image-187\" src=\"https:\/\/blog.edu.turku.fi\/mestariohjaaja\/files\/2015\/08\/kyna-01.jpg\" alt=\"kyna-01\" width=\"45\" height=\"45\" \/><strong>Ty\u00f6paikalla tapahtuvaan oppimiseen valmistautuminen \u00bb<\/strong><\/a><\/p>\n<p>sis\u00e4lt\u00e4\u00e4 7 v\u00e4itt\u00e4m\u00e4\u00e4<\/p>\n<p><a href=\"http:\/\/info.edu.turku.fi\/mestariohjaaja\/?aloita=17\"><strong><img loading=\"lazy\" decoding=\"async\" class=\"alignleft wp-image-190\" src=\"https:\/\/blog.edu.turku.fi\/mestariohjaaja\/files\/2015\/06\/ohjaaja-03.jpg\" alt=\"ohjaaja-03\" width=\"45\" height=\"45\" \/>Ohjaaminen ty\u00f6paikalla tapahtuvan oppimisen aikana \u00bb<\/strong><\/a><\/p>\n<p>sis\u00e4lt\u00e4\u00e4 13 v\u00e4itt\u00e4m\u00e4\u00e4<\/p>\n<p><a href=\"http:\/\/info.edu.turku.fi\/mestariohjaaja\/?aloita=18\"><strong><img loading=\"lazy\" decoding=\"async\" class=\"alignleft wp-image-193\" src=\"https:\/\/blog.edu.turku.fi\/mestariohjaaja\/files\/2015\/06\/viikset-06.jpg\" alt=\"viikset-06\" width=\"45\" height=\"45\" \/>Ty\u00f6paikalla tapahtuvan oppimisen j\u00e4lkeen \u00bb<\/strong><\/a><\/p>\n<p>sis\u00e4lt\u00e4\u00e4 3 v\u00e4itt\u00e4m\u00e4\u00e4<\/p>\n<p>&nbsp;<\/p>\n<p>&nbsp;<\/p>\n","protected":false},"excerpt":{"rendered":"<p>Sivulta l\u00f6ytyv\u00e4t itsearviointitestit on suunnattu sinulle ty\u00f6paikalla tapahtuvaa oppimista ohjaava opettaja. Toimit ty\u00f6paikalla oppimassa olevien nuorten tai aikuisten ty\u00f6ss\u00e4oppijoiden tai oppisopimusopiskelijoiden opettajana. Valitse sinua kiinnostava teema ja ota kantaa, miten v\u00e4itt\u00e4m\u00e4t kuvaavat tapaasi toimia ty\u00f6paikkaohjaajan ja opiskelijan tukena. Saat vastauksistasi &hellip; <a href=\"https:\/\/blog.edu.turku.fi\/mestariohjaaja\/ohjaava-opettaja\/\">Lue loppuun <span class=\"meta-nav\">&rarr;<\/span><\/a><\/p>\n","protected":false},"author":903,"featured_media":153,"parent":0,"menu_order":0,"comment_status":"closed","ping_status":"closed","template":"","meta":{"footnotes":""},"class_list":["post-144","page","type-page","status-publish","has-post-thumbnail","hentry"],"_links":{"self":[{"href":"https:\/\/blog.edu.turku.fi\/mestariohjaaja\/wp-json\/wp\/v2\/pages\/144","targetHints":{"allow":["GET"]}}],"collection":[{"href":"https:\/\/blog.edu.turku.fi\/mestariohjaaja\/wp-json\/wp\/v2\/pages"}],"about":[{"href":"https:\/\/blog.edu.turku.fi\/mestariohjaaja\/wp-json\/wp\/v2\/types\/page"}],"author":[{"embeddable":true,"href":"https:\/\/blog.edu.turku.fi\/mestariohjaaja\/wp-json\/wp\/v2\/users\/903"}],"replies":[{"embeddable":true,"href":"https:\/\/blog.edu.turku.fi\/mestariohjaaja\/wp-json\/wp\/v2\/comments?post=144"}],"version-history":[{"count":6,"href":"https:\/\/blog.edu.turku.fi\/mestariohjaaja\/wp-json\/wp\/v2\/pages\/144\/revisions"}],"predecessor-version":[{"id":239,"href":"https:\/\/blog.edu.turku.fi\/mestariohjaaja\/wp-json\/wp\/v2\/pages\/144\/revisions\/239"}],"wp:featuredmedia":[{"embeddable":true,"href":"https:\/\/blog.edu.turku.fi\/mestariohjaaja\/wp-json\/wp\/v2\/media\/153"}],"wp:attachment":[{"href":"https:\/\/blog.edu.turku.fi\/mestariohjaaja\/wp-json\/wp\/v2\/media?parent=144"}],"curies":[{"name":"wp","href":"https:\/\/api.w.org\/{rel}","templated":true}]}}