{"id":142,"date":"2015-06-25T15:36:18","date_gmt":"2015-06-25T12:36:18","guid":{"rendered":"https:\/\/blog.edu.turku.fi\/mestariohjaaja\/?page_id=142"},"modified":"2016-02-03T14:44:56","modified_gmt":"2016-02-03T12:44:56","slug":"opiskelija","status":"publish","type":"page","link":"https:\/\/blog.edu.turku.fi\/mestariohjaaja\/opiskelija\/","title":{"rendered":"Min\u00e4 oppijana ty\u00f6paikalla"},"content":{"rendered":"<p>Sivulta l\u00f6ytyv\u00e4t itsearviointitestit on suunnattu sinulle nuori tai aikuinen ty\u00f6ss\u00e4oppija tai oppisopimusopiskelija. Olet ty\u00f6paikalla oppimassa ammatillisen tutkinnon perusteiden mukaisia taitoja teht\u00e4v\u00e4\u00e4n nimetyn ohjaajan johdolla.<\/p>\n<p><strong>Valitse sinua kiinnostava teema ja ota kantaa, kuvaavatko sinulle esitetyt v\u00e4itt\u00e4m\u00e4t tapaasi toimia oppijana ty\u00f6paikalla. Saat vastauksistasi palautetta testin edetess\u00e4.<\/strong><\/p>\n<p>Ota haaste vastaan!<\/p>\n<p>&nbsp;<\/p>\n<h2><a href=\"http:\/\/info.edu.turku.fi\/mestariohjaaja\/?aloita=10\"><img loading=\"lazy\" decoding=\"async\" class=\"alignleft wp-image-187\" src=\"https:\/\/blog.edu.turku.fi\/mestariohjaaja\/files\/2015\/08\/kyna-01.jpg\" alt=\"kyna-01\" width=\"45\" height=\"45\" \/>Valmistautuminen ty\u00f6paikalla tapahtuvaan oppimiseen \u00bb<\/a><\/h2>\n<p>sis\u00e4lt\u00e4\u00e4 6 v\u00e4itt\u00e4m\u00e4\u00e4<\/p>\n<h2><a href=\"http:\/\/info.edu.turku.fi\/mestariohjaaja\/?aloita=11\"><img loading=\"lazy\" decoding=\"async\" class=\"alignleft wp-image-189\" src=\"https:\/\/blog.edu.turku.fi\/mestariohjaaja\/files\/2015\/06\/kartta-02.jpg\" alt=\"kartta-02\" width=\"45\" height=\"45\" \/>Perehtyminen ty\u00f6paikan tapoihin \u00bb<\/a><\/h2>\n<p>sis\u00e4lt\u00e4\u00e4 7 v\u00e4itt\u00e4m\u00e4\u00e4<\/p>\n<h2><a href=\"http:\/\/info.edu.turku.fi\/mestariohjaaja\/?aloita=12\"><img loading=\"lazy\" decoding=\"async\" class=\"alignleft wp-image-190\" src=\"https:\/\/blog.edu.turku.fi\/mestariohjaaja\/files\/2015\/06\/ohjaaja-03.jpg\" alt=\"ohjaaja-03\" width=\"45\" height=\"45\" \/>T\u00f6iden tekeminen \u00bb<\/a><\/h2>\n<p>sis\u00e4lt\u00e4\u00e4 7 v\u00e4itt\u00e4m\u00e4\u00e4<\/p>\n<h2><a href=\"http:\/\/info.edu.turku.fi\/mestariohjaaja\/?aloita=13\"><img loading=\"lazy\" decoding=\"async\" class=\"alignleft wp-image-193\" src=\"https:\/\/blog.edu.turku.fi\/mestariohjaaja\/files\/2015\/06\/viikset-06.jpg\" alt=\"viikset-06\" width=\"45\" height=\"45\" \/>Oppimisen eteneminen ja palautteen saaminen \u00bb<\/a><\/h2>\n<p>sis\u00e4lt\u00e4\u00e4 9 v\u00e4itt\u00e4m\u00e4\u00e4<\/p>\n<hr \/>\n<p>&nbsp;<\/p>\n<h2>Tuntuuko tutulta?<\/h2>\n<p><a href=\"http:\/\/info.edu.turku.fi\/mestariohjaaja\/?aloita=14\"><img loading=\"lazy\" decoding=\"async\" class=\"alignleft wp-image-213\" src=\"https:\/\/blog.edu.turku.fi\/mestariohjaaja\/files\/2015\/06\/tuntuuko-tutulta_mutkia-matkassa.jpg\" alt=\"tuntuuko tutulta_mutkia matkassa\" width=\"200\" height=\"200\" srcset=\"https:\/\/blog.edu.turku.fi\/mestariohjaaja\/files\/2015\/06\/tuntuuko-tutulta_mutkia-matkassa.jpg 250w, https:\/\/blog.edu.turku.fi\/mestariohjaaja\/files\/2015\/06\/tuntuuko-tutulta_mutkia-matkassa-150x150.jpg 150w\" sizes=\"auto, (max-width: 200px) 100vw, 200px\" \/><\/a><\/p>\n","protected":false},"excerpt":{"rendered":"<p>Sivulta l\u00f6ytyv\u00e4t itsearviointitestit on suunnattu sinulle nuori tai aikuinen ty\u00f6ss\u00e4oppija tai oppisopimusopiskelija. Olet ty\u00f6paikalla oppimassa ammatillisen tutkinnon perusteiden mukaisia taitoja teht\u00e4v\u00e4\u00e4n nimetyn ohjaajan johdolla. Valitse sinua kiinnostava teema ja ota kantaa, kuvaavatko sinulle esitetyt v\u00e4itt\u00e4m\u00e4t tapaasi toimia oppijana ty\u00f6paikalla. Saat &hellip; <a href=\"https:\/\/blog.edu.turku.fi\/mestariohjaaja\/opiskelija\/\">Lue loppuun <span class=\"meta-nav\">&rarr;<\/span><\/a><\/p>\n","protected":false},"author":903,"featured_media":151,"parent":0,"menu_order":0,"comment_status":"closed","ping_status":"closed","template":"","meta":{"footnotes":""},"class_list":["post-142","page","type-page","status-publish","has-post-thumbnail","hentry"],"_links":{"self":[{"href":"https:\/\/blog.edu.turku.fi\/mestariohjaaja\/wp-json\/wp\/v2\/pages\/142","targetHints":{"allow":["GET"]}}],"collection":[{"href":"https:\/\/blog.edu.turku.fi\/mestariohjaaja\/wp-json\/wp\/v2\/pages"}],"about":[{"href":"https:\/\/blog.edu.turku.fi\/mestariohjaaja\/wp-json\/wp\/v2\/types\/page"}],"author":[{"embeddable":true,"href":"https:\/\/blog.edu.turku.fi\/mestariohjaaja\/wp-json\/wp\/v2\/users\/903"}],"replies":[{"embeddable":true,"href":"https:\/\/blog.edu.turku.fi\/mestariohjaaja\/wp-json\/wp\/v2\/comments?post=142"}],"version-history":[{"count":9,"href":"https:\/\/blog.edu.turku.fi\/mestariohjaaja\/wp-json\/wp\/v2\/pages\/142\/revisions"}],"predecessor-version":[{"id":238,"href":"https:\/\/blog.edu.turku.fi\/mestariohjaaja\/wp-json\/wp\/v2\/pages\/142\/revisions\/238"}],"wp:featuredmedia":[{"embeddable":true,"href":"https:\/\/blog.edu.turku.fi\/mestariohjaaja\/wp-json\/wp\/v2\/media\/151"}],"wp:attachment":[{"href":"https:\/\/blog.edu.turku.fi\/mestariohjaaja\/wp-json\/wp\/v2\/media?parent=142"}],"curies":[{"name":"wp","href":"https:\/\/api.w.org\/{rel}","templated":true}]}}