{"id":24,"date":"2019-09-23T13:58:08","date_gmt":"2019-09-23T10:58:08","guid":{"rendered":"https:\/\/blog.edu.turku.fi\/matematiikkaluokat\/?page_id=24"},"modified":"2019-09-23T13:58:08","modified_gmt":"2019-09-23T10:58:08","slug":"sisallot","status":"publish","type":"page","link":"https:\/\/blog.edu.turku.fi\/matematiikkaluokat\/sisallot\/","title":{"rendered":"Sis\u00e4ll\u00f6t"},"content":{"rendered":"<p>Luokalla k\u00e4yd\u00e4\u00e4n l\u00e4pi perusopetussuunnitelman sis\u00e4lt\u00f6jen lis\u00e4ksi geometriaan ja algebraan liittyvi\u00e4 sis\u00e4lt\u00f6j\u00e4 laajemmin ja syv\u00e4llisemmin.<\/p>\n<p>Painotus on oppilaan ongelmanratkaisutaitojen kehitt\u00e4misess\u00e4 ja tietotekniikan mahdollisuuksiin tutustumisessa.<\/p>\n<p>Keskeisi\u00e4 opeteltavia taitoja<\/p>\n<ul>\n<li>ongelmanratkaisu<\/li>\n<li>tietojen hankkiminen, tulkinta ja esitt\u00e4minen<\/li>\n<li>laskeminen ja tietokoneen k\u00e4yt\u00f6n perusasioiden oppiminen<\/li>\n<li>hy\u00f6tyohjelmien k\u00e4ytt\u00f6 opiskelun apuna<\/li>\n<li>verkon k\u00e4ytt\u00f6 tietojen haussa ja vaihdossa.<\/li>\n<\/ul>\n","protected":false},"excerpt":{"rendered":"<p>Luokalla k\u00e4yd\u00e4\u00e4n l\u00e4pi perusopetussuunnitelman sis\u00e4lt\u00f6jen lis\u00e4ksi geometriaan ja algebraan liittyvi\u00e4 sis\u00e4lt\u00f6j\u00e4 laajemmin ja syv\u00e4llisemmin. Painotus on oppilaan ongelmanratkaisutaitojen kehitt\u00e4misess\u00e4 ja tietotekniikan mahdollisuuksiin tutustumisessa. Keskeisi\u00e4 opeteltavia taitoja ongelmanratkaisu tietojen hankkiminen, tulkinta ja esitt\u00e4minen laskeminen ja tietokoneen k\u00e4yt\u00f6n perusasioiden oppiminen hy\u00f6tyohjelmien k\u00e4ytt\u00f6 opiskelun apuna verkon k\u00e4ytt\u00f6 tietojen haussa ja vaihdossa.<\/p>\n","protected":false},"author":117,"featured_media":0,"parent":0,"menu_order":0,"comment_status":"closed","ping_status":"closed","template":"","meta":{"footnotes":""},"class_list":["post-24","page","type-page","status-publish","hentry"],"_links":{"self":[{"href":"https:\/\/blog.edu.turku.fi\/matematiikkaluokat\/wp-json\/wp\/v2\/pages\/24","targetHints":{"allow":["GET"]}}],"collection":[{"href":"https:\/\/blog.edu.turku.fi\/matematiikkaluokat\/wp-json\/wp\/v2\/pages"}],"about":[{"href":"https:\/\/blog.edu.turku.fi\/matematiikkaluokat\/wp-json\/wp\/v2\/types\/page"}],"author":[{"embeddable":true,"href":"https:\/\/blog.edu.turku.fi\/matematiikkaluokat\/wp-json\/wp\/v2\/users\/117"}],"replies":[{"embeddable":true,"href":"https:\/\/blog.edu.turku.fi\/matematiikkaluokat\/wp-json\/wp\/v2\/comments?post=24"}],"version-history":[{"count":1,"href":"https:\/\/blog.edu.turku.fi\/matematiikkaluokat\/wp-json\/wp\/v2\/pages\/24\/revisions"}],"predecessor-version":[{"id":26,"href":"https:\/\/blog.edu.turku.fi\/matematiikkaluokat\/wp-json\/wp\/v2\/pages\/24\/revisions\/26"}],"wp:attachment":[{"href":"https:\/\/blog.edu.turku.fi\/matematiikkaluokat\/wp-json\/wp\/v2\/media?parent=24"}],"curies":[{"name":"wp","href":"https:\/\/api.w.org\/{rel}","templated":true}]}}