{"id":20,"date":"2019-09-23T14:08:33","date_gmt":"2019-09-23T11:08:33","guid":{"rendered":"https:\/\/blog.edu.turku.fi\/matematiikkaluokat\/?page_id=20"},"modified":"2024-11-26T15:06:27","modified_gmt":"2024-11-26T13:06:27","slug":"hakeminen","status":"publish","type":"page","link":"https:\/\/blog.edu.turku.fi\/matematiikkaluokat\/hakeminen\/","title":{"rendered":"Hakeminen"},"content":{"rendered":"<p>Turun kaupungin matematiikan painotettuun opetukseen oppilaat valitaan 2. luokilta soveltuvuus- ja kypsyystestill\u00e4. Luokat 3\u20136 toimivat Raunistulan koulussa ja jatkavat luokilla 7\u20139 Rieskal\u00e4hteen koulussa. T\u00e4ydennyshaku Rieskal\u00e4hteen matematiikkaluokalle on 6. luokan kev\u00e4\u00e4ll\u00e4, tammikuun loppuun menness\u00e4. Turkulaiset hakevat Wilman lomakkeella ja ulkopaikkakuntalaiset s\u00e4hk\u00f6postilla osoitteeseen tuomas.kankaanpaa(at)edu.turku.fi.<\/p>\n<p>T\u00e4ydennyshaussa hakijat kutsutaan soveltuvuuskokeeseen, joka pidet\u00e4\u00e4n Rieskal\u00e4hteen koulussa helmikuussa. Soveltuvuuskokeessa mitataan alakoulun matematiikan sis\u00e4lt\u00f6jen hallintaa ja niiden soveltamista.<\/p>\n<p>&nbsp;<\/p>\n","protected":false},"excerpt":{"rendered":"<p>Turun kaupungin matematiikan painotettuun opetukseen oppilaat valitaan 2. luokilta soveltuvuus- ja kypsyystestill\u00e4. Luokat 3\u20136 toimivat Raunistulan koulussa ja jatkavat luokilla 7\u20139 Rieskal\u00e4hteen koulussa. T\u00e4ydennyshaku Rieskal\u00e4hteen matematiikkaluokalle on 6. luokan kev\u00e4\u00e4ll\u00e4, tammikuun loppuun menness\u00e4. Turkulaiset hakevat Wilman lomakkeella ja ulkopaikkakuntalaiset s\u00e4hk\u00f6postilla osoitteeseen tuomas.kankaanpaa(at)edu.turku.fi. T\u00e4ydennyshaussa hakijat kutsutaan soveltuvuuskokeeseen, joka pidet\u00e4\u00e4n Rieskal\u00e4hteen koulussa helmikuussa. Soveltuvuuskokeessa mitataan alakoulun matematiikan &hellip; <a href=\"https:\/\/blog.edu.turku.fi\/matematiikkaluokat\/hakeminen\/\" class=\"more-link\">Jatka lukemista<span class=\"screen-reader-text\"> &#8221;Hakeminen&#8221;<\/span><\/a><\/p>\n","protected":false},"author":1831,"featured_media":0,"parent":0,"menu_order":0,"comment_status":"closed","ping_status":"closed","template":"","meta":{"footnotes":""},"class_list":["post-20","page","type-page","status-publish","hentry"],"_links":{"self":[{"href":"https:\/\/blog.edu.turku.fi\/matematiikkaluokat\/wp-json\/wp\/v2\/pages\/20","targetHints":{"allow":["GET"]}}],"collection":[{"href":"https:\/\/blog.edu.turku.fi\/matematiikkaluokat\/wp-json\/wp\/v2\/pages"}],"about":[{"href":"https:\/\/blog.edu.turku.fi\/matematiikkaluokat\/wp-json\/wp\/v2\/types\/page"}],"author":[{"embeddable":true,"href":"https:\/\/blog.edu.turku.fi\/matematiikkaluokat\/wp-json\/wp\/v2\/users\/1831"}],"replies":[{"embeddable":true,"href":"https:\/\/blog.edu.turku.fi\/matematiikkaluokat\/wp-json\/wp\/v2\/comments?post=20"}],"version-history":[{"count":5,"href":"https:\/\/blog.edu.turku.fi\/matematiikkaluokat\/wp-json\/wp\/v2\/pages\/20\/revisions"}],"predecessor-version":[{"id":75,"href":"https:\/\/blog.edu.turku.fi\/matematiikkaluokat\/wp-json\/wp\/v2\/pages\/20\/revisions\/75"}],"wp:attachment":[{"href":"https:\/\/blog.edu.turku.fi\/matematiikkaluokat\/wp-json\/wp\/v2\/media?parent=20"}],"curies":[{"name":"wp","href":"https:\/\/api.w.org\/{rel}","templated":true}]}}