{"id":18,"date":"2019-09-23T14:22:53","date_gmt":"2019-09-23T11:22:53","guid":{"rendered":"https:\/\/blog.edu.turku.fi\/matematiikkaluokat\/?page_id=18"},"modified":"2019-09-23T14:22:53","modified_gmt":"2019-09-23T11:22:53","slug":"esittely","status":"publish","type":"page","link":"https:\/\/blog.edu.turku.fi\/matematiikkaluokat\/esittely\/","title":{"rendered":"Esittely"},"content":{"rendered":"<p>Matematiikan tuntim\u00e4\u00e4r\u00e4t luokka-asteittain matematiikkaluokilla, sulkeissa tuntim\u00e4\u00e4r\u00e4t ilman painotusta.<\/p>\n<p>7. luokka 4 viikkotuntia (3)<\/p>\n<p>8. luokka 4 viikkotuntia (4)<\/p>\n<p>9. luokka 4 viikkotuntia (4)<\/p>\n<p>Ylim\u00e4\u00e4r\u00e4inen painotetun opetuksen matematiikan tunti v\u00e4hent\u00e4\u00e4 yhden viikkotunnin yhdeks\u00e4nnen luokan valinnaisaineita.<\/p>\n<p>Painotetun matematiikan opettajat Rieskal\u00e4hteen koulussa.<\/p>\n<ul>\n<li>Ilkka Fager<\/li>\n<li>Mirjami Lepp\u00e4nen<\/li>\n<li>Marko Rantanen<\/li>\n<li>Mika Virkkala<\/li>\n<\/ul>\n<p>Opettajien s\u00e4hk\u00f6postiosoitteet ovat muotoa etunimi.sukunimi@turku.fi.<\/p>\n","protected":false},"excerpt":{"rendered":"<p>Matematiikan tuntim\u00e4\u00e4r\u00e4t luokka-asteittain matematiikkaluokilla, sulkeissa tuntim\u00e4\u00e4r\u00e4t ilman painotusta. 7. luokka 4 viikkotuntia (3) 8. luokka 4 viikkotuntia (4) 9. luokka 4 viikkotuntia (4) Ylim\u00e4\u00e4r\u00e4inen painotetun opetuksen matematiikan tunti v\u00e4hent\u00e4\u00e4 yhden viikkotunnin yhdeks\u00e4nnen luokan valinnaisaineita. Painotetun matematiikan opettajat Rieskal\u00e4hteen koulussa. Ilkka Fager Mirjami Lepp\u00e4nen Marko Rantanen Mika Virkkala Opettajien s\u00e4hk\u00f6postiosoitteet ovat muotoa etunimi.sukunimi@turku.fi.<\/p>\n","protected":false},"author":1831,"featured_media":0,"parent":0,"menu_order":0,"comment_status":"closed","ping_status":"closed","template":"","meta":{"footnotes":""},"class_list":["post-18","page","type-page","status-publish","hentry"],"_links":{"self":[{"href":"https:\/\/blog.edu.turku.fi\/matematiikkaluokat\/wp-json\/wp\/v2\/pages\/18","targetHints":{"allow":["GET"]}}],"collection":[{"href":"https:\/\/blog.edu.turku.fi\/matematiikkaluokat\/wp-json\/wp\/v2\/pages"}],"about":[{"href":"https:\/\/blog.edu.turku.fi\/matematiikkaluokat\/wp-json\/wp\/v2\/types\/page"}],"author":[{"embeddable":true,"href":"https:\/\/blog.edu.turku.fi\/matematiikkaluokat\/wp-json\/wp\/v2\/users\/1831"}],"replies":[{"embeddable":true,"href":"https:\/\/blog.edu.turku.fi\/matematiikkaluokat\/wp-json\/wp\/v2\/comments?post=18"}],"version-history":[{"count":3,"href":"https:\/\/blog.edu.turku.fi\/matematiikkaluokat\/wp-json\/wp\/v2\/pages\/18\/revisions"}],"predecessor-version":[{"id":36,"href":"https:\/\/blog.edu.turku.fi\/matematiikkaluokat\/wp-json\/wp\/v2\/pages\/18\/revisions\/36"}],"wp:attachment":[{"href":"https:\/\/blog.edu.turku.fi\/matematiikkaluokat\/wp-json\/wp\/v2\/media?parent=18"}],"curies":[{"name":"wp","href":"https:\/\/api.w.org\/{rel}","templated":true}]}}