{"id":6,"date":"2019-05-21T16:51:55","date_gmt":"2019-05-21T13:51:55","guid":{"rendered":"https:\/\/blog.edu.turku.fi\/matematiikka\/?page_id=6"},"modified":"2023-12-07T10:02:25","modified_gmt":"2023-12-07T08:02:25","slug":"alakoulu1-6","status":"publish","type":"page","link":"https:\/\/blog.edu.turku.fi\/matematiikka\/alakoulu1-6\/","title":{"rendered":"Alakoulu 1-6"},"content":{"rendered":"<p>Matematiikkaa&#8230;<\/p>\n<p><strong><font color=\"#ee3128\">TOIMINNALLISESTI<\/font><\/strong><\/p>\n<table>\n<tr>\n<td>\n<a href=\"https:\/\/varganemenyi.fi\/materiaalit\/pelit\">Varga-Nem\u00e9nyi ry: Pelit ja leikit<\/a> (1-2)<br \/>\n<a href=\"https:\/\/www.sataope.fi\/\">Sataope: Toiminnallista matikkaa lapsille<\/a> (1-6)<br \/>\n<a href=\"https:\/\/blogs.helsinki.fi\/summamutikka\/\">Summamutikka<\/a> (1-6)<br \/>\n<a href=\"https:\/\/www.oph.fi\/fi\/oppimateriaali\/nappituntuma-alkuopetuksen-matematiikkaa-toiminnallisesti\">OPH: N\u00e4ppituntuma<\/a> (1-2)<br \/>\n<a href=\"https:\/\/lukujaliikkuen.fi\/alkuopetus-lukuja-matikka\/\">Lukuja liikkuen: Alkuopetuksen matikka<\/a> (1-2)<br \/>\n<a href=\"https:\/\/liikkuvakoulu.fi\/ideapankki\/idea\/toiminnallisuutta-matematiikan-alkuopetukseen\/\">Liikkuva koulu: Toiminnallisuutta matematiikan alkuopetukseen<\/a> (1-2)<br \/>\n<a href=\"https:\/\/mappa.fi\/teemareput\/matematiikkaa-ulkona\/\">MAPPA.fi: Matematiikkaa ulkona<\/a> (1-2)<br \/>\n<a href=\"https:\/\/mappa.fi\/teemareput\/matikkapelit\/\">MAPPA.fi: Matikkapelit<\/a> (1-2)<br \/>\n<a href=\"https:\/\/liikkuvakoulu.fi\/ideapankki\/idea\/liikkuen-matikkaa-toiminnallisia-tehtavia-matematiikan-opetukseen\/\">Liikkuva koulu: Liikkuen matikkaa -opas<\/a> (3)<br \/>\n<a href=\"https:\/\/www.mahtavaamatematiikkaa.fi\/mahtavaa-materiaalia\/\">Mahtavaa matematiikkaa: Mahtavaa materiaalia!<\/a> (1-6)<br \/>\n<a href=\"https:\/\/maol.fi\/materiaalit\/peleja-matematiikan-tunnille\/\">MAOL ry: Pelej\u00e4 matematiikan tunneille<\/a> (1-6)<br \/>\n<a href=\"https:\/\/www.sanomapro.fi\/opevinkit-matematiikan-tunneille\/\">Sanoma Pro: Opevinkit matematiikan tunneille<\/a> (1-6)<br \/>\n<a href=\"https:\/\/oppimisenpalvelut.otava.fi\/ajankohtaista\/2021\/kerrataan-matematiikkaa-ulkona\/\">Otava: Kerrataan matematiikkaa ulkona<\/a> (1-6)\n<\/td>\n<\/tr>\n<\/table>\n<p><strong><font color=\"#ee3128\">S\u00c4HK\u00d6ISESTI<\/font><\/strong><\/p>\n<table>\n<tr>\n<td>\n<strong><font color=\"#4d8ed8\">Havainnollistaminen<\/font><\/strong><br \/>\n<a href=\"https:\/\/phet.colorado.edu\/en\/simulations\/filter?subjects=math&amp;type=html,prototype\">PhET Interactive Simulations: Math<\/a> (1-6)<br \/>\n<a href=\"https:\/\/apps.mathlearningcenter.org\/whiteboard\/\">The Math Learning Center: Valkotaulu<\/a> (1-6)<br \/>\n<a href=\"https:\/\/apps.mathlearningcenter.org\/number-frames\/\">The Math Learning Center: V\u00e4rinapit<\/a> (1-6)<br \/>\n<a href=\"https:\/\/apps.mathlearningcenter.org\/number-rack\/\">The Math Learning Center: Helmitaulu<\/a> (1-6)<br \/>\n<a href=\"https:\/\/apps.mathlearningcenter.org\/number-line\/\">The Math Learning Center: Lukusuora<\/a> (1-6)<br \/>\n<a href=\"https:\/\/apps.mathlearningcenter.org\/number-pieces\/\">The Math Learning Center: Kymmenj\u00e4rjestelm\u00e4v\u00e4lineet<\/a> (1-6)<br \/>\n<a href=\"https:\/\/apps.mathlearningcenter.org\/fractions\/\">The Math Learning Center: Murtokakut ja v\u00e4risauvat<\/a> (1-6)<br \/>\n<a href=\"https:\/\/apps.mathlearningcenter.org\/math-clock\/\">The Math Learning Center: Kello<\/a> (1-6)<br \/>\n<a href=\"https:\/\/apps.mathlearningcenter.org\/geoboard\/\">The Math Learning Center: Geolauta<\/a> (1-6)<br \/>\n<a href=\"https:\/\/apps.mathlearningcenter.org\/pattern-shapes\/\">The Math Learning Center: Geometriset muodot<\/a> (1-6)<br \/>\n<a href=\"https:\/\/www.geogebra.org\/\">GeoGebra<\/a> (4-6)<\/p>\n<p><strong><font color=\"#4d8ed8\">Teht\u00e4v\u00e4t ja pelit<\/font><\/strong><br \/>\n<a href=\"https:\/\/ville.utu.fi\/\">ViLLE<\/a> (1-6)<br \/>\n<a href=\"https:\/\/kengurukilpailu.fi\/home\/archive\">Kenguru-kilpailu<\/a> (1-6)<br \/>\n<a href=\"https:\/\/matematiikkalehtisolmu.fi\/diplomi.html\">Matematiikkalehti Solmu: Matematiikkadiblomi<\/a> (1-6)<br \/>\n<a href=\"https:\/\/www.oppijailo.fi\/lapsille-nuorille\">Oppi ja ilo<\/a> (1-6)<br \/>\n<a href=\"https:\/\/www.crazygames.fi\/t\/matematiikka\">Crazy Games<\/a> (1-6)<br \/>\n<a href=\"https:\/\/www.mathplayground.com\/math-games.html\">Math Playground<\/a> (1-6)<br \/>\n<a href=\"https:\/\/www.mathgames.com\/math-games.html\">Math Games<\/a> (1-6)<br \/>\n<a href=\"https:\/\/mathsframe.co.uk\/en\/resources\/category\/22\/most-popular\">Mathframe: Most Popular Free Maths Games<\/a> (1-6)<\/p>\n<p><strong><font color=\"#4d8ed8\">Videot<\/font><\/strong><br \/>\n<a href=\"https:\/\/www.sataope.fi\/matematiikan_oppiminen_videot\/\">Youtube @sataope: Matematiikan oppiminen ja videot<\/a> (1-6)<br \/>\n<a href=\"https:\/\/www.youtube.com\/@heisaope\/videos\">Youtube @heisaope: Alakoulun matematiikkaa<\/a> (1-6)\n<\/td>\n<\/tr>\n<\/table>\n<p><strong><font color=\"#ee3128\">KOODATEN<\/font><\/strong><\/p>\n<table>\n<tr>\n<td>\n<a href=\"https:\/\/www.innokas.fi\/materiaalit\/\">Innokas!<\/a> (1-6)<br \/>\n<a href=\"https:\/\/code.org\/\">Code.org<\/a> (1-6)<br \/>\n<a href=\"https:\/\/www.scratchjr.org\/\">ScratchJr App: Lohko-ohjelmointi<\/a> (1-2)<br \/>\n<a href=\"https:\/\/scratch.mit.edu\/\">Scratch: Lohko-ohjelmointi<\/a> (3-6)<br \/>\n<a href=\"https:\/\/makecode.microbit.org\/\">Micro:bit: Lohko-ohjelmointi<\/a> (1-6)<br \/>\n<a href=\"https:\/\/tehtavat.majava-kilpailu.fi\/\">Majava-kilpailu: Ohjelmoinnillinen ajattelu <\/a>(1-6)\n<\/td>\n<\/tr>\n<\/table>\n","protected":false},"excerpt":{"rendered":"<p>Matematiikkaa&#8230; TOIMINNALLISESTI Varga-Nem\u00e9nyi ry: Pelit ja leikit (1-2) Sataope: Toiminnallista matikkaa lapsille (1-6) Summamutikka (1-6) OPH: N\u00e4ppituntuma (1-2) Lukuja liikkuen: Alkuopetuksen matikka (1-2) Liikkuva koulu: Toiminnallisuutta matematiikan alkuopetukseen (1-2) MAPPA.fi: Matematiikkaa ulkona (1-2) MAPPA.fi: Matikkapelit (1-2) Liikkuva koulu: Liikkuen matikkaa<\/p>\n","protected":false},"author":60,"featured_media":0,"parent":0,"menu_order":1,"comment_status":"closed","ping_status":"closed","template":"","meta":{"footnotes":""},"class_list":["post-6","page","type-page","status-publish","hentry"],"_links":{"self":[{"href":"https:\/\/blog.edu.turku.fi\/matematiikka\/wp-json\/wp\/v2\/pages\/6","targetHints":{"allow":["GET"]}}],"collection":[{"href":"https:\/\/blog.edu.turku.fi\/matematiikka\/wp-json\/wp\/v2\/pages"}],"about":[{"href":"https:\/\/blog.edu.turku.fi\/matematiikka\/wp-json\/wp\/v2\/types\/page"}],"author":[{"embeddable":true,"href":"https:\/\/blog.edu.turku.fi\/matematiikka\/wp-json\/wp\/v2\/users\/60"}],"replies":[{"embeddable":true,"href":"https:\/\/blog.edu.turku.fi\/matematiikka\/wp-json\/wp\/v2\/comments?post=6"}],"version-history":[{"count":96,"href":"https:\/\/blog.edu.turku.fi\/matematiikka\/wp-json\/wp\/v2\/pages\/6\/revisions"}],"predecessor-version":[{"id":631,"href":"https:\/\/blog.edu.turku.fi\/matematiikka\/wp-json\/wp\/v2\/pages\/6\/revisions\/631"}],"wp:attachment":[{"href":"https:\/\/blog.edu.turku.fi\/matematiikka\/wp-json\/wp\/v2\/media?parent=6"}],"curies":[{"name":"wp","href":"https:\/\/api.w.org\/{rel}","templated":true}]}}