{"id":129,"date":"2019-05-26T18:35:07","date_gmt":"2019-05-26T15:35:07","guid":{"rendered":"https:\/\/blog.edu.turku.fi\/matematiikka\/?page_id=129"},"modified":"2023-12-07T03:37:04","modified_gmt":"2023-12-07T01:37:04","slug":"ylakoulu7-9","status":"publish","type":"page","link":"https:\/\/blog.edu.turku.fi\/matematiikka\/ylakoulu7-9\/","title":{"rendered":"Yl\u00e4koulu 7-9"},"content":{"rendered":"<p>Matematiikkaa&#8230;<\/p>\n<p><strong><font color=\"#ee3128\">TOIMINNALLISESTI<\/font><\/strong><\/p>\n<table>\n<tr>\n<td>\n<a href=\"https:\/\/blogs.helsinki.fi\/summamutikka\/\">Summamutikka<\/a><br \/>\n<a href=\"https:\/\/www.mahtavaamatematiikkaa.fi\/mahtavaa-materiaalia\/\">Mahtavaa matematiikkaa: Mahtavaa materiaalia!<\/a><br \/>\n<a href=\"https:\/\/maol.fi\/materiaalit\/peleja-matematiikan-tunnille\/\">MAOL ry: Pelej\u00e4 matematiikan tunneille<\/a><br \/>\n<a href=\"https:\/\/www.matikkatunti.fi\/index.php\/2021\/03\/15\/sikapeli-ala-ja-ylakoululle\/\">Matikkatunti: Sikapeli<\/a><br \/>\n<a href=\"https:\/\/parimuuttujaa.org\/?p=667\">Pari muuttujaa: Matikka-twister on kivaa!<\/a><br \/>\n<a href=\"https:\/\/parimuuttujaa.org\/?cat=6\">Pari muuttujaa: Avaruusgeometriaa ja 3D-mallinnusta<\/a>\n<\/td>\n<\/tr>\n<\/table>\n<p><strong><font color=\"#ee3128\">S\u00c4HK\u00d6ISESTI<\/font><\/strong><\/p>\n<table>\n<tr>\n<td>\n<strong><font color=\"#4d8ed8\">Havainnollistaminen<\/font><\/strong><br \/>\n<a href=\"https:\/\/phet.colorado.edu\/en\/simulations\/filter?subjects=math&amp;type=html,prototype\">PhET Interactive Simulations: Math<\/a><br \/>\n<a href=\"https:\/\/apps.mathlearningcenter.org\/whiteboard\/\">The Math Learning Center: Valkotaulu<\/a><br \/>\n<a href=\"https:\/\/apps.mathlearningcenter.org\/number-frames\/\">The Math Learning Center: V\u00e4rinapit<\/a><br \/>\n<a href=\"https:\/\/apps.mathlearningcenter.org\/number-rack\/\">The Math Learning Center: Helmitaulu<\/a><br \/>\n<a href=\"https:\/\/apps.mathlearningcenter.org\/number-line\/\">The Math Learning Center: Lukusuora<\/a><br \/>\n<a href=\"https:\/\/apps.mathlearningcenter.org\/number-pieces\/\">The Math Learning Center: Kymmenj\u00e4rjestelm\u00e4v\u00e4lineet<\/a><br \/>\n<a href=\"https:\/\/apps.mathlearningcenter.org\/fractions\/\">The Math Learning Center: Murtokakut ja v\u00e4risauvat<\/a><br \/>\n<a href=\"https:\/\/apps.mathlearningcenter.org\/math-clock\/\">The Math Learning Center: Kello<\/a><br \/>\n<a href=\"https:\/\/apps.mathlearningcenter.org\/geoboard\/\">The Math Learning Center: Geolauta<\/a><br \/>\n<a href=\"https:\/\/apps.mathlearningcenter.org\/pattern-shapes\/\">The Math Learning Center: Geometriset muodot<\/a><br \/>\n<a href=\"https:\/\/www.geogebra.org\/\">GeoGebra<\/a><br \/>\n<a href=\"https:\/\/www.matikkatunti.fi\/index.php\/geogebra\/\">Matikkatunti: GeoGebra<\/a><br \/>\n<a href=\"https:\/\/maol.fi\/materiaalit\/digitaalisuus-matemaattisissa-aineissa-2023\/\">MAOL ry: Digitaalisuus matemaattisissa aineissa<\/a><\/p>\n<p><strong><font color=\"#4d8ed8\">Teht\u00e4v\u00e4t ja pelit<\/font><\/strong><br \/>\n<a href=\"https:\/\/ville.utu.fi\/\">ViLLE<\/a><br \/>\n<a href=\"https:\/\/kengurukilpailu.fi\/home\/archive\">Kenguru-kilpailu<\/a><br \/>\n<a href=\"https:\/\/matematiikkalehtisolmu.fi\/diplomi.html\">Matematiikkalehti Solmu: Matematiikkadiblomi<\/a><br \/>\n<a href=\"https:\/\/fi.ma.fi\/\">Ma.fi: S\u00e4hk\u00f6inen oppikirja<\/a><br \/>\n<a href=\"https:\/\/www.matholder.fi\/openmatikka\/\">OpenMatikka: Yl\u00e4koulun matematiikkaa<\/a><br \/>\n<a href=\"https:\/\/www.matteva.fi\/\">Matteva: Yl\u00e4koulun matematiikkaa p\u00e5 svenska<\/a><br \/>\n<a href=\"https:\/\/www.visualpatterns.org\/\">Visual Patterns<\/a><br \/>\n<a href=\"https:\/\/www.tuntematonmuuttuja.fi\/\">Tuntematon tekij\u00e4 -pakopeli<\/a><br \/>\n<a href=\"https:\/\/parimuuttujaa.org\/?p=356\">Pari muuttujaa: Mysteerej\u00e4 ratkomassa \u2013 pakohuonepelej\u00e4 verkossa<\/a><\/p>\n<p><strong><font color=\"#4d8ed8\">Videot<\/font><\/strong><br \/>\n<a href=\"http:\/\/tiedonpolte.fi\/matematiikka-2\/\">Tiedonpolte: Yl\u00e4koulun matematiikka<\/a><br \/>\n<a href=\"https:\/\/opetus.tv\/ylakoulu\/matematiikka\/\">Opetus.tv: Yl\u00e4koulun matematiikka<\/a><br \/>\n<a href=\"https:\/\/www.youtube.com\/@ninaaspegren8559\/videos\">Youtube @ninaaspegren: Yl\u00e4koulun matematiikkaa p\u00e5 svenska<\/a><br \/>\n<a href=\"https:\/\/www.youtube.com\/@JanneMaunu\">Youtube @jannemaunu: Yl\u00e4koulun matematiikkaa<\/a><br \/>\n<a href=\"https:\/\/www.matikkamatskut.com\/\">Matikkamatskut: Eriytt\u00e4v\u00e4sti lukioon aikoville<\/a><br \/>\n<a href=\"https:\/\/www.tiktok.com\/@tietovisa\/\">Tiktok @Tietovisa: Eriytt\u00e4v\u00e4sti lukioon aikoville<\/a>\n<\/td>\n<\/tr>\n<\/table>\n<p><strong><font color=\"#ee3128\">KOODATEN<\/font><\/strong><\/p>\n<table>\n<tr>\n<td>\n<a href=\"https:\/\/www.innokas.fi\/materiaalit\/\">Innokas!<\/a><br \/>\n<a href=\"https:\/\/code.org\/\">Code.org<\/a><br \/>\n<a href=\"https:\/\/scratch.mit.edu\/\">Scratch: Lohko-ohjelmointi<\/a><br \/>\n<a href=\"https:\/\/makecode.microbit.org\/\">Micro:bit: Lohko-ohjelmointi<\/a><br \/>\n<a href=\"https:\/\/python.microbit.org\/\">Micro:bit: Python-ohjelmointi<\/a><br \/>\n<a href=\"https:\/\/tie.koodariksi.fi\/\">Tie koodariksi: Ohjelmoinnin alkeet Pythonilla<\/a><br \/>\n<a href=\"https:\/\/www.matikkatunti.fi\/index.php\/python3\/\">Matikkatunti: Python 3<\/a><br \/>\n<a href=\"https:\/\/tehtavat.majava-kilpailu.fi\/\">Majava-kilpailu: Ohjelmoinnillinen ajattelu <\/a>\n<\/td>\n<\/tr>\n<\/table>\n","protected":false},"excerpt":{"rendered":"<p>Matematiikkaa&#8230; TOIMINNALLISESTI Summamutikka Mahtavaa matematiikkaa: Mahtavaa materiaalia! MAOL ry: Pelej\u00e4 matematiikan tunneille Matikkatunti: Sikapeli Pari muuttujaa: Matikka-twister on kivaa! Pari muuttujaa: Avaruusgeometriaa ja 3D-mallinnusta S\u00c4HK\u00d6ISESTI Havainnollistaminen PhET Interactive Simulations: Math The Math Learning Center: Valkotaulu The Math Learning Center: V\u00e4rinapit<\/p>\n","protected":false},"author":60,"featured_media":0,"parent":0,"menu_order":0,"comment_status":"closed","ping_status":"closed","template":"","meta":{"footnotes":""},"class_list":["post-129","page","type-page","status-publish","hentry"],"_links":{"self":[{"href":"https:\/\/blog.edu.turku.fi\/matematiikka\/wp-json\/wp\/v2\/pages\/129","targetHints":{"allow":["GET"]}}],"collection":[{"href":"https:\/\/blog.edu.turku.fi\/matematiikka\/wp-json\/wp\/v2\/pages"}],"about":[{"href":"https:\/\/blog.edu.turku.fi\/matematiikka\/wp-json\/wp\/v2\/types\/page"}],"author":[{"embeddable":true,"href":"https:\/\/blog.edu.turku.fi\/matematiikka\/wp-json\/wp\/v2\/users\/60"}],"replies":[{"embeddable":true,"href":"https:\/\/blog.edu.turku.fi\/matematiikka\/wp-json\/wp\/v2\/comments?post=129"}],"version-history":[{"count":51,"href":"https:\/\/blog.edu.turku.fi\/matematiikka\/wp-json\/wp\/v2\/pages\/129\/revisions"}],"predecessor-version":[{"id":627,"href":"https:\/\/blog.edu.turku.fi\/matematiikka\/wp-json\/wp\/v2\/pages\/129\/revisions\/627"}],"wp:attachment":[{"href":"https:\/\/blog.edu.turku.fi\/matematiikka\/wp-json\/wp\/v2\/media?parent=129"}],"curies":[{"name":"wp","href":"https:\/\/api.w.org\/{rel}","templated":true}]}}