{"id":95,"date":"2015-06-25T14:51:35","date_gmt":"2015-06-25T11:51:35","guid":{"rendered":"https:\/\/blog.edu.turku.fi\/mantymaenphy\/?page_id=95"},"modified":"2019-07-31T09:12:41","modified_gmt":"2019-07-31T06:12:41","slug":"vaha-heikkilan-kouluesiopetus","status":"publish","type":"page","link":"https:\/\/blog.edu.turku.fi\/mantymaenphy\/ryhmat\/vaha-heikkilan-kouluesiopetus\/","title":{"rendered":"V\u00e4h\u00e4-Heikkil\u00e4n koulu\/esiopetus"},"content":{"rendered":"<p><strong>V\u00e4h\u00e4-Heikkil\u00e4n koulun tiloissa toimiva esiopetusryhm\u00e4<\/strong> (Myllym\u00e4entie 42)<\/p>\n<p><strong>Kapteenit\u00a0<\/strong>\u00a0<em>puh: 040 1608984<\/em><\/p>\n<p>&nbsp;<\/p>\n<p>&nbsp;<\/p>\n","protected":false},"excerpt":{"rendered":"<p>V\u00e4h\u00e4-Heikkil\u00e4n koulun tiloissa toimiva esiopetusryhm\u00e4 (Myllym\u00e4entie 42) Kapteenit\u00a0\u00a0puh: 040 1608984 &nbsp; &nbsp;<\/p>\n","protected":false},"author":1276,"featured_media":0,"parent":2,"menu_order":0,"comment_status":"closed","ping_status":"closed","template":"","meta":{"footnotes":""},"class_list":["post-95","page","type-page","status-publish","hentry"],"_links":{"self":[{"href":"https:\/\/blog.edu.turku.fi\/mantymaenphy\/wp-json\/wp\/v2\/pages\/95","targetHints":{"allow":["GET"]}}],"collection":[{"href":"https:\/\/blog.edu.turku.fi\/mantymaenphy\/wp-json\/wp\/v2\/pages"}],"about":[{"href":"https:\/\/blog.edu.turku.fi\/mantymaenphy\/wp-json\/wp\/v2\/types\/page"}],"author":[{"embeddable":true,"href":"https:\/\/blog.edu.turku.fi\/mantymaenphy\/wp-json\/wp\/v2\/users\/1276"}],"replies":[{"embeddable":true,"href":"https:\/\/blog.edu.turku.fi\/mantymaenphy\/wp-json\/wp\/v2\/comments?post=95"}],"version-history":[{"count":8,"href":"https:\/\/blog.edu.turku.fi\/mantymaenphy\/wp-json\/wp\/v2\/pages\/95\/revisions"}],"predecessor-version":[{"id":1399,"href":"https:\/\/blog.edu.turku.fi\/mantymaenphy\/wp-json\/wp\/v2\/pages\/95\/revisions\/1399"}],"up":[{"embeddable":true,"href":"https:\/\/blog.edu.turku.fi\/mantymaenphy\/wp-json\/wp\/v2\/pages\/2"}],"wp:attachment":[{"href":"https:\/\/blog.edu.turku.fi\/mantymaenphy\/wp-json\/wp\/v2\/media?parent=95"}],"curies":[{"name":"wp","href":"https:\/\/api.w.org\/{rel}","templated":true}]}}