{"id":92,"date":"2015-06-25T14:49:47","date_gmt":"2015-06-25T11:49:47","guid":{"rendered":"https:\/\/blog.edu.turku.fi\/mantymaenphy\/?page_id=92"},"modified":"2020-04-24T09:06:30","modified_gmt":"2020-04-24T06:06:30","slug":"myllymaentie","status":"publish","type":"page","link":"https:\/\/blog.edu.turku.fi\/mantymaenphy\/ryhmat\/myllymaentie\/","title":{"rendered":"Myllym\u00e4entie"},"content":{"rendered":"<p><strong>Myllym\u00e4entien p\u00e4iv\u00e4kodin ryhm\u00e4t toimivat tilaelementiss\u00e4 V\u00e4h\u00e4-Heikkil\u00e4n koulun vieress\u00e4<\/strong>\u00a0(Myllym\u00e4entie 42)<strong><br \/>\n<\/strong><\/p>\n<p><strong>Matruusit<\/strong>\u00a0 <em>puh: 050 3967135<\/em><\/p>\n<p><strong>Seilorit\/esiopetus<\/strong>\u00a0<em> puh: 040 1538034<\/em><\/p>\n<p>&nbsp;<\/p>\n","protected":false},"excerpt":{"rendered":"<p>Myllym\u00e4entien p\u00e4iv\u00e4kodin ryhm\u00e4t toimivat tilaelementiss\u00e4 V\u00e4h\u00e4-Heikkil\u00e4n koulun vieress\u00e4\u00a0(Myllym\u00e4entie 42) Matruusit\u00a0 puh: 050 3967135 Seilorit\/esiopetus\u00a0 puh: 040 1538034 &nbsp;<\/p>\n","protected":false},"author":1276,"featured_media":0,"parent":2,"menu_order":0,"comment_status":"closed","ping_status":"closed","template":"","meta":{"footnotes":""},"class_list":["post-92","page","type-page","status-publish","hentry"],"_links":{"self":[{"href":"https:\/\/blog.edu.turku.fi\/mantymaenphy\/wp-json\/wp\/v2\/pages\/92","targetHints":{"allow":["GET"]}}],"collection":[{"href":"https:\/\/blog.edu.turku.fi\/mantymaenphy\/wp-json\/wp\/v2\/pages"}],"about":[{"href":"https:\/\/blog.edu.turku.fi\/mantymaenphy\/wp-json\/wp\/v2\/types\/page"}],"author":[{"embeddable":true,"href":"https:\/\/blog.edu.turku.fi\/mantymaenphy\/wp-json\/wp\/v2\/users\/1276"}],"replies":[{"embeddable":true,"href":"https:\/\/blog.edu.turku.fi\/mantymaenphy\/wp-json\/wp\/v2\/comments?post=92"}],"version-history":[{"count":12,"href":"https:\/\/blog.edu.turku.fi\/mantymaenphy\/wp-json\/wp\/v2\/pages\/92\/revisions"}],"predecessor-version":[{"id":1440,"href":"https:\/\/blog.edu.turku.fi\/mantymaenphy\/wp-json\/wp\/v2\/pages\/92\/revisions\/1440"}],"up":[{"embeddable":true,"href":"https:\/\/blog.edu.turku.fi\/mantymaenphy\/wp-json\/wp\/v2\/pages\/2"}],"wp:attachment":[{"href":"https:\/\/blog.edu.turku.fi\/mantymaenphy\/wp-json\/wp\/v2\/media?parent=92"}],"curies":[{"name":"wp","href":"https:\/\/api.w.org\/{rel}","templated":true}]}}