{"id":89,"date":"2015-06-25T14:48:13","date_gmt":"2015-06-25T11:48:13","guid":{"rendered":"https:\/\/blog.edu.turku.fi\/mantymaenphy\/?page_id=89"},"modified":"2025-08-12T12:39:17","modified_gmt":"2025-08-12T09:39:17","slug":"kallelankatu","status":"publish","type":"page","link":"https:\/\/blog.edu.turku.fi\/mantymaenphy\/ryhmat\/kallelankatu\/","title":{"rendered":"Kallelankatu"},"content":{"rendered":"<p><strong>Kallelankadun p\u00e4iv\u00e4kodin ryhm\u00e4t <\/strong>(Kallelankatu 3)<\/p>\n<p><strong>Puput\u00a0<\/strong>\u00a0<em>puh: 044 9074742<\/em><\/p>\n<p><strong>Oravat\u00a0<\/strong> <em>puh: 044 9074744 <\/em><em>\u00a0HUOM! T\u00c4M\u00c4 NUMERO P\u00c4IVYST\u00c4\u00c4 KLO 6.30-7.30 ja 16.30-17!<\/em><\/p>\n<p><strong>Mansikat\u00a0<\/strong><em> puh: 044 9074746<\/em><\/p>\n<p><strong>Kottaraiset<\/strong> <em>puh:<\/em> <em>040 1929084<\/em><\/p>\n<p><strong>Laitoshuolto<\/strong><em> puh<\/em>: 040 1821997<\/p>\n<p>&nbsp;<\/p>\n","protected":false},"excerpt":{"rendered":"<p>Kallelankadun p\u00e4iv\u00e4kodin ryhm\u00e4t (Kallelankatu 3) Puput\u00a0\u00a0puh: 044 9074742 Oravat\u00a0 puh: 044 9074744 \u00a0HUOM! T\u00c4M\u00c4 NUMERO P\u00c4IVYST\u00c4\u00c4 KLO 6.30-7.30 ja 16.30-17! Mansikat\u00a0 puh: 044 9074746 Kottaraiset puh: 040 1929084 Laitoshuolto puh: 040 1821997 &nbsp;<\/p>\n","protected":false},"author":1276,"featured_media":0,"parent":2,"menu_order":0,"comment_status":"closed","ping_status":"closed","template":"","meta":{"footnotes":""},"class_list":["post-89","page","type-page","status-publish","hentry"],"_links":{"self":[{"href":"https:\/\/blog.edu.turku.fi\/mantymaenphy\/wp-json\/wp\/v2\/pages\/89","targetHints":{"allow":["GET"]}}],"collection":[{"href":"https:\/\/blog.edu.turku.fi\/mantymaenphy\/wp-json\/wp\/v2\/pages"}],"about":[{"href":"https:\/\/blog.edu.turku.fi\/mantymaenphy\/wp-json\/wp\/v2\/types\/page"}],"author":[{"embeddable":true,"href":"https:\/\/blog.edu.turku.fi\/mantymaenphy\/wp-json\/wp\/v2\/users\/1276"}],"replies":[{"embeddable":true,"href":"https:\/\/blog.edu.turku.fi\/mantymaenphy\/wp-json\/wp\/v2\/comments?post=89"}],"version-history":[{"count":15,"href":"https:\/\/blog.edu.turku.fi\/mantymaenphy\/wp-json\/wp\/v2\/pages\/89\/revisions"}],"predecessor-version":[{"id":1480,"href":"https:\/\/blog.edu.turku.fi\/mantymaenphy\/wp-json\/wp\/v2\/pages\/89\/revisions\/1480"}],"up":[{"embeddable":true,"href":"https:\/\/blog.edu.turku.fi\/mantymaenphy\/wp-json\/wp\/v2\/pages\/2"}],"wp:attachment":[{"href":"https:\/\/blog.edu.turku.fi\/mantymaenphy\/wp-json\/wp\/v2\/media?parent=89"}],"curies":[{"name":"wp","href":"https:\/\/api.w.org\/{rel}","templated":true}]}}