{"id":869,"date":"2016-04-11T14:33:39","date_gmt":"2016-04-11T11:33:39","guid":{"rendered":"https:\/\/blog.edu.turku.fi\/mantymaenphy\/?page_id=869"},"modified":"2026-01-07T14:55:37","modified_gmt":"2026-01-07T12:55:37","slug":"paivakodin-johtaja","status":"publish","type":"page","link":"https:\/\/blog.edu.turku.fi\/mantymaenphy\/paivakodin-johtaja\/","title":{"rendered":"P\u00e4iv\u00e4kodinjohtaja"},"content":{"rendered":"<div class=\"entry-content\">\n<p>P\u00e4iv\u00e4kodinjohtaja Nea Roering<br \/>\npuh: 040 352 8933<br \/>\nnea.roering@edu.turku.fi<\/p>\n<p>Apulaisjohtaja Jenni Ylim\u00e4ki<br \/>\npuh: 044 554 5631<br \/>\njenni.ylimaki@edu.turku.fi<\/p>\n<\/div>\n","protected":false},"excerpt":{"rendered":"<p>P\u00e4iv\u00e4kodinjohtaja Nea Roering puh: 040 352 8933 nea.roering@edu.turku.fi Apulaisjohtaja Jenni Ylim\u00e4ki puh: 044 554 5631 jenni.ylimaki@edu.turku.fi<\/p>\n","protected":false},"author":1276,"featured_media":0,"parent":0,"menu_order":0,"comment_status":"closed","ping_status":"closed","template":"","meta":{"footnotes":""},"class_list":["post-869","page","type-page","status-publish","hentry"],"_links":{"self":[{"href":"https:\/\/blog.edu.turku.fi\/mantymaenphy\/wp-json\/wp\/v2\/pages\/869","targetHints":{"allow":["GET"]}}],"collection":[{"href":"https:\/\/blog.edu.turku.fi\/mantymaenphy\/wp-json\/wp\/v2\/pages"}],"about":[{"href":"https:\/\/blog.edu.turku.fi\/mantymaenphy\/wp-json\/wp\/v2\/types\/page"}],"author":[{"embeddable":true,"href":"https:\/\/blog.edu.turku.fi\/mantymaenphy\/wp-json\/wp\/v2\/users\/1276"}],"replies":[{"embeddable":true,"href":"https:\/\/blog.edu.turku.fi\/mantymaenphy\/wp-json\/wp\/v2\/comments?post=869"}],"version-history":[{"count":17,"href":"https:\/\/blog.edu.turku.fi\/mantymaenphy\/wp-json\/wp\/v2\/pages\/869\/revisions"}],"predecessor-version":[{"id":1484,"href":"https:\/\/blog.edu.turku.fi\/mantymaenphy\/wp-json\/wp\/v2\/pages\/869\/revisions\/1484"}],"wp:attachment":[{"href":"https:\/\/blog.edu.turku.fi\/mantymaenphy\/wp-json\/wp\/v2\/media?parent=869"}],"curies":[{"name":"wp","href":"https:\/\/api.w.org\/{rel}","templated":true}]}}