{"id":859,"date":"2016-04-11T14:19:59","date_gmt":"2016-04-11T11:19:59","guid":{"rendered":"https:\/\/blog.edu.turku.fi\/mantymaenphy\/?page_id=859"},"modified":"2017-02-13T12:12:41","modified_gmt":"2017-02-13T10:12:41","slug":"sairastapaukset","status":"publish","type":"page","link":"https:\/\/blog.edu.turku.fi\/mantymaenphy\/sairastapaukset\/","title":{"rendered":"Tapaturmat"},"content":{"rendered":"<p>Mik\u00e4li lapsellesi sattuu hoitop\u00e4iv\u00e4n aikana\u00a0tapaturma, annamme h\u00e4nelle tarvittavan ensiavun.<\/p>\n<p style=\"padding-left: 60px\">&#8211; Jos tilanne vaatii, viemme h\u00e4net l\u00e4himm\u00e4lle terveysasemalle ja otamme yhteyden jompaankumpaan vanhempaan.<\/p>\n<p style=\"padding-left: 60px\">&#8211; Hammastapaturman sattuessa otamme yhteyden terveystoimen hammashoitolaan.<\/p>\n<p style=\"padding-left: 60px\">&#8211; Liev\u00e4t silm\u00e4tapaturmat hoitaa terveyskeskusl\u00e4\u00e4k\u00e4ri, joka kirjoittaa tarvittaessa l\u00e4hetteen.<\/p>\n<h3>Ohjeistus huoltajalle:<\/h3>\n<p style=\"padding-left: 60px\">Huoltajalle annetaan <strong>vakuutustodistus<\/strong>, jonka h\u00e4n antaa ko. hoitopaikkaan. T\u00e4m\u00e4 lomake antaa hoitolaitokselle oikeuden laskuttaa suoraan L\u00e4hiTapiolaa.<\/p>\n<p style=\"padding-left: 60px\">Huoltaja voi halutessaan maksaa kulut ensin itse ja hakea korvausta aiheutuneista kuluista puhelimitse L\u00e4hiTapiolan numerosta 09-4532316.<\/p>\n<p style=\"padding-left: 60px\">Vahinkoon liittyv\u00e4t tositteet on hyv\u00e4 s\u00e4ilytt\u00e4\u00e4 kotona vuoden ajan mahdollista my\u00f6hemp\u00e4\u00e4 tarvetta varten. L\u00e4hiTapiola pyyt\u00e4\u00e4 niit\u00e4 tarvittaessa.<\/p>\n<h3>Silm\u00e4lasien rikkoutuminen<\/h3>\n<p style=\"padding-left: 60px\">Mik\u00e4li lapsen k\u00e4yt\u00f6ss\u00e4 olevat silm\u00e4lasit rikkoutuvat l\u00e4\u00e4k\u00e4rinhoitoa edellytt\u00e4v\u00e4n tapaturman yhteydess\u00e4, korvaa vakuutus niiden korjauskustannukset. Mik\u00e4li korjaaminen on mahdotonta, entist\u00e4 vastaavat hankintakulut.<\/p>\n","protected":false},"excerpt":{"rendered":"<p>Mik\u00e4li lapsellesi sattuu hoitop\u00e4iv\u00e4n aikana\u00a0tapaturma, annamme h\u00e4nelle tarvittavan ensiavun. &#8211; Jos tilanne vaatii, viemme h\u00e4net l\u00e4himm\u00e4lle terveysasemalle ja otamme yhteyden jompaankumpaan vanhempaan. &#8211; Hammastapaturman sattuessa otamme yhteyden terveystoimen hammashoitolaan. &#8211; Liev\u00e4t silm\u00e4tapaturmat hoitaa terveyskeskusl\u00e4\u00e4k\u00e4ri, joka kirjoittaa tarvittaessa l\u00e4hetteen. Ohjeistus huoltajalle: Huoltajalle annetaan vakuutustodistus, jonka h\u00e4n antaa ko. hoitopaikkaan. T\u00e4m\u00e4 lomake antaa hoitolaitokselle oikeuden laskuttaa suoraan &hellip; <a href=\"https:\/\/blog.edu.turku.fi\/mantymaenphy\/sairastapaukset\/\" class=\"more-link\">Jatka lukemista<span class=\"screen-reader-text\"> &#8221;Tapaturmat&#8221;<\/span><\/a><\/p>\n","protected":false},"author":1276,"featured_media":0,"parent":0,"menu_order":0,"comment_status":"closed","ping_status":"closed","template":"","meta":{"footnotes":""},"class_list":["post-859","page","type-page","status-publish","hentry"],"_links":{"self":[{"href":"https:\/\/blog.edu.turku.fi\/mantymaenphy\/wp-json\/wp\/v2\/pages\/859","targetHints":{"allow":["GET"]}}],"collection":[{"href":"https:\/\/blog.edu.turku.fi\/mantymaenphy\/wp-json\/wp\/v2\/pages"}],"about":[{"href":"https:\/\/blog.edu.turku.fi\/mantymaenphy\/wp-json\/wp\/v2\/types\/page"}],"author":[{"embeddable":true,"href":"https:\/\/blog.edu.turku.fi\/mantymaenphy\/wp-json\/wp\/v2\/users\/1276"}],"replies":[{"embeddable":true,"href":"https:\/\/blog.edu.turku.fi\/mantymaenphy\/wp-json\/wp\/v2\/comments?post=859"}],"version-history":[{"count":16,"href":"https:\/\/blog.edu.turku.fi\/mantymaenphy\/wp-json\/wp\/v2\/pages\/859\/revisions"}],"predecessor-version":[{"id":1125,"href":"https:\/\/blog.edu.turku.fi\/mantymaenphy\/wp-json\/wp\/v2\/pages\/859\/revisions\/1125"}],"wp:attachment":[{"href":"https:\/\/blog.edu.turku.fi\/mantymaenphy\/wp-json\/wp\/v2\/media?parent=859"}],"curies":[{"name":"wp","href":"https:\/\/api.w.org\/{rel}","templated":true}]}}