{"id":856,"date":"2016-04-11T14:18:44","date_gmt":"2016-04-11T11:18:44","guid":{"rendered":"https:\/\/blog.edu.turku.fi\/mantymaenphy\/?page_id=856"},"modified":"2023-07-25T09:40:55","modified_gmt":"2023-07-25T06:40:55","slug":"856-2","status":"publish","type":"page","link":"https:\/\/blog.edu.turku.fi\/mantymaenphy\/856-2\/","title":{"rendered":"Arki"},"content":{"rendered":"<p class=\"entry-header\">P\u00e4iv\u00e4kotimme toiminta-aika on klo 6.30 -17.00.<\/p>\n<header class=\"entry-header\"><\/header>\n<header class=\"entry-header\"><\/header>\n<header class=\"entry-header\"><\/header>\n<header class=\"entry-header\"><\/header>\n<header class=\"entry-header\"><\/header>\n<p>Lasten hoitoajat suunnitellaan etuk\u00e4teen Evaka-sovelluksessa. Mik\u00e4li hoitoaika muuttuu suunnitellusta tai ylitt\u00e4\u00e4 p\u00e4iv\u00e4kodin tavanomaisen toiminta-ajan, on siit\u00e4 sovittava etuk\u00e4teen lapsen ryhm\u00e4n henkil\u00f6kunnan kanssa.<\/p>\n<div class=\"entry-content\"><\/div>\n<div class=\"entry-content\">\n<p>Aamuisin kokoonnumme Kallelankadulla Perhoset-ryhm\u00e4\u00e4n, Myllym\u00e4entiell\u00e4 Matruusit-ryhm\u00e4\u00e4n. Jos jostain syyst\u00e4 kasvatushenkil\u00f6st\u00f6\u00e4 ei ole aamulla paikalla omassa yksik\u00f6ss\u00e4, vie lapsesi toiseen yksikk\u00f6\u00f6n.<\/p>\n<h4>P\u00c4IV\u00c4OHJELMA<\/h4>\n<p>6.30 P\u00e4iv\u00e4koti avataan<br \/>\n7.30 Lapset siirtyv\u00e4t omiin ryhmiins\u00e4<br \/>\n8.00 Aamupala<br \/>\nTOIMINTAA &amp; ULKOILUA<br \/>\nn. 11.15 Lounas<br \/>\nSATUJA, LEPOA &amp; HILJAISTA PUUHAILUA<br \/>\n14.00\u00a0V\u00e4lipala<br \/>\nVAPAATA LEIKKI\u00c4 &amp; ULKOILUA<br \/>\n17.00 P\u00e4iv\u00e4koti suljetaan<\/p>\n<p>P\u00e4iv\u00e4kodin arjen sujuvuuden kannalta olisi t\u00e4rke\u00e4\u00e4, ett\u00e4 lapsi tuotaisiin hoitoon p\u00e4iv\u00e4ohjelmarungon mukaisesti, esimerkiksi aamupalan p\u00e4iv\u00e4kodissa sy\u00f6v\u00e4 lapsi tulisi olla hoidossa klo 8.00 menness\u00e4, jottei lapsi joudu ruokailemaan yksin, ja p\u00e4\u00e4see heti mukaan toimintaan sen alkaessa.<\/p>\n<\/div>\n","protected":false},"excerpt":{"rendered":"<p>P\u00e4iv\u00e4kotimme toiminta-aika on klo 6.30 -17.00. Lasten hoitoajat suunnitellaan etuk\u00e4teen Evaka-sovelluksessa. Mik\u00e4li hoitoaika muuttuu suunnitellusta tai ylitt\u00e4\u00e4 p\u00e4iv\u00e4kodin tavanomaisen toiminta-ajan, on siit\u00e4 sovittava etuk\u00e4teen lapsen ryhm\u00e4n henkil\u00f6kunnan kanssa. Aamuisin kokoonnumme Kallelankadulla Perhoset-ryhm\u00e4\u00e4n, Myllym\u00e4entiell\u00e4 Matruusit-ryhm\u00e4\u00e4n. Jos jostain syyst\u00e4 kasvatushenkil\u00f6st\u00f6\u00e4 ei ole aamulla paikalla omassa yksik\u00f6ss\u00e4, vie lapsesi toiseen yksikk\u00f6\u00f6n. P\u00c4IV\u00c4OHJELMA 6.30 P\u00e4iv\u00e4koti avataan 7.30 Lapset siirtyv\u00e4t &hellip; <a href=\"https:\/\/blog.edu.turku.fi\/mantymaenphy\/856-2\/\" class=\"more-link\">Jatka lukemista<span class=\"screen-reader-text\"> &#8221;Arki&#8221;<\/span><\/a><\/p>\n","protected":false},"author":1276,"featured_media":0,"parent":0,"menu_order":0,"comment_status":"closed","ping_status":"closed","template":"","meta":{"footnotes":""},"class_list":["post-856","page","type-page","status-publish","hentry"],"_links":{"self":[{"href":"https:\/\/blog.edu.turku.fi\/mantymaenphy\/wp-json\/wp\/v2\/pages\/856","targetHints":{"allow":["GET"]}}],"collection":[{"href":"https:\/\/blog.edu.turku.fi\/mantymaenphy\/wp-json\/wp\/v2\/pages"}],"about":[{"href":"https:\/\/blog.edu.turku.fi\/mantymaenphy\/wp-json\/wp\/v2\/types\/page"}],"author":[{"embeddable":true,"href":"https:\/\/blog.edu.turku.fi\/mantymaenphy\/wp-json\/wp\/v2\/users\/1276"}],"replies":[{"embeddable":true,"href":"https:\/\/blog.edu.turku.fi\/mantymaenphy\/wp-json\/wp\/v2\/comments?post=856"}],"version-history":[{"count":15,"href":"https:\/\/blog.edu.turku.fi\/mantymaenphy\/wp-json\/wp\/v2\/pages\/856\/revisions"}],"predecessor-version":[{"id":1468,"href":"https:\/\/blog.edu.turku.fi\/mantymaenphy\/wp-json\/wp\/v2\/pages\/856\/revisions\/1468"}],"wp:attachment":[{"href":"https:\/\/blog.edu.turku.fi\/mantymaenphy\/wp-json\/wp\/v2\/media?parent=856"}],"curies":[{"name":"wp","href":"https:\/\/api.w.org\/{rel}","templated":true}]}}