{"id":853,"date":"2016-04-11T14:16:29","date_gmt":"2016-04-11T11:16:29","guid":{"rendered":"https:\/\/blog.edu.turku.fi\/mantymaenphy\/?page_id=853"},"modified":"2020-09-03T10:06:47","modified_gmt":"2020-09-03T07:06:47","slug":"hyva-tietaa","status":"publish","type":"page","link":"https:\/\/blog.edu.turku.fi\/mantymaenphy\/hyva-tietaa\/","title":{"rendered":"Hyv\u00e4 tiet\u00e4\u00e4"},"content":{"rendered":"<p><span style=\"color: #000000\"><a style=\"color: #000000\" href=\"https:\/\/blog.edu.turku.fi\/mantymaenphy\/856-2\/\">Arki<\/a><\/span><\/p>\n<p><span style=\"color: #000000\"><a style=\"color: #000000\" href=\"https:\/\/blog.edu.turku.fi\/mantymaenphy\/sairastapaukset\/\">Tapaturmat<\/a><\/span><\/p>\n<p><span style=\"color: #000000\"><a style=\"color: #000000\" href=\"https:\/\/blog.edu.turku.fi\/mantymaenphy\/hyva-tietaa\/arvot\">Arvot<\/a><\/span><\/p>\n","protected":false},"excerpt":{"rendered":"<p>Arki Tapaturmat Arvot<\/p>\n","protected":false},"author":1276,"featured_media":0,"parent":0,"menu_order":0,"comment_status":"closed","ping_status":"closed","template":"","meta":{"footnotes":""},"class_list":["post-853","page","type-page","status-publish","hentry"],"_links":{"self":[{"href":"https:\/\/blog.edu.turku.fi\/mantymaenphy\/wp-json\/wp\/v2\/pages\/853","targetHints":{"allow":["GET"]}}],"collection":[{"href":"https:\/\/blog.edu.turku.fi\/mantymaenphy\/wp-json\/wp\/v2\/pages"}],"about":[{"href":"https:\/\/blog.edu.turku.fi\/mantymaenphy\/wp-json\/wp\/v2\/types\/page"}],"author":[{"embeddable":true,"href":"https:\/\/blog.edu.turku.fi\/mantymaenphy\/wp-json\/wp\/v2\/users\/1276"}],"replies":[{"embeddable":true,"href":"https:\/\/blog.edu.turku.fi\/mantymaenphy\/wp-json\/wp\/v2\/comments?post=853"}],"version-history":[{"count":6,"href":"https:\/\/blog.edu.turku.fi\/mantymaenphy\/wp-json\/wp\/v2\/pages\/853\/revisions"}],"predecessor-version":[{"id":1456,"href":"https:\/\/blog.edu.turku.fi\/mantymaenphy\/wp-json\/wp\/v2\/pages\/853\/revisions\/1456"}],"wp:attachment":[{"href":"https:\/\/blog.edu.turku.fi\/mantymaenphy\/wp-json\/wp\/v2\/media?parent=853"}],"curies":[{"name":"wp","href":"https:\/\/api.w.org\/{rel}","templated":true}]}}